{"id":98,"date":"2017-10-23T18:22:17","date_gmt":"2017-10-23T16:22:17","guid":{"rendered":"https:\/\/awo-fulda.de\/?page_id=98"},"modified":"2025-04-30T09:53:07","modified_gmt":"2025-04-30T07:53:07","slug":"familientreff-suedend","status":"publish","type":"page","link":"https:\/\/awo-fulda.de\/tr\/begegnungsstaetten\/familientreff-suedend\/","title":{"rendered":"Familientreff S\u00fcdend"},"content":{"rendered":"<div class=\"field field-name-title field-type-ds field-label-hidden\">\r\n<div class=\"field-items\">\r\n<div class=\"field-item even\">\r\n<table style=\"width: 100%;\">\r\n<tbody>\r\n<tr>\r\n<td style=\"width: 32.5781%;\"><a class=\"dt-pswp-item\" href=\"https:\/\/awo-fulda.de\/wp-content\/uploads\/2021\/12\/Familientreff_Foto-1-HP-scaled-e1643123794146.jpg\" data-dt-img-description=\"\" data-large_image_width=\"2560\" data-large_image_height=\"1548\"><img loading=\"lazy\" decoding=\"async\" class=\" wp-image-101163 aligncenter\" src=\"https:\/\/awo-fulda.de\/wp-content\/uploads\/2021\/12\/Familientreff_Foto-1-HP-scaled-e1643123794146-640x387.jpg\" alt=\"\" width=\"431\" height=\"260\" srcset=\"https:\/\/awo-fulda.de\/wp-content\/uploads\/2021\/12\/Familientreff_Foto-1-HP-scaled-e1643123794146-640x387.jpg 640w, https:\/\/awo-fulda.de\/wp-content\/uploads\/2021\/12\/Familientreff_Foto-1-HP-scaled-e1643123794146-480x290.jpg 480w, https:\/\/awo-fulda.de\/wp-content\/uploads\/2021\/12\/Familientreff_Foto-1-HP-scaled-e1643123794146-768x464.jpg 768w, https:\/\/awo-fulda.de\/wp-content\/uploads\/2021\/12\/Familientreff_Foto-1-HP-scaled-e1643123794146-1536x929.jpg 1536w, https:\/\/awo-fulda.de\/wp-content\/uploads\/2021\/12\/Familientreff_Foto-1-HP-scaled-e1643123794146-2048x1238.jpg 2048w\" sizes=\"auto, (max-width: 431px) 100vw, 431px\" \/><\/a><\/td>\r\n<td style=\"width: 33.3594%;\"><a class=\"dt-pswp-item\" href=\"https:\/\/awo-fulda.de\/wp-content\/uploads\/2021\/12\/Familientreff_Foto-2-HP-e1643123308737.jpg\" data-dt-img-description=\"\" data-large_image_width=\"1200\" data-large_image_height=\"735\"><img loading=\"lazy\" decoding=\"async\" class=\" wp-image-101164 aligncenter\" src=\"https:\/\/awo-fulda.de\/wp-content\/uploads\/2021\/12\/Familientreff_Foto-2-HP-e1643123308737-640x392.jpg\" alt=\"\" width=\"424\" height=\"260\" srcset=\"https:\/\/awo-fulda.de\/wp-content\/uploads\/2021\/12\/Familientreff_Foto-2-HP-e1643123308737-640x392.jpg 640w, https:\/\/awo-fulda.de\/wp-content\/uploads\/2021\/12\/Familientreff_Foto-2-HP-e1643123308737-480x294.jpg 480w, https:\/\/awo-fulda.de\/wp-content\/uploads\/2021\/12\/Familientreff_Foto-2-HP-e1643123308737-768x470.jpg 768w, https:\/\/awo-fulda.de\/wp-content\/uploads\/2021\/12\/Familientreff_Foto-2-HP-e1643123308737.jpg 1200w\" sizes=\"auto, (max-width: 424px) 100vw, 424px\" \/><\/a><\/td>\r\n<td style=\"width: 33.2813%;\"><a class=\"dt-pswp-item\" href=\"https:\/\/awo-fulda.de\/wp-content\/uploads\/2021\/12\/Familientreff_Foto-3-HP-e1643123180996.jpg\" data-dt-img-description=\"\" data-large_image_width=\"2016\" data-large_image_height=\"1254\"><img loading=\"lazy\" decoding=\"async\" class=\" wp-image-101165 aligncenter\" src=\"https:\/\/awo-fulda.de\/wp-content\/uploads\/2021\/12\/Familientreff_Foto-3-HP-e1643123180996-640x398.jpg\" alt=\"\" width=\"419\" height=\"260\" srcset=\"https:\/\/awo-fulda.de\/wp-content\/uploads\/2021\/12\/Familientreff_Foto-3-HP-e1643123180996-640x398.jpg 640w, https:\/\/awo-fulda.de\/wp-content\/uploads\/2021\/12\/Familientreff_Foto-3-HP-e1643123180996-480x299.jpg 480w, https:\/\/awo-fulda.de\/wp-content\/uploads\/2021\/12\/Familientreff_Foto-3-HP-e1643123180996-768x478.jpg 768w, https:\/\/awo-fulda.de\/wp-content\/uploads\/2021\/12\/Familientreff_Foto-3-HP-e1643123180996-1536x955.jpg 1536w, https:\/\/awo-fulda.de\/wp-content\/uploads\/2021\/12\/Familientreff_Foto-3-HP-e1643123180996.jpg 2016w\" sizes=\"auto, (max-width: 419px) 100vw, 419px\" \/><\/a><\/td>\r\n<\/tr>\r\n<\/tbody>\r\n<\/table>\r\n<p><span style=\"font-family: 'Open Sans', Helvetica, Arial, Verdana, sans-serif; font-size: 15px; word-spacing: normal;\">Der AWO Familientreff S\u00fcdend ist ein Ort der Begegnung f\u00fcr Familien mit Kindern. Ob es um Erziehungs- oder Gesundheitsfragen oder um die Suche nach einem Kita-Platz geht, die T\u00fcre des Familientreffs steht f\u00fcr Sie offen. <\/span>Wir arbeiten mit Kitas der Region sowie mit den jeweils ans\u00e4ssigen Schulen und Kinderg\u00e4rten zusammen und wissen, wie Sie Ihr Kind am besten auf einen erfolgreichen Kita-Start vorbereiten. Wir bieten dar\u00fcber hinaus Bildungs- und Betreuungsangebote an, die wir im Folgenden kurz vorstellen. Alle unsere Angebote sind kostenlos f\u00fcr Sie und mehrsprachig ausgerichtet.<\/p>\r\n<\/div>\r\n<\/div>\r\n<\/div>\r\n<div class=\"field field-name-body field-type-text-with-summary field-label-hidden\">\r\n<div class=\"field-items\">\r\n<div class=\"field-item even\">\r\n<p><strong>E:du &#8211; Eltern und du<\/strong><\/p>\r\n<p>F\u00fcr Familien mit Babys ab den ersten Lebensmonaten ist am besten das Hausbesuchsprogramm &#8220;e:du &#8211; Eltern und du&#8221; geeignet. Wir unterst\u00fctzen Sie \u00fcber einen Zeitraum von bis zu 36 Monaten. Qualifizierte Elternbegleiterinnen bringen regelm\u00e4\u00dfig Anregungen und Ideen zur Besch\u00e4ftigung mit Ihrem Kind\/Ihren Kindern. Wir bieten kostenlos Spiele, Kinderb\u00fccher, Bastelmaterialien und Malvorlagen f\u00fcr Ihre Kleinen. Regelm\u00e4\u00dfig organisieren wir Elterntreffen mit Kinderbetreuung und beantworten Ihre Fragen rund um Schwangerschaft, Geburt, Erziehung und Entwicklung Ihres Kindes. Im Programm sind auch Ausfl\u00fcge und gemeinsame Freizeiten vorgesehen.<\/p>\r\n<p>Mehr Informationen entnehmen Sie dem nachfolgenden Flyer (<strong>f\u00fcr Vergr\u00f6\u00dferung bitte anklicken, 2-seitig<\/strong>):<\/p>\r\n<\/div>\r\n<div class=\"_3d-flip-book  fb3d-thumbnail-lightbox-mode\" data-id=\"0\" data-mode=\"thumbnail-lightbox\" data-title=\"false\" data-template=\"short-white-book-view\" data-lightbox=\"dark-shadow\" data-urlparam=\"fb3d-page\" data-page-n=\"0\" data-pdf=\"https:\/\/awo-fulda.de\/wp-content\/uploads\/2024\/04\/e-du_Flyer_AWO-Fulda.pdf\" data-tax=\"null\" data-thumbnail=\"\" data-cols=\"3\" data-book-template=\"default\" data-trigger=\"\"><\/div>\r\n<div class=\"field-item even\">\r\n<p><a href=\"https:\/\/awo-fulda.de\/wp-content\/uploads\/2024\/04\/e-du_Flyer_AWO-Fulda.pdf\" target=\"_blank\" rel=\"noopener\">Flyer E:du &#8211; Eltern und du zum Download<\/a><\/p>\r\n<p>(<strong>\u00f6ffnet in neuem Fenster<\/strong>)<\/p>\r\n<p>&nbsp;<\/p>\r\n<p><strong>Mini Clubs<\/strong><\/p>\r\n<p>F\u00fcr Familien mit Kleinkindern ab 2 Jahren haben wir an 4 Standorten <a href=\"https:\/\/awo-fulda.de\/beratung-begleitung\/miniclubs\/\">Mini Clubs<\/a> und bieten f\u00fcr Ihre Kleinen regelm\u00e4\u00dfige p\u00e4dagogische Betreuung an. Durch vielf\u00e4ltige Aktivit\u00e4ten wie Basteln, Malen, Turnen, Singen, Tanzen usw. lernen die Kinder in der Gruppe mit- und voneinander.<\/p>\r\n<p>&nbsp;<\/p>\r\n<p><strong>Projekt \u201eBiBi\u201c<\/strong><\/p>\r\n<p>&#8220;BiBi&#8221; steht f\u00fcr Bildung und Bindung als Ressourcen zur Unterst\u00fctzung von Eltern und Kindern in Bildungsfragen. Das Projekt BiBi wird im Rahmen des ESF Plus-Programms (ElternChanceN) durch das Bundesministerium f\u00fcr Familie, Senioren, Frauen und Jugend und durch die Europ\u00e4ische Union \u00fcber den Europ\u00e4ischen Sozialfonds Plus (ESF Plus) gef\u00f6rdert.\u00a0<\/p>\r\n<p>Das Projekt\u2026 <br \/>\u2026 f\u00f6rdert die Bindung zwischen Eltern und Institutionen und Eltern untereinander.<br \/>\u2026 kl\u00e4rt mit Fragen rund um das Bildungssystem in Deutschland auf.<br \/>\u2026 bietet individuelle Unterst\u00fctzungsangebote.<\/p>\r\n<p>Das Programm richtet sich an Eltern mit Kindern zwischen 3- 10 Jahren. Je nach Standort gibt es unterschiedliche Angebote. Fragen Sie bei der zugeh\u00f6rigen Fachkraft gerne nach. Die Kontaktm\u00f6glichkeiten finden Sie auf dem nachfolgenden Plakat (<strong>f\u00fcr Vergr\u00f6\u00dferung bitte anklicken<\/strong>):<\/p>\r\n<div class=\"_3d-flip-book  fb3d-thumbnail-lightbox-mode\" data-id=\"0\" data-mode=\"thumbnail-lightbox\" data-title=\"false\" data-template=\"short-white-book-view\" data-lightbox=\"dark-shadow\" data-urlparam=\"fb3d-page\" data-page-n=\"0\" data-pdf=\"https:\/\/awo-fulda.de\/wp-content\/uploads\/2023\/09\/Plakat-BiBi-1.pdf\" data-tax=\"null\" data-thumbnail=\"\" data-cols=\"3\" data-book-template=\"default\" data-trigger=\"\"><\/div>\r\n<p><a href=\"https:\/\/awo-fulda.de\/wp-content\/uploads\/2023\/09\/Plakat-BiBi-1.pdf\" target=\"_blank\" rel=\"noopener\">Plakat zum Projekt BiBi zum Download<\/a><\/p>\r\n<p>(<strong>\u00f6ffnet in neuem Fenster<\/strong>)<\/p>\r\n<\/div>\r\n<\/div>\r\n<\/div>\r\n","protected":false},"excerpt":{"rendered":"<p>Der AWO Familientreff S\u00fcdend ist ein Ort der Begegnung f\u00fcr Familien mit Kindern. Ob es um Erziehungs- oder Gesundheitsfragen oder um die Suche nach einem Kita-Platz geht, die T\u00fcre des&hellip;<\/p>\n","protected":false},"author":1,"featured_media":0,"parent":92,"menu_order":0,"comment_status":"closed","ping_status":"closed","template":"","meta":{"_editorskit_title_hidden":false,"_editorskit_reading_time":1,"_editorskit_is_block_options_detached":false,"_editorskit_block_options_position":"{}","footnotes":""},"class_list":["post-98","page","type-page","status-publish","hentry","description-off"],"translation":{"provider":"WPGlobus","version":"3.0.2","language":"tr","enabled_languages":["de","en","fr","ru","ar","tr","fa"],"languages":{"de":{"title":true,"content":true,"excerpt":false},"en":{"title":false,"content":false,"excerpt":false},"fr":{"title":false,"content":false,"excerpt":false},"ru":{"title":false,"content":false,"excerpt":false},"ar":{"title":false,"content":false,"excerpt":false},"tr":{"title":false,"content":false,"excerpt":false},"fa":{"title":false,"content":false,"excerpt":false}}},"_links":{"self":[{"href":"https:\/\/awo-fulda.de\/tr\/wp-json\/wp\/v2\/pages\/98","targetHints":{"allow":["GET"]}}],"collection":[{"href":"https:\/\/awo-fulda.de\/tr\/wp-json\/wp\/v2\/pages"}],"about":[{"href":"https:\/\/awo-fulda.de\/tr\/wp-json\/wp\/v2\/types\/page"}],"author":[{"embeddable":true,"href":"https:\/\/awo-fulda.de\/tr\/wp-json\/wp\/v2\/users\/1"}],"replies":[{"embeddable":true,"href":"https:\/\/awo-fulda.de\/tr\/wp-json\/wp\/v2\/comments?post=98"}],"version-history":[{"count":44,"href":"https:\/\/awo-fulda.de\/tr\/wp-json\/wp\/v2\/pages\/98\/revisions"}],"predecessor-version":[{"id":139749,"href":"https:\/\/awo-fulda.de\/tr\/wp-json\/wp\/v2\/pages\/98\/revisions\/139749"}],"up":[{"embeddable":true,"href":"https:\/\/awo-fulda.de\/tr\/wp-json\/wp\/v2\/pages\/92"}],"wp:attachment":[{"href":"https:\/\/awo-fulda.de\/tr\/wp-json\/wp\/v2\/media?parent=98"}],"curies":[{"name":"wp","href":"https:\/\/api.w.org\/{rel}","templated":true}]}}