{"id":88,"date":"2017-10-23T18:20:36","date_gmt":"2017-10-23T16:20:36","guid":{"rendered":"https:\/\/awo-fulda.de\/?page_id=88"},"modified":"2026-05-06T10:39:32","modified_gmt":"2026-05-06T08:39:32","slug":"fahrradwerkstatt","status":"publish","type":"page","link":"https:\/\/awo-fulda.de\/tr\/arbeit-bildung\/fahrradwerkstatt\/","title":{"rendered":"Fahrradwerkstatt"},"content":{"rendered":"<div class=\"wpb-content-wrapper\">[vc_row][vc_column][vc_column_text]\n<table style=\"height: 41px;\" width=\"1025\">\n<tbody>\n<tr>\n<td style=\"width: 334.333px;\"><a class=\"dt-pswp-item\" href=\"https:\/\/awo-fulda.de\/wp-content\/uploads\/2017\/11\/Radmontage-e1529843585969.jpg\" data-dt-img-description=\"\" data-large_image_width=\"1600\" data-large_image_height=\"900\"><img loading=\"lazy\" decoding=\"async\" class=\"alignnone size-full wp-image-252\" src=\"https:\/\/awo-fulda.de\/wp-content\/uploads\/2017\/11\/Radmontage-e1529843585969.jpg\" alt=\"\" width=\"1600\" height=\"900\" srcset=\"https:\/\/awo-fulda.de\/wp-content\/uploads\/2017\/11\/Radmontage-e1529843585969.jpg 1600w, https:\/\/awo-fulda.de\/wp-content\/uploads\/2017\/11\/Radmontage-e1529843585969-480x270.jpg 480w, https:\/\/awo-fulda.de\/wp-content\/uploads\/2017\/11\/Radmontage-e1529843585969-768x432.jpg 768w, https:\/\/awo-fulda.de\/wp-content\/uploads\/2017\/11\/Radmontage-e1529843585969-640x360.jpg 640w\" sizes=\"auto, (max-width: 1600px) 100vw, 1600px\" \/><\/a><\/td>\n<td style=\"width: 334.333px;\"><img loading=\"lazy\" decoding=\"async\" class=\"alignnone size-medium wp-image-15355\" src=\"https:\/\/awo-fulda.de\/wp-content\/uploads\/2018\/05\/FW-Zahnkranz-Rad-480x270.jpg\" alt=\"\" width=\"480\" height=\"270\" srcset=\"https:\/\/awo-fulda.de\/wp-content\/uploads\/2018\/05\/FW-Zahnkranz-Rad-480x270.jpg 480w, https:\/\/awo-fulda.de\/wp-content\/uploads\/2018\/05\/FW-Zahnkranz-Rad-768x432.jpg 768w, https:\/\/awo-fulda.de\/wp-content\/uploads\/2018\/05\/FW-Zahnkranz-Rad-640x360.jpg 640w, https:\/\/awo-fulda.de\/wp-content\/uploads\/2018\/05\/FW-Zahnkranz-Rad.jpg 1600w\" sizes=\"auto, (max-width: 480px) 100vw, 480px\" \/><\/td>\n<td style=\"width: 334.333px;\"><img loading=\"lazy\" decoding=\"async\" class=\"alignnone size-medium wp-image-15212\" src=\"https:\/\/awo-fulda.de\/wp-content\/uploads\/2018\/05\/FW2-480x270.jpg\" alt=\"\" width=\"480\" height=\"270\" srcset=\"https:\/\/awo-fulda.de\/wp-content\/uploads\/2018\/05\/FW2-480x270.jpg 480w, https:\/\/awo-fulda.de\/wp-content\/uploads\/2018\/05\/FW2-768x432.jpg 768w, https:\/\/awo-fulda.de\/wp-content\/uploads\/2018\/05\/FW2-640x360.jpg 640w, https:\/\/awo-fulda.de\/wp-content\/uploads\/2018\/05\/FW2.jpg 1600w\" sizes=\"auto, (max-width: 480px) 100vw, 480px\" \/><\/td>\n<\/tr>\n<\/tbody>\n<\/table>\n<p>Die Fahrradwerkstatt der AWO, die Teil des Projektes Lohn und Brot ist, ist in Fulda gut bekannt \u2013 nicht zuletzt, weil sie den j\u00e4hrlichen Fahrradbasar an der Hochschule organisiert.<\/p>\n<p>Die Jugendlichen von Lohn und Brot f\u00fchren unter der Anleitung alle \u00fcblichen Reparaturen durch. G\u00e4ngige, gebrauchte Ersatzteile sind vorhanden. Ansonsten k\u00f6nnen sie z\u00fcgig beschafft werden.<\/p>\n<p>Unsere Fahrradwerkstatt h\u00e4lt st\u00e4ndig eine gro\u00dfe Auswahl von g\u00fcnstigen Gebrauchtr\u00e4dern bereit. Insbesondere sind dies: Damen\u2013 und Herrenr\u00e4der,\u00a0Mountainbikes und Kinderr\u00e4der. Bei den R\u00e4dern handelt es sich um Spenden aus der Bev\u00f6lkerung. Sie wurden \u00fcberholt und sind fahrbereit. Die Preise richten sich nach dem Zustand des Fahrrads und bewegen sich zwischen 20 \u20ac und 150 \u20ac.<\/p>\n<p style=\"text-align: center;\" data-start=\"85\" data-end=\"137\"><span style=\"font-size: 16px;\"><strong data-start=\"85\" data-end=\"137\">\u00d6ffnungs- und Servicezeiten der Fahrradwerkstatt<\/strong><\/span><\/p>\n<p data-start=\"139\" data-end=\"294\">Die Fahrradwerkstatt nimmt Reparaturauftr\u00e4ge ausschlie\u00dflich nach <span style=\"text-decoration: underline;\">vorheriger telefonischer Terminvereinbarung<\/span> unter <strong>0661 480045-42<\/strong>\u00a0innerhalb der unten genannten Zeiten entgegen.<\/p>\n<p data-start=\"296\" data-end=\"360\"><strong data-start=\"296\" data-end=\"331\">Annahmezeit f\u00fcr Reparaturen:<\/strong><br data-start=\"331\" data-end=\"334\" \/>Mittwoch: 8:30 \u2013 13:30 Uhr<\/p>\n<p data-start=\"362\" data-end=\"516\">Der Verkauf von Fahrr\u00e4dern sowie die Abholung reparierter R\u00e4der sind zu den oben genannten Zeiten oder nach vorheriger telefonischer Vereinbarung m\u00f6glich.<\/p>\n<p data-start=\"518\" data-end=\"696\">Bitte beachten Sie: Wir nehmen aktuell nur verkehrstaugliche Fahrr\u00e4der an, die regelm\u00e4\u00dfig genutzt werden.<br data-start=\"615\" data-end=\"618\" \/>Im Fr\u00fchjahr und Sommer k\u00f6nnen wir leider keine Restaurationsarbeiten anbieten.<\/p>\n<\/div>","protected":false},"excerpt":{"rendered":"<p>[vc_row][vc_column][vc_column_text] Die Fahrradwerkstatt der AWO, die Teil des Projektes Lohn und Brot ist, ist in Fulda gut bekannt \u2013 nicht zuletzt, weil sie den j\u00e4hrlichen Fahrradbasar an der Hochschule organisiert.&hellip;<\/p>\n","protected":false},"author":1,"featured_media":0,"parent":28,"menu_order":0,"comment_status":"closed","ping_status":"closed","template":"","meta":{"_editorskit_title_hidden":false,"_editorskit_reading_time":1,"_editorskit_is_block_options_detached":false,"_editorskit_block_options_position":"{}","footnotes":""},"class_list":["post-88","page","type-page","status-publish","hentry","description-off"],"translation":{"provider":"WPGlobus","version":"3.0.2","language":"tr","enabled_languages":["de","en","fr","ru","ar","tr","fa"],"languages":{"de":{"title":true,"content":true,"excerpt":false},"en":{"title":true,"content":true,"excerpt":false},"fr":{"title":false,"content":false,"excerpt":false},"ru":{"title":false,"content":false,"excerpt":false},"ar":{"title":false,"content":false,"excerpt":false},"tr":{"title":false,"content":false,"excerpt":false},"fa":{"title":false,"content":false,"excerpt":false}}},"_links":{"self":[{"href":"https:\/\/awo-fulda.de\/tr\/wp-json\/wp\/v2\/pages\/88","targetHints":{"allow":["GET"]}}],"collection":[{"href":"https:\/\/awo-fulda.de\/tr\/wp-json\/wp\/v2\/pages"}],"about":[{"href":"https:\/\/awo-fulda.de\/tr\/wp-json\/wp\/v2\/types\/page"}],"author":[{"embeddable":true,"href":"https:\/\/awo-fulda.de\/tr\/wp-json\/wp\/v2\/users\/1"}],"replies":[{"embeddable":true,"href":"https:\/\/awo-fulda.de\/tr\/wp-json\/wp\/v2\/comments?post=88"}],"version-history":[{"count":86,"href":"https:\/\/awo-fulda.de\/tr\/wp-json\/wp\/v2\/pages\/88\/revisions"}],"predecessor-version":[{"id":145013,"href":"https:\/\/awo-fulda.de\/tr\/wp-json\/wp\/v2\/pages\/88\/revisions\/145013"}],"up":[{"embeddable":true,"href":"https:\/\/awo-fulda.de\/tr\/wp-json\/wp\/v2\/pages\/28"}],"wp:attachment":[{"href":"https:\/\/awo-fulda.de\/tr\/wp-json\/wp\/v2\/media?parent=88"}],"curies":[{"name":"wp","href":"https:\/\/api.w.org\/{rel}","templated":true}]}}