{"id":76,"date":"2017-10-23T18:18:30","date_gmt":"2017-10-23T16:18:30","guid":{"rendered":"https:\/\/awo-fulda.de\/?page_id=76"},"modified":"2022-08-09T17:39:37","modified_gmt":"2022-08-09T15:39:37","slug":"patenschaftsprojekt","status":"publish","type":"page","link":"https:\/\/awo-fulda.de\/tr\/migration-integration\/patenschaftsprojekt\/","title":{"rendered":"Tandem sponsorluk projesi"},"content":{"rendered":"<div class=\"field field-name-body field-type-text-with-summary field-label-hidden\">\n<div class=\"field-items\">\n<div class=\"field-item even\">\n<table style=\"height: 94px;\" width=\"1345\">\n<tbody>\n<tr>\n<td style=\"width: 441px;\"><img loading=\"lazy\" decoding=\"async\" class=\"alignnone size-medium wp-image-15253\" src=\"https:\/\/awo-fulda.de\/wp-content\/uploads\/2018\/05\/Paten1-480x270.jpg\" alt=\"\" width=\"480\" height=\"270\" srcset=\"https:\/\/awo-fulda.de\/wp-content\/uploads\/2018\/05\/Paten1-480x270.jpg 480w, https:\/\/awo-fulda.de\/wp-content\/uploads\/2018\/05\/Paten1-768x432.jpg 768w, https:\/\/awo-fulda.de\/wp-content\/uploads\/2018\/05\/Paten1-640x360.jpg 640w, https:\/\/awo-fulda.de\/wp-content\/uploads\/2018\/05\/Paten1.jpg 1600w\" sizes=\"auto, (max-width: 480px) 100vw, 480px\" \/><\/td>\n<td style=\"width: 441px;\"><a class=\"dt-pswp-item\" href=\"https:\/\/awo-fulda.de\/wp-content\/uploads\/2018\/06\/Paten_Jiptner.jpg\" data-dt-img-description=\"\" data-large_image_width=\"1600\" data-large_image_height=\"900\"><img loading=\"lazy\" decoding=\"async\" class=\"alignnone size-full wp-image-16847\" src=\"https:\/\/awo-fulda.de\/wp-content\/uploads\/2018\/06\/Paten_Jiptner.jpg\" alt=\"\" width=\"1600\" height=\"900\" srcset=\"https:\/\/awo-fulda.de\/wp-content\/uploads\/2018\/06\/Paten_Jiptner.jpg 1600w, https:\/\/awo-fulda.de\/wp-content\/uploads\/2018\/06\/Paten_Jiptner-480x270.jpg 480w, https:\/\/awo-fulda.de\/wp-content\/uploads\/2018\/06\/Paten_Jiptner-768x432.jpg 768w, https:\/\/awo-fulda.de\/wp-content\/uploads\/2018\/06\/Paten_Jiptner-640x360.jpg 640w\" sizes=\"auto, (max-width: 1600px) 100vw, 1600px\" \/><\/a><\/td>\n<td style=\"width: 441px;\"><a class=\"dt-pswp-item\" href=\"https:\/\/awo-fulda.de\/wp-content\/uploads\/2018\/12\/PatenKraftprotz.jpg\" data-dt-img-description=\"\" data-large_image_width=\"1600\" data-large_image_height=\"900\"><img loading=\"lazy\" decoding=\"async\" class=\"alignnone wp-image-18898 size-full\" src=\"https:\/\/awo-fulda.de\/wp-content\/uploads\/2018\/12\/PatenKraftprotz.jpg\" alt=\"\" width=\"1600\" height=\"900\" srcset=\"https:\/\/awo-fulda.de\/wp-content\/uploads\/2018\/12\/PatenKraftprotz.jpg 1600w, https:\/\/awo-fulda.de\/wp-content\/uploads\/2018\/12\/PatenKraftprotz-480x270.jpg 480w, https:\/\/awo-fulda.de\/wp-content\/uploads\/2018\/12\/PatenKraftprotz-768x432.jpg 768w, https:\/\/awo-fulda.de\/wp-content\/uploads\/2018\/12\/PatenKraftprotz-640x360.jpg 640w\" sizes=\"auto, (max-width: 1600px) 100vw, 1600px\" \/><\/a><\/td>\n<\/tr>\n<\/tbody>\n<\/table>\n<p>Entegrasyon, hem m\u00fclteciler hem de ev sahibi toplum taraf\u0131ndan talep edilmektedir. Bu nedenle, AWO tandem sponsorluk projesi, Fulda ve \u00e7evresindeki ya\u015fayan insanlar ile buraya gelen m\u00fclteciler aras\u0131nda ileti\u015fim noktalar\u0131 olu\u015fturmaya \u00e7al\u0131\u015f\u0131r:<\/p>\n<\/div>\n<\/div>\n<\/div>\n","protected":false},"excerpt":{"rendered":"<p>Entegrasyon, hem m\u00fclteciler hem de ev sahibi toplum taraf\u0131ndan talep edilmektedir. Bu nedenle, AWO tandem sponsorluk projesi, Fulda ve \u00e7evresindeki ya\u015fayan insanlar ile buraya gelen m\u00fclteciler aras\u0131nda ileti\u015fim noktalar\u0131 olu\u015fturmaya&hellip;<\/p>\n","protected":false},"author":1,"featured_media":0,"parent":26,"menu_order":0,"comment_status":"closed","ping_status":"closed","template":"","meta":{"_editorskit_title_hidden":false,"_editorskit_reading_time":0,"_editorskit_is_block_options_detached":false,"_editorskit_block_options_position":"{}","footnotes":""},"class_list":["post-76","page","type-page","status-publish","hentry","description-off"],"translation":{"provider":"WPGlobus","version":"3.0.2","language":"tr","enabled_languages":["de","en","fr","ru","ar","tr","fa"],"languages":{"de":{"title":true,"content":true,"excerpt":false},"en":{"title":true,"content":true,"excerpt":false},"fr":{"title":true,"content":true,"excerpt":false},"ru":{"title":true,"content":true,"excerpt":false},"ar":{"title":true,"content":true,"excerpt":false},"tr":{"title":true,"content":true,"excerpt":false},"fa":{"title":false,"content":false,"excerpt":false}}},"_links":{"self":[{"href":"https:\/\/awo-fulda.de\/tr\/wp-json\/wp\/v2\/pages\/76","targetHints":{"allow":["GET"]}}],"collection":[{"href":"https:\/\/awo-fulda.de\/tr\/wp-json\/wp\/v2\/pages"}],"about":[{"href":"https:\/\/awo-fulda.de\/tr\/wp-json\/wp\/v2\/types\/page"}],"author":[{"embeddable":true,"href":"https:\/\/awo-fulda.de\/tr\/wp-json\/wp\/v2\/users\/1"}],"replies":[{"embeddable":true,"href":"https:\/\/awo-fulda.de\/tr\/wp-json\/wp\/v2\/comments?post=76"}],"version-history":[{"count":50,"href":"https:\/\/awo-fulda.de\/tr\/wp-json\/wp\/v2\/pages\/76\/revisions"}],"predecessor-version":[{"id":130503,"href":"https:\/\/awo-fulda.de\/tr\/wp-json\/wp\/v2\/pages\/76\/revisions\/130503"}],"up":[{"embeddable":true,"href":"https:\/\/awo-fulda.de\/tr\/wp-json\/wp\/v2\/pages\/26"}],"wp:attachment":[{"href":"https:\/\/awo-fulda.de\/tr\/wp-json\/wp\/v2\/media?parent=76"}],"curies":[{"name":"wp","href":"https:\/\/api.w.org\/{rel}","templated":true}]}}