{"id":72,"date":"2017-10-23T18:17:56","date_gmt":"2017-10-23T16:17:56","guid":{"rendered":"https:\/\/awo-fulda.de\/?page_id=72"},"modified":"2018-09-07T13:44:14","modified_gmt":"2018-09-07T11:44:14","slug":"beratung-islamischer-frauen","status":"publish","type":"page","link":"https:\/\/awo-fulda.de\/tr\/beratung-begleitung\/beratung-islamischer-frauen\/","title":{"rendered":"Beratung islamischer Frauen"},"content":{"rendered":"<div class=\"field field-name-body field-type-text-with-summary field-label-hidden\">\n<div class=\"field field-name-body field-type-text-with-summary field-label-hidden\">\n<div class=\"field-items\">\n<div class=\"field-item even\">\n<table style=\"height: 51px;\" width=\"1351\">\n<tbody>\n<tr>\n<td style=\"width: 443px;\"><img loading=\"lazy\" decoding=\"async\" class=\"alignnone size-medium wp-image-15221\" src=\"https:\/\/awo-fulda.de\/wp-content\/uploads\/2018\/05\/Islam-2-480x270.jpg\" alt=\"\" width=\"260\" height=\"146\" srcset=\"https:\/\/awo-fulda.de\/wp-content\/uploads\/2018\/05\/Islam-2-480x270.jpg 480w, https:\/\/awo-fulda.de\/wp-content\/uploads\/2018\/05\/Islam-2-768x432.jpg 768w, https:\/\/awo-fulda.de\/wp-content\/uploads\/2018\/05\/Islam-2-640x360.jpg 640w, https:\/\/awo-fulda.de\/wp-content\/uploads\/2018\/05\/Islam-2.jpg 1600w\" sizes=\"auto, (max-width: 260px) 100vw, 260px\" \/><\/td>\n<td style=\"width: 443px;\"><img loading=\"lazy\" decoding=\"async\" class=\"alignnone size-medium wp-image-15184\" src=\"https:\/\/awo-fulda.de\/wp-content\/uploads\/2018\/05\/Artemis1-480x270.jpg\" alt=\"\" width=\"260\" height=\"146\" srcset=\"https:\/\/awo-fulda.de\/wp-content\/uploads\/2018\/05\/Artemis1-480x270.jpg 480w, https:\/\/awo-fulda.de\/wp-content\/uploads\/2018\/05\/Artemis1-768x432.jpg 768w, https:\/\/awo-fulda.de\/wp-content\/uploads\/2018\/05\/Artemis1-640x360.jpg 640w, https:\/\/awo-fulda.de\/wp-content\/uploads\/2018\/05\/Artemis1.jpg 1600w\" sizes=\"auto, (max-width: 260px) 100vw, 260px\" \/><\/td>\n<td style=\"width: 443px;\"><img loading=\"lazy\" decoding=\"async\" class=\"alignnone size-medium wp-image-15222\" src=\"https:\/\/awo-fulda.de\/wp-content\/uploads\/2018\/05\/Islam1-480x270.jpg\" alt=\"\" width=\"260\" height=\"146\" srcset=\"https:\/\/awo-fulda.de\/wp-content\/uploads\/2018\/05\/Islam1-480x270.jpg 480w, https:\/\/awo-fulda.de\/wp-content\/uploads\/2018\/05\/Islam1-768x432.jpg 768w, https:\/\/awo-fulda.de\/wp-content\/uploads\/2018\/05\/Islam1-640x360.jpg 640w, https:\/\/awo-fulda.de\/wp-content\/uploads\/2018\/05\/Islam1.jpg 1600w\" sizes=\"auto, (max-width: 260px) 100vw, 260px\" \/><\/td>\n<\/tr>\n<\/tbody>\n<\/table>\n<p>Die AWO hat eine Beratungsstelle von Frauen f\u00fcr Frauen. Die dort er\u00f6rterten Themen sind sehr individuell und haben h\u00e4ufig ein famili\u00e4res oder kulturelles Anliegen als Ausgangspunkt. Dazu geh\u00f6ren z.B.:<\/p>\n<ul>\n<li>Verst\u00e4ndigungsprobleme aufgrund von sprachlichen Barrieren<\/li>\n<li>Familienplanung und schulische sowie berufliche Orientierung<\/li>\n<li>Interkulturelle Spannungen zwischen Generationen<\/li>\n<li>Gesundheitliche und psychische Beeintr\u00e4chtigungen, mitverursacht durch Unkenntnis des \u00f6rtlichen<\/li>\n<li>Finanzielle Notlagen und \u00dcberschuldung, ausgel\u00f6st durch Unkenntnis im Bereich des Verbraucherschutzes<\/li>\n<li>Fehlende Kenntnis der rechtlichen und institutionellen Rahmenbedingungen (Unkenntnis der Widerspruchm\u00f6glichkeiten und der Rechtsvertretung)<\/li>\n<\/ul>\n<p>Speziell f\u00fcr Frauen und Jugendliche werden auch Beratungstermine mit dem Ziel der Berufsorientierung angeboten.<\/p>\n<p>Ein weiterer Schwerpunkt liegt in der themenzentrierten Kulturarbeit f\u00fcr Frauen und deren Kinder.<\/p>\n<\/div>\n<\/div>\n<\/div>\n<\/div>\n","protected":false},"excerpt":{"rendered":"<p>Die AWO hat eine Beratungsstelle von Frauen f\u00fcr Frauen. Die dort er\u00f6rterten Themen sind sehr individuell und haben h\u00e4ufig ein famili\u00e4res oder kulturelles Anliegen als Ausgangspunkt. Dazu geh\u00f6ren z.B.: Verst\u00e4ndigungsprobleme&hellip;<\/p>\n","protected":false},"author":1,"featured_media":0,"parent":24,"menu_order":0,"comment_status":"closed","ping_status":"closed","template":"","meta":{"_editorskit_title_hidden":false,"_editorskit_reading_time":0,"_editorskit_is_block_options_detached":false,"_editorskit_block_options_position":"{}","footnotes":""},"class_list":["post-72","page","type-page","status-publish","hentry","description-off"],"translation":{"provider":"WPGlobus","version":"3.0.2","language":"tr","enabled_languages":["de","en","fr","ru","ar","tr","fa"],"languages":{"de":{"title":true,"content":true,"excerpt":false},"en":{"title":false,"content":false,"excerpt":false},"fr":{"title":false,"content":false,"excerpt":false},"ru":{"title":false,"content":false,"excerpt":false},"ar":{"title":false,"content":false,"excerpt":false},"tr":{"title":false,"content":false,"excerpt":false},"fa":{"title":false,"content":false,"excerpt":false}}},"_links":{"self":[{"href":"https:\/\/awo-fulda.de\/tr\/wp-json\/wp\/v2\/pages\/72","targetHints":{"allow":["GET"]}}],"collection":[{"href":"https:\/\/awo-fulda.de\/tr\/wp-json\/wp\/v2\/pages"}],"about":[{"href":"https:\/\/awo-fulda.de\/tr\/wp-json\/wp\/v2\/types\/page"}],"author":[{"embeddable":true,"href":"https:\/\/awo-fulda.de\/tr\/wp-json\/wp\/v2\/users\/1"}],"replies":[{"embeddable":true,"href":"https:\/\/awo-fulda.de\/tr\/wp-json\/wp\/v2\/comments?post=72"}],"version-history":[{"count":9,"href":"https:\/\/awo-fulda.de\/tr\/wp-json\/wp\/v2\/pages\/72\/revisions"}],"predecessor-version":[{"id":18056,"href":"https:\/\/awo-fulda.de\/tr\/wp-json\/wp\/v2\/pages\/72\/revisions\/18056"}],"up":[{"embeddable":true,"href":"https:\/\/awo-fulda.de\/tr\/wp-json\/wp\/v2\/pages\/24"}],"wp:attachment":[{"href":"https:\/\/awo-fulda.de\/tr\/wp-json\/wp\/v2\/media?parent=72"}],"curies":[{"name":"wp","href":"https:\/\/api.w.org\/{rel}","templated":true}]}}