{"id":24,"date":"2017-10-20T14:37:33","date_gmt":"2017-10-20T12:37:33","guid":{"rendered":"https:\/\/awo-fulda.de\/?page_id=24"},"modified":"2025-10-24T09:23:09","modified_gmt":"2025-10-24T07:23:09","slug":"beratung-begleitung","status":"publish","type":"page","link":"https:\/\/awo-fulda.de\/tr\/beratung-begleitung\/","title":{"rendered":"Beratung &#038; Begleitung"},"content":{"rendered":"\r\n<h3 class=\"wp-block-heading\"><strong>Jeder Mensch ist wertvoll.<\/strong><\/h3>\r\n\r\n\r\n\r\n<p>Der AWO Kreisverband Fulda ist Anlaufstation f\u00fcr Menschen in den unterschiedlichsten Lebenslagen:<\/p>\r\n\r\n\r\n\r\n<ul class=\"wp-block-list\">\r\n<li>Sie suchen Unterst\u00fctzung in Krisensituationen.<\/li>\r\n<li>Sie k\u00f6nnen die Anforderungen an die Arbeitswelt nicht erf\u00fcllen.<\/li>\r\n<li>Sie suchen Austausch in Erziehungsfragen.<\/li>\r\n<li>Sie verstehen beh\u00f6rdliche Formulare und Briefe nicht.<\/li>\r\n<li>Sie brauchen Unterst\u00fctzung wegen sprachlicher Probleme.<\/li>\r\n<li>Sie befinden sich in finanziellen Notlagen.<\/li>\r\n<li>Sie interessieren sich f\u00fcr eine neue (ehrenamtliche) Aufgabe.<\/li>\r\n<\/ul>\r\n<p>&nbsp;<\/p>\r\n\r\n\r\n\r\n<p>Wir haben uns zum Ziel gesetzt, allen auf Augenh\u00f6he zu begegnen und f\u00fcr alle ein offenes Ohr zu haben. Dabei sind wir offen f\u00fcr Ideen und Gestaltungsvorschl\u00e4ge, so dass niemand die Scheu haben muss, zur\u00fcckgewiesen zu werden.<\/p>\r\n<div class=\"wp-block-columns\">\r\n\r\n\r\n<div class=\"wp-block-column is-layout-flow wp-block-column-is-layout-flow\">\r\n<div class=\"wp-block-cover has-background-dim ek-linked-block\" style=\"min-height: 285px;aspect-ratio:unset;\"><img loading=\"lazy\" decoding=\"async\" class=\"wp-block-cover__image-background alignnone wp-image-15347\" src=\"https:\/\/awo-fulda.de\/wp-content\/uploads\/2018\/05\/Leere-Taschen.jpg\" alt=\"\" width=\"900\" height=\"506\" data-object-fit=\"cover\" srcset=\"https:\/\/awo-fulda.de\/wp-content\/uploads\/2018\/05\/Leere-Taschen.jpg 1600w, https:\/\/awo-fulda.de\/wp-content\/uploads\/2018\/05\/Leere-Taschen-480x270.jpg 480w, https:\/\/awo-fulda.de\/wp-content\/uploads\/2018\/05\/Leere-Taschen-768x432.jpg 768w, https:\/\/awo-fulda.de\/wp-content\/uploads\/2018\/05\/Leere-Taschen-640x360.jpg 640w\" sizes=\"auto, (max-width: 900px) 100vw, 900px\" \/>\r\n<div class=\"wp-block-cover__inner-container is-layout-flow wp-block-cover-is-layout-flow\">\r\n<p class=\"has-text-align-center\" style=\"font-size: 24px;\"><strong>Schuldner- und Insolvenzberatung<\/strong><\/p>\r\n<\/div>\r\n<a href=\"https:\/\/awo-fulda.de\/beratung-begleitung\/schuldner-und-insolvenzberatung\/\" class=\"editorskit-block-link\" rel=\"\"><\/a><\/div>\r\n<\/div>\r\n<\/div>\r\n<!-- \/wp:post-content -->\r\n\r\n<!-- wp:columns -->\r\n<div class=\"wp-block-columns\"><!-- wp:column -->\r\n<div class=\"wp-block-column\"><!-- wp:cover {\"url\":\"https:\/\/awo-fulda.de\/wp-content\/uploads\/2018\/05\/Wey-1-e1581343947261.jpg\",\"id\":15272,\"minHeight\":253,\"href\":\"https:\/\/awo-fulda.de\/beratung-begleitung\/schuldenpraevention\/\"} -->\r\n<div class=\"wp-block-cover has-background-dim ek-linked-block\" style=\"min-height: 253px;\"><img loading=\"lazy\" decoding=\"async\" width=\"900\" height=\"506\" class=\"wp-block-cover__image-background wp-image-15272\" src=\"https:\/\/awo-fulda.de\/wp-content\/uploads\/2018\/05\/Wey-1-e1581343947261.jpg\" alt=\"\" data-object-fit=\"cover\" \/>\r\n<div class=\"wp-block-cover__inner-container\"><!-- wp:paragraph {\"align\":\"center\",\"placeholder\":\"Schreibe einen Titel\u2026\",\"style\":{\"typography\":{\"fontSize\":24}}} -->\r\n<p class=\"has-text-align-center\" style=\"font-size: 24px;\"><strong>Schuldenpr\u00e4vention<\/strong><\/p>\r\n<!-- \/wp:paragraph --><\/div>\r\n<\/div>\r\n<!-- \/wp:cover --><\/div>\r\n<!-- \/wp:column -->\r\n\r\n<!-- wp:column -->\r\n<div class=\"wp-block-column\"><!-- wp:cover {\"url\":\"https:\/\/awo-fulda.de\/wp-content\/uploads\/2018\/05\/Kur-Bank.jpg\",\"id\":15376,\"minHeight\":253,\"href\":\"https:\/\/awo-fulda.de\/beratung-begleitung\/kurberatung\/\"} -->\r\n<div class=\"wp-block-cover has-background-dim ek-linked-block\" style=\"min-height: 253px;\"><img loading=\"lazy\" decoding=\"async\" width=\"1600\" height=\"900\" class=\"wp-block-cover__image-background wp-image-15376\" src=\"https:\/\/awo-fulda.de\/wp-content\/uploads\/2018\/05\/Kur-Bank.jpg\" alt=\"\" data-object-fit=\"cover\" srcset=\"https:\/\/awo-fulda.de\/wp-content\/uploads\/2018\/05\/Kur-Bank.jpg 1600w, https:\/\/awo-fulda.de\/wp-content\/uploads\/2018\/05\/Kur-Bank-480x270.jpg 480w, https:\/\/awo-fulda.de\/wp-content\/uploads\/2018\/05\/Kur-Bank-768x432.jpg 768w, https:\/\/awo-fulda.de\/wp-content\/uploads\/2018\/05\/Kur-Bank-640x360.jpg 640w\" sizes=\"auto, (max-width: 1600px) 100vw, 1600px\" \/>\r\n<div class=\"wp-block-cover__inner-container\"><!-- wp:paragraph {\"align\":\"center\",\"placeholder\":\"Schreibe einen Titel\u2026\",\"style\":{\"typography\":{\"fontSize\":24}}} -->\r\n<p class=\"has-text-align-center\" style=\"font-size: 24px;\"><strong>Kurberatung<\/strong><\/p>\r\n<!-- \/wp:paragraph --><\/div>\r\n<\/div>\r\n<!-- \/wp:cover --><\/div>\r\n<!-- \/wp:column -->\r\n\r\n<!-- wp:column -->\r\n<div class=\"wp-block-column\"><!-- wp:cover {\"url\":\"https:\/\/awo-fulda.de\/wp-content\/uploads\/2018\/06\/form-2.jpg\",\"id\":16043,\"minHeight\":253,\"href\":\"https:\/\/awo-fulda.de\/formularhilfe\/\"} -->\r\n<div class=\"wp-block-cover has-background-dim ek-linked-block\" style=\"min-height: 253px;\"><img loading=\"lazy\" decoding=\"async\" width=\"1600\" height=\"900\" class=\"wp-block-cover__image-background wp-image-16043\" src=\"https:\/\/awo-fulda.de\/wp-content\/uploads\/2018\/06\/form-2.jpg\" alt=\"\" data-object-fit=\"cover\" srcset=\"https:\/\/awo-fulda.de\/wp-content\/uploads\/2018\/06\/form-2.jpg 1600w, https:\/\/awo-fulda.de\/wp-content\/uploads\/2018\/06\/form-2-480x270.jpg 480w, https:\/\/awo-fulda.de\/wp-content\/uploads\/2018\/06\/form-2-768x432.jpg 768w, https:\/\/awo-fulda.de\/wp-content\/uploads\/2018\/06\/form-2-640x360.jpg 640w\" sizes=\"auto, (max-width: 1600px) 100vw, 1600px\" \/>\r\n<div class=\"wp-block-cover__inner-container\"><!-- wp:paragraph {\"align\":\"center\",\"placeholder\":\"Schreibe einen Titel\u2026\",\"style\":{\"typography\":{\"fontSize\":24}}} -->\r\n<p class=\"has-text-align-center\" style=\"font-size: 24px;\"><strong>Formularhilfe<\/strong><\/p>\r\n<!-- \/wp:paragraph --><\/div>\r\n<\/div>\r\n<!-- \/wp:cover --><\/div>\r\n<!-- \/wp:column --><\/div>\r\n<!-- \/wp:columns -->\r\n\r\n<!-- wp:columns -->\r\n<div class=\"wp-block-columns\"><!-- wp:column -->\r\n<div class=\"wp-block-column\"><!-- wp:cover {\"url\":\"https:\/\/awo-fulda.de\/wp-content\/uploads\/2018\/05\/Papiere-e1531146149180.jpg\",\"id\":15460,\"minHeight\":253,\"href\":\"https:\/\/awo-fulda.de\/allgemeine-sozialberatung\/\"} -->\r\n<div class=\"wp-block-cover has-background-dim ek-linked-block\" style=\"min-height: 253px;\"><img loading=\"lazy\" decoding=\"async\" width=\"1600\" height=\"900\" class=\"wp-block-cover__image-background wp-image-15460\" src=\"https:\/\/awo-fulda.de\/wp-content\/uploads\/2018\/05\/Papiere-e1531146149180.jpg\" alt=\"\" data-object-fit=\"cover\" srcset=\"https:\/\/awo-fulda.de\/wp-content\/uploads\/2018\/05\/Papiere-e1531146149180.jpg 1600w, https:\/\/awo-fulda.de\/wp-content\/uploads\/2018\/05\/Papiere-e1531146149180-480x270.jpg 480w, https:\/\/awo-fulda.de\/wp-content\/uploads\/2018\/05\/Papiere-e1531146149180-768x432.jpg 768w, https:\/\/awo-fulda.de\/wp-content\/uploads\/2018\/05\/Papiere-e1531146149180-640x360.jpg 640w\" sizes=\"auto, (max-width: 1600px) 100vw, 1600px\" \/>\r\n<div class=\"wp-block-cover__inner-container\"><!-- wp:paragraph {\"align\":\"center\",\"placeholder\":\"Schreibe einen Titel\u2026\",\"style\":{\"typography\":{\"fontSize\":24}}} -->\r\n<p class=\"has-text-align-center\" style=\"font-size: 24px;\"><strong>Allgemeine Sozialberatung<\/strong><\/p>\r\n<!-- \/wp:paragraph --><\/div>\r\n<\/div>\r\n<!-- \/wp:cover --><\/div>\r\n<!-- \/wp:column -->\r\n\r\n<!-- wp:column -->\r\n<div class=\"wp-block-column\"><!-- wp:image {\"align\":\"left\",\"id\":22793,\"sizeSlug\":\"large\",\"linkDestination\":\"custom\"} -->\r\n<div class=\"wp-block-image\">\r\n<figure class=\"alignleft size-large\"><a href=\"https:\/\/awo-fulda.de\/beratung-begleitung\/awohilft\/\"><img loading=\"lazy\" decoding=\"async\" width=\"640\" height=\"401\" class=\"wp-image-22793\" src=\"https:\/\/awo-fulda.de\/wp-content\/uploads\/2020\/05\/Tshirt-Bild1-640x401.png\" alt=\"\" srcset=\"https:\/\/awo-fulda.de\/wp-content\/uploads\/2020\/05\/Tshirt-Bild1-640x401.png 640w, https:\/\/awo-fulda.de\/wp-content\/uploads\/2020\/05\/Tshirt-Bild1-480x301.png 480w, https:\/\/awo-fulda.de\/wp-content\/uploads\/2020\/05\/Tshirt-Bild1.png 733w\" sizes=\"auto, (max-width: 640px) 100vw, 640px\" \/><\/a><\/figure>\r\n<\/div>\r\n<!-- \/wp:image --><\/div>\r\n<!-- \/wp:column -->\r\n\r\n<!-- wp:column -->\r\n<div class=\"wp-block-column\"><!-- wp:cover {\"url\":\"https:\/\/awo-fulda.de\/wp-content\/uploads\/2018\/05\/AWO_11.jpg\",\"id\":15197,\"minHeight\":253,\"href\":\"https:\/\/awo-fulda.de\/generationenhilfe\/\"} -->\r\n<div class=\"wp-block-cover has-background-dim ek-linked-block\" style=\"min-height: 253px;\"><img loading=\"lazy\" decoding=\"async\" width=\"1600\" height=\"900\" class=\"wp-block-cover__image-background wp-image-15197\" src=\"https:\/\/awo-fulda.de\/wp-content\/uploads\/2018\/05\/AWO_11.jpg\" alt=\"\" data-object-fit=\"cover\" srcset=\"https:\/\/awo-fulda.de\/wp-content\/uploads\/2018\/05\/AWO_11.jpg 1600w, https:\/\/awo-fulda.de\/wp-content\/uploads\/2018\/05\/AWO_11-480x270.jpg 480w, https:\/\/awo-fulda.de\/wp-content\/uploads\/2018\/05\/AWO_11-768x432.jpg 768w, https:\/\/awo-fulda.de\/wp-content\/uploads\/2018\/05\/AWO_11-640x360.jpg 640w\" sizes=\"auto, (max-width: 1600px) 100vw, 1600px\" \/>\r\n<div class=\"wp-block-cover__inner-container\"><!-- wp:paragraph {\"align\":\"center\",\"placeholder\":\"Schreibe einen Titel\u2026\",\"style\":{\"typography\":{\"fontSize\":24}}} -->\r\n<p class=\"has-text-align-center\" style=\"font-size: 24px;\"><strong>Generationenhilfe<\/strong><\/p>\r\n<!-- \/wp:paragraph --><\/div>\r\n<\/div>\r\n<!-- \/wp:cover --><\/div>\r\n<!-- \/wp:column --><\/div>\r\n<!-- \/wp:columns -->\r\n\r\n<!-- wp:columns -->\r\n<div class=\"wp-block-columns\"><!-- wp:column -->\r\n<div class=\"wp-block-column\"><!-- wp:cover {\"url\":\"https:\/\/awo-fulda.de\/wp-content\/uploads\/2018\/05\/Islam1.jpg\",\"id\":15222,\"minHeight\":253,\"href\":\"https:\/\/awo-fulda.de\/beratung-begleitung\/beratung-islamischer-frauen\/\"} -->\r\n<div class=\"wp-block-cover has-background-dim ek-linked-block\" style=\"min-height: 253px;\"><img loading=\"lazy\" decoding=\"async\" width=\"1600\" height=\"900\" class=\"wp-block-cover__image-background wp-image-15222\" src=\"https:\/\/awo-fulda.de\/wp-content\/uploads\/2018\/05\/Islam1.jpg\" alt=\"\" data-object-fit=\"cover\" srcset=\"https:\/\/awo-fulda.de\/wp-content\/uploads\/2018\/05\/Islam1.jpg 1600w, https:\/\/awo-fulda.de\/wp-content\/uploads\/2018\/05\/Islam1-480x270.jpg 480w, https:\/\/awo-fulda.de\/wp-content\/uploads\/2018\/05\/Islam1-768x432.jpg 768w, https:\/\/awo-fulda.de\/wp-content\/uploads\/2018\/05\/Islam1-640x360.jpg 640w\" sizes=\"auto, (max-width: 1600px) 100vw, 1600px\" \/>\r\n<div class=\"wp-block-cover__inner-container\"><!-- wp:paragraph {\"align\":\"center\",\"placeholder\":\"Schreibe einen Titel\u2026\",\"style\":{\"typography\":{\"fontSize\":24}}} -->\r\n<p class=\"has-text-align-center\" style=\"font-size: 24px;\"><strong>Beratung islamischer Frauen<\/strong><\/p>\r\n<!-- \/wp:paragraph --><\/div>\r\n<\/div>\r\n<!-- \/wp:cover --><\/div>\r\n<!-- \/wp:column -->\r\n\r\n<!-- wp:column -->\r\n<div class=\"wp-block-column\"><!-- wp:cover {\"url\":\"https:\/\/awo-fulda.de\/wp-content\/uploads\/2018\/05\/Tann1.jpg\",\"id\":15269,\"minHeight\":253,\"href\":\"https:\/\/awo-fulda.de\/migrationsberatung\/\"} -->\r\n<div class=\"wp-block-cover has-background-dim ek-linked-block\" style=\"min-height: 253px;\"><img loading=\"lazy\" decoding=\"async\" width=\"1600\" height=\"900\" class=\"wp-block-cover__image-background wp-image-15269\" src=\"https:\/\/awo-fulda.de\/wp-content\/uploads\/2018\/05\/Tann1.jpg\" alt=\"\" data-object-fit=\"cover\" srcset=\"https:\/\/awo-fulda.de\/wp-content\/uploads\/2018\/05\/Tann1.jpg 1600w, https:\/\/awo-fulda.de\/wp-content\/uploads\/2018\/05\/Tann1-480x270.jpg 480w, https:\/\/awo-fulda.de\/wp-content\/uploads\/2018\/05\/Tann1-768x432.jpg 768w, https:\/\/awo-fulda.de\/wp-content\/uploads\/2018\/05\/Tann1-640x360.jpg 640w\" sizes=\"auto, (max-width: 1600px) 100vw, 1600px\" \/>\r\n<div class=\"wp-block-cover__inner-container\"><!-- wp:paragraph {\"align\":\"center\",\"placeholder\":\"Schreibe einen Titel\u2026\",\"style\":{\"typography\":{\"fontSize\":24}}} -->\r\n<p class=\"has-text-align-center\" style=\"font-size: 24px;\"><strong>Mobile Migrationsberatung<\/strong><\/p>\r\n<!-- \/wp:paragraph --><\/div>\r\n<\/div>\r\n<!-- \/wp:cover --><\/div>\r\n<!-- \/wp:column -->\r\n\r\n<!-- wp:column -->\r\n<div class=\"wp-block-column\"><!-- wp:cover {\"url\":\"https:\/\/awo-fulda.de\/wp-content\/uploads\/2018\/05\/marbach1.jpg\",\"id\":15236,\"minHeight\":253,\"href\":\"https:\/\/awo-fulda.de\/migration-integration\/sozialbetreuung-gefluechteter\/\"} -->\r\n<div class=\"wp-block-cover has-background-dim ek-linked-block\" style=\"min-height: 253px;\"><img loading=\"lazy\" decoding=\"async\" width=\"1600\" height=\"900\" class=\"wp-block-cover__image-background wp-image-15236\" src=\"https:\/\/awo-fulda.de\/wp-content\/uploads\/2018\/05\/marbach1.jpg\" alt=\"\" data-object-fit=\"cover\" srcset=\"https:\/\/awo-fulda.de\/wp-content\/uploads\/2018\/05\/marbach1.jpg 1600w, https:\/\/awo-fulda.de\/wp-content\/uploads\/2018\/05\/marbach1-480x270.jpg 480w, https:\/\/awo-fulda.de\/wp-content\/uploads\/2018\/05\/marbach1-768x432.jpg 768w, https:\/\/awo-fulda.de\/wp-content\/uploads\/2018\/05\/marbach1-640x360.jpg 640w\" sizes=\"auto, (max-width: 1600px) 100vw, 1600px\" \/>\r\n<div class=\"wp-block-cover__inner-container\"><!-- wp:paragraph {\"align\":\"center\",\"placeholder\":\"Schreibe einen Titel\u2026\",\"style\":{\"typography\":{\"fontSize\":24}}} -->\r\n<p class=\"has-text-align-center\" style=\"font-size: 24px;\"><strong>Soziale Betreuung Gefl\u00fcchteter<\/strong><\/p>\r\n<!-- \/wp:paragraph --><\/div>\r\n<\/div>\r\n<!-- \/wp:cover --><\/div>\r\n<!-- \/wp:column --><\/div>\r\n<!-- \/wp:columns -->","protected":false},"excerpt":{"rendered":"<p>Jeder Mensch ist wertvoll. Der AWO Kreisverband Fulda ist Anlaufstation f\u00fcr Menschen in den unterschiedlichsten Lebenslagen: Sie suchen Unterst\u00fctzung in Krisensituationen. Sie k\u00f6nnen die Anforderungen an die Arbeitswelt nicht erf\u00fcllen.&hellip;<\/p>\n","protected":false},"author":1,"featured_media":0,"parent":0,"menu_order":2,"comment_status":"closed","ping_status":"closed","template":"","meta":{"_editorskit_title_hidden":false,"_editorskit_reading_time":1,"_editorskit_is_block_options_detached":false,"_editorskit_block_options_position":"{}","footnotes":""},"class_list":["post-24","page","type-page","status-publish","hentry","description-off"],"translation":{"provider":"WPGlobus","version":"3.0.2","language":"tr","enabled_languages":["de","en","fr","ru","ar","tr","fa"],"languages":{"de":{"title":true,"content":true,"excerpt":false},"en":{"title":true,"content":true,"excerpt":false},"fr":{"title":false,"content":false,"excerpt":false},"ru":{"title":false,"content":false,"excerpt":false},"ar":{"title":false,"content":false,"excerpt":false},"tr":{"title":false,"content":false,"excerpt":false},"fa":{"title":false,"content":false,"excerpt":false}}},"_links":{"self":[{"href":"https:\/\/awo-fulda.de\/tr\/wp-json\/wp\/v2\/pages\/24","targetHints":{"allow":["GET"]}}],"collection":[{"href":"https:\/\/awo-fulda.de\/tr\/wp-json\/wp\/v2\/pages"}],"about":[{"href":"https:\/\/awo-fulda.de\/tr\/wp-json\/wp\/v2\/types\/page"}],"author":[{"embeddable":true,"href":"https:\/\/awo-fulda.de\/tr\/wp-json\/wp\/v2\/users\/1"}],"replies":[{"embeddable":true,"href":"https:\/\/awo-fulda.de\/tr\/wp-json\/wp\/v2\/comments?post=24"}],"version-history":[{"count":17,"href":"https:\/\/awo-fulda.de\/tr\/wp-json\/wp\/v2\/pages\/24\/revisions"}],"predecessor-version":[{"id":131841,"href":"https:\/\/awo-fulda.de\/tr\/wp-json\/wp\/v2\/pages\/24\/revisions\/131841"}],"wp:attachment":[{"href":"https:\/\/awo-fulda.de\/tr\/wp-json\/wp\/v2\/media?parent=24"}],"curies":[{"name":"wp","href":"https:\/\/api.w.org\/{rel}","templated":true}]}}