{"id":23230,"date":"2020-07-04T18:22:01","date_gmt":"2020-07-04T16:22:01","guid":{"rendered":"https:\/\/awo-fulda.de\/?page_id=23230"},"modified":"2020-07-04T18:22:18","modified_gmt":"2020-07-04T16:22:18","slug":"erklaerung-zum-datenschutz-gemaess-art-13-eu-dsgvo","status":"publish","type":"page","link":"https:\/\/awo-fulda.de\/tr\/erklaerung-zum-datenschutz-gemaess-art-13-eu-dsgvo\/","title":{"rendered":"Erkl\u00e4rung zum Datenschutz gem\u00e4\u00df Art. 13 EU DSGVO"},"content":{"rendered":"\n<p>Verantwortlich f\u00fcr die Verarbeitung Ihrer personenbezogenen Daten als Mitglied der AWO ist der Arbeiterwohlfahrt Kreisverband Fulda e.V., Frankfurter Stra\u00dfe 28, 36043 Fulda; info@awo-fulda.de.<\/p>\n<p>Datenschutzbeauftragte des Arbeiterwohlfahrt Kreisverband Fulda e.V. e.V. ist Frau Viktoria Braun, Frankfurter Stra\u00dfe 28, 36043 Fulda, datenschutz@awo-fulda.de<\/p>\n<p>1. Datenverarbeitung<\/p>\n<ol style=\"list-style-type: lower-alpha;\">\n<li>Wir verwenden die von Ihnen erhobenen Daten zum Zweck einer Pr\u00fcfung der Antragsstellung sowie bei Zustandekommen der Mitgliedschaft zum Zweck der Mitgliederverwaltung und -betreuung in der AWO und ggf. dem Jugendwerk der AWO.<\/li>\n<li>Rechtsgrundlage f\u00fcr die Datenverarbeitung ist der Vertrag \u00fcber Ihre Mitgliedschaft zwischen Ihnen und der AWO und ggf. dem Jugendwerk der AWO nach Artikel 6 Abs. 1 lit. b) EU DSGVO. F\u00fcr die Aufbewahrung Ihrer Daten nach handels- und steuerrechtlichen Vorschriften ist Rechtsgrundlage Artikel 6 Abs. 1 lit. c) EU DSGVO.<\/li>\n<li>Die Bereitstellung der Daten ist f\u00fcr die Mitgliedschaft in der AWO und ggf. dem Jugendwerk notwendig. Bei Nichtbereitstellung kann der Antrag auf Mitgliedschaft nicht bearbeitet werden.<\/li>\n<li>Bei der Datenverarbeitung setzen wir Dienstleister ein, die jeweils im Rahmen einer Auftragsverarbeitung nach Art. 28 EU DSGVO t\u00e4tig werden.<\/li>\n<li>Bei Zustandekommen der Mitgliedschaft werden Ihre Daten von uns an den AWO Bundesverband e.V. (Zentrale Mitglieder- und Adressverwaltung), an den in Ihrer Region zust\u00e4ndigen AWO Landes-, Bezirks-, Unterbezirks-, Kreis- und Gemeinde- bzw. Stadtverband und Ortsverein sowie ggf. an die zust\u00e4ndigen Gliederungen des AWO Jugendwerks \u00fcbermittelt. Zur Kl\u00e4rung der f\u00fcr Ihre Mitgliedschaft zust\u00e4ndigen Gliederungen werden Ihre Angaben im Mitgliedsantrag ggf. an den f\u00fcr Ihren Wohnort zust\u00e4ndigen Landes-, Bezirks, Unterbezirks- oder Kreisverband \u00fcbermittelt. Die Daten werden dort sp\u00e4testens 1 Jahr nach Erhebung bzw. \u00dcbermittlung gel\u00f6scht, wenn es sich nicht um die regional zust\u00e4ndige Gliederung handelt.<\/li>\n<li>S\u00e4mtliche im Rahmen der Mitgliedschaft erhobenen personenbezogenen Daten werden mit Beendigung der Mitgliedschaft gel\u00f6scht, es sei denn, wir sind rechtlich zur weiteren Verarbeitung ihrer Daten berechtigt oder verpflichtet. Buchungsrelevante Daten werden zehn Kalenderjahre nach Ende der Mitgliedschaft gel\u00f6scht.<\/li>\n<\/ol>\n<p>\u00a0<\/p>\n<p>2. Allgemeine Angaben und Rechte der betroffenen Personen<\/p>\n<ol style=\"list-style-type: lower-alpha;\">\n<li>Sie haben das Recht, bei uns Auskunft hinsichtlich der \u00fcber Sie gespeicherten Daten zu verlangen.<\/li>\n<li>Sollten Ihre personenbezogenen Daten unrichtig oder unvollst\u00e4ndig sein, haben Sie ein Recht auf Berichtigung und Erg\u00e4nzung.<\/li>\n<li>Bei Erf\u00fcllung der gesetzlichen Voraussetzungen k\u00f6nnen Sie eine Einschr\u00e4nkung der Verarbeitung Ihrer Daten verlangen oder der Verarbeitung g\u00e4nzlich widersprechen.<\/li>\n<li>Sie k\u00f6nnen jederzeit die L\u00f6schung Ihrer Daten verlangen, sofern wir nicht rechtlich zur weiteren Verarbeitung Ihrer Daten verpflichtet sind. In jedem Fall setzt die L\u00f6schung Ihrer Daten eine Beendigung Ihrer Mitgliedschaft gem\u00e4\u00df der Bestimmung der geltenden Satzung voraus.<\/li>\n<li>Sie haben ein Recht auf \u00dcbertragung der von Ihnen bereitgestellten Daten, sofern dadurch nicht die Rechte und Freiheiten anderer Personen beeintr\u00e4chtigt werden.<\/li>\n<li>Sollten Sie der Ansicht sein, dass die Verarbeitung Ihrer Daten gegen geltendes Recht verst\u00f6\u00dft, so haben Sie die M\u00f6glichkeit, bei einer zust\u00e4ndigen Aufsichtsbeh\u00f6rde (z. B. Landesbeauftragte*r f\u00fcr den Datenschutz) Beschwerde einzulegen.<\/li>\n<\/ol>\n","protected":false},"excerpt":{"rendered":"<p>Verantwortlich f\u00fcr die Verarbeitung Ihrer personenbezogenen Daten als Mitglied der AWO ist der Arbeiterwohlfahrt Kreisverband Fulda e.V., Frankfurter Stra\u00dfe 28, 36043 Fulda; info@awo-fulda.de. Datenschutzbeauftragte des Arbeiterwohlfahrt Kreisverband Fulda e.V. e.V.&hellip;<\/p>\n","protected":false},"author":10,"featured_media":0,"parent":0,"menu_order":0,"comment_status":"closed","ping_status":"closed","template":"","meta":{"_editorskit_title_hidden":false,"_editorskit_reading_time":0,"_editorskit_is_block_options_detached":false,"_editorskit_block_options_position":"{}","footnotes":""},"class_list":["post-23230","page","type-page","status-publish","hentry","description-off"],"translation":{"provider":"WPGlobus","version":"3.0.2","language":"tr","enabled_languages":["de","en","fr","ru","ar","tr","fa"],"languages":{"de":{"title":true,"content":true,"excerpt":false},"en":{"title":false,"content":false,"excerpt":false},"fr":{"title":false,"content":false,"excerpt":false},"ru":{"title":false,"content":false,"excerpt":false},"ar":{"title":false,"content":false,"excerpt":false},"tr":{"title":false,"content":false,"excerpt":false},"fa":{"title":false,"content":false,"excerpt":false}}},"_links":{"self":[{"href":"https:\/\/awo-fulda.de\/tr\/wp-json\/wp\/v2\/pages\/23230","targetHints":{"allow":["GET"]}}],"collection":[{"href":"https:\/\/awo-fulda.de\/tr\/wp-json\/wp\/v2\/pages"}],"about":[{"href":"https:\/\/awo-fulda.de\/tr\/wp-json\/wp\/v2\/types\/page"}],"author":[{"embeddable":true,"href":"https:\/\/awo-fulda.de\/tr\/wp-json\/wp\/v2\/users\/10"}],"replies":[{"embeddable":true,"href":"https:\/\/awo-fulda.de\/tr\/wp-json\/wp\/v2\/comments?post=23230"}],"version-history":[{"count":1,"href":"https:\/\/awo-fulda.de\/tr\/wp-json\/wp\/v2\/pages\/23230\/revisions"}],"predecessor-version":[{"id":23231,"href":"https:\/\/awo-fulda.de\/tr\/wp-json\/wp\/v2\/pages\/23230\/revisions\/23231"}],"wp:attachment":[{"href":"https:\/\/awo-fulda.de\/tr\/wp-json\/wp\/v2\/media?parent=23230"}],"curies":[{"name":"wp","href":"https:\/\/api.w.org\/{rel}","templated":true}]}}