{"id":19518,"date":"2019-02-07T13:12:40","date_gmt":"2019-02-07T12:12:40","guid":{"rendered":"https:\/\/awo-fulda.de\/?page_id=19518"},"modified":"2022-01-29T18:20:13","modified_gmt":"2022-01-29T17:20:13","slug":"videos","status":"publish","type":"page","link":"https:\/\/awo-fulda.de\/tr\/100-jahre-awo\/videos\/","title":{"rendered":"Videos zum AWO-Jubil\u00e4um"},"content":{"rendered":"<h5><strong>Gru\u00dfwort des AWO-Pr\u00e4sidenten Wilhelm Schmidt:<\/strong><br \/>\n<iframe loading=\"lazy\" src=\"https:\/\/www.youtube.com\/embed\/FPnRrWGQ3aI\" width=\"560\" height=\"315\" frameborder=\"0\" allowfullscreen=\"allowfullscreen\"><\/iframe><\/h5>\n<p>&nbsp;<\/p>\n<h5><strong>Imagefilm \u00fcber die Entwicklung der AWO:<\/strong><br \/>\n<iframe loading=\"lazy\" style=\"border: none; overflow: hidden;\" src=\"https:\/\/www.facebook.com\/plugins\/video.php?href=https%3A%2F%2Fwww.facebook.com%2Fawohessensued%2Fvideos%2F1487409821345667%2F&amp;show_text=0&amp;width=560\" width=\"560\" height=\"315\" frameborder=\"0\" scrolling=\"no\" allowfullscreen=\"allowfullscreen\"><\/iframe><\/h5>\n<p>&nbsp;<\/p>\n<h5><strong>Ausf\u00fchrlicher Film \u00fcber die Verbandsgeschichte mit historischen Bildern:<\/strong><br \/>\n<iframe loading=\"lazy\" src=\"https:\/\/www.youtube.com\/embed\/L45b1zb2BEI\" width=\"560\" height=\"315\" frameborder=\"0\" allowfullscreen=\"allowfullscreen\"><\/iframe><\/h5>\n<p>&nbsp;<\/p>\n<h5><strong>Die Bedeutung von Marie Juchacz aus Sicht der Friedrich-Ebert-Stiftung:<\/strong><br \/>\n<iframe loading=\"lazy\" src=\"https:\/\/www.youtube.com\/embed\/V_Ar5bSrEmY\" width=\"560\" height=\"315\" frameborder=\"0\" allowfullscreen=\"allowfullscreen\"><\/iframe><\/h5>\n<p>&nbsp;<\/p>\n<h5><strong>Wie AWO-Frauen die Gesellschaft ver\u00e4ndert haben:<\/strong><br \/>\n<iframe loading=\"lazy\" src=\"https:\/\/www.youtube.com\/embed\/r1pjzmxl1Ps\" width=\"560\" height=\"315\" frameborder=\"0\" allowfullscreen=\"allowfullscreen\"><\/iframe><\/h5>\n","protected":false},"excerpt":{"rendered":"<p>Gru\u00dfwort des AWO-Pr\u00e4sidenten Wilhelm Schmidt: &nbsp; Imagefilm \u00fcber die Entwicklung der AWO: &nbsp; Ausf\u00fchrlicher Film \u00fcber die Verbandsgeschichte mit historischen Bildern: &nbsp; Die Bedeutung von Marie Juchacz aus Sicht der&hellip;<\/p>\n","protected":false},"author":10,"featured_media":0,"parent":18860,"menu_order":0,"comment_status":"closed","ping_status":"closed","template":"","meta":{"_editorskit_title_hidden":false,"_editorskit_reading_time":0,"_editorskit_is_block_options_detached":false,"_editorskit_block_options_position":"{}","footnotes":""},"class_list":["post-19518","page","type-page","status-publish","hentry","description-off"],"translation":{"provider":"WPGlobus","version":"3.0.2","language":"tr","enabled_languages":["de","en","fr","ru","ar","tr","fa"],"languages":{"de":{"title":true,"content":true,"excerpt":false},"en":{"title":false,"content":false,"excerpt":false},"fr":{"title":false,"content":false,"excerpt":false},"ru":{"title":false,"content":false,"excerpt":false},"ar":{"title":false,"content":false,"excerpt":false},"tr":{"title":false,"content":false,"excerpt":false},"fa":{"title":false,"content":false,"excerpt":false}}},"_links":{"self":[{"href":"https:\/\/awo-fulda.de\/tr\/wp-json\/wp\/v2\/pages\/19518","targetHints":{"allow":["GET"]}}],"collection":[{"href":"https:\/\/awo-fulda.de\/tr\/wp-json\/wp\/v2\/pages"}],"about":[{"href":"https:\/\/awo-fulda.de\/tr\/wp-json\/wp\/v2\/types\/page"}],"author":[{"embeddable":true,"href":"https:\/\/awo-fulda.de\/tr\/wp-json\/wp\/v2\/users\/10"}],"replies":[{"embeddable":true,"href":"https:\/\/awo-fulda.de\/tr\/wp-json\/wp\/v2\/comments?post=19518"}],"version-history":[{"count":5,"href":"https:\/\/awo-fulda.de\/tr\/wp-json\/wp\/v2\/pages\/19518\/revisions"}],"predecessor-version":[{"id":19530,"href":"https:\/\/awo-fulda.de\/tr\/wp-json\/wp\/v2\/pages\/19518\/revisions\/19530"}],"up":[{"embeddable":true,"href":"https:\/\/awo-fulda.de\/tr\/wp-json\/wp\/v2\/pages\/18860"}],"wp:attachment":[{"href":"https:\/\/awo-fulda.de\/tr\/wp-json\/wp\/v2\/media?parent=19518"}],"curies":[{"name":"wp","href":"https:\/\/api.w.org\/{rel}","templated":true}]}}