{"id":19144,"date":"2018-12-13T20:36:51","date_gmt":"2018-12-13T19:36:51","guid":{"rendered":"https:\/\/awo-fulda.de\/?page_id=19144"},"modified":"2023-05-09T12:12:21","modified_gmt":"2023-05-09T10:12:21","slug":"worum-geht-es-beim-jubilaeum","status":"publish","type":"page","link":"https:\/\/awo-fulda.de\/tr\/worum-geht-es-beim-jubilaeum\/","title":{"rendered":"Gr\u00fcndung und Geschichte"},"content":{"rendered":"\n<figure class=\"wp-block-image\"><img loading=\"lazy\" decoding=\"async\" width=\"640\" height=\"237\" src=\"https:\/\/awo-fulda.de\/wp-content\/uploads\/2018\/12\/Bundesverbands_Header-640x237.jpg\" alt=\"\" class=\"wp-image-19146\" srcset=\"https:\/\/awo-fulda.de\/wp-content\/uploads\/2018\/12\/Bundesverbands_Header-640x237.jpg 640w, https:\/\/awo-fulda.de\/wp-content\/uploads\/2018\/12\/Bundesverbands_Header-480x178.jpg 480w, https:\/\/awo-fulda.de\/wp-content\/uploads\/2018\/12\/Bundesverbands_Header-768x284.jpg 768w, https:\/\/awo-fulda.de\/wp-content\/uploads\/2018\/12\/Bundesverbands_Header.jpg 851w\" sizes=\"auto, (max-width: 640px) 100vw, 640px\" \/><\/figure>\n\n\n<h3>\u00a0<\/h3>\n<h3><span style=\"color: #b81212;\"><strong>Forschungsreise &#8220;Marie Juchacz &#8211; Auf der Route des Exils&#8221;<\/strong><\/span> <br \/>Ein Projekt der Erinnerung, der Freundschaft und gegen Rassismus<\/h3>\n<p>Marie Juchacz (1879-1956), SPD-Reichstagsabgeordnete, Frauenrechtlerin und Gr\u00fcnderin der Arbeiterwohlfahrt (AWO), floh 1933 aus Deutschland, nachdem sie sich die Jahre zuvor in ihren politischen Reden gegen den Nationalsozialismus gestemmt hatte.<\/p>\n<p>90 Jahre danach f\u00e4hrt Lydia Struck im Mai 2023 \u201cauf der Route des Exils\u201d durch Deutschland und Frankreich, an die Orte ihrer Flucht und ihres Wirkens im Widerstand gegen den Nationalsozialismus. Sie will mehr zu erfahren und eine Forschungsl\u00fccke schlie\u00dfen. Lydia Struck ist Hamburgerin, Kulturanthropologin (Biografie- und Provenienzforschung) und Urgro\u00dfnichte von Marie Juchacz.<\/p>\n<p>Die Tour begann am 2.5.2023 in Berlin und f\u00fchrt \u00fcber 2600 km \u00fcber K\u00f6ln, Saarbr\u00fccken, Metz, Mulhouse, bis in den S\u00fcden Frankreichs, nach Marseille und dann Sauvagnon, wo Marie Juchacz versteckt lebte, bis sie 1941 ihre Flucht in die USA fortsetzte.<\/p>\n<p>Mehr Infos und einen Reise-Blog sind zu finden unter: <a href=\"https:\/\/www.mariejuchacz.com\" target=\"_blank\" rel=\"noreferrer noopener\">https:\/\/www.mariejuchacz.com<\/a><\/p>\n<h3>\u00a0<\/h3>\n<table style=\"border-collapse: collapse; width: 100%;\">\n<tbody>\n<tr>\n<td style=\"width: 50%;\">\n<h3><strong><a class=\"dt-pswp-item\" href=\"https:\/\/awo-fulda.de\/wp-content\/uploads\/2023\/05\/Foto-Exilroute-Schreibmaschine.jpg\" data-dt-img-description=\"\" data-large_image_width=\"1228\" data-large_image_height=\"759\"><img loading=\"lazy\" decoding=\"async\" class=\"aligncenter size-full wp-image-123097\" src=\"https:\/\/awo-fulda.de\/wp-content\/uploads\/2023\/05\/Foto-Exilroute-Schreibmaschine.jpg\" alt=\"\" width=\"1228\" height=\"759\" srcset=\"https:\/\/awo-fulda.de\/wp-content\/uploads\/2023\/05\/Foto-Exilroute-Schreibmaschine.jpg 1228w, https:\/\/awo-fulda.de\/wp-content\/uploads\/2023\/05\/Foto-Exilroute-Schreibmaschine-480x297.jpg 480w, https:\/\/awo-fulda.de\/wp-content\/uploads\/2023\/05\/Foto-Exilroute-Schreibmaschine-640x396.jpg 640w, https:\/\/awo-fulda.de\/wp-content\/uploads\/2023\/05\/Foto-Exilroute-Schreibmaschine-768x475.jpg 768w\" sizes=\"auto, (max-width: 1228px) 100vw, 1228px\" \/><\/a><\/strong><\/h3>\n<\/td>\n<td style=\"width: 50%;\">\n<h3><strong><a class=\"dt-pswp-item\" href=\"https:\/\/awo-fulda.de\/wp-content\/uploads\/2023\/05\/Foto-Struck-Auto-1600.jpg\" data-dt-img-description=\"\" data-large_image_width=\"1600\" data-large_image_height=\"2125\"><img loading=\"lazy\" decoding=\"async\" class=\"aligncenter size-full wp-image-123094\" src=\"https:\/\/awo-fulda.de\/wp-content\/uploads\/2023\/05\/Foto-Struck-Auto-1600.jpg\" alt=\"\" width=\"1600\" height=\"2125\" srcset=\"https:\/\/awo-fulda.de\/wp-content\/uploads\/2023\/05\/Foto-Struck-Auto-1600.jpg 1600w, https:\/\/awo-fulda.de\/wp-content\/uploads\/2023\/05\/Foto-Struck-Auto-1600-361x480.jpg 361w, https:\/\/awo-fulda.de\/wp-content\/uploads\/2023\/05\/Foto-Struck-Auto-1600-482x640.jpg 482w, https:\/\/awo-fulda.de\/wp-content\/uploads\/2023\/05\/Foto-Struck-Auto-1600-768x1020.jpg 768w, https:\/\/awo-fulda.de\/wp-content\/uploads\/2023\/05\/Foto-Struck-Auto-1600-1157x1536.jpg 1157w, https:\/\/awo-fulda.de\/wp-content\/uploads\/2023\/05\/Foto-Struck-Auto-1600-1542x2048.jpg 1542w\" sizes=\"auto, (max-width: 1600px) 100vw, 1600px\" \/><\/a><\/strong><\/h3>\n<\/td>\n<\/tr>\n<tr>\n<td style=\"width: 50%;\">\n<h3><strong><a class=\"dt-pswp-item\" href=\"https:\/\/awo-fulda.de\/wp-content\/uploads\/2023\/05\/Foto-StruckGerdWinnerMarieJuchacz_Foto-MartinaWinner.jpg\" data-dt-img-description=\"\" data-large_image_width=\"768\" data-large_image_height=\"1024\"><img loading=\"lazy\" decoding=\"async\" class=\"aligncenter size-full wp-image-123096\" src=\"https:\/\/awo-fulda.de\/wp-content\/uploads\/2023\/05\/Foto-StruckGerdWinnerMarieJuchacz_Foto-MartinaWinner.jpg\" alt=\"\" width=\"768\" height=\"1024\" srcset=\"https:\/\/awo-fulda.de\/wp-content\/uploads\/2023\/05\/Foto-StruckGerdWinnerMarieJuchacz_Foto-MartinaWinner.jpg 768w, https:\/\/awo-fulda.de\/wp-content\/uploads\/2023\/05\/Foto-StruckGerdWinnerMarieJuchacz_Foto-MartinaWinner-360x480.jpg 360w, https:\/\/awo-fulda.de\/wp-content\/uploads\/2023\/05\/Foto-StruckGerdWinnerMarieJuchacz_Foto-MartinaWinner-480x640.jpg 480w\" sizes=\"auto, (max-width: 768px) 100vw, 768px\" \/><\/a><\/strong><\/h3>\n<\/td>\n<td style=\"width: 50%;\">\n<h3>\u00a0<\/h3>\n<h3><strong><a class=\"dt-pswp-item\" href=\"https:\/\/awo-fulda.de\/wp-content\/uploads\/2023\/05\/Foto-Logo-Figuren-Tour.jpg\" data-dt-img-description=\"\" data-large_image_width=\"1238\" data-large_image_height=\"840\"><img loading=\"lazy\" decoding=\"async\" class=\"aligncenter size-full wp-image-123093\" src=\"https:\/\/awo-fulda.de\/wp-content\/uploads\/2023\/05\/Foto-Logo-Figuren-Tour.jpg\" alt=\"\" width=\"1238\" height=\"840\" srcset=\"https:\/\/awo-fulda.de\/wp-content\/uploads\/2023\/05\/Foto-Logo-Figuren-Tour.jpg 1238w, https:\/\/awo-fulda.de\/wp-content\/uploads\/2023\/05\/Foto-Logo-Figuren-Tour-480x326.jpg 480w, https:\/\/awo-fulda.de\/wp-content\/uploads\/2023\/05\/Foto-Logo-Figuren-Tour-640x434.jpg 640w, https:\/\/awo-fulda.de\/wp-content\/uploads\/2023\/05\/Foto-Logo-Figuren-Tour-768x521.jpg 768w\" sizes=\"auto, (max-width: 1238px) 100vw, 1238px\" \/><\/a><\/strong><\/h3>\n<h3>\u00a0<\/h3>\n<\/td>\n<\/tr>\n<\/tbody>\n<\/table>\n<h3><strong><span style=\"color: #b81212;\">2019 feiert der AWO Bundesverband &#8220;100 Jahre AWO&#8221;<\/span> <\/strong><\/h3>\n<p>Am 13.12.1919 brachte die Frauenrechtlerin und Sozialpolitikerin, Marie Juchacz den Vorschlag zur Gr\u00fcndung einer sozialdemokratischen Wohlfahrtspflege erfolgreich im SPD-Parteiausschuss ein: Der Hauptausschuss f\u00fcr Arbeiterwohlfahrt wurde ins Leben gerufen. <\/p>\n<h3><strong>Die Gr\u00fcndung der AWO <\/strong><\/h3>\n<p>Das Deutsche Reich ist nach dem 1. Weltkrieg wirtschaftlich ruiniert und politisch instabil. Millionen Menschen sind in Not und hungern. Die Kriegsversehrten, die Opfer des Krieges, Witwen und Waisenkinder stehen weitgehend ohne soziale Hilfen da. Eine bisher nicht gekannte Massenverelendung in Deutschland fordert die Selbsthilfe und die praktische Solidarit\u00e4t vieler freiwilliger HelferInnen geradezu heraus. Der Gedanke liegt nahe, aus den verschiedenen Organisationen der ArbeiterInnen-Bewegung eine sozialdemokratische Wohlfahrtsorganisation zu bilden. Doch es ist nicht nur die aktuelle Not der Menschen, die zur Idee einer \u201eArbeiterwohlfahrt\u201c f\u00fchrt. Das politische Ziel sollte sein, die stigmatisierende Armenpflege des alten Kaiserregimes abzul\u00f6sen und die Idee der Selbsthilfe und Solidarit\u00e4t in eine moderne Wohlfahrtspflege hinein zu tragen. ArbeiterInnen sollten nicht l\u00e4nger nur Objekt der Armenpflege sein.<\/p>\n<p>Friedrich Ebert, der erste deutsche Reichspr\u00e4sident, gab dem jungen Wohlfahrtsverband das Motto mit auf den Weg: \u201eArbeiterwohlfahrt ist die Selbsthilfe der Arbeiterschaft\u201c. Neben der bestehenden \u201eb\u00fcrgerlichen Wohlt\u00e4tigkeit\u201c wurde ein sozialdemokratischer Wohlfahrtsverband aufgebaut. Die Demokratisierung der Gesellschaft und der Verwaltungsstrukturen geh\u00f6rte ebenfalls zu den Zielen der AWO. Um dieses Ziel auch durch ein demokratisches Berufsverst\u00e4ndnis innerhalb der F\u00fcrsorgerInnen und WohlfahrtspflegerInnen zu erreichen, gr\u00fcndete der Hauptausschuss f\u00fcr Arbeiterwohlfahrt 1928 seine erste Wohlfahrtsschule. Seit ihrer Gr\u00fcndung ist die AWO eine politische Interessengemeinschaft, deren Mitglieder f\u00fcr soziale Gerechtigkeit und sozialen Fortschritt eintreten. Jedoch war die AWO deshalb niemals eine ausschlie\u00dflich der ArbeiterInnenschaft dienende Gemeinschaft.<\/p>\n<p>In den Notzeiten der 1920er Jahre entstand eine Vielzahl von Diensten und Einrichtungen der AWO: N\u00e4hstuben, Mittagstische, Werkst\u00e4tten, Beratungsstellen. Viele sozialdemokratische Frauen und M\u00e4nner wurden f\u00fcr einen sozialen Beruf ausgebildet. Ziel der AWO war es, soziale Not zu lindern, ihr vorzubeugen, Wohlfahrtsleistungen zu verbessern und moderne sozialp\u00e4dagogische Methoden anzuwenden. Die diskriminierende \u00f6ffentliche \u201eArmenpflege\u201c sollte schrittweise durch eine moderne F\u00fcrsorgegesetzgebung \u00fcberwunden werden. Meilensteine dieses Weges waren das Reichsjugendwohlfahrtsgesetz von 1922 und die F\u00fcrsorgepflichtverordnung von 1924. Die AWO forderte soziale Rechtsanspr\u00fcche ein. Ihre Mitglieder hatten die verheerenden Notst\u00e4nde als Betroffene selbst zu bew\u00e4ltigen. Vorrangig galt es deshalb, der Massenverelendung mit praktischer Selbsthilfe zu begegnen. Seit 1925 wurde von der AWO eine eigene Lotterie veranstaltet und Arbeiter-Wohlfahrtsmarken verkauft, um die entstandenen und entstehenden sozialen Dienste zu finanzieren.<\/p>\n<p>1926 wurde die AWO als Reichsspitzenverband der freien Wohlfahrtspflege anerkannt. 1931 waren 135.000 ehrenamtliche HelferInnen der AWO in der Kindererholung und im Kinderschutz, in der Altenbetreuung und Jugendhilfe, in Notstandsk\u00fcchen und Werkst\u00e4tten f\u00fcr Behinderte und Erwerbslose sowie in Selbsthilfen\u00e4hstuben t\u00e4tig.<\/p>\n<p>Die AWO wurde zur HelferInnenorganisation f\u00fcr alle sozial bed\u00fcrftigen Menschen, unabh\u00e4ngig von ihrer Herkunft und ihrer Konfession.<\/p>\n<h3><strong>Zerschlagung der AWO durch die Nationalsozialisten <\/strong><\/h3>\n<p>Mit der Mobilisierung und schlie\u00dflich Machtergreifung der Nationalsozialisten 1933 wurden alle Ziele der AWO, &#8211; ihre Arbeit \u2013 zerschlagen. Bei der Abstimmung zum \u201eErm\u00e4chtigungsgesetz\u201c am 23.03.1933 im \u201eprovisorischen\u201c Reichstag stimmten die 94 anwesenden sozialdemokratischen Abgeordneten geschlossen mit Nein. 26 Abgeordnete der SPD nahmen an der Abstimmung nicht teil: Sie waren verhaftet oder bereits aus Deutschland geflohen. Otto Wels als Fraktionsvorsitzender hielt eine mutige Rede gegen die Zerst\u00f6rung der Demokratie durch die Annahme des Gesetzes. Da die KPD bereits verboten war, fehlten ihre 81 Abgeordneten bei der Abstimmung. Diese brachte durch die Zustimmung der b\u00fcrgerlichen Parteien, vor allem des Zentrums, die verfassungs\u00e4ndernde Mehrheit von 444 Stimmen. Das parlamentarische System und die Gerichtsbarkeit wurden ausgehebelt. Die Gesch\u00e4ftsstelle des Hauptausschusses f\u00fcr Arbeiterwohlfahrt am Berliner Belle-Alliance-Platz wurde am 12. Mai 1933 besetzt. Lotte Lemke, Gesch\u00e4ftsf\u00fchrerin der AWO, erhielt Hausverbot. Guthaben und G\u00fcter der AWO wurden konfisziert.<\/p>\n<p>Mit dem Gesetz \u00fcber die \u201eEinziehung von volks- und staatsfeindlichem Verm\u00f6gen\u201c am 14. Juli 1933 \u201elegitimierten\u201c die Nationalsozialisten ihre Aktionen. Der Hauptausschuss f\u00fcr Arbeiterwohlfahrt wird zerschlagen. Die Aberkennung des Status` als Reichspitzenverband der Freien Wohlfahrtspflege erfolgte schlie\u00dflich am 25. Juli 1933.<\/p>\n<p>Hitlers Versuche zur \u00dcberf\u00fchrung der AWO in eine nationalsozialistische Volkswohlfahrt scheiterten jedoch. F\u00fchrende Frauen und M\u00e4nner der AWO wurden verfolgt. Solange es die Mittel zulie\u00dfen, wurde die Hilfe f\u00fcr Notleidende und Verfolgte des Naziregimes in der Illegalit\u00e4t fortgesetzt. Marie Juchacz und viele andere mussten Deutschland verlassen, um einer Verfolgung zu entgehen. In New York gr\u00fcndete Marie Juchacz die Arbeiterwohlfahrt USA, um Hilfe f\u00fcr die Opfer des Nationalsozialismus zu leisten. Sie sorgte ma\u00dfgeblich daf\u00fcr, dass die Arbeiterwohlfahrt in die CARE-Paketaktion nach Kriegsende einbezogen wurde. Zeitweise z\u00e4hlte die Post mehr als eine Million Pakete pro Monat, die auf Initiative Marie Juchaczs nach Deutschland verschickt wurden.<\/p>\n<h3><strong>Neubeginn und Wiederaufbau <\/strong><\/h3>\n<p>Mit dem Ende des Krieges 1945, dem Zusammenbruch und der Teilung des Deutschen Reiches, begann der Wiederaufbau im von den Alliierten besetzten Deutschland; unmittelbar nach Kriegsende auch der Neubeginn und Wiederaufbau der AWO. Sie wurde 1946 in Hannover als parteipolitisch und konfessionell unabh\u00e4ngige und selbst\u00e4ndige Organisation wieder ins Leben gerufen.<\/p>\n<p>In der damaligen sowjetischen Besatzungszone wurde die AWO nicht mehr zugelassen. In Berlin besa\u00df sie aufgrund des Vierm\u00e4chte-Status bis 1961 auch f\u00fcr den Ostteil der Stadt eine offizielle Zulassung.<\/p>\n<p>Verfolgung, Zerschlagung, Krieg und Verw\u00fcstung hatten die Ideen der AWO nicht zerst\u00f6ren k\u00f6nnen. Mutig nahmen Ortsvereine der Arbeiterwohlfahrt in den westlichen Besatzungszonen wieder ihre Arbeit auf. AWO-HelferInnen k\u00fcmmerten sich um Evakuierte und Fl\u00fcchtlinge, Heimkehrende, Alte und Einsame, um junge Menschen, die Heimat und Eltern verloren hatten.<\/p>\n<p>Kinder- und Jugenderholungsma\u00dfnahmen wurden wieder angeboten, nach alter Tradition wurden N\u00e4hstuben, aber auch Einrichtungen der Hauswirtschaft und M\u00fctterbildung er\u00f6ffnet. 1949 gab es in den drei westlichen Besatzungszonen und Berlin bereits wieder 50.000 ehrenamtliche HelferInnen und 300.000 Freunde und Mitglieder der AWO.<\/p>\n<h3><strong>Erfahrung f\u00fcr die Zukunft <\/strong><\/h3>\n<p>Der soziale Rechtsstaat, wie ihn die AWO in ihren Anf\u00e4ngen und ihrem Werden angestrebt hat, ist in gro\u00dfen Teilen Wirklichkeit geworden. Die AWO l\u00e4sst jedoch nicht nach, in ihren Forderungen nach Reformen und Ver\u00e4nderungen in der Sozialpolitik, in der Gesundheitspolitik, in der Familienpolitik und in der allgemeinen F\u00fcrsorge um den Menschen und seine soziale Sicherung. Stets hat sie ihre Forderungen den Parlamenten und Regierungen zugetragen. Daraus sind Gesetze entstanden, die Rechtsanspr\u00fcche auf soziale Hilfen garantieren. Als ein Beispiel unter vielen gilt daf\u00fcr die sozialrechtliche Sicherung des Pflegefallrisikos. Die AWO hat neue soziale Aufgaben \u00fcbernommen, die im Wandel der Gesellschaft ihren Ursprung haben. Dazu geh\u00f6ren die Betreuung der zahlreichen damals derart titulierten \u201eausl\u00e4ndischen ArbeitnehmerInnen\u201c seit Beginn der 1960er Jahre, die station\u00e4re und ambulante Altenhilfe, die fr\u00fchkindliche Bildung in Krippen, Kinderg\u00e4rten und Horten, die Pionierarbeit im Sprachheilbereich, die Entwicklung moderner Wohnkonzepte f\u00fcr \u00e4ltere Menschen, die Suchtberatung und die sozialpsychologische Betreuung. Grundsatz der sozialen Arbeit der AWO ist auch weiterhin die Hilfe zur Selbsthilfe. In allen Bereichen legt die AWO Wert darauf, soziale Aufgaben der Gegenwart mit dem Blick auf die Zukunft zu l\u00f6sen &#8211; mit der Erfahrung f\u00fcr die Zukunft!<\/p>","protected":false},"excerpt":{"rendered":"<p>\u00a0 Forschungsreise &#8220;Marie Juchacz &#8211; Auf der Route des Exils&#8221; Ein Projekt der Erinnerung, der Freundschaft und gegen Rassismus Marie Juchacz (1879-1956), SPD-Reichstagsabgeordnete, Frauenrechtlerin und Gr\u00fcnderin der Arbeiterwohlfahrt (AWO), floh&hellip;<\/p>\n","protected":false},"author":6,"featured_media":19146,"parent":0,"menu_order":0,"comment_status":"closed","ping_status":"closed","template":"","meta":{"_editorskit_title_hidden":false,"_editorskit_reading_time":0,"_editorskit_is_block_options_detached":false,"_editorskit_block_options_position":"{}","footnotes":""},"class_list":["post-19144","page","type-page","status-publish","has-post-thumbnail","hentry","description-off"],"translation":{"provider":"WPGlobus","version":"3.0.2","language":"tr","enabled_languages":["de","en","fr","ru","ar","tr","fa"],"languages":{"de":{"title":true,"content":true,"excerpt":false},"en":{"title":true,"content":true,"excerpt":false},"fr":{"title":false,"content":false,"excerpt":false},"ru":{"title":false,"content":false,"excerpt":false},"ar":{"title":false,"content":false,"excerpt":false},"tr":{"title":false,"content":false,"excerpt":false},"fa":{"title":false,"content":false,"excerpt":false}}},"_links":{"self":[{"href":"https:\/\/awo-fulda.de\/tr\/wp-json\/wp\/v2\/pages\/19144","targetHints":{"allow":["GET"]}}],"collection":[{"href":"https:\/\/awo-fulda.de\/tr\/wp-json\/wp\/v2\/pages"}],"about":[{"href":"https:\/\/awo-fulda.de\/tr\/wp-json\/wp\/v2\/types\/page"}],"author":[{"embeddable":true,"href":"https:\/\/awo-fulda.de\/tr\/wp-json\/wp\/v2\/users\/6"}],"replies":[{"embeddable":true,"href":"https:\/\/awo-fulda.de\/tr\/wp-json\/wp\/v2\/comments?post=19144"}],"version-history":[{"count":9,"href":"https:\/\/awo-fulda.de\/tr\/wp-json\/wp\/v2\/pages\/19144\/revisions"}],"predecessor-version":[{"id":123104,"href":"https:\/\/awo-fulda.de\/tr\/wp-json\/wp\/v2\/pages\/19144\/revisions\/123104"}],"wp:featuredmedia":[{"embeddable":true,"href":"https:\/\/awo-fulda.de\/tr\/wp-json\/wp\/v2\/media\/19146"}],"wp:attachment":[{"href":"https:\/\/awo-fulda.de\/tr\/wp-json\/wp\/v2\/media?parent=19144"}],"curies":[{"name":"wp","href":"https:\/\/api.w.org\/{rel}","templated":true}]}}