{"id":17175,"date":"2018-07-09T16:22:53","date_gmt":"2018-07-09T14:22:53","guid":{"rendered":"https:\/\/awo-fulda.de\/?page_id=17175"},"modified":"2026-03-19T13:43:05","modified_gmt":"2026-03-19T12:43:05","slug":"allgemeine-sozialberatung","status":"publish","type":"page","link":"https:\/\/awo-fulda.de\/tr\/allgemeine-sozialberatung\/","title":{"rendered":"Allgemeine Sozialberatung"},"content":{"rendered":"<table style=\"width: 100%; border-collapse: collapse;\" border=\"0\">\n<tbody>\n<tr>\n<td style=\"width: 33.3333%;\"><a class=\"dt-pswp-item\" href=\"https:\/\/awo-fulda.de\/wp-content\/uploads\/2018\/05\/Papiere.jpg\" data-dt-img-description=\"\" data-large_image_width=\"1600\" data-large_image_height=\"900\"><img loading=\"lazy\" decoding=\"async\" class=\"alignnone wp-image-15460 size-full\" src=\"https:\/\/awo-fulda.de\/wp-content\/uploads\/2018\/05\/Papiere-e1531146149180.jpg\" alt=\"\" width=\"1600\" height=\"900\" srcset=\"https:\/\/awo-fulda.de\/wp-content\/uploads\/2018\/05\/Papiere-e1531146149180.jpg 1600w, https:\/\/awo-fulda.de\/wp-content\/uploads\/2018\/05\/Papiere-e1531146149180-480x270.jpg 480w, https:\/\/awo-fulda.de\/wp-content\/uploads\/2018\/05\/Papiere-e1531146149180-768x432.jpg 768w, https:\/\/awo-fulda.de\/wp-content\/uploads\/2018\/05\/Papiere-e1531146149180-640x360.jpg 640w\" sizes=\"auto, (max-width: 1600px) 100vw, 1600px\" \/><\/a><\/td>\n<td style=\"width: 33.3333%;\"><a class=\"dt-pswp-item\" href=\"https:\/\/awo-fulda.de\/wp-content\/uploads\/2022\/08\/Alzheimer.jpg\" data-dt-img-description=\"\" data-large_image_width=\"1600\" data-large_image_height=\"900\"><img loading=\"lazy\" decoding=\"async\" class=\"alignnone size-full wp-image-15348\" src=\"https:\/\/awo-fulda.de\/wp-content\/uploads\/2022\/08\/Alzheimer.jpg\" alt=\"\" width=\"1600\" height=\"900\" \/><\/a><\/td>\n<td style=\"width: 33.3333%;\"><a class=\"dt-pswp-item\" href=\"https:\/\/awo-fulda.de\/wp-content\/uploads\/2018\/05\/Laptop.jpg\" data-dt-img-description=\"\" data-large_image_width=\"1600\" data-large_image_height=\"900\"><img loading=\"lazy\" decoding=\"async\" class=\"alignnone size-full wp-image-15343\" src=\"https:\/\/awo-fulda.de\/wp-content\/uploads\/2018\/05\/Laptop.jpg\" alt=\"\" width=\"1600\" height=\"900\" srcset=\"https:\/\/awo-fulda.de\/wp-content\/uploads\/2018\/05\/Laptop.jpg 1600w, https:\/\/awo-fulda.de\/wp-content\/uploads\/2018\/05\/Laptop-480x270.jpg 480w, https:\/\/awo-fulda.de\/wp-content\/uploads\/2018\/05\/Laptop-768x432.jpg 768w, https:\/\/awo-fulda.de\/wp-content\/uploads\/2018\/05\/Laptop-640x360.jpg 640w\" sizes=\"auto, (max-width: 1600px) 100vw, 1600px\" \/><\/a><\/td>\n<\/tr>\n<\/tbody>\n<\/table>\n<p>Die Sozialberatung und Seniorenberatung gibt Ihnen Rat und Orientierung, wenn Sie in bestimmten Lebenslagen nicht mehr weiter wissen, z. B.<\/p>\n<ul>\n<li>wenn Bescheide verwirrend sind und Sie nicht wissen, wie Sie handeln sollen,<\/li>\n<li>wenn Sie Unterst\u00fctzung bei dem Ausf\u00fcllen von Antr\u00e4gen\/Formularen oder dem Schreiben von Briefen ben\u00f6tigen,<\/li>\n<li>wenn Probleme mit Vermietern und Arbeitgebern bestehen,<\/li>\n<li>wenn Sie nicht wissen, wen Sie ansprechen k\u00f6nnen, um kompetente Fachberatung zu bestimmten Themen zu bekommen.<\/li>\n<\/ul>\n<p>Die AWO bietet an verschiedenen Begegnungsorten offene Sprechstunden an, an denen Ihnen haupt- und ehrenamtliche KollegInnen zur Verf\u00fcgung stehen:<\/p>\n<table style=\"border-collapse: collapse; width: 100%; height: 110px;\">\n<tbody>\n<tr style=\"height: 22px;\">\n<td style=\"width: 34.3482%; height: 22px;\"><strong>AWO Familientreff<\/strong><\/td>\n<td style=\"width: 39.2008%; height: 22px;\">36043 Fulda, Weserstra\u00dfe 9<\/td>\n<td style=\"width: 26.3559%; height: 22px;\">nach Vereinbarung<\/td>\n<\/tr>\n<tr style=\"height: 22px;\">\n<td style=\"width: 34.3482%; height: 22px;\"><strong>AWO Stadtteiltreff Ziehers-Nord<\/strong><\/td>\n<td style=\"width: 39.2008%; height: 22px;\">36037 Fulda, Goerdelerstra\u00dfe 38<\/td>\n<td style=\"width: 26.3559%; height: 22px;\">nach Vereinbarung<\/td>\n<\/tr>\n<tr style=\"height: 44px;\">\n<td style=\"width: 34.3482%; height: 44px;\"><strong>AWO Stadtteiltreff S\u00fcdend<\/strong><\/td>\n<td style=\"width: 39.2008%; height: 44px;\">36043 Fulda, Frankfurter Stra\u00dfe 28<\/td>\n<td style=\"width: 26.3559%; height: 44px;\">Donnerstags, 09-10 Uhr<br \/>\nFreitags, 13-14 Uhr<\/td>\n<\/tr>\n<tr style=\"height: 22px;\">\n<td style=\"width: 34.3482%; height: 22px;\"><strong>Mehrgenerationenhaus B\u00fcrgerzentrum Aschenberg<\/strong><\/td>\n<td style=\"width: 39.2008%; height: 22px;\">36039 Fulda, Aschenbergplatz 16-18<\/td>\n<td style=\"width: 26.3559%; height: 22px;\">nach Vereinbarung<\/td>\n<\/tr>\n<\/tbody>\n<\/table>\n","protected":false},"excerpt":{"rendered":"<p>Die Sozialberatung und Seniorenberatung gibt Ihnen Rat und Orientierung, wenn Sie in bestimmten Lebenslagen nicht mehr weiter wissen, z. B. wenn Bescheide verwirrend sind und Sie nicht wissen, wie Sie&hellip;<\/p>\n","protected":false},"author":6,"featured_media":0,"parent":0,"menu_order":0,"comment_status":"closed","ping_status":"closed","template":"","meta":{"_editorskit_title_hidden":false,"_editorskit_reading_time":0,"_editorskit_is_block_options_detached":false,"_editorskit_block_options_position":"{}","footnotes":""},"class_list":["post-17175","page","type-page","status-publish","hentry","description-off"],"translation":{"provider":"WPGlobus","version":"3.0.2","language":"tr","enabled_languages":["de","en","fr","ru","ar","tr","fa"],"languages":{"de":{"title":true,"content":true,"excerpt":false},"en":{"title":false,"content":false,"excerpt":false},"fr":{"title":false,"content":false,"excerpt":false},"ru":{"title":false,"content":false,"excerpt":false},"ar":{"title":false,"content":false,"excerpt":false},"tr":{"title":false,"content":false,"excerpt":false},"fa":{"title":false,"content":false,"excerpt":false}}},"_links":{"self":[{"href":"https:\/\/awo-fulda.de\/tr\/wp-json\/wp\/v2\/pages\/17175","targetHints":{"allow":["GET"]}}],"collection":[{"href":"https:\/\/awo-fulda.de\/tr\/wp-json\/wp\/v2\/pages"}],"about":[{"href":"https:\/\/awo-fulda.de\/tr\/wp-json\/wp\/v2\/types\/page"}],"author":[{"embeddable":true,"href":"https:\/\/awo-fulda.de\/tr\/wp-json\/wp\/v2\/users\/6"}],"replies":[{"embeddable":true,"href":"https:\/\/awo-fulda.de\/tr\/wp-json\/wp\/v2\/comments?post=17175"}],"version-history":[{"count":13,"href":"https:\/\/awo-fulda.de\/tr\/wp-json\/wp\/v2\/pages\/17175\/revisions"}],"predecessor-version":[{"id":144809,"href":"https:\/\/awo-fulda.de\/tr\/wp-json\/wp\/v2\/pages\/17175\/revisions\/144809"}],"wp:attachment":[{"href":"https:\/\/awo-fulda.de\/tr\/wp-json\/wp\/v2\/media?parent=17175"}],"curies":[{"name":"wp","href":"https:\/\/api.w.org\/{rel}","templated":true}]}}