{"id":16394,"date":"2018-06-16T00:10:32","date_gmt":"2018-06-15T22:10:32","guid":{"rendered":"https:\/\/awo-fulda.de\/?page_id=16394"},"modified":"2025-12-30T14:17:05","modified_gmt":"2025-12-30T13:17:05","slug":"migrationsberatung","status":"publish","type":"page","link":"https:\/\/awo-fulda.de\/tr\/migrationsberatung\/","title":{"rendered":"Mobil g\u00f6\u00e7menlik hizmetleri"},"content":{"rendered":"<div class=\"field field-name-body field-type-text-with-summary field-label-hidden\">\n<div class=\"field-items\">\n<div class=\"field-item even\">\n<table style=\"width: 100%; border-collapse: collapse;\">\n<tbody>\n<tr>\n<td style=\"width: 33.3333%;\"><a class=\"dt-pswp-item\" href=\"https:\/\/awo-fulda.de\/wp-content\/uploads\/2017\/11\/03.jpg\" data-dt-img-description=\"\" data-large_image_width=\"1920\" data-large_image_height=\"1080\"><img loading=\"lazy\" decoding=\"async\" class=\"alignnone wp-image-204\" src=\"https:\/\/awo-fulda.de\/wp-content\/uploads\/2017\/11\/03-300x169.jpg\" alt=\"\" width=\"1600\" height=\"900\" \/><\/a><\/td>\n<td style=\"width: 33.3333%;\"><a class=\"dt-pswp-item\" href=\"https:\/\/awo-fulda.de\/wp-content\/uploads\/2018\/05\/Mig-2.jpg\" data-dt-img-description=\"\" data-large_image_width=\"1600\" data-large_image_height=\"900\"><img loading=\"lazy\" decoding=\"async\" class=\"alignnone size-medium wp-image-15246\" src=\"https:\/\/awo-fulda.de\/wp-content\/uploads\/2018\/05\/Mig-2-480x270.jpg\" alt=\"\" width=\"480\" height=\"270\" srcset=\"https:\/\/awo-fulda.de\/wp-content\/uploads\/2018\/05\/Mig-2-480x270.jpg 480w, https:\/\/awo-fulda.de\/wp-content\/uploads\/2018\/05\/Mig-2-768x432.jpg 768w, https:\/\/awo-fulda.de\/wp-content\/uploads\/2018\/05\/Mig-2-640x360.jpg 640w, https:\/\/awo-fulda.de\/wp-content\/uploads\/2018\/05\/Mig-2.jpg 1600w\" sizes=\"auto, (max-width: 480px) 100vw, 480px\" \/><\/a><\/td>\n<td style=\"width: 33.3333%;\"><a class=\"dt-pswp-item\" href=\"https:\/\/awo-fulda.de\/wp-content\/uploads\/2018\/05\/Tann1.jpg\" data-dt-img-description=\"\" data-large_image_width=\"1600\" data-large_image_height=\"900\"><img loading=\"lazy\" decoding=\"async\" class=\"alignnone size-medium wp-image-15269\" src=\"https:\/\/awo-fulda.de\/wp-content\/uploads\/2018\/05\/Tann1-480x270.jpg\" alt=\"\" width=\"480\" height=\"270\" srcset=\"https:\/\/awo-fulda.de\/wp-content\/uploads\/2018\/05\/Tann1-480x270.jpg 480w, https:\/\/awo-fulda.de\/wp-content\/uploads\/2018\/05\/Tann1-768x432.jpg 768w, https:\/\/awo-fulda.de\/wp-content\/uploads\/2018\/05\/Tann1-640x360.jpg 640w, https:\/\/awo-fulda.de\/wp-content\/uploads\/2018\/05\/Tann1.jpg 1600w\" sizes=\"auto, (max-width: 480px) 100vw, 480px\" \/><\/a><\/td>\n<\/tr>\n<\/tbody>\n<\/table>\n<p style=\"text-align: left;\">AWO Kreisverband Fulda, t\u00fcm yeti\u015fkin g\u00f6\u00e7menlere a\u015fa\u011f\u0131daki alanlarda \u00fccretsiz dan\u0131\u015fmanl\u0131k ve destek sunmaktad\u0131r:<\/p>\n<ul style=\"text-align: left;\">\n<li style=\"text-align: left;\">Almanya&#8217;da ya\u015fam hakk\u0131nda bilgi<\/li>\n<li style=\"text-align: left;\">Form doldurma<\/li>\n<li style=\"text-align: left;\">Yaz\u0131\u015fmalarda destek<\/li>\n<li style=\"text-align: left;\">Telefon randevular\u0131<\/li>\n<li style=\"text-align: left;\">G\u00f6\u00e7men yetkilileri, i\u015f merkezleri, i\u015f bulma acentalar\u0131, &#8230;<\/li>\n<li style=\"text-align: left;\">E\u011fitim, anaokulu, okul, kre\u015f, vb. \u0130le ilgili sorular<\/li>\n<li style=\"text-align: left;\">G\u00f6\u00e7 Yasas\u0131, aile birle\u015fimi, temel g\u00fcvenlik, i\u015fsizlik yard\u0131mlar\u0131 I ve II, bar\u0131nma \u00f6dene\u011fi, ebeveyn \u00f6dene\u011fi, \u00e7ocuk yard\u0131m\u0131<\/li>\n<li style=\"text-align: left;\">Ev bulma<\/li>\n<li style=\"text-align: left;\">Sa\u011fl\u0131k<\/li>\n<\/ul>\n<p style=\"text-align: left;\">Dan\u0131\u015fma, \u015fehir merkezi ve Fulda b\u00f6lgesindeki bir\u00e7ok yerde ger\u00e7ekle\u015fir (a\u015fa\u011f\u0131daki mevcut dan\u0131\u015fma g\u00f6r\u00fc\u015flerine genel bak\u0131\u015f b\u00f6l\u00fcm\u00fcne bak\u0131n\u0131z).<\/p>\n<div class=\"field field-name-body field-type-text-with-summary field-label-hidden\">\n<div class=\"field-items\">\n<div class=\"field-item even\">\n<p><a href=\"https:\/\/awo-fulda.de\/wp-content\/uploads\/2019\/03\/MBE-Sprechzeiten-ab-18.02.2019.pdf\">MBE Sprechzeiten ab 18.02.2019<\/a><\/p>\n<\/div>\n<\/div>\n<\/div>\n<div class=\"field field-name-field-anhaenge field-type-file field-label-hidden\">\n<div class=\"field-items\">\n<div><a href=\"https:\/\/awo-fulda.de\/wp-content\/uploads\/2018\/07\/Mobile-Migrationsberatung.pdf\">Mobile Migrationsberatung<\/a><\/div>\n<\/div>\n<\/div>\n<\/div>\n<\/div>\n<\/div>\n","protected":false},"excerpt":{"rendered":"<p>AWO Kreisverband Fulda, t\u00fcm yeti\u015fkin g\u00f6\u00e7menlere a\u015fa\u011f\u0131daki alanlarda \u00fccretsiz dan\u0131\u015fmanl\u0131k ve destek sunmaktad\u0131r: Almanya&#8217;da ya\u015fam hakk\u0131nda bilgi Form doldurma Yaz\u0131\u015fmalarda destek Telefon randevular\u0131 G\u00f6\u00e7men yetkilileri, i\u015f merkezleri, i\u015f bulma acentalar\u0131,&hellip;<\/p>\n","protected":false},"author":6,"featured_media":0,"parent":0,"menu_order":0,"comment_status":"closed","ping_status":"closed","template":"","meta":{"_editorskit_title_hidden":false,"_editorskit_reading_time":0,"_editorskit_is_block_options_detached":false,"_editorskit_block_options_position":"{}","footnotes":""},"class_list":["post-16394","page","type-page","status-publish","hentry","description-off"],"translation":{"provider":"WPGlobus","version":"3.0.2","language":"tr","enabled_languages":["de","en","fr","ru","ar","tr","fa"],"languages":{"de":{"title":true,"content":true,"excerpt":false},"en":{"title":true,"content":true,"excerpt":false},"fr":{"title":true,"content":true,"excerpt":false},"ru":{"title":true,"content":true,"excerpt":false},"ar":{"title":true,"content":true,"excerpt":false},"tr":{"title":true,"content":true,"excerpt":false},"fa":{"title":true,"content":true,"excerpt":false}}},"_links":{"self":[{"href":"https:\/\/awo-fulda.de\/tr\/wp-json\/wp\/v2\/pages\/16394","targetHints":{"allow":["GET"]}}],"collection":[{"href":"https:\/\/awo-fulda.de\/tr\/wp-json\/wp\/v2\/pages"}],"about":[{"href":"https:\/\/awo-fulda.de\/tr\/wp-json\/wp\/v2\/types\/page"}],"author":[{"embeddable":true,"href":"https:\/\/awo-fulda.de\/tr\/wp-json\/wp\/v2\/users\/6"}],"replies":[{"embeddable":true,"href":"https:\/\/awo-fulda.de\/tr\/wp-json\/wp\/v2\/comments?post=16394"}],"version-history":[{"count":94,"href":"https:\/\/awo-fulda.de\/tr\/wp-json\/wp\/v2\/pages\/16394\/revisions"}],"predecessor-version":[{"id":144261,"href":"https:\/\/awo-fulda.de\/tr\/wp-json\/wp\/v2\/pages\/16394\/revisions\/144261"}],"wp:attachment":[{"href":"https:\/\/awo-fulda.de\/tr\/wp-json\/wp\/v2\/media?parent=16394"}],"curies":[{"name":"wp","href":"https:\/\/api.w.org\/{rel}","templated":true}]}}