{"id":130716,"date":"2024-02-22T13:09:00","date_gmt":"2024-02-22T12:09:00","guid":{"rendered":"https:\/\/awo-fulda.de\/?page_id=130716"},"modified":"2025-07-17T09:23:48","modified_gmt":"2025-07-17T07:23:48","slug":"frida-frauenintegrationsprojekt-fuer-drittstaatangehoerige","status":"publish","type":"page","link":"https:\/\/awo-fulda.de\/tr\/beratung-begleitung\/frida-frauenintegrationsprojekt-fuer-drittstaatangehoerige\/","title":{"rendered":"FriDa &#8211; Frauenintegrationsprojekt f\u00fcr Drittstaatangeh\u00f6rige"},"content":{"rendered":"<div class=\"wpb-content-wrapper\">[vc_row][vc_column][vc_column_text css=&#8221;&#8221;]\r\n\r\n<p>&nbsp;<\/p>\r\n\r\n<table style=\"width: 100%; border-collapse: collapse; border-color: #ffffff; background-color: #ffffff; border-style: none;\">\r\n<tbody>\r\n<tr>\r\n<td style=\"width: 33.3333%;\"><img loading=\"lazy\" decoding=\"async\" class=\"aligncenter\" src=\"https:\/\/awo-fulda.de\/wp-content\/uploads\/2024\/02\/kochen.png\" alt=\"\" width=\"320\" height=\"213\" \/><\/td>\r\n<td style=\"width: 33.3333%;\"><img loading=\"lazy\" decoding=\"async\" class=\"aligncenter\" src=\"https:\/\/awo-fulda.de\/wp-content\/uploads\/2024\/02\/basteln.jpg\" alt=\"\" width=\"320\" height=\"213\" \/><\/td>\r\n<td style=\"width: 33.3333%;\"><img loading=\"lazy\" decoding=\"async\" class=\"aligncenter\" src=\"https:\/\/awo-fulda.de\/wp-content\/uploads\/2024\/02\/zusammen-im-BueZe.png\" alt=\"\" width=\"320\" height=\"213\" \/><\/td>\r\n<\/tr>\r\n<\/tbody>\r\n<\/table>\r\n<p>Entdecke deinen Wohnort auf eine neue Art! Verbessere deine Sprachkenntnisse und lerne dabei die Kultur besser kennen. Das Erlernen der deutschen Sprache erm\u00f6glicht es dir nicht nur, die Abl\u00e4ufe besser zu verstehen, sondern auch, deine Familie zu st\u00e4rken. Sei bereit f\u00fcr ein unvergessliches Abenteuer voller M\u00f6glichkeiten!<\/p>\r\n<p>Das Projekt richtet sich an Frauen aus Drittstaaten und der Ukraine, welche in der Stadt Fulda leben, Leistungen nach dem SGB II, SGB III, SGB VIII, SGB XII und AsylbLG beziehen und eine Perspektive in Deutschland entwickeln m\u00f6chten.<\/p>\r\n<p>Die Durchf\u00fchrung erfolgt an 4 Vormittagen pro Woche von 09:00 bis 12:00 Uhr. Eine Kinderbetreuung wird parallel angeboten. Jede Teilnehmerin wird individuell durch Einzelcoaching unterst\u00fctzt.<\/p>\r\n<p>Das bekommst du bei uns:<\/p>\r\n<ul>\r\n<li>Sprachf\u00f6rderung<\/li>\r\n<li>Alltagsbew\u00e4ltigung in Deutschland (z.B. Nutzung des \u00d6PNV, wo bekomme ich Dinge des allt\u00e4glichen Lebens, Orientierung im Stadtteil.)<\/li>\r\n<li>Vermittlung interkulturelle Kompetenz im nachbarschaftlichen Zusammenleben<\/li>\r\n<li>Unterst\u00fctzung in Erziehungs- und Bildungsfragen,<\/li>\r\n<li>Fragen zu Kita und Schule<\/li>\r\n<li>Finanzen\/ Schuldenpr\u00e4vention<\/li>\r\n<li>Gemeinsames Kochen zur F\u00f6rderung der Deutschkenntnisse in Verbindung mit Informationen \u00fcber gesunde Ern\u00e4hrungs- und Hygieneinformationen<\/li>\r\n<li>Umweltthemen wie M\u00fcllvermeidung\/ -trennung, Energie sparen etc.<\/li>\r\n<li>Gesundheitsvorsorge<\/li>\r\n<li>Vermitteln von Kenntnissen \u00fcber Strukturen (Bildungssystem, Schulsystem, Versicherungssystem, Gesundheitssystem)<\/li>\r\n<\/ul>\r\n<p>&nbsp;<\/p>\r\n<p style=\"text-align: center;\">Wir unterst\u00fctzen dich, wenn du dein Leben selbstbestimmt gestalten m\u00f6chtest!<\/p>\r\n<p style=\"text-align: left;\"><div class=\"_3d-flip-book  fb3d-thumbnail-lightbox-mode\" data-id=\"0\" data-mode=\"thumbnail-lightbox\" data-title=\"false\" data-template=\"short-white-book-view\" data-lightbox=\"dark-shadow\" data-urlparam=\"fb3d-page\" data-page-n=\"0\" data-pdf=\"https:\/\/awo-fulda.de\/wp-content\/uploads\/2025\/03\/Flyer-FriDa.pdf\" data-tax=\"null\" data-thumbnail=\"\" data-cols=\"3\" data-book-template=\"default\" data-trigger=\"\"><\/div>\r\n<p><a href=\"https:\/\/awo-fulda.de\/wp-content\/uploads\/2025\/05\/Flyer-FriDa-1.pdf\" target=\"_blank\" rel=\"noopener\">Flyer FriDa &#8211; Frauenintegrationsprojekt f\u00fcr Drittstaatangeh\u00f6rige zum Download<\/a><\/p>\r\n<p>(<strong>\u00f6ffnet in neuem Fenster<\/strong>)<\/p>\r\n<p>&nbsp;<\/p>\r\n<p><strong>Unser Projekt in den Medien:<\/strong><\/p>\r\n<p><a href=\"https:\/\/www.fuldaerzeitung.de\/fulda\/frida-integration-projekt-fuer-frauen-awo-fulda-deutsch-kurse-arbeitsmarkt-93517478.html\" target=\"_blank\" rel=\"noopener\">Fuldaer Zeitung &#8211; Mehr Nachfrage als Pl\u00e4tze: AWO-Projekt \u201eFri:Da\u201c f\u00fcr Frauen will Integration f\u00f6rdern (16.01.2025)<\/a><\/p>\r\n<p><a href=\"https:\/\/www.osthessen-zeitung.de\/einzelansicht\/news\/2024\/november\/der-erfolg-haelt-an-das-integrationsprojekt-frida-erfuellt-erwartungen.html\" target=\"_blank\" rel=\"noopener\">Osthessen Zeitung &#8211; Der Erfolg h\u00e4lt an \u2013 Das Integrationsprojekt Fri:Da erf\u00fcllt Erwartungen (21.11.2024)<\/a><\/p>\r\n<p><a href=\"https:\/\/www.fuldaerzeitung.de\/fulda\/fulda-integrationsprojekt-frida-der-awo-gestartet-92920080.html\" target=\"_blank\" rel=\"noopener\">Fuldaer Zeitung &#8211; Integrationsprojekt \u201eFri:Da\u201c gestartet: AWO will Frauen aus Ukraine unterst\u00fctzen (29.03.2024)<\/a><\/p>\r\n<p>&nbsp;<\/p>\r\n\r\n[\/vc_column_text][\/vc_column][\/vc_row]<\/div>","protected":false},"excerpt":{"rendered":"<p>[vc_row][vc_column][vc_column_text css=&#8221;&#8221;] &nbsp; Entdecke deinen Wohnort auf eine neue Art! Verbessere deine Sprachkenntnisse und lerne dabei die Kultur besser kennen. Das Erlernen der deutschen Sprache erm\u00f6glicht es dir nicht nur,&hellip;<\/p>\n","protected":false},"author":55,"featured_media":0,"parent":24,"menu_order":0,"comment_status":"closed","ping_status":"closed","template":"","meta":{"_editorskit_title_hidden":false,"_editorskit_reading_time":0,"_editorskit_is_block_options_detached":false,"_editorskit_block_options_position":"{}","footnotes":""},"class_list":["post-130716","page","type-page","status-publish","hentry","description-off"],"translation":{"provider":"WPGlobus","version":"3.0.2","language":"tr","enabled_languages":["de","en","fr","ru","ar","tr","fa"],"languages":{"de":{"title":true,"content":true,"excerpt":false},"en":{"title":false,"content":false,"excerpt":false},"fr":{"title":false,"content":false,"excerpt":false},"ru":{"title":false,"content":false,"excerpt":false},"ar":{"title":false,"content":false,"excerpt":false},"tr":{"title":false,"content":false,"excerpt":false},"fa":{"title":false,"content":false,"excerpt":false}}},"_links":{"self":[{"href":"https:\/\/awo-fulda.de\/tr\/wp-json\/wp\/v2\/pages\/130716","targetHints":{"allow":["GET"]}}],"collection":[{"href":"https:\/\/awo-fulda.de\/tr\/wp-json\/wp\/v2\/pages"}],"about":[{"href":"https:\/\/awo-fulda.de\/tr\/wp-json\/wp\/v2\/types\/page"}],"author":[{"embeddable":true,"href":"https:\/\/awo-fulda.de\/tr\/wp-json\/wp\/v2\/users\/55"}],"replies":[{"embeddable":true,"href":"https:\/\/awo-fulda.de\/tr\/wp-json\/wp\/v2\/comments?post=130716"}],"version-history":[{"count":29,"href":"https:\/\/awo-fulda.de\/tr\/wp-json\/wp\/v2\/pages\/130716\/revisions"}],"predecessor-version":[{"id":140707,"href":"https:\/\/awo-fulda.de\/tr\/wp-json\/wp\/v2\/pages\/130716\/revisions\/140707"}],"up":[{"embeddable":true,"href":"https:\/\/awo-fulda.de\/tr\/wp-json\/wp\/v2\/pages\/24"}],"wp:attachment":[{"href":"https:\/\/awo-fulda.de\/tr\/wp-json\/wp\/v2\/media?parent=130716"}],"curies":[{"name":"wp","href":"https:\/\/api.w.org\/{rel}","templated":true}]}}