{"id":116126,"date":"2022-10-02T18:08:42","date_gmt":"2022-10-02T16:08:42","guid":{"rendered":"https:\/\/awo-fulda.de\/?page_id=116126"},"modified":"2022-10-02T18:22:03","modified_gmt":"2022-10-02T16:22:03","slug":"grusswort-des-kreisverbands","status":"publish","type":"page","link":"https:\/\/awo-fulda.de\/tr\/grusswort-des-kreisverbands\/","title":{"rendered":"Gru\u00dfwort des Kreisverbands"},"content":{"rendered":"<p><a class=\"dt-pswp-item\" href=\"https:\/\/awo-fulda.de\/wp-content\/uploads\/2022\/01\/Lindner-1-e1643739168502.jpg\" data-dt-img-description=\"OLYMPUS DIGITAL CAMERA\" data-large_image_width=\"475\" data-large_image_height=\"302\"><img loading=\"lazy\" decoding=\"async\" class=\"size-full wp-image-103216 alignleft\" src=\"https:\/\/awo-fulda.de\/wp-content\/uploads\/2022\/01\/Lindner-1-e1643739168502.jpg\" alt=\"\" width=\"475\" height=\"302\" \/><\/a><\/p>\n<p>&nbsp;<\/p>\n<p>&nbsp;<\/p>\n<p>&nbsp;<\/p>\n<p>&nbsp;<\/p>\n<p>&nbsp;<\/p>\n<p>&nbsp;<\/p>\n<p>&nbsp;<\/p>\n<p>&nbsp;<\/p>\n<p>&nbsp;<\/p>\n<p>&nbsp;<\/p>\n<p><strong>1919<\/strong> war das Gr\u00fcndungsjahr der Weimarer Republik. Es war aber auch das Elend zur\u00fcckkehrender Soldaten des Ersten Weltkrieges. Geschunden an K\u00f6rper und Geist fanden sie kaum oder keine Arbeit. Statt eines Anspruchs auf Arbeitslosengeld gab es F\u00fcrsorge, die zu wenig war zum Leben, nicht einmal zu viel zum Sterben. Feuchte Zimmer in kaum beheizbaren Mietskasernen waren das Zuhause ganzer Familien. Dies war die Stunde beherzter Frauen wie Marie Jucharcz und Luise Schr\u00f6der, die die \u201eArbeiterwohlfahrt als Selbsthilfe der Arbeiterschaft\u201c gr\u00fcndeten, wie Reichspr\u00e4sident Friedrich Ebert schrieb. Unter der Naziherrschaft verboten, lebte sie nach dem Zweiten Weltkrieg wieder auf. So auch in Fulda, als Erna Hosemann 1946 den AWO Kreisverband aus der Taufe hob.<\/p>\n<p><strong>2019<\/strong> sieht der AWO Kreisverband Fulda e.V. seine Aufgabe in Beratung und Betreuung von Menschen, die auch heute Hilfe brauchen. Jugendliche, die ohne Anleitung durch das gesellschaftliche Raster fallen w\u00fcrden, werden in geordneten Bahnen auf ein eigenverantwortliches Leben vorbereitet. Die Schuldnerberatung hilft vielen aus der Schuldenfalle. Gefl\u00fcchtete bekommen ein erstes sicheres Zuhause, der Auszugsservice hilft anerkannten Asylbewerbern bei der Wohnungssuche mit all den Formalit\u00e4ten.<\/p>\n<p>Unsere Kita im M\u00fcnsterfeld bereitet die Kleinsten auf das Leben vor. In unseren vielen Begegnungszentren wie z. B. dem B\u00fcrgerzentrum Aschenberg haben Menschen (vor allem Frauen) aus verschiedenen Kulturen die M\u00f6glichkeit sich zu engagieren, weiterzubilden und Gemeinschaft zu erleben. Unser Kaufhaus mit Herz (ebenfalls am Aschenberg) bietet Hausrat und M\u00f6bel auch f\u00fcr den sehr schmalen Geldbeutel. Ebenso organisieren wir die Nachmittagsbetreuung in einigen Schulen des Fuldaer Landes. Dies kann nur eine kleine Auswahl unserer Angebote sein, bei Interesse finden Sie mehr dazu auf unserer Homepage.<\/p>\n<p>Da sich unsere Gesellschaft mit ihren Herausforderungen st\u00e4ndig \u00e4ndert, werden wir auch unserer Angebote st\u00e4ndig anpassen. F\u00fcr die hohe Qualit\u00e4t stehen unsere ehrenamtlichen und hauptamtlichen Mitarbeiterinnen und Mitarbeiter. Wir alle freuen uns auf die vielf\u00e4ltigen Jubil\u00e4umsaktivit\u00e4ten des AWO-Kreisverbandes Fulda und laden Sie herzlich zu unseren Veranstaltungen ein.<\/p>\n<p>F\u00fcr den Vorstand<\/p>\n<p>Bernhard Lindner<br \/>\nVorsitzender<\/p>\n<p>&nbsp;<\/p>\n","protected":false},"excerpt":{"rendered":"<p>&nbsp; &nbsp; &nbsp; &nbsp; &nbsp; &nbsp; &nbsp; &nbsp; &nbsp; &nbsp; 1919 war das Gr\u00fcndungsjahr der Weimarer Republik. Es war aber auch das Elend zur\u00fcckkehrender Soldaten des Ersten Weltkrieges. Geschunden an&hellip;<\/p>\n","protected":false},"author":6,"featured_media":0,"parent":0,"menu_order":0,"comment_status":"closed","ping_status":"closed","template":"","meta":{"_editorskit_title_hidden":false,"_editorskit_reading_time":0,"_editorskit_is_block_options_detached":false,"_editorskit_block_options_position":"{}","footnotes":""},"class_list":["post-116126","page","type-page","status-publish","hentry","description-off"],"translation":{"provider":"WPGlobus","version":"3.0.2","language":"tr","enabled_languages":["de","en","fr","ru","ar","tr","fa"],"languages":{"de":{"title":true,"content":true,"excerpt":false},"en":{"title":true,"content":true,"excerpt":false},"fr":{"title":false,"content":false,"excerpt":false},"ru":{"title":false,"content":false,"excerpt":false},"ar":{"title":false,"content":false,"excerpt":false},"tr":{"title":false,"content":false,"excerpt":false},"fa":{"title":false,"content":false,"excerpt":false}}},"_links":{"self":[{"href":"https:\/\/awo-fulda.de\/tr\/wp-json\/wp\/v2\/pages\/116126","targetHints":{"allow":["GET"]}}],"collection":[{"href":"https:\/\/awo-fulda.de\/tr\/wp-json\/wp\/v2\/pages"}],"about":[{"href":"https:\/\/awo-fulda.de\/tr\/wp-json\/wp\/v2\/types\/page"}],"author":[{"embeddable":true,"href":"https:\/\/awo-fulda.de\/tr\/wp-json\/wp\/v2\/users\/6"}],"replies":[{"embeddable":true,"href":"https:\/\/awo-fulda.de\/tr\/wp-json\/wp\/v2\/comments?post=116126"}],"version-history":[{"count":6,"href":"https:\/\/awo-fulda.de\/tr\/wp-json\/wp\/v2\/pages\/116126\/revisions"}],"predecessor-version":[{"id":116139,"href":"https:\/\/awo-fulda.de\/tr\/wp-json\/wp\/v2\/pages\/116126\/revisions\/116139"}],"wp:attachment":[{"href":"https:\/\/awo-fulda.de\/tr\/wp-json\/wp\/v2\/media?parent=116126"}],"curies":[{"name":"wp","href":"https:\/\/api.w.org\/{rel}","templated":true}]}}