{"id":114494,"date":"2022-09-03T17:54:07","date_gmt":"2022-09-03T15:54:07","guid":{"rendered":"https:\/\/awo-fulda.de\/?page_id=114494"},"modified":"2024-09-26T16:15:43","modified_gmt":"2024-09-26T14:15:43","slug":"kino35","status":"publish","type":"page","link":"https:\/\/awo-fulda.de\/tr\/wir-ueber-uns\/nahestehende-vereine-gruppen\/kino35\/","title":{"rendered":"Kultur- und Kino-Initiative &#8220;Kino35&#8221;"},"content":{"rendered":"<div class=\"field field-name-body field-type-text-with-summary field-label-hidden\">\n<div class=\"field-items\">\n<div class=\"field-item even\">\n<table style=\"border-collapse: collapse; width: 100%;\">\n<tbody>\n<tr>\n<td style=\"width: 33.3333%;\"><a class=\"dt-pswp-item\" href=\"https:\/\/awo-fulda.de\/wp-content\/uploads\/2022\/09\/Kino-Werbetisch-scaled.jpg\" data-dt-img-description=\"\" data-large_image_width=\"2560\" data-large_image_height=\"1707\"><img loading=\"lazy\" decoding=\"async\" class=\"alignleft size-full wp-image-114450\" src=\"https:\/\/awo-fulda.de\/wp-content\/uploads\/2022\/09\/Kino-Werbetisch-scaled.jpg\" alt=\"\" width=\"2560\" height=\"1707\" srcset=\"https:\/\/awo-fulda.de\/wp-content\/uploads\/2022\/09\/Kino-Werbetisch-scaled.jpg 2560w, https:\/\/awo-fulda.de\/wp-content\/uploads\/2022\/09\/Kino-Werbetisch-480x320.jpg 480w, https:\/\/awo-fulda.de\/wp-content\/uploads\/2022\/09\/Kino-Werbetisch-640x427.jpg 640w, https:\/\/awo-fulda.de\/wp-content\/uploads\/2022\/09\/Kino-Werbetisch-768x512.jpg 768w, https:\/\/awo-fulda.de\/wp-content\/uploads\/2022\/09\/Kino-Werbetisch-1536x1024.jpg 1536w, https:\/\/awo-fulda.de\/wp-content\/uploads\/2022\/09\/Kino-Werbetisch-2048x1365.jpg 2048w\" sizes=\"auto, (max-width: 2560px) 100vw, 2560px\" \/><\/a><\/td>\n<td style=\"width: 33.3333%;\"><a class=\"dt-pswp-item\" href=\"https:\/\/awo-fulda.de\/wp-content\/uploads\/2022\/09\/Kino-Projektoren-scaled.jpg\" data-dt-img-description=\"\" data-large_image_width=\"2560\" data-large_image_height=\"1707\"><img loading=\"lazy\" decoding=\"async\" class=\"alignleft size-full wp-image-114449\" src=\"https:\/\/awo-fulda.de\/wp-content\/uploads\/2022\/09\/Kino-Projektoren-scaled.jpg\" alt=\"\" width=\"2560\" height=\"1707\" srcset=\"https:\/\/awo-fulda.de\/wp-content\/uploads\/2022\/09\/Kino-Projektoren-scaled.jpg 2560w, https:\/\/awo-fulda.de\/wp-content\/uploads\/2022\/09\/Kino-Projektoren-480x320.jpg 480w, https:\/\/awo-fulda.de\/wp-content\/uploads\/2022\/09\/Kino-Projektoren-640x427.jpg 640w, https:\/\/awo-fulda.de\/wp-content\/uploads\/2022\/09\/Kino-Projektoren-768x512.jpg 768w, https:\/\/awo-fulda.de\/wp-content\/uploads\/2022\/09\/Kino-Projektoren-1536x1024.jpg 1536w, https:\/\/awo-fulda.de\/wp-content\/uploads\/2022\/09\/Kino-Projektoren-2048x1365.jpg 2048w\" sizes=\"auto, (max-width: 2560px) 100vw, 2560px\" \/><\/a><\/td>\n<td style=\"width: 33.3333%;\"><a class=\"dt-pswp-item\" href=\"https:\/\/awo-fulda.de\/wp-content\/uploads\/2022\/09\/Kino-Saal-scaled.jpg\" data-dt-img-description=\"\" data-large_image_width=\"2560\" data-large_image_height=\"1707\"><img loading=\"lazy\" decoding=\"async\" class=\"alignleft size-full wp-image-114451\" src=\"https:\/\/awo-fulda.de\/wp-content\/uploads\/2022\/09\/Kino-Saal-scaled.jpg\" alt=\"\" width=\"2560\" height=\"1707\" srcset=\"https:\/\/awo-fulda.de\/wp-content\/uploads\/2022\/09\/Kino-Saal-scaled.jpg 2560w, https:\/\/awo-fulda.de\/wp-content\/uploads\/2022\/09\/Kino-Saal-480x320.jpg 480w, https:\/\/awo-fulda.de\/wp-content\/uploads\/2022\/09\/Kino-Saal-640x427.jpg 640w, https:\/\/awo-fulda.de\/wp-content\/uploads\/2022\/09\/Kino-Saal-768x512.jpg 768w, https:\/\/awo-fulda.de\/wp-content\/uploads\/2022\/09\/Kino-Saal-1536x1024.jpg 1536w, https:\/\/awo-fulda.de\/wp-content\/uploads\/2022\/09\/Kino-Saal-2048x1365.jpg 2048w\" sizes=\"auto, (max-width: 2560px) 100vw, 2560px\" \/><\/a><\/td>\n<\/tr>\n<\/tbody>\n<\/table>\n<p><b>Die Kultur- und Kino-Initiative Fulda e.V. betreibt als gemeinn\u00fctziger Verein seit 2011 das \u201eKino 35\u201c.<\/b><\/p>\n<p>Das Kino wurde erst in der Langebr\u00fcckenstra\u00dfe 14 betrieben und ist seit 2018 in der Ohmstra\u00dfe 18 in der Fuldaer Innenstadt zu finden.<\/p>\n<p>Inzwischen z\u00e4hlt es als soziokulturelles und kommunal gef\u00f6rdertes Kino zu einer etablierten Kultureinrichtung in Fulda.<\/p>\n<p>Neben den Kinovorstellungen gibt es in Zusammenarbeit mit zahlreichen kulturellen und gesellschaftspolitisch aktiven Gruppen und Insti-tutionen regelm\u00e4\u00dfige Film- und Diskussions-veranstaltungen. Dar\u00fcber hinaus wird das Kino von freien Theatergruppen, f\u00fcr Lesungen und Musikveranstaltungen genutzt.<\/p>\n<p>Die Organisation und Umsetzung der inhaltlichen Arbeit wird aktuell von 25 ehrenamtlichen Vereinsmitgliedern geleistet<\/p>\n<\/div>\n<\/div>\n<\/div>\n<p>Der wegen Corona veranstaltungslose Sommer 2021 wurde genutzt, um die R\u00e4umlichkeiten neu zu gestalten. Die Presse hat berichtet: <a href=\"https:\/\/www.osthessen-zeitung.de\/einzelansicht\/news\/2020\/september\/kino35-eroeffnet-wieder-renovierungsarbeiten-abgeschlossen.html\">Kino 35 nach Renovierung wieder er\u00f6ffnet<\/a><\/p>\n<table style=\"border-collapse: collapse; width: 100%;\">\n<tbody>\n<tr>\n<td style=\"width: 33.3333%;\" rowspan=\"2\"><a class=\"dt-pswp-item\" href=\"https:\/\/awo-fulda.de\/wp-content\/uploads\/2020\/10\/kino2.jpg\" data-dt-img-description=\"\" data-large_image_width=\"694\" data-large_image_height=\"960\"><img loading=\"lazy\" decoding=\"async\" class=\"alignnone size-full wp-image-24674\" src=\"https:\/\/awo-fulda.de\/wp-content\/uploads\/2020\/10\/kino2.jpg\" alt=\"\" width=\"694\" height=\"960\" srcset=\"https:\/\/awo-fulda.de\/wp-content\/uploads\/2020\/10\/kino2.jpg 694w, https:\/\/awo-fulda.de\/wp-content\/uploads\/2020\/10\/kino2-347x480.jpg 347w, https:\/\/awo-fulda.de\/wp-content\/uploads\/2020\/10\/kino2-463x640.jpg 463w\" sizes=\"auto, (max-width: 694px) 100vw, 694px\" \/><\/a><\/td>\n<td style=\"width: 33.3333%;\"><a class=\"dt-pswp-item\" href=\"https:\/\/awo-fulda.de\/wp-content\/uploads\/2020\/10\/kino1.jpg\" data-dt-img-description=\"\" data-large_image_width=\"960\" data-large_image_height=\"619\"><img loading=\"lazy\" decoding=\"async\" class=\"alignnone size-full wp-image-24675\" src=\"https:\/\/awo-fulda.de\/wp-content\/uploads\/2020\/10\/kino1.jpg\" alt=\"\" width=\"960\" height=\"619\" srcset=\"https:\/\/awo-fulda.de\/wp-content\/uploads\/2020\/10\/kino1.jpg 960w, https:\/\/awo-fulda.de\/wp-content\/uploads\/2020\/10\/kino1-480x310.jpg 480w, https:\/\/awo-fulda.de\/wp-content\/uploads\/2020\/10\/kino1-640x413.jpg 640w, https:\/\/awo-fulda.de\/wp-content\/uploads\/2020\/10\/kino1-768x495.jpg 768w\" sizes=\"auto, (max-width: 960px) 100vw, 960px\" \/><\/a><\/td>\n<\/tr>\n<tr>\n<td style=\"width: 33.3333%;\"><a class=\"dt-pswp-item\" href=\"https:\/\/awo-fulda.de\/wp-content\/uploads\/2020\/10\/kino3.jpg\" data-dt-img-description=\"\" data-large_image_width=\"960\" data-large_image_height=\"664\"><img loading=\"lazy\" decoding=\"async\" class=\"alignnone size-full wp-image-24673\" src=\"https:\/\/awo-fulda.de\/wp-content\/uploads\/2020\/10\/kino3.jpg\" alt=\"\" width=\"960\" height=\"664\" srcset=\"https:\/\/awo-fulda.de\/wp-content\/uploads\/2020\/10\/kino3.jpg 960w, https:\/\/awo-fulda.de\/wp-content\/uploads\/2020\/10\/kino3-480x332.jpg 480w, https:\/\/awo-fulda.de\/wp-content\/uploads\/2020\/10\/kino3-640x443.jpg 640w, https:\/\/awo-fulda.de\/wp-content\/uploads\/2020\/10\/kino3-768x531.jpg 768w\" sizes=\"auto, (max-width: 960px) 100vw, 960px\" \/><\/a><\/td>\n<\/tr>\n<\/tbody>\n<\/table>\n","protected":false},"excerpt":{"rendered":"<p>Die Kultur- und Kino-Initiative Fulda e.V. betreibt als gemeinn\u00fctziger Verein seit 2011 das \u201eKino 35\u201c. Das Kino wurde erst in der Langebr\u00fcckenstra\u00dfe 14 betrieben und ist seit 2018 in der&hellip;<\/p>\n","protected":false},"author":6,"featured_media":0,"parent":16072,"menu_order":0,"comment_status":"closed","ping_status":"closed","template":"","meta":{"_editorskit_title_hidden":false,"_editorskit_reading_time":1,"_editorskit_is_block_options_detached":false,"_editorskit_block_options_position":"{}","footnotes":""},"class_list":["post-114494","page","type-page","status-publish","hentry","description-off"],"translation":{"provider":"WPGlobus","version":"3.0.2","language":"tr","enabled_languages":["de","en","fr","ru","ar","tr","fa"],"languages":{"de":{"title":true,"content":true,"excerpt":false},"en":{"title":false,"content":false,"excerpt":false},"fr":{"title":false,"content":false,"excerpt":false},"ru":{"title":false,"content":false,"excerpt":false},"ar":{"title":false,"content":false,"excerpt":false},"tr":{"title":false,"content":false,"excerpt":false},"fa":{"title":false,"content":false,"excerpt":false}}},"_links":{"self":[{"href":"https:\/\/awo-fulda.de\/tr\/wp-json\/wp\/v2\/pages\/114494","targetHints":{"allow":["GET"]}}],"collection":[{"href":"https:\/\/awo-fulda.de\/tr\/wp-json\/wp\/v2\/pages"}],"about":[{"href":"https:\/\/awo-fulda.de\/tr\/wp-json\/wp\/v2\/types\/page"}],"author":[{"embeddable":true,"href":"https:\/\/awo-fulda.de\/tr\/wp-json\/wp\/v2\/users\/6"}],"replies":[{"embeddable":true,"href":"https:\/\/awo-fulda.de\/tr\/wp-json\/wp\/v2\/comments?post=114494"}],"version-history":[{"count":3,"href":"https:\/\/awo-fulda.de\/tr\/wp-json\/wp\/v2\/pages\/114494\/revisions"}],"predecessor-version":[{"id":135865,"href":"https:\/\/awo-fulda.de\/tr\/wp-json\/wp\/v2\/pages\/114494\/revisions\/135865"}],"up":[{"embeddable":true,"href":"https:\/\/awo-fulda.de\/tr\/wp-json\/wp\/v2\/pages\/16072"}],"wp:attachment":[{"href":"https:\/\/awo-fulda.de\/tr\/wp-json\/wp\/v2\/media?parent=114494"}],"curies":[{"name":"wp","href":"https:\/\/api.w.org\/{rel}","templated":true}]}}