{"id":106400,"date":"2022-03-30T19:30:19","date_gmt":"2022-03-30T17:30:19","guid":{"rendered":"https:\/\/awo-fulda.de\/?page_id=106400"},"modified":"2025-04-11T13:43:08","modified_gmt":"2025-04-11T11:43:08","slug":"selbstauskunft-nach-den-transparenz-und-compliance-standards-der-bagfw","status":"publish","type":"page","link":"https:\/\/awo-fulda.de\/tr\/selbstauskunft-nach-den-transparenz-und-compliance-standards-der-bagfw\/","title":{"rendered":"Selbstauskunft nach den Transparenz- und Compliance Standards der BAGFW"},"content":{"rendered":"<div class=\"wpb-content-wrapper\">[vc_row][vc_column][vc_column_text]\r\n<h2><span style=\"font-family: arial, helvetica, sans-serif; font-size: 20px;\"><strong>Ihr Vertrauen ist uns wichtig, deshalb schaffen wir Transparenz!<\/strong><\/span><\/h2>\r\n<p><span style=\"font-family: arial, helvetica, sans-serif; font-size: 14px;\">Seit \u00fcber 70 Jahren setzen sich der AWO Kreisverband Fulda e.V. f\u00fcr das Gemeinwohl der Gesellschaft ein. Das Vertrauen der \u00d6ffentlichkeit ist uns dabei sehr wichtig, deshalb m\u00f6chten wir Sie \u00fcber unseren Verein, die Mittherkunft und -verwendung und \u00fcber die Entscheidungstr\u00e4ger informieren und so Transparenz schaffen.<\/span><\/p>\r\n<p><span style=\"font-family: arial, helvetica, sans-serif; font-size: 14px;\">Der AWO Kreisverband Fulda ist zur Einhaltung der Transparenz- und Compliancestandards der BAGFW verpflichtet und orientiert sich daf\u00fcr an den Vorgaben der <a href=\"https:\/\/www.transparency.de\/ueber-uns\/transparenz\">Initiative Transparente Zivilgesellschaft<\/a>.<\/span><\/p>\r\n<p><span style=\"font-family: arial, helvetica, sans-serif; font-size: 14px;\">Zudem hat die Landesregierung eine Transparenzdatenbank bereitgestellt, um die F\u00f6rderung der sozialen Arbeit in Hessen f\u00fcr die \u00d6ffentlichkeit transparenter zu gestalten. Der AWO Kreisverband Fulda e.V. hat sich freiwillig und in Eigenverantwortung f\u00fcr die Eintragung in die Transparenzdatenbank des Landes Hessen entschieden. Die Eintragung finden Sie <a href=\"https:\/\/transparenzdatenbank.hessen.de\/apps\/tradb-app\/de\/traegerdetails\/49f4ab4a-2cff-465e-9460-a4359183f881\/traegerStammdaten;traegerId=49f4ab4a-2cff-465e-9460-a4359183f881\"><strong>hier.<\/strong><\/a><\/span><\/p>\r\n<p><span style=\"font-family: arial, helvetica, sans-serif; font-size: 14px;\">Bei Fragen wenden Sie sich bitte an:<\/span><\/p>\r\n<pre><span style=\"font-size: 14px;\"><span style=\"font-family: arial, helvetica, sans-serif;\">AWO Kreisverband Fulda e.V.<\/span>\r\n<span style=\"font-family: arial, helvetica, sans-serif;\">Frankfurter Stra\u00dfe 28<\/span>\r\n<span style=\"font-family: arial, helvetica, sans-serif;\">36043 Fulda<\/span>\r\n<span style=\"font-family: arial, helvetica, sans-serif;\">Tel: 06 61 \/ 48 00 45 \u2013 0<\/span>\r\n<span style=\"font-family: arial, helvetica, sans-serif;\">Fax: 06 61 \/ 48 00 45 \u2013 21<\/span>\r\n<span style=\"font-family: arial, helvetica, sans-serif;\">E-Mail: <a href=\"mailto:info@awo-fulda.de\">info@awo-fulda.de<\/a><\/span><\/span><\/pre>\r\n<p><span style=\"font-family: arial, helvetica, sans-serif; font-size: 14px;\">Die Angaben im Text entsprechen dem Stand vom 14.11.2023.<\/span><\/p>\r\n<h2><span style=\"font-family: arial, helvetica, sans-serif; font-size: 20px;\"><strong><em>Arbeiterwohlfahrt Kreisverband Fulda e.V.<\/em><\/strong><\/span><\/h2>\r\n<h3><span style=\"font-family: arial, helvetica, sans-serif; font-size: 16px;\"><strong>1. Name, Sitz, Anschrift und Gr\u00fcndungsjahr unseres Vereins<\/strong><\/span><\/h3>\r\n<pre><span style=\"font-size: 14px;\"><span style=\"font-family: arial, helvetica, sans-serif;\">AWO Kreisverband Fulda e.V.<\/span>\r\n<span style=\"font-family: arial, helvetica, sans-serif;\">Sitz: Fulda<\/span>\r\n<span style=\"font-family: arial, helvetica, sans-serif;\">Anschrift: Frankfurter Stra\u00dfe 28, 36043 Fulda<\/span>\r\n<span style=\"font-family: arial, helvetica, sans-serif;\">Gr\u00fcndungsjahr: 1946<\/span>\r\n<span style=\"font-family: arial, helvetica, sans-serif;\">Eingetragen in das Vereinsregister am Amtsgericht Fulda: VR 913<\/span><\/span><\/pre>\r\n<h3><span style=\"font-family: arial, helvetica, sans-serif; font-size: 16px;\"><strong>2. Satzung sowie weitere wesentliche Dokumente, die Auskunft dar\u00fcber geben, welche konkreten Ziele wir verfolgen und wie diese erreicht werden<\/strong><\/span><\/h3>\r\n<p><span style=\"font-family: arial, helvetica, sans-serif; font-size: 14px;\">Zweck des Vereins ist die F\u00f6rderung<\/span><\/p>\r\n<ul>\r\n<li><span style=\"font-family: arial, helvetica, sans-serif; font-size: 14px;\">des Wohlfahrtswesens, insbesondere der Zwecke der amtlich anerkannten Verb\u00e4nde der freien Wohlfahrtspflege (\u00a7 23 der Umsatzsteuer-Durchf\u00fchrungsverordnung), ihrer Unterverb\u00e4nde und ihrer angeschlossenen Einrichtungen und Anstalten sowie die Unterst\u00fctzung hilfsbed\u00fcrftiger Personen.<\/span><\/li>\r\n<li><span style=\"font-family: arial, helvetica, sans-serif; font-size: 14px;\">der Jugend- und der Altenhilfe<\/span><\/li>\r\n<li><span style=\"font-family: arial, helvetica, sans-serif; font-size: 14px;\">der Hilfe f\u00fcr politisch, rassisch oder religi\u00f6s Verfolgte, f\u00fcr Fl\u00fcchtlinge, Vertriebene, Aussiedler, Sp\u00e4taussiedler, Kriegsopfer, Kriegshinterbliebene, Kriegsbesch\u00e4digte und Kriegsgefangene, Zivilbesch\u00e4digte und Behinderte sowie Hilfe f\u00fcr Opfer von Straftaten; F\u00f6rderung des Andenkens an Verfolgte, Kriegs- und Katastrophenopfer; F\u00f6rderung des Suchdienstes f\u00fcr Vermisste;<\/span><\/li>\r\n<li><span style=\"font-family: arial, helvetica, sans-serif; font-size: 14px;\">des b\u00fcrgerschaftlichen Engagements zugunsten gemeinn\u00fctziger, mildt\u00e4tiger und kirchlicher Zwecke.<\/span><\/li>\r\n<\/ul>\r\n<p><span style=\"font-family: arial, helvetica, sans-serif; font-size: 14px;\">Weitere Informationen zu unserem Verein finden Sie unter:<\/span><\/p>\r\n<ul>\r\n<li><span style=\"font-family: arial, helvetica, sans-serif; font-size: 14px;\"><a href=\"https:\/\/awo-fulda.de\/wp-content\/uploads\/2022\/03\/AWO-Kreisverband-Fulda-Satzung-vom-29.04.2014.pdf\">Satzung<\/a><\/span><\/li>\r\n<li><span style=\"font-family: arial, helvetica, sans-serif; font-size: 14px;\"><a href=\"https:\/\/awo-fulda.de\/wp-content\/uploads\/2023\/07\/AWO-Verbandsstatut_2021.pdf\">Verbandsstatut der Arbeiterwohlfahrt<\/a><\/span><\/li>\r\n<li><span style=\"font-family: arial, helvetica, sans-serif; font-size: 14px;\"><a href=\"https:\/\/awo-fulda.de\/wp-content\/uploads\/2023\/07\/Governance-Kodex.pdf\">Governance Kodex<\/a><\/span><\/li>\r\n<li><span style=\"font-family: arial, helvetica, sans-serif; font-size: 14px;\"><a href=\"https:\/\/awo-fulda.de\/wp-content\/uploads\/2023\/07\/Interkulturelles-Leitbild.pdf\">Leitbild zur interkulturellen \u00d6ffnung der AWO Fulda<\/a><\/span><\/li>\r\n<li><span style=\"font-family: arial, helvetica, sans-serif; font-size: 14px;\"><a href=\"https:\/\/awo-fulda.de\/wp-content\/uploads\/2023\/07\/Grundsatzprogramm-der-AWO.pdf\">Grundsatzprogramm der Arbeiterwohlfahrt<\/a><\/span><\/li>\r\n<\/ul>\r\n<h3><span style=\"font-family: arial, helvetica, sans-serif; font-size: 14px;\"><strong><span style=\"font-size: 16px;\">3. Angaben zur Steuerbeg\u00fcnstigung<\/span> <\/strong><\/span><\/h3>\r\n<p><span style=\"font-family: arial, helvetica, sans-serif; font-size: 14px;\">Der AWO Kreisverband Fulda e.V. ist nach dem letzten zugegangen Freistellungsbescheid des Finanzamtes Fulda vom 24.01.2023 von der K\u00f6rperschaftssteuer befreit, da der Verein ausschlie\u00dflich und unmittelbar gemeinn\u00fctzige und mildt\u00e4tige Zwecke im Sinne des Abschnitts \u201eSteuerbeg\u00fcnstige Zwecke\u201c der Abgabenordnung verfolgt.<\/span><\/p>\r\n<ul>\r\n<li><span style=\"font-family: arial, helvetica, sans-serif; font-size: 14px;\"><a href=\"https:\/\/awo-fulda.de\/wp-content\/uploads\/2025\/04\/Freistellung-127774-KSt-Bescheid-Anlage-2023.pdf\">Freistellungsbescheid<\/a><\/span><\/li>\r\n<\/ul>\r\n<h3><span style=\"font-family: arial, helvetica, sans-serif; font-size: 16px;\"><strong>4. Name und Funktion der wesentlichen Entscheidungstr\u00e4ger<\/strong><\/span><\/h3>\r\n<p><span style=\"font-family: arial, helvetica, sans-serif; font-size: 14px;\">Der Verein wird von dem \/der Vorsitzenden vertreten oder durch je zwei Stellvertreter gemeinsam.<\/span><\/p>\r\n<p><span style=\"font-family: arial, helvetica, sans-serif; font-size: 14px;\">Vorsitzender: Lindner, Bernhard, Fulda<\/span><\/p>\r\n<ul>\r\n<li><span style=\"font-family: arial, helvetica, sans-serif; font-size: 14px;\">Stellvertretender Vorsitzender: Mazur, Dr. Szymon, Fulda<\/span><\/li>\r\n<li><span style=\"font-family: arial, helvetica, sans-serif; font-size: 14px;\">Stellvertretende Vorsitzende: Wanjugu-D\u00f6ppner, Colette, Fulda<\/span><\/li>\r\n<\/ul>\r\n<p><span style=\"font-family: arial, helvetica, sans-serif; font-size: 14px;\">Gesch\u00e4ftsf\u00fchrung: Besonderer Vertreter zur Wahrnehmung der wirtschaftlichen, verwaltungsm\u00e4\u00dfigen und personellen Angelegenheiten im Sinne des \u00a7 30 BGB: Latsch, Wolfram, Ebersburg<\/span><\/p>\r\n<h3><span style=\"font-family: arial, helvetica, sans-serif; font-size: 16px;\"><strong>5. Bericht \u00fcber die T\u00e4tigkeit unseres Vereins<\/strong><\/span><\/h3>\r\n<p><span style=\"font-family: arial, helvetica, sans-serif; font-size: 14px;\">Ein Bericht \u00fcber unsere T\u00e4tigkeiten und betriebswirtschaftlichen Kennzahlen sind dem Aktivit\u00e4tenbericht zu entnehmen.<\/span><\/p>\r\n<ul>\r\n<li><span style=\"font-family: arial, helvetica, sans-serif; font-size: 14px;\"><a href=\"https:\/\/awo-fulda.de\/wp-content\/uploads\/2025\/04\/Aktivitaetenbericht-2024.pdf\">Aktivit\u00e4tenbericht 2024<\/a><\/span><\/li>\r\n<\/ul>\r\n<h3><span style=\"font-family: arial, helvetica, sans-serif; font-size: 16px;\"><strong>6. Personalstruktur: Anzahl der hauptberuflichen Mitarbeitenden, Honorarkr\u00e4fte, geringf\u00fcgig Besch\u00e4ftigte, Freiwilligendienstleistende; Angaben zu ehrenamtlichen Mitarbeitenden<\/strong><\/span><\/h3>\r\n<p><span style=\"font-family: arial, helvetica, sans-serif; font-size: 14px;\">zum 31.12.2022<\/span><\/p>\r\n<table style=\"width: 72.315%; height: 110px;\">\r\n<tbody>\r\n<tr style=\"height: 22px;\">\r\n<td style=\"height: 22px;\" width=\"226\"><span style=\"font-family: arial, helvetica, sans-serif;\"><strong>Hauptberuflich Besch\u00e4ftigte:<\/strong><\/span><\/td>\r\n<td style=\"height: 22px;\" width=\"76\"><span style=\"font-family: arial, helvetica, sans-serif;\"><strong>K\u00f6pfe<\/strong><\/span><\/td>\r\n<td style=\"height: 22px;\" width=\"76\"><span style=\"font-family: arial, helvetica, sans-serif;\"><strong>MAK<\/strong><\/span><\/td>\r\n<\/tr>\r\n<tr style=\"height: 22px;\">\r\n<td style=\"height: 22px;\" width=\"226\"><span style=\"font-family: arial, helvetica, sans-serif;\">Gesamt<\/span><\/td>\r\n<td style=\"height: 22px;\" width=\"76\"><span style=\"font-family: arial, helvetica, sans-serif;\">148<\/span><\/td>\r\n<td style=\"height: 22px;\" width=\"76\"><span style=\"font-family: arial, helvetica, sans-serif;\">87,7<\/span><\/td>\r\n<\/tr>\r\n<tr style=\"height: 22px;\">\r\n<td style=\"height: 22px;\" width=\"226\"><span style=\"font-family: arial, helvetica, sans-serif;\"><em>Davon SV-Pflichtig<\/em><\/span><\/td>\r\n<td style=\"height: 22px;\" width=\"76\"><span style=\"font-family: arial, helvetica, sans-serif;\"><em>123<\/em><\/span><\/td>\r\n<td style=\"height: 22px;\" width=\"76\"><span style=\"font-family: arial, helvetica, sans-serif;\"><em>82,6<\/em><\/span><\/td>\r\n<\/tr>\r\n<tr style=\"height: 22px;\">\r\n<td style=\"height: 22px;\" width=\"226\"><span style=\"font-family: arial, helvetica, sans-serif;\"><em>Davon GFB<\/em><\/span><\/td>\r\n<td style=\"height: 22px;\" width=\"76\"><span style=\"font-family: arial, helvetica, sans-serif;\"><em>24<\/em><\/span><\/td>\r\n<td style=\"height: 22px;\" width=\"76\"><span style=\"font-family: arial, helvetica, sans-serif;\"><em>4,5<\/em><\/span><\/td>\r\n<\/tr>\r\n<tr style=\"height: 22px;\">\r\n<td style=\"height: 22px;\" width=\"226\"><span style=\"font-family: arial, helvetica, sans-serif;\"><em>Davon Bundesfreiwillige<\/em><\/span><\/td>\r\n<td style=\"height: 22px;\" width=\"76\"><span style=\"font-family: arial, helvetica, sans-serif;\"><em>1<\/em><\/span><\/td>\r\n<td style=\"height: 22px;\" width=\"76\"><span style=\"font-family: arial, helvetica, sans-serif;\"><em>0,6<\/em><\/span><\/td>\r\n<\/tr>\r\n<\/tbody>\r\n<\/table>\r\n<table>\r\n<tbody>\r\n<tr>\r\n<td width=\"226\"><span style=\"font-family: arial, helvetica, sans-serif;\"><strong>Sonstige Besch\u00e4ftigte:<\/strong><\/span><\/td>\r\n<td width=\"151\"><span style=\"font-family: arial, helvetica, sans-serif;\"><strong>K\u00f6pfe<\/strong><\/span><\/td>\r\n<\/tr>\r\n<tr>\r\n<td width=\"226\"><span style=\"font-family: arial, helvetica, sans-serif;\">Honorarkr\u00e4fte<\/span><\/td>\r\n<td width=\"151\"><span style=\"font-family: arial, helvetica, sans-serif;\">8<\/span><\/td>\r\n<\/tr>\r\n<tr>\r\n<td width=\"226\"><span style=\"font-family: arial, helvetica, sans-serif;\">\u00dcbungsleiter<\/span><\/td>\r\n<td width=\"151\"><span style=\"font-family: arial, helvetica, sans-serif;\">193<\/span><\/td>\r\n<\/tr>\r\n<tr>\r\n<td width=\"226\"><span style=\"font-family: arial, helvetica, sans-serif;\">Ehrenamtliche<\/span><\/td>\r\n<td width=\"151\"><span style=\"font-family: arial, helvetica, sans-serif;\">305<\/span><\/td>\r\n<\/tr>\r\n<\/tbody>\r\n<\/table>\r\n<h3><span style=\"font-family: arial, helvetica, sans-serif; font-size: 14px;\"><strong><span style=\"font-size: 16px;\">7. Angaben zur Mittelherkunft und Mittelverwendung<\/span> <\/strong><\/span><\/h3>\r\n<p><span style=\"font-family: arial, helvetica, sans-serif; font-size: 14px;\">Angaben zur Mittelherkunft und Mittelverwendung finden Sie im <a href=\"https:\/\/awo-fulda.de\/wp-content\/uploads\/2025\/04\/BA-4803-Pruefungsbericht-Jahresabschlusspruefung-2023-AWO-Fulda-Entwurf-18.9.2024.pdf\">Jahresabschluss 2023<\/a> (S. 18 ff.) des AWO Kreisverband Fulda e.V.<\/span><\/p>\r\n<h3><span style=\"font-family: arial, helvetica, sans-serif; font-size: 16px;\"><strong>8. Gesellschaftsrechtliche Verbundenheit mit Dritten<\/strong><\/span><\/h3>\r\n<p><span style=\"font-family: arial, helvetica, sans-serif; font-size: 14px;\">Die Arbeiterwohlfahrt in Deutschland ist f\u00f6deral aufgebaut. Zentralverband ist der Arbeiterwohlfahrt Bundesverband e. V. Diesem geh\u00f6ren deutschlandweit 30 Landes- und Bezirksverb\u00e4nde an. Der AWO Kreisverband Fulda ist Mitglied der AWO Bezirksverband Hessen-Nord e.V. mit Sitz in Kassel.<\/span><\/p>\r\n<h3><span style=\"font-family: arial, helvetica, sans-serif; font-size: 16px;\"><strong>9. Namen von juristischen Personen, deren Zuwendung mehr als zehn Prozent der j\u00e4hrlichen Gesamteinnahmen ausmachen<\/strong><\/span><\/h3>\r\n<p><span style=\"font-family: arial, helvetica, sans-serif; font-size: 14px;\">Stadt Fulda, Schlossstra\u00dfe 1, 36037 Fulda<\/span><\/p>\r\n<p><span style=\"font-family: arial, helvetica, sans-serif; font-size: 14px;\">Landkreis Fulda, W\u00f6rthstra\u00dfe 15, 36037 Fulda<\/span><\/p>\r\n<p>\u00a0<\/p>\r\n[\/vc_column_text][\/vc_column][\/vc_row]<\/div>","protected":false},"excerpt":{"rendered":"<p>[vc_row][vc_column][vc_column_text] Ihr Vertrauen ist uns wichtig, deshalb schaffen wir Transparenz! Seit \u00fcber 70 Jahren setzen sich der AWO Kreisverband Fulda e.V. f\u00fcr das Gemeinwohl der Gesellschaft ein. Das Vertrauen der&hellip;<\/p>\n","protected":false},"author":10,"featured_media":0,"parent":0,"menu_order":0,"comment_status":"closed","ping_status":"closed","template":"","meta":{"_editorskit_title_hidden":false,"_editorskit_reading_time":1,"_editorskit_is_block_options_detached":false,"_editorskit_block_options_position":"{}","footnotes":""},"class_list":["post-106400","page","type-page","status-publish","hentry","description-off"],"translation":{"provider":"WPGlobus","version":"3.0.2","language":"tr","enabled_languages":["de","en","fr","ru","ar","tr","fa"],"languages":{"de":{"title":true,"content":true,"excerpt":false},"en":{"title":false,"content":false,"excerpt":false},"fr":{"title":false,"content":false,"excerpt":false},"ru":{"title":false,"content":false,"excerpt":false},"ar":{"title":false,"content":false,"excerpt":false},"tr":{"title":false,"content":false,"excerpt":false},"fa":{"title":false,"content":false,"excerpt":false}}},"_links":{"self":[{"href":"https:\/\/awo-fulda.de\/tr\/wp-json\/wp\/v2\/pages\/106400","targetHints":{"allow":["GET"]}}],"collection":[{"href":"https:\/\/awo-fulda.de\/tr\/wp-json\/wp\/v2\/pages"}],"about":[{"href":"https:\/\/awo-fulda.de\/tr\/wp-json\/wp\/v2\/types\/page"}],"author":[{"embeddable":true,"href":"https:\/\/awo-fulda.de\/tr\/wp-json\/wp\/v2\/users\/10"}],"replies":[{"embeddable":true,"href":"https:\/\/awo-fulda.de\/tr\/wp-json\/wp\/v2\/comments?post=106400"}],"version-history":[{"count":17,"href":"https:\/\/awo-fulda.de\/tr\/wp-json\/wp\/v2\/pages\/106400\/revisions"}],"predecessor-version":[{"id":139664,"href":"https:\/\/awo-fulda.de\/tr\/wp-json\/wp\/v2\/pages\/106400\/revisions\/139664"}],"wp:attachment":[{"href":"https:\/\/awo-fulda.de\/tr\/wp-json\/wp\/v2\/media?parent=106400"}],"curies":[{"name":"wp","href":"https:\/\/api.w.org\/{rel}","templated":true}]}}