{"id":103901,"date":"2022-02-07T17:29:19","date_gmt":"2022-02-07T16:29:19","guid":{"rendered":"https:\/\/awo-fulda.de\/?page_id=103901"},"modified":"2022-10-02T16:53:33","modified_gmt":"2022-10-02T14:53:33","slug":"gewinnspiel-geocaching","status":"publish","type":"page","link":"https:\/\/awo-fulda.de\/tr\/gewinnspiel-geocaching\/","title":{"rendered":"Geocaching-Tour durch Fulda auf den Spuren der AWO"},"content":{"rendered":"\r\n<h3><a class=\"dt-pswp-item\" href=\"https:\/\/awo-fulda.de\/wp-content\/uploads\/2021\/03\/Cachingtour-Raetsel.png\" data-dt-img-description=\"\" data-large_image_width=\"2288\" data-large_image_height=\"2097\"><img loading=\"lazy\" decoding=\"async\" class=\"alignnone size-full wp-image-27774\" src=\"https:\/\/awo-fulda.de\/wp-content\/uploads\/2021\/03\/Cachingtour-Raetsel.png\" alt=\"\" width=\"2288\" height=\"2097\" srcset=\"https:\/\/awo-fulda.de\/wp-content\/uploads\/2021\/03\/Cachingtour-Raetsel.png 2288w, https:\/\/awo-fulda.de\/wp-content\/uploads\/2021\/03\/Cachingtour-Raetsel-480x440.png 480w, https:\/\/awo-fulda.de\/wp-content\/uploads\/2021\/03\/Cachingtour-Raetsel-640x587.png 640w, https:\/\/awo-fulda.de\/wp-content\/uploads\/2021\/03\/Cachingtour-Raetsel-768x704.png 768w, https:\/\/awo-fulda.de\/wp-content\/uploads\/2021\/03\/Cachingtour-Raetsel-1536x1408.png 1536w, https:\/\/awo-fulda.de\/wp-content\/uploads\/2021\/03\/Cachingtour-Raetsel-2048x1877.png 2048w\" sizes=\"auto, (max-width: 2288px) 100vw, 2288px\" \/><\/a><\/h3>\r\n<h3>Erfahren Sie mehr \u00fcber die T\u00e4tigkeitsfelder der AWO im Laufe der Zeit bei einem Rundgang durch die Innenstadt Fuldas.<\/h3>\r\n<p>Zu unserem 75j\u00e4hrigen Jubil\u00e4um haben wir eine Geocaching-Tour mit Gewinnspiel ausgearbeitet. Das Jubil\u00e4umsjahr und auch die Gl\u00fcckstrommel sind nun leider vorbei &#8211; aber eine Cachingtour gibt es immer noch!<\/p>\r\n<p>Die Tour \u201e75 Jahre AWO in Fulda\u201c ist bequem als Spaziergang zu machen und damit auch f\u00fcr Familien geeignet. F\u00fcr die Tour braucht man zu Fu\u00df ca. 90 Minuten, mit dem Fahrrad 60 Minuten. Notfalls kann man die Stationen auch mit dem Auto anfahren, das ist aber nur halb so sch\u00f6n. Es bietet sich an, die Stationen der Reihe nach aufzusuchen und nach dem jeweiligen Bildausschnitt Ausschau zu halten. Zum Errechnen der finalen Koordinaten f\u00fcr das Versteck muss man die Werte der Bilder in die L\u00f6sungstabelle eintragen.<\/p>\r\n<h4>Wenn Sie ein Freund des Geocachings sind, dann sollten Sie keinesfalls auf die Seite &#8220;Rundgang durch Fulda&#8221; weiterbl\u00e4ttern, denn dort haben wir jetzt die <span style=\"text-decoration: underline;\">richtigen Adressen<\/span> eingetragen.<\/span><\/h4>\r\n<p>Wer mit den Koordinaten unterwegs sein will, nutzt die App von <a href=\"http:\/\/www.geocaching.com\" target=\"_blank\" rel=\"noopener\">www.geocaching.com<\/a> oder gibt die Zahlen in Google Maps wie nachstehend beschrieben auf seinem Handy ein.<\/p>\r\n<p>Damit alle diese Tour machen k\u00f6nnen &#8211; auch Leute, die sich nicht mit der App befassen wollen &#8211; wurden die Angaben extra \u00fcberarbeitet, so dass man mit den Koordinaten von Google Maps ebenfalls das Ziel erreicht, und zwar in dieser Schreibweise: <strong>50<\/strong>.54754, <strong>9<\/strong>.67902 (Beispiel erste Station &#8211; siehe Tabelle oben). In der Dose ist wie immer das Logbuch, Sie k\u00f6nnen uns aber auch gerne einen Gru\u00df an die dort genannte Adresse senden.<\/p>\r\n<h3><span style=\"color: #b80000;\"><strong>Das R\u00c4TSELBLATT <\/strong><strong>l\u00e4sst sich hier ausdrucken:<\/strong> <\/span><a href=\"https:\/\/awo-fulda.de\/wp-content\/uploads\/2021\/03\/Cachingtour-Raetsel.pdf\">Cachingtour R\u00e4tsel<\/a><\/h3>\r\n<h3><span style=\"color: #b80000;\"><strong>Eine BESCHREIBUNG DER STATIONEN gibt es als PDF &#8211; sogar in mehreren Sprachen<\/strong><strong>:<\/strong><\/span><\/h3>\r\n<p><a href=\"https:\/\/awo-fulda.de\/wp-content\/uploads\/2021\/03\/Stationen-zum-Mitnehmen.pdf\">Deutsch<\/a><\/p>\r\n<p><a href=\"https:\/\/awo-fulda.de\/wp-content\/uploads\/2021\/03\/Stationen-zum-Mitnehmen-englisch.pdf\" target=\"_blank\" rel=\"noopener\">Englisch<\/a><\/p>\r\n<p><a href=\"https:\/\/awo-fulda.de\/wp-content\/uploads\/2021\/03\/Stationen-zum-Mitnehmen-franzoesisch.pdf\" target=\"_blank\" rel=\"noopener\">Franz\u00f6sisch<\/a><\/p>\r\n<p><a href=\"https:\/\/awo-fulda.de\/wp-content\/uploads\/2021\/03\/Stationen-zum-Mitnehmen-russisch.pdf\">Russisch<\/a><\/p>\r\n<p><a href=\"https:\/\/awo-fulda.de\/wp-content\/uploads\/2021\/03\/Stationen-zum-Mitnehmen-tuerkisch.pdf\" target=\"_blank\" rel=\"noopener\">T\u00fcrkisch<\/a><\/p>\r\n<p><a href=\"https:\/\/awo-fulda.de\/wp-content\/uploads\/2021\/03\/Stationen-zum-Mitnehmen-arabisch.pdf\" target=\"_blank\" rel=\"noopener\">Arabisch<\/a><\/p>\r\n","protected":false},"excerpt":{"rendered":"<p>Erfahren Sie mehr \u00fcber die T\u00e4tigkeitsfelder der AWO im Laufe der Zeit bei einem Rundgang durch die Innenstadt Fuldas. Zu unserem 75j\u00e4hrigen Jubil\u00e4um haben wir eine Geocaching-Tour mit Gewinnspiel ausgearbeitet.&hellip;<\/p>\n","protected":false},"author":6,"featured_media":0,"parent":0,"menu_order":0,"comment_status":"closed","ping_status":"closed","template":"","meta":{"_editorskit_title_hidden":false,"_editorskit_reading_time":1,"_editorskit_is_block_options_detached":false,"_editorskit_block_options_position":"{}","footnotes":""},"class_list":["post-103901","page","type-page","status-publish","hentry","description-off"],"translation":{"provider":"WPGlobus","version":"3.0.2","language":"tr","enabled_languages":["de","en","fr","ru","ar","tr","fa"],"languages":{"de":{"title":true,"content":true,"excerpt":false},"en":{"title":true,"content":true,"excerpt":false},"fr":{"title":true,"content":true,"excerpt":false},"ru":{"title":false,"content":false,"excerpt":false},"ar":{"title":false,"content":false,"excerpt":false},"tr":{"title":false,"content":false,"excerpt":false},"fa":{"title":false,"content":false,"excerpt":false}}},"_links":{"self":[{"href":"https:\/\/awo-fulda.de\/tr\/wp-json\/wp\/v2\/pages\/103901","targetHints":{"allow":["GET"]}}],"collection":[{"href":"https:\/\/awo-fulda.de\/tr\/wp-json\/wp\/v2\/pages"}],"about":[{"href":"https:\/\/awo-fulda.de\/tr\/wp-json\/wp\/v2\/types\/page"}],"author":[{"embeddable":true,"href":"https:\/\/awo-fulda.de\/tr\/wp-json\/wp\/v2\/users\/6"}],"replies":[{"embeddable":true,"href":"https:\/\/awo-fulda.de\/tr\/wp-json\/wp\/v2\/comments?post=103901"}],"version-history":[{"count":9,"href":"https:\/\/awo-fulda.de\/tr\/wp-json\/wp\/v2\/pages\/103901\/revisions"}],"predecessor-version":[{"id":116027,"href":"https:\/\/awo-fulda.de\/tr\/wp-json\/wp\/v2\/pages\/103901\/revisions\/116027"}],"wp:attachment":[{"href":"https:\/\/awo-fulda.de\/tr\/wp-json\/wp\/v2\/media?parent=103901"}],"curies":[{"name":"wp","href":"https:\/\/api.w.org\/{rel}","templated":true}]}}