{"id":94,"date":"2017-10-23T18:21:46","date_gmt":"2017-10-23T16:21:46","guid":{"rendered":"https:\/\/awo-fulda.de\/?page_id=94"},"modified":"2024-02-22T13:13:52","modified_gmt":"2024-02-22T12:13:52","slug":"mgh-aschenberg","status":"publish","type":"page","link":"https:\/\/awo-fulda.de\/ru\/begegnungsstaetten\/mgh-aschenberg\/","title":{"rendered":"Mehrgenerationenhaus im B\u00fcrgerzentrum Aschenberg"},"content":{"rendered":"<div class=\"field field-name-body field-type-text-with-summary field-label-hidden\">\n<div class=\"field-items\">\n<div class=\"field-item even\">\n<table style=\"height: 23px;\" width=\"1378\">\n<tbody>\n<tr>\n<td style=\"width: 452px;\"><img loading=\"lazy\" decoding=\"async\" class=\"alignnone wp-image-15793\" src=\"https:\/\/awo-fulda.de\/wp-content\/uploads\/2018\/05\/Mini-Club-Malen-480x270.jpg\" alt=\"\" width=\"402\" height=\"226\" srcset=\"https:\/\/awo-fulda.de\/wp-content\/uploads\/2018\/05\/Mini-Club-Malen-480x270.jpg 480w, https:\/\/awo-fulda.de\/wp-content\/uploads\/2018\/05\/Mini-Club-Malen-768x432.jpg 768w, https:\/\/awo-fulda.de\/wp-content\/uploads\/2018\/05\/Mini-Club-Malen-640x360.jpg 640w, https:\/\/awo-fulda.de\/wp-content\/uploads\/2018\/05\/Mini-Club-Malen.jpg 1600w\" sizes=\"auto, (max-width: 402px) 100vw, 402px\" \/><\/td>\n<td style=\"width: 452px;\"><a class=\"dt-pswp-item\" href=\"https:\/\/awo-fulda.de\/wp-content\/uploads\/2021\/04\/Teamfoto-mgh-Homepage.jpg\" data-dt-img-description=\"\" data-large_image_width=\"1649\" data-large_image_height=\"900\"><img loading=\"lazy\" decoding=\"async\" class=\"alignnone wp-image-28441\" src=\"https:\/\/awo-fulda.de\/wp-content\/uploads\/2021\/04\/Teamfoto-mgh-Homepage.jpg\" alt=\"\" width=\"434\" height=\"237\" srcset=\"https:\/\/awo-fulda.de\/wp-content\/uploads\/2021\/04\/Teamfoto-mgh-Homepage.jpg 1649w, https:\/\/awo-fulda.de\/wp-content\/uploads\/2021\/04\/Teamfoto-mgh-Homepage-480x262.jpg 480w, https:\/\/awo-fulda.de\/wp-content\/uploads\/2021\/04\/Teamfoto-mgh-Homepage-640x349.jpg 640w, https:\/\/awo-fulda.de\/wp-content\/uploads\/2021\/04\/Teamfoto-mgh-Homepage-768x419.jpg 768w, https:\/\/awo-fulda.de\/wp-content\/uploads\/2021\/04\/Teamfoto-mgh-Homepage-1536x838.jpg 1536w\" sizes=\"auto, (max-width: 434px) 100vw, 434px\" \/><\/a><\/td>\n<td style=\"width: 452px;\"><img loading=\"lazy\" decoding=\"async\" class=\"alignnone wp-image-15813\" src=\"https:\/\/awo-fulda.de\/wp-content\/uploads\/2018\/05\/MGH-Kaffeerunde-1-480x270.jpg\" alt=\"\" width=\"401\" height=\"226\" srcset=\"https:\/\/awo-fulda.de\/wp-content\/uploads\/2018\/05\/MGH-Kaffeerunde-1-480x270.jpg 480w, https:\/\/awo-fulda.de\/wp-content\/uploads\/2018\/05\/MGH-Kaffeerunde-1-768x432.jpg 768w, https:\/\/awo-fulda.de\/wp-content\/uploads\/2018\/05\/MGH-Kaffeerunde-1-640x360.jpg 640w, https:\/\/awo-fulda.de\/wp-content\/uploads\/2018\/05\/MGH-Kaffeerunde-1.jpg 1600w\" sizes=\"auto, (max-width: 401px) 100vw, 401px\" \/><\/td>\n<\/tr>\n<\/tbody>\n<\/table>\n<p>Das Mehrgenerationenhaus (MGH) im B\u00fcrgerzentrum Aschenberg unterst\u00fctzt Integration durch Bildungsbeteiligung und f\u00f6rdert freiwillig Engagierte. Durch die Aktivierung neuer Nachbarschaftsnetze und die St\u00e4rkung der Familien hat sich der Stadtteil sehr positiv entwickelt. Eine besondere Anerkennung dieser Arbeit war die Aufnahme des MGH ab 1.04.2018 in das Programm \u201eEtablieren von Familienzentren in Hessen\u201c, welches durch das Hessische Ministerium f\u00fcr Soziales und Integration gef\u00f6rdert wird.<\/p>\n<p>Durch die Vielfalt der Angebote f\u00fcr Kinder, Senioren und Familien ist das MGH mit ca. 30.000 Besuchern pro Jahr ein wahrer Ort der Begegnung, der BewohnerInnen anderer Stadtteile ebenfalls offen steht. Gerne wird auch das Caf\u00e9-Bistro als Treffpunkt genutzt. T\u00e4glich kommen Menschen aus dem ganzen Stadtgebiet, um an den von Ehrenamtlichen und Honorarkr\u00e4ften angebotenen Veranstaltungen teilzunehmen oder selbst aktiv mitzuarbeiten. Auszugsweise zu nennen sind:<strong><br \/>\n<\/strong><\/p>\n<\/div>\n<ul>\n<li>Sport- und Tanzangebote<\/li>\n<li>Miniclub (f\u00fcr Eltern mit Kleinkindern)<\/li>\n<li>Familiencaf\u00e9<\/li>\n<li>Seniorenclub<\/li>\n<li>L\u00e4nderabende<\/li>\n<li>Kreatives Gestalten<\/li>\n<li>Generationenhilfe<\/li>\n<li>Formularhilfe<\/li>\n<li>Hausaufgabenhilfe<\/li>\n<li>Sprachkurse verschiedener Art<\/li>\n<li>Lese-\/Literaturnachmittage<\/li>\n<li>PC-Kurse (auch f\u00fcr Senioren)<\/li>\n<\/ul>\n<div class=\"field-item even\">\n<p>Neben der Organisation von Veranstaltungen bildet die Zusammenarbeit mit den anderen im Stadtteil aktiven sozialen und kulturellen Tr\u00e4gern einen Schwerpunkt der Arbeit. Das aktuelle Aktionsprogramm hat die&nbsp;Gestaltung des demografischen Wandels und die Integration von Menschen mit Migrations- und Fluchtgeschichte im Fokus. Als Querschnittsziele werden generationen\u00fcbergreifende Arbeit, Sozialraumorientierung und Einbindung vom freiwilligem Engagement verfolgt.<\/p>\n<\/div>\n<\/div>\n<\/div>\n<div class=\"field field-name-body field-type-text-with-summary field-label-hidden\">\n<div class=\"field-items\">\n<div class=\"field-item even\">\n<p>Das Programm im einzelnen sowie weitere Informationen finden Sie auf: <a href=\"http:\/\/www.mgh-aschenberg.de\" target=\"_blank\" rel=\"noopener noreferrer\"><cite class=\"_Rm\">www.mgh-aschenberg.de<\/cite><\/a><br \/>\nsowie auf dem <a href=\"https:\/\/awo-fulda.de\/wp-content\/uploads\/2018\/06\/MGH-Flyer-1.pdf\">MGH Flyer.<\/a><\/p>\n<p>\u00dcber die Lebenswelt am Aschenberg hat das Hessische Fernsehen eine Sendung ausgestrahlt: <a href=\"https:\/\/www.hessenschau.de\/tv-sendung\/brennpunkt-aschenberg,video-164816.html\">Brennpunkt Aschenberg?<\/a><\/p>\n<\/div>\n<\/div>\n<\/div>\n<div class=\"field field-name-body field-type-text-with-summary field-label-hidden\">\n<div class=\"field-items\">\n<h3>Videos<\/h3>\n<\/div>\n<\/div>\n<h4 class=\"title style-scope ytd-video-primary-info-renderer\">Die Stadtteilarbeit der AWO hat viele Gesichter<\/h4>\n<p><iframe loading=\"lazy\" title=\"Die Stadtteilarbeit der AWO hat viele Gesichter\" width=\"1200\" height=\"675\" src=\"https:\/\/www.youtube.com\/embed\/gzZm68_lrpE?feature=oembed\" frameborder=\"0\" allow=\"accelerometer; autoplay; clipboard-write; encrypted-media; gyroscope; picture-in-picture; web-share\" allowfullscreen><\/iframe><\/p>\n<h3><\/h3>\n<h3><\/h3>\n<h4>Aktionstag gegen Rassismus 2022 &#8211; Beitrag des MGH Aschenberg<\/h4>\n<p><iframe loading=\"lazy\" title=\"YouTube video player\" src=\"https:\/\/www.youtube-nocookie.com\/embed\/ay8kenwQiPk\" width=\"560\" height=\"315\" frameborder=\"0\" allowfullscreen=\"allowfullscreen\"><\/iframe><\/p>\n<h4><\/h4>\n<h4>Fest der Farben 2021 am Aschenberg<\/h4>\n<p><iframe loading=\"lazy\" title=\"Fest der Farben 2021\" width=\"1200\" height=\"675\" src=\"https:\/\/www.youtube.com\/embed\/xSQP8iRfsZQ?feature=oembed\" frameborder=\"0\" allow=\"accelerometer; autoplay; clipboard-write; encrypted-media; gyroscope; picture-in-picture; web-share\" allowfullscreen><\/iframe><\/p>\n<h3><\/h3>\n<h3>MGH Aschenberg auf Instagram<\/h3>\n        <div\n            class=\"spotlight-instagram-feed\"\n            data-feed-var=\"4cfc86e1\"\n            data-analytics=\"0\"\n            data-instance=\"94\"\n        >\n        <\/div>\n        <input type=\"hidden\" id=\"sli__f__4cfc86e1\" data-json='{&quot;lightboxCtaStyle&quot;:&quot;link&quot;,&quot;lightboxCtaDesign&quot;:{&quot;text&quot;:{&quot;color&quot;:{&quot;r&quot;:0,&quot;g&quot;:0,&quot;b&quot;:0,&quot;a&quot;:1},&quot;align&quot;:&quot;center&quot;},&quot;bgColor&quot;:{&quot;r&quot;:230,&quot;g&quot;:230,&quot;b&quot;:230,&quot;a&quot;:1},&quot;border&quot;:{&quot;radius&quot;:3}},&quot;loadMoreBtnDesign&quot;:{&quot;text&quot;:{&quot;color&quot;:{&quot;r&quot;:255,&quot;g&quot;:255,&quot;b&quot;:255,&quot;a&quot;:1},&quot;align&quot;:&quot;center&quot;},&quot;border&quot;:{&quot;radius&quot;:3},&quot;bgColor&quot;:{&quot;r&quot;:0,&quot;g&quot;:149,&quot;b&quot;:246,&quot;a&quot;:1},&quot;margin&quot;:{&quot;top&quot;:0,&quot;bottom&quot;:0,&quot;left&quot;:0,&quot;right&quot;:0},&quot;padding&quot;:{&quot;top&quot;:12,&quot;bottom&quot;:12,&quot;left&quot;:12,&quot;right&quot;:12},&quot;onHover&quot;:{&quot;text&quot;:{&quot;color&quot;:{&quot;r&quot;:255,&quot;g&quot;:255,&quot;b&quot;:255,&quot;a&quot;:1}},&quot;bgColor&quot;:{&quot;r&quot;:0,&quot;g&quot;:129,&quot;b&quot;:203,&quot;a&quot;:1}}},&quot;followBtnDesign&quot;:{&quot;text&quot;:{&quot;color&quot;:{&quot;r&quot;:255,&quot;g&quot;:255,&quot;b&quot;:255,&quot;a&quot;:1},&quot;align&quot;:&quot;center&quot;},&quot;border&quot;:{&quot;radius&quot;:3},&quot;bgColor&quot;:{&quot;r&quot;:0,&quot;g&quot;:149,&quot;b&quot;:246,&quot;a&quot;:1},&quot;margin&quot;:{&quot;top&quot;:0,&quot;bottom&quot;:0,&quot;left&quot;:0,&quot;right&quot;:0},&quot;padding&quot;:{&quot;top&quot;:12,&quot;bottom&quot;:12,&quot;left&quot;:12,&quot;right&quot;:12},&quot;onHover&quot;:{&quot;text&quot;:{&quot;color&quot;:{&quot;r&quot;:255,&quot;g&quot;:255,&quot;b&quot;:255,&quot;a&quot;:1}},&quot;bgColor&quot;:{&quot;r&quot;:0,&quot;g&quot;:129,&quot;b&quot;:203,&quot;a&quot;:1}}},&quot;promotionEnabled&quot;:true,&quot;globalPromotionsEnabled&quot;:true,&quot;autoPromotionsEnabled&quot;:true,&quot;promotions&quot;:[],&quot;accounts&quot;:[29396],&quot;hashtags&quot;:[],&quot;tagged&quot;:[],&quot;layout&quot;:&quot;grid&quot;,&quot;numColumns&quot;:{&quot;desktop&quot;:3,&quot;phone&quot;:1},&quot;highlightFreq&quot;:{&quot;desktop&quot;:7},&quot;sliderNumScrollPosts&quot;:{&quot;desktop&quot;:1},&quot;sliderInfinite&quot;:true,&quot;sliderLoop&quot;:false,&quot;sliderArrowPos&quot;:{&quot;desktop&quot;:&quot;inside&quot;},&quot;sliderArrowSize&quot;:{&quot;desktop&quot;:20},&quot;sliderArrowColor&quot;:{&quot;r&quot;:255,&quot;b&quot;:255,&quot;g&quot;:255,&quot;a&quot;:1},&quot;sliderArrowBgColor&quot;:{&quot;r&quot;:0,&quot;b&quot;:0,&quot;g&quot;:0,&quot;a&quot;:0.8},&quot;mediaType&quot;:&quot;all&quot;,&quot;postOrder&quot;:&quot;date_desc&quot;,&quot;numPosts&quot;:{&quot;desktop&quot;:6,&quot;phone&quot;:4},&quot;linkBehavior&quot;:{&quot;desktop&quot;:&quot;lightbox&quot;},&quot;feedWidth&quot;:{&quot;desktop&quot;:&quot;&quot;},&quot;feedHeight&quot;:{&quot;desktop&quot;:&quot;&quot;},&quot;feedPadding&quot;:{&quot;desktop&quot;:20,&quot;tablet&quot;:14,&quot;phone&quot;:10},&quot;imgPadding&quot;:{&quot;desktop&quot;:14,&quot;tablet&quot;:10,&quot;phone&quot;:6},&quot;textSize&quot;:{&quot;desktop&quot;:&quot;&quot;,&quot;tablet&quot;:&quot;&quot;,&quot;phone&quot;:&quot;&quot;},&quot;bgColor&quot;:{&quot;r&quot;:215,&quot;g&quot;:59,&quot;b&quot;:55,&quot;a&quot;:1},&quot;textColorHover&quot;:{&quot;r&quot;:255,&quot;g&quot;:255,&quot;b&quot;:255,&quot;a&quot;:1},&quot;bgColorHover&quot;:{&quot;r&quot;:0,&quot;g&quot;:0,&quot;b&quot;:0,&quot;a&quot;:0.5},&quot;hoverInfo&quot;:[&quot;likes_comments&quot;,&quot;insta_link&quot;],&quot;showHeader&quot;:{&quot;desktop&quot;:true},&quot;headerInfo&quot;:{&quot;desktop&quot;:[&quot;profile_pic&quot;]},&quot;headerAccount&quot;:29012,&quot;headerStyle&quot;:{&quot;desktop&quot;:&quot;normal&quot;,&quot;phone&quot;:&quot;centered&quot;},&quot;headerTextSize&quot;:{&quot;desktop&quot;:&quot;&quot;},&quot;headerPhotoSize&quot;:{&quot;desktop&quot;:50},&quot;headerTextColor&quot;:{&quot;r&quot;:0,&quot;g&quot;:0,&quot;b&quot;:0,&quot;a&quot;:1},&quot;headerBgColor&quot;:{&quot;r&quot;:215,&quot;g&quot;:59,&quot;b&quot;:55,&quot;a&quot;:1},&quot;headerPadding&quot;:{&quot;desktop&quot;:0},&quot;customBioText&quot;:&quot;&quot;,&quot;customProfilePic&quot;:0,&quot;includeStories&quot;:false,&quot;storiesInterval&quot;:5,&quot;showCaptions&quot;:{&quot;desktop&quot;:false},&quot;captionMaxLength&quot;:{&quot;desktop&quot;:0},&quot;captionRemoveDots&quot;:false,&quot;captionSize&quot;:{&quot;desktop&quot;:0},&quot;captionColor&quot;:{&quot;r&quot;:0,&quot;g&quot;:0,&quot;b&quot;:0,&quot;a&quot;:1},&quot;showLikes&quot;:{&quot;desktop&quot;:false},&quot;showComments&quot;:{&quot;desktop&quot;:false},&quot;lcIconSize&quot;:{&quot;desktop&quot;:14},&quot;likesIconColor&quot;:{&quot;r&quot;:0,&quot;g&quot;:0,&quot;b&quot;:0,&quot;a&quot;:1},&quot;commentsIconColor&quot;:{&quot;r&quot;:0,&quot;g&quot;:0,&quot;b&quot;:0,&quot;a&quot;:1},&quot;lightboxShowSidebar&quot;:false,&quot;numLightboxComments&quot;:50,&quot;showLoadMoreBtn&quot;:{&quot;desktop&quot;:true},&quot;loadMoreBtnText&quot;:&quot;Mehr laden&quot;,&quot;loadMoreBtnScroll&quot;:true,&quot;autoload&quot;:false,&quot;showFollowBtn&quot;:{&quot;desktop&quot;:true},&quot;followBtnText&quot;:&quot;Folgt uns auf Instagram&quot;,&quot;followBtnLocation&quot;:{&quot;desktop&quot;:&quot;header&quot;,&quot;phone&quot;:&quot;bottom&quot;},&quot;hashtagWhitelist&quot;:[],&quot;hashtagBlacklist&quot;:[],&quot;captionWhitelist&quot;:[],&quot;captionBlacklist&quot;:[],&quot;hashtagWhitelistSettings&quot;:true,&quot;hashtagBlacklistSettings&quot;:true,&quot;captionWhitelistSettings&quot;:true,&quot;captionBlacklistSettings&quot;:true,&quot;moderation&quot;:[],&quot;moderationMode&quot;:&quot;blacklist&quot;}' \/>\n        <input type=\"hidden\" id=\"sli__a__4cfc86e1\" data-json='[{&quot;id&quot;:29396,&quot;type&quot;:&quot;PERSONAL&quot;,&quot;userId&quot;:&quot;3924875874232607&quot;,&quot;username&quot;:&quot;mgh_aschenberg&quot;,&quot;bio&quot;:&quot;&quot;,&quot;customBio&quot;:&quot;MGH Bu\\u0308rgerzentrum Aschenberg\\nDas MGH B\\u00fcrgerzentrum Aschenberg ist eine Begegnungsst\\u00e4tte f\\u00fcr generationen\\u00fcbergreifende Aktivit\\u00e4ten alle B\\u00fcrger*innen im Quartier.&quot;,&quot;profilePicUrl&quot;:&quot;&quot;,&quot;customProfilePicUrl&quot;:&quot;https:\\\/\\\/awo-fulda.de\\\/wp-content\\\/uploads\\\/2021\\\/05\\\/119882273_658203848408816_8152062958572490741_n.jpg&quot;,&quot;mediaCount&quot;:&quot;97&quot;,&quot;followersCount&quot;:&quot;0&quot;,&quot;usages&quot;:[],&quot;creationDate&quot;:&quot;2021-05-31 15:56:53&quot;}]' \/>\n        <input type=\"hidden\" id=\"sli__m__4cfc86e1\" data-json='[]' \/>\n        \n","protected":false},"excerpt":{"rendered":"<p>Das Mehrgenerationenhaus (MGH) im B\u00fcrgerzentrum Aschenberg unterst\u00fctzt Integration durch Bildungsbeteiligung und f\u00f6rdert freiwillig Engagierte. Durch die Aktivierung neuer Nachbarschaftsnetze und die St\u00e4rkung der Familien hat sich der Stadtteil sehr positiv&hellip;<\/p>\n","protected":false},"author":1,"featured_media":0,"parent":92,"menu_order":0,"comment_status":"closed","ping_status":"closed","template":"","meta":{"_editorskit_title_hidden":false,"_editorskit_reading_time":1,"_editorskit_is_block_options_detached":false,"_editorskit_block_options_position":"{}","footnotes":""},"class_list":["post-94","page","type-page","status-publish","hentry","description-off"],"translation":{"provider":"WPGlobus","version":"3.0.2","language":"ru","enabled_languages":["de","en","fr","ru","ar","tr","fa"],"languages":{"de":{"title":true,"content":true,"excerpt":false},"en":{"title":true,"content":true,"excerpt":false},"fr":{"title":true,"content":true,"excerpt":false},"ru":{"title":false,"content":false,"excerpt":false},"ar":{"title":false,"content":false,"excerpt":false},"tr":{"title":false,"content":false,"excerpt":false},"fa":{"title":false,"content":false,"excerpt":false}}},"_links":{"self":[{"href":"https:\/\/awo-fulda.de\/ru\/wp-json\/wp\/v2\/pages\/94","targetHints":{"allow":["GET"]}}],"collection":[{"href":"https:\/\/awo-fulda.de\/ru\/wp-json\/wp\/v2\/pages"}],"about":[{"href":"https:\/\/awo-fulda.de\/ru\/wp-json\/wp\/v2\/types\/page"}],"author":[{"embeddable":true,"href":"https:\/\/awo-fulda.de\/ru\/wp-json\/wp\/v2\/users\/1"}],"replies":[{"embeddable":true,"href":"https:\/\/awo-fulda.de\/ru\/wp-json\/wp\/v2\/comments?post=94"}],"version-history":[{"count":49,"href":"https:\/\/awo-fulda.de\/ru\/wp-json\/wp\/v2\/pages\/94\/revisions"}],"predecessor-version":[{"id":130722,"href":"https:\/\/awo-fulda.de\/ru\/wp-json\/wp\/v2\/pages\/94\/revisions\/130722"}],"up":[{"embeddable":true,"href":"https:\/\/awo-fulda.de\/ru\/wp-json\/wp\/v2\/pages\/92"}],"wp:attachment":[{"href":"https:\/\/awo-fulda.de\/ru\/wp-json\/wp\/v2\/media?parent=94"}],"curies":[{"name":"wp","href":"https:\/\/api.w.org\/{rel}","templated":true}]}}