{"id":58,"date":"2017-10-23T18:15:41","date_gmt":"2017-10-23T16:15:41","guid":{"rendered":"https:\/\/awo-fulda.de\/?page_id=58"},"modified":"2024-07-05T12:54:26","modified_gmt":"2024-07-05T10:54:26","slug":"stadtteilmuetter","status":"publish","type":"page","link":"https:\/\/awo-fulda.de\/ru\/beratung-begleitung\/stadtteilmuetter\/","title":{"rendered":"Stadtteilm\u00fctter"},"content":{"rendered":"<div class=\"wpb-content-wrapper\">[vc_row][vc_column][vc_column_text]\n<table style=\"height: 48px;\" width=\"1348\">\n<tbody>\n<tr>\n<td style=\"width: 442px;\"><a class=\"dt-pswp-item\" href=\"https:\/\/awo-fulda.de\/wp-content\/uploads\/2018\/06\/stadtteilm\u00fctter-rot.jpg\" data-dt-img-description=\"\" data-large_image_width=\"1600\" data-large_image_height=\"900\"><img loading=\"lazy\" decoding=\"async\" class=\"alignnone size-full wp-image-16491\" src=\"https:\/\/awo-fulda.de\/wp-content\/uploads\/2018\/06\/stadtteilm\u00fctter-rot.jpg\" alt=\"\" width=\"1600\" height=\"900\" srcset=\"https:\/\/awo-fulda.de\/wp-content\/uploads\/2018\/06\/stadtteilm\u00fctter-rot.jpg 1600w, https:\/\/awo-fulda.de\/wp-content\/uploads\/2018\/06\/stadtteilm\u00fctter-rot-480x270.jpg 480w, https:\/\/awo-fulda.de\/wp-content\/uploads\/2018\/06\/stadtteilm\u00fctter-rot-768x432.jpg 768w, https:\/\/awo-fulda.de\/wp-content\/uploads\/2018\/06\/stadtteilm\u00fctter-rot-640x360.jpg 640w\" sizes=\"auto, (max-width: 1600px) 100vw, 1600px\" \/><\/a><\/td>\n<td style=\"width: 442px;\"><a class=\"dt-pswp-item\" href=\"https:\/\/awo-fulda.de\/wp-content\/uploads\/2018\/06\/stadtteilm\u00fctter-schulung.jpg\" data-dt-img-description=\"\" data-large_image_width=\"1600\" data-large_image_height=\"900\"><img loading=\"lazy\" decoding=\"async\" class=\"alignnone size-full wp-image-16492\" src=\"https:\/\/awo-fulda.de\/wp-content\/uploads\/2018\/06\/stadtteilm\u00fctter-schulung.jpg\" alt=\"\" width=\"1600\" height=\"900\" srcset=\"https:\/\/awo-fulda.de\/wp-content\/uploads\/2018\/06\/stadtteilm\u00fctter-schulung.jpg 1600w, https:\/\/awo-fulda.de\/wp-content\/uploads\/2018\/06\/stadtteilm\u00fctter-schulung-480x270.jpg 480w, https:\/\/awo-fulda.de\/wp-content\/uploads\/2018\/06\/stadtteilm\u00fctter-schulung-768x432.jpg 768w, https:\/\/awo-fulda.de\/wp-content\/uploads\/2018\/06\/stadtteilm\u00fctter-schulung-640x360.jpg 640w\" sizes=\"auto, (max-width: 1600px) 100vw, 1600px\" \/><\/a><\/td>\n<td style=\"width: 442px;\"><a class=\"dt-pswp-item\" href=\"https:\/\/awo-fulda.de\/wp-content\/uploads\/2018\/06\/stadtteilm\u00fctter-basteln.jpg\" data-dt-img-description=\"\" data-large_image_width=\"1600\" data-large_image_height=\"900\"><img loading=\"lazy\" decoding=\"async\" class=\"alignnone size-full wp-image-16490\" src=\"https:\/\/awo-fulda.de\/wp-content\/uploads\/2018\/06\/stadtteilm\u00fctter-basteln.jpg\" alt=\"\" width=\"1600\" height=\"900\" srcset=\"https:\/\/awo-fulda.de\/wp-content\/uploads\/2018\/06\/stadtteilm\u00fctter-basteln.jpg 1600w, https:\/\/awo-fulda.de\/wp-content\/uploads\/2018\/06\/stadtteilm\u00fctter-basteln-480x270.jpg 480w, https:\/\/awo-fulda.de\/wp-content\/uploads\/2018\/06\/stadtteilm\u00fctter-basteln-768x432.jpg 768w, https:\/\/awo-fulda.de\/wp-content\/uploads\/2018\/06\/stadtteilm\u00fctter-basteln-640x360.jpg 640w\" sizes=\"auto, (max-width: 1600px) 100vw, 1600px\" \/><\/a><\/td>\n<\/tr>\n<\/tbody>\n<\/table>\n<p>Im Projekt Stadtteilm\u00fctter werden engagierte Migrantinnen aus verschiedenen Stadtteilen Fuldas dazu qualifiziert, dort wohnende Familien zu unterst\u00fctzen. Durch Vortr\u00e4ge von ReferentInnen werden die sie bef\u00e4higt, Informationen \u00fcber verschiedene Themen weiterzugeben wie zum Beispiel:<\/p>\n<ul>\n<li>Erziehung<\/li>\n<li>Ern\u00e4hrung<\/li>\n<li>das deutsche Bildungssystem sowie<\/li>\n<li>den Umgang mit Einrichtungen und Beh\u00f6rden.<\/li>\n<\/ul>\n<p>Sie fungieren als Multiplikatorinnen und bieten den Familien Hilfestellungen an.<\/p>\n<p>Zur St\u00e4rkung des Gruppenzusammenhalts finden Ausfl\u00fcge und Besichtigungen oder auch der Besuch von kulturellen Angeboten statt. Zudem pr\u00e4sentieren sie sich als Gruppe auf Veranstaltungen (wie dem Stadtteilfest) und zeigen dadurch ihre Pr\u00e4senz und Verbundenheit.<\/p>\n<p><strong>Zur Zeit gibt es Gruppen f\u00fcr Stadtteilm\u00fctter an zwei Standorten in Fulda (Ostend\/Ziehers-S\u00fcd und Aschenberg). Interessentinnen k\u00f6nnen sich gerne bei den verantwortlichen Mitarbeiterinnen melden (siehe Kontaktm\u00f6glichkeiten rechts). <\/strong><\/p>\n<p>&nbsp;<\/p>\n<p>Interessant ist die aktuelle Ausstellung, bei der die Stadtteilm\u00fctter auf Rollups Appelle bzw. Zitate f\u00fcr den Frieden pr\u00e4sentieren. Auch die Presse hat dar\u00fcber berichtet: <a href=\"https:\/\/www.osthessen-zeitung.de\/einzelansicht\/news\/2023\/maerz\/starke-frauen-fuer-den-frieden-stadtteilmuetter-werden-geehrt.html\">Osthessen-Zeitung<\/a><\/p>\n<p>Nach der Vernissage im B\u00fcrgerzentrum Ziehers-S\u00fcd wandert die Ausstellung zum Mehrgenerationenhaus am Aschenberg (7. &#8211; 31.3.2023) und ist dann vom 2. &#8211; 12.5.2023 im Haus der Familie am Gallasiniring zu sehen.<\/p>\n<p>&nbsp;<\/p>\n<p><strong>Schulungstermine der Stadtteilm\u00fctter<\/strong><br \/>\nKonferenzraum im Haus der Familie, 2.Stock<br \/>\nGallasiniring 30<br \/>\nMittwochs 9-11 Uhr<\/p>\n<p><strong>Offene Sprechstunde<\/strong><br \/>\nB\u00fcro im Haus der Familie, 2.Stock<br \/>\nGallasiniring 30<br \/>\nFreitags 9-11 Uhr, bzw. nach Vereinbarung<\/p>\n[\/vc_column_text][\/vc_column][\/vc_row]\n<\/div>","protected":false},"excerpt":{"rendered":"<p>[vc_row][vc_column][vc_column_text] Im Projekt Stadtteilm\u00fctter werden engagierte Migrantinnen aus verschiedenen Stadtteilen Fuldas dazu qualifiziert, dort wohnende Familien zu unterst\u00fctzen. Durch Vortr\u00e4ge von ReferentInnen werden die sie bef\u00e4higt, Informationen \u00fcber verschiedene Themen&hellip;<\/p>\n","protected":false},"author":1,"featured_media":0,"parent":24,"menu_order":0,"comment_status":"closed","ping_status":"closed","template":"","meta":{"_editorskit_title_hidden":false,"_editorskit_reading_time":0,"_editorskit_is_block_options_detached":false,"_editorskit_block_options_position":"{}","footnotes":""},"class_list":["post-58","page","type-page","status-publish","hentry","description-off"],"translation":{"provider":"WPGlobus","version":"3.0.2","language":"ru","enabled_languages":["de","en","fr","ru","ar","tr","fa"],"languages":{"de":{"title":true,"content":true,"excerpt":false},"en":{"title":false,"content":false,"excerpt":false},"fr":{"title":false,"content":false,"excerpt":false},"ru":{"title":false,"content":false,"excerpt":false},"ar":{"title":false,"content":false,"excerpt":false},"tr":{"title":false,"content":false,"excerpt":false},"fa":{"title":false,"content":false,"excerpt":false}}},"_links":{"self":[{"href":"https:\/\/awo-fulda.de\/ru\/wp-json\/wp\/v2\/pages\/58","targetHints":{"allow":["GET"]}}],"collection":[{"href":"https:\/\/awo-fulda.de\/ru\/wp-json\/wp\/v2\/pages"}],"about":[{"href":"https:\/\/awo-fulda.de\/ru\/wp-json\/wp\/v2\/types\/page"}],"author":[{"embeddable":true,"href":"https:\/\/awo-fulda.de\/ru\/wp-json\/wp\/v2\/users\/1"}],"replies":[{"embeddable":true,"href":"https:\/\/awo-fulda.de\/ru\/wp-json\/wp\/v2\/comments?post=58"}],"version-history":[{"count":9,"href":"https:\/\/awo-fulda.de\/ru\/wp-json\/wp\/v2\/pages\/58\/revisions"}],"predecessor-version":[{"id":135277,"href":"https:\/\/awo-fulda.de\/ru\/wp-json\/wp\/v2\/pages\/58\/revisions\/135277"}],"up":[{"embeddable":true,"href":"https:\/\/awo-fulda.de\/ru\/wp-json\/wp\/v2\/pages\/24"}],"wp:attachment":[{"href":"https:\/\/awo-fulda.de\/ru\/wp-json\/wp\/v2\/media?parent=58"}],"curies":[{"name":"wp","href":"https:\/\/api.w.org\/{rel}","templated":true}]}}