{"id":51,"date":"2017-10-23T18:14:53","date_gmt":"2017-10-23T16:14:53","guid":{"rendered":"https:\/\/awo-fulda.de\/?page_id=51"},"modified":"2025-02-19T12:24:07","modified_gmt":"2025-02-19T11:24:07","slug":"nachmittagsbetreuung","status":"publish","type":"page","link":"https:\/\/awo-fulda.de\/ru\/arbeit-bildung\/nachmittagsbetreuung\/","title":{"rendered":"Betreuungsangebot an Schulen"},"content":{"rendered":"<table style=\"height: 101px;\" width=\"1050\">\n<tbody>\n<tr>\n<td style=\"width: 342.667px;\"><img loading=\"lazy\" decoding=\"async\" class=\"alignnone wp-image-15223 size-medium\" src=\"https:\/\/awo-fulda.de\/wp-content\/uploads\/2018\/05\/JT1-480x270.jpg\" alt=\"\" width=\"480\" height=\"270\" srcset=\"https:\/\/awo-fulda.de\/wp-content\/uploads\/2018\/05\/JT1-480x270.jpg 480w, https:\/\/awo-fulda.de\/wp-content\/uploads\/2018\/05\/JT1-768x432.jpg 768w, https:\/\/awo-fulda.de\/wp-content\/uploads\/2018\/05\/JT1-640x360.jpg 640w, https:\/\/awo-fulda.de\/wp-content\/uploads\/2018\/05\/JT1.jpg 1600w\" sizes=\"auto, (max-width: 480px) 100vw, 480px\" \/><\/td>\n<td style=\"width: 342.667px;\"><img loading=\"lazy\" decoding=\"async\" class=\"alignnone alignnone wp-image-104928 size-full\" src=\"https:\/\/awo-fulda.de\/wp-content\/uploads\/2022\/03\/Tischkicker.jpg\" alt=\"\" width=\"480\" height=\"270\" \/><\/td>\n<td style=\"width: 342.667px;\"><img loading=\"lazy\" decoding=\"async\" class=\"alignnone wp-image-15192 size-medium\" src=\"https:\/\/awo-fulda.de\/wp-content\/uploads\/2018\/05\/AWO_5-480x270.jpg\" alt=\"\" width=\"480\" height=\"270\" srcset=\"https:\/\/awo-fulda.de\/wp-content\/uploads\/2018\/05\/AWO_5-480x270.jpg 480w, https:\/\/awo-fulda.de\/wp-content\/uploads\/2018\/05\/AWO_5-768x432.jpg 768w, https:\/\/awo-fulda.de\/wp-content\/uploads\/2018\/05\/AWO_5-640x360.jpg 640w, https:\/\/awo-fulda.de\/wp-content\/uploads\/2018\/05\/AWO_5.jpg 1600w\" sizes=\"auto, (max-width: 480px) 100vw, 480px\" \/><\/td>\n<\/tr>\n<\/tbody>\n<\/table>\n<p><span style=\"font-size: 16px;\">\u200b<strong>Betreuungsangebot an Schulen<\/strong><\/span><\/p>\n<p>Der AWO Kreisverband Fulda unterst\u00fctzt verschiedene Schulen in Stadt und Randgebiet Fuldas bei der Durchf\u00fchrung ihres Betreuungsangebotes am Nachmittag. Hierbei gibt es 2 verschiedene Modelle:<\/p>\n<p><strong>Modell 1: Nachmittagsbetreuung<\/strong><\/p>\n<p>Wir als AWO betreuen das gesamte Nachmittagsangebot, indem wir die Schule in allen personellen Angelegenheiten hinsichtlich der Betreuungskr\u00e4fte begleiten, inhaltliche Weiterbildungen und Schulungen anbieten und die Ausgestaltung des Nachmittagsangebotes (im zeitlichen Rahmen des jeweiligen Schulprofils) \u00fcbernehmen. Dies bedeutet, dass die Kinder nach der gemeinsamen Einnahme des Mittagessens die M\u00f6glichkeit zur Erledigung ihrer Hausaufgaben, dem Besuch von AGs bzw. der Durchf\u00fchrung des Freispiels haben.<\/p>\n<p>Aktuell koordiniert die AWO die Nachmittagsbetreuung an folgenden Schulen:<\/p>\n<ul>\n<li>Domschule, Fulda (Grund- und Hauptschule)<\/li>\n<li>Heinrich-von-Bibra-Schule, Fulda (Realschule)<\/li>\n<li>St. Ottilienschule, Fulda-Niesig (Grundschule)<\/li>\n<li>Cuno-Raabe-Schule (Grundschule)<\/li>\n<\/ul>\n<p><strong>Modell 2: Sch\u00fclerhilfe\/Hausaufgabenbetreuung<\/strong><\/p>\n<p>Neben dem Modell der gesamten Nachmittagsbetreuung gibt es f\u00fcr Schulen auch die M\u00f6glichkeit unser Angebot der Hausaufgabenbetreuung an ihrer Schule zu initiieren. Hierbei erhalten Sch\u00fcler*innen und Sch\u00fcler aller Grundschuljahrgangstufen bzw. der Hauptschule bis einschlie\u00dflich 7. Klasse eine intensive Begleitung und Anleitung ihrer Hausaufgaben, bei denen jedoch nach wie vor der Fokus der eigenst\u00e4ndigen Durchf\u00fchrung bei den Kindern liegt. Unser Ziel ist es insbesondere nicht muttersprachliche Kinder bei der Erledigung ihrer Hausaufgaben zu unterst\u00fctzen sowie ihnen gezielte Aufgaben zur Intensivierung des Lernplans anzubieten.<\/p>\n<p>Das Team der Hausaufgabenbetreuung arbeitet eng mit der Schule zusammen. Es handelt sich um ein kostenloses Angebot f\u00fcr Kinder, die Unterst\u00fctzung im schulischen, sprachlichen und\/oder sozialen Lernen ben\u00f6tigen.<\/p>\n<p>Aktuell bieten wir unsere Hausaufgabenbetreuung an folgenden Schulen an:<\/p>\n<ul>\n<li>Adolf-von-Dalberg Schule (Grundschule)<\/li>\n<li>Br\u00fcder-Grimm-Schule (Schule mit dem F\u00f6rderschwerpunkt Lernen; Grund- und Hauptschule)<\/li>\n<li>Cuno-Raabe-Schule (Grundschule)<\/li>\n<li>Domschule (Grund- und Hauptschule)<\/li>\n<li>Marquardschule (Grundschule)<\/li>\n<li>B\u00fcrgerhaus Edelzell &#8211; Florenbergschule<\/li>\n<li>B\u00fcrgerzentrum Aschenberg &#8211; Bonifatiusschule<\/li>\n<li>B\u00fcrgerzentrum Ziehers-Nord &#8211; Geschwister-Scholl-Schule<\/li>\n<li>Stadtteiltreff S\u00fcdend &#8211; Sturmiusschule<\/li>\n<li>Stadtteiltreff Ziehers-S\u00fcd<\/li>\n<li>Evgl. Kirchengemeinde H\u00fcnfeld (Pro Integrationstreff)<\/li>\n<li>St. Ottilienschule, Fulda-Niesig (Grundschule)<\/li>\n<\/ul>\n","protected":false},"excerpt":{"rendered":"<p>\u200bBetreuungsangebot an Schulen Der AWO Kreisverband Fulda unterst\u00fctzt verschiedene Schulen in Stadt und Randgebiet Fuldas bei der Durchf\u00fchrung ihres Betreuungsangebotes am Nachmittag. Hierbei gibt es 2 verschiedene Modelle: Modell 1:&hellip;<\/p>\n","protected":false},"author":1,"featured_media":0,"parent":28,"menu_order":0,"comment_status":"closed","ping_status":"closed","template":"","meta":{"_editorskit_title_hidden":false,"_editorskit_reading_time":1,"_editorskit_is_block_options_detached":false,"_editorskit_block_options_position":"{}","footnotes":""},"class_list":["post-51","page","type-page","status-publish","hentry","description-off"],"translation":{"provider":"WPGlobus","version":"3.0.2","language":"ru","enabled_languages":["de","en","fr","ru","ar","tr","fa"],"languages":{"de":{"title":true,"content":true,"excerpt":false},"en":{"title":false,"content":false,"excerpt":false},"fr":{"title":false,"content":false,"excerpt":false},"ru":{"title":false,"content":false,"excerpt":false},"ar":{"title":false,"content":false,"excerpt":false},"tr":{"title":false,"content":false,"excerpt":false},"fa":{"title":false,"content":false,"excerpt":false}}},"_links":{"self":[{"href":"https:\/\/awo-fulda.de\/ru\/wp-json\/wp\/v2\/pages\/51","targetHints":{"allow":["GET"]}}],"collection":[{"href":"https:\/\/awo-fulda.de\/ru\/wp-json\/wp\/v2\/pages"}],"about":[{"href":"https:\/\/awo-fulda.de\/ru\/wp-json\/wp\/v2\/types\/page"}],"author":[{"embeddable":true,"href":"https:\/\/awo-fulda.de\/ru\/wp-json\/wp\/v2\/users\/1"}],"replies":[{"embeddable":true,"href":"https:\/\/awo-fulda.de\/ru\/wp-json\/wp\/v2\/comments?post=51"}],"version-history":[{"count":20,"href":"https:\/\/awo-fulda.de\/ru\/wp-json\/wp\/v2\/pages\/51\/revisions"}],"predecessor-version":[{"id":139488,"href":"https:\/\/awo-fulda.de\/ru\/wp-json\/wp\/v2\/pages\/51\/revisions\/139488"}],"up":[{"embeddable":true,"href":"https:\/\/awo-fulda.de\/ru\/wp-json\/wp\/v2\/pages\/28"}],"wp:attachment":[{"href":"https:\/\/awo-fulda.de\/ru\/wp-json\/wp\/v2\/media?parent=51"}],"curies":[{"name":"wp","href":"https:\/\/api.w.org\/{rel}","templated":true}]}}