{"id":49,"date":"2017-10-23T18:14:21","date_gmt":"2017-10-23T16:14:21","guid":{"rendered":"https:\/\/awo-fulda.de\/?page_id=49"},"modified":"2023-09-11T11:41:47","modified_gmt":"2023-09-11T09:41:47","slug":"miniclubs","status":"publish","type":"page","link":"https:\/\/awo-fulda.de\/ru\/beratung-begleitung\/miniclubs\/","title":{"rendered":"Mini Clubs"},"content":{"rendered":"<table style=\"height: 85px;\" width=\"1372\">\n<tbody>\n<tr>\n<td style=\"width: 450px;\"><a href=\"https:\/\/awo-fulda.de\/wp-content\/uploads\/2018\/06\/M\u00e4dchen-Korb.jpg\" data-dt-img-description=\"\" data-large_image_width=\"1600\" data-large_image_height=\"900\"><img loading=\"lazy\" decoding=\"async\" class=\"alignnone wp-image-16480 size-full\" src=\"https:\/\/awo-fulda.de\/wp-content\/uploads\/2018\/06\/M\u00e4dchen-Korb.jpg\" alt=\"\" width=\"1600\" height=\"900\" srcset=\"https:\/\/awo-fulda.de\/wp-content\/uploads\/2018\/06\/M\u00e4dchen-Korb.jpg 1600w, https:\/\/awo-fulda.de\/wp-content\/uploads\/2018\/06\/M\u00e4dchen-Korb-480x270.jpg 480w, https:\/\/awo-fulda.de\/wp-content\/uploads\/2018\/06\/M\u00e4dchen-Korb-768x432.jpg 768w, https:\/\/awo-fulda.de\/wp-content\/uploads\/2018\/06\/M\u00e4dchen-Korb-640x360.jpg 640w\" sizes=\"auto, (max-width: 1600px) 100vw, 1600px\" \/><\/a><\/td>\n<td style=\"width: 450px;\"><a class=\"dt-pswp-item\" href=\"https:\/\/awo-fulda.de\/wp-content\/uploads\/2018\/06\/Malutensilien.jpg\" data-dt-img-description=\"\" data-large_image_width=\"1600\" data-large_image_height=\"900\"><img loading=\"lazy\" decoding=\"async\" class=\"alignnone size-full wp-image-16479\" src=\"https:\/\/awo-fulda.de\/wp-content\/uploads\/2018\/06\/Malutensilien.jpg\" alt=\"\" width=\"1600\" height=\"900\" srcset=\"https:\/\/awo-fulda.de\/wp-content\/uploads\/2018\/06\/Malutensilien.jpg 1600w, https:\/\/awo-fulda.de\/wp-content\/uploads\/2018\/06\/Malutensilien-480x270.jpg 480w, https:\/\/awo-fulda.de\/wp-content\/uploads\/2018\/06\/Malutensilien-768x432.jpg 768w, https:\/\/awo-fulda.de\/wp-content\/uploads\/2018\/06\/Malutensilien-640x360.jpg 640w\" sizes=\"auto, (max-width: 1600px) 100vw, 1600px\" \/><\/a><\/td>\n<td style=\"width: 450px;\"><a class=\"dt-pswp-item\" href=\"https:\/\/awo-fulda.de\/wp-content\/uploads\/2018\/06\/M\u00e4dchen-Kita.jpg\" data-dt-img-description=\"\" data-large_image_width=\"1600\" data-large_image_height=\"900\"><img loading=\"lazy\" decoding=\"async\" class=\"alignnone size-full wp-image-16478\" src=\"https:\/\/awo-fulda.de\/wp-content\/uploads\/2018\/06\/M\u00e4dchen-Kita.jpg\" alt=\"\" width=\"1600\" height=\"900\" srcset=\"https:\/\/awo-fulda.de\/wp-content\/uploads\/2018\/06\/M\u00e4dchen-Kita.jpg 1600w, https:\/\/awo-fulda.de\/wp-content\/uploads\/2018\/06\/M\u00e4dchen-Kita-480x270.jpg 480w, https:\/\/awo-fulda.de\/wp-content\/uploads\/2018\/06\/M\u00e4dchen-Kita-768x432.jpg 768w, https:\/\/awo-fulda.de\/wp-content\/uploads\/2018\/06\/M\u00e4dchen-Kita-640x360.jpg 640w\" sizes=\"auto, (max-width: 1600px) 100vw, 1600px\" \/><\/a><\/td>\n<\/tr>\n<\/tbody>\n<\/table>\n<p>Im Rahmen von unseren Mini Clubs werden Kinder wohnortnah 2-mal w\u00f6chentlich 3 Stunden p\u00e4dagogisch betreut. Durch vielf\u00e4ltige Aktivit\u00e4ten wie Basteln, Malen, Turnen, Singen, Tanzen und vieles mehr lernen die Kinder in der Gruppe mit- und voneinander. Durch wiederkehrende Routinen wie z. B. Morgenkreis, gemeinsames Fr\u00fchst\u00fcck, Abschlusskreis, Regeln und Rituale werden die Kinder auf die Alltagsstruktur in der KiTa vorbereitet. Dabei lernen sie spielerisch auch die deutsche Sprache.<\/p>\n<p>Au\u00dferdem werden den Eltern im Rahmen der Elternberatung erste Einblicke in das Bildungssystem gegeben, und sie k\u00f6nnen individuell unterst\u00fctzt werden.<\/p>\n<p>Aktuell finden Miniclubs an folgenden Standorten statt:<\/p>\n<table style=\"border-collapse: collapse; width: 85.1342%; height: 88px;\">\n<tbody>\n<tr style=\"height: 22px;\">\n<td style=\"width: 24.0125%; height: 22px;\"><strong>S\u00dcDEND<\/strong><\/td>\n<td style=\"width: 66.818%; height: 22px;\">AWO Familientreff, Weser Str. 9, 36043 Fulda<\/td>\n<\/tr>\n<tr style=\"height: 22px;\">\n<td style=\"width: 24.0125%; height: 22px;\"><strong>ASCHENBERG<\/strong><\/td>\n<td style=\"width: 66.818%; height: 22px;\">Familienzentrum Aschenberg, Aschenberger Platz 16, 36039 Fulda<\/td>\n<\/tr>\n<tr style=\"height: 22px;\">\n<td style=\"width: 24.0125%; height: 22px;\"><strong>ZIEHERS-NORD<\/strong><\/td>\n<td style=\"width: 66.818%; height: 22px;\">AWO-Stadtteiltreff Ziehers-Nord, Huberstra\u00dfe 4-6, 36037 Fulda<\/td>\n<\/tr>\n<tr style=\"height: 22px;\">\n<td style=\"width: 24.0125%; height: 22px;\"><strong>ZIEHERS-S\u00dcD<\/strong><\/td>\n<td style=\"width: 66.818%; height: 22px;\">Familienschule Fulda, Gallasiniring 30, 36037 Fulda<\/td>\n<\/tr>\n<\/tbody>\n<\/table>\n<p>Weitere Informationen entnehmen Sie bitte unserem Flyer (f\u00fcr Vergr\u00f6\u00dferung bitte anklicken):<\/p>\n<div class=\"_3d-flip-book  fb3d-thumbnail-lightbox-mode\" data-id=\"0\" data-mode=\"thumbnail-lightbox\" data-title=\"false\" data-template=\"short-white-book-view\" data-lightbox=\"dark-shadow\" data-urlparam=\"fb3d-page\" data-page-n=\"0\" data-pdf=\"https:\/\/awo-fulda.de\/wp-content\/uploads\/2023\/09\/Flyer-MiniClubs-ab-2023.pdf\" data-tax=\"null\" data-thumbnail=\"\" data-cols=\"3\" data-book-template=\"default\" data-trigger=\"\"><\/div>\n","protected":false},"excerpt":{"rendered":"<p>Im Rahmen von unseren Mini Clubs werden Kinder wohnortnah 2-mal w\u00f6chentlich 3 Stunden p\u00e4dagogisch betreut. Durch vielf\u00e4ltige Aktivit\u00e4ten wie Basteln, Malen, Turnen, Singen, Tanzen und vieles mehr lernen die Kinder&hellip;<\/p>\n","protected":false},"author":1,"featured_media":0,"parent":24,"menu_order":0,"comment_status":"closed","ping_status":"closed","template":"","meta":{"_editorskit_title_hidden":false,"_editorskit_reading_time":1,"_editorskit_is_block_options_detached":false,"_editorskit_block_options_position":"{}","footnotes":""},"class_list":["post-49","page","type-page","status-publish","hentry","description-off"],"translation":{"provider":"WPGlobus","version":"3.0.2","language":"ru","enabled_languages":["de","en","fr","ru","ar","tr","fa"],"languages":{"de":{"title":true,"content":true,"excerpt":false},"en":{"title":false,"content":false,"excerpt":false},"fr":{"title":false,"content":false,"excerpt":false},"ru":{"title":false,"content":false,"excerpt":false},"ar":{"title":false,"content":false,"excerpt":false},"tr":{"title":false,"content":false,"excerpt":false},"fa":{"title":false,"content":false,"excerpt":false}}},"_links":{"self":[{"href":"https:\/\/awo-fulda.de\/ru\/wp-json\/wp\/v2\/pages\/49","targetHints":{"allow":["GET"]}}],"collection":[{"href":"https:\/\/awo-fulda.de\/ru\/wp-json\/wp\/v2\/pages"}],"about":[{"href":"https:\/\/awo-fulda.de\/ru\/wp-json\/wp\/v2\/types\/page"}],"author":[{"embeddable":true,"href":"https:\/\/awo-fulda.de\/ru\/wp-json\/wp\/v2\/users\/1"}],"replies":[{"embeddable":true,"href":"https:\/\/awo-fulda.de\/ru\/wp-json\/wp\/v2\/comments?post=49"}],"version-history":[{"count":57,"href":"https:\/\/awo-fulda.de\/ru\/wp-json\/wp\/v2\/pages\/49\/revisions"}],"predecessor-version":[{"id":127391,"href":"https:\/\/awo-fulda.de\/ru\/wp-json\/wp\/v2\/pages\/49\/revisions\/127391"}],"up":[{"embeddable":true,"href":"https:\/\/awo-fulda.de\/ru\/wp-json\/wp\/v2\/pages\/24"}],"wp:attachment":[{"href":"https:\/\/awo-fulda.de\/ru\/wp-json\/wp\/v2\/media?parent=49"}],"curies":[{"name":"wp","href":"https:\/\/api.w.org\/{rel}","templated":true}]}}