{"id":40,"date":"2017-10-20T15:10:57","date_gmt":"2017-10-20T13:10:57","guid":{"rendered":"https:\/\/awo-fulda.de\/?page_id=40"},"modified":"2025-07-09T16:17:36","modified_gmt":"2025-07-09T14:17:36","slug":"impressum","status":"publish","type":"page","link":"https:\/\/awo-fulda.de\/ru\/impressum\/","title":{"rendered":"Impressum"},"content":{"rendered":"<div id=\"block-system-main\" class=\"block block-system block-main block-system-main odd block-without-title\">\n<div class=\"block-inner clearfix\">\n<div class=\"content clearfix\">\n<div id=\"node-logo-block-46\" class=\"ds-1col node node-logo-block view-mode-full node-not-promoted node-not-sticky author-webminawofd even clearfix clearfix\">\n<div class=\"field field-name-field-text field-type-text-with-summary field-label-hidden\">\n<div class=\"field-items\">\n<div class=\"field-item even\">\n<p><strong>Impressum<\/strong><\/p>\n<p>AWO Kreisverband Fulda e.V.<br \/>\nFrankfurter Str. 28<br \/>\n36043 Fulda<\/p>\n<p>Tel: 06 61 \/ 48 00 45 &#8211; 0<br \/>\nFax: 06 61 \/ 48 00 45 &#8211; 21<br \/>\nE-Mail: info(at)awo-fulda.de<\/p>\n<p>Vertretungsberechtigter Vorstand:<\/p>\n<p>Kreisvorsitzender : Bernhard Lindner<\/p>\n<p>Registergericht: Amtsgericht Fulda, Registernummer 55 VR 913<br \/>\nInhaltlich Verantwortlich gem\u00e4\u00df \u00a7 6 MDStV: Wolfram Latsch, Gesch\u00e4ftsf\u00fchrer<\/p>\n<p>&nbsp;<\/p>\n<\/div>\n<p>Unterst\u00fctzung Webseite: <a href=\"https:\/\/markus-weber.info\">Markus Weber<\/a><\/p>\n<div class=\"field-item even\">\n<p>&nbsp;<\/p>\n<div class=\"typo3-neos-nodetypes-text\">\n<div>\n<p><strong>Haftungsausschluss<\/strong><\/p>\n<h5><b>Haftung f\u00fcr Inhalte<\/b><\/h5>\n<p>Die Inhalte unserer Seiten wurden mit gr\u00f6\u00dfter Sorgfalt erstellt. F\u00fcr die Richtigkeit, Vollst\u00e4ndigkeit und Aktualit\u00e4t der Inhalte k\u00f6nnen wir jedoch keine Gew\u00e4hr \u00fcbernehmen.<\/p>\n<p>Als Dienstanbieter sind wir gem\u00e4\u00df \u00a7 7 Abs.1 TMG f\u00fcr eigene Inhalte auf diesen Seiten nach den allgemeinen Gesetzen verantwortlich. Nach \u00a7\u00a7 8 bis 10 TMG sind wir als Dienstanbieter jedoch nicht verpflichtet, \u00fcbermittelte oder gespeicherte fremde Informationen zu \u00fcberwachen oder nach Umst\u00e4nden zu forschen, die auf eine rechtswidrige T\u00e4tigkeit hinweisen. Verpflichtungen zur Entfernung oder Sperrung der Nutzung von Informationen nach den allgemeinen Gesetzen bleiben hiervon unber\u00fchrt. Eine diesbez\u00fcgliche Haftung ist jedoch erst ab dem Zeitpunkt der Kenntnis einer konkreten Rechtsverletzung m\u00f6glich. Bei bekannt werden von entsprechenden Rechtsverletzungen werden wir diese Inhalte umgehend entfernen.<\/p>\n<h5><b>Haftung f\u00fcr Links<\/b><\/h5>\n<p>Unser Angebot enth\u00e4lt Links zu externen Webseiten Dritter, auf deren Inhalte wir keinen Einfluss haben. Deshalb k\u00f6nnen wir f\u00fcr diese fremden Inhalte auch keine Gew\u00e4hr \u00fcbernehmen. F\u00fcr die Inhalte der verlinkten Seiten ist stets der jeweilige Anbieter oder Betreiber der Seiten verantwortlich. Die verlinkten Seiten wurden zum Zeitpunkt der Verlinkung auf m\u00f6gliche Rechtsverst\u00f6\u00dfe \u00fcberpr\u00fcft. Rechtswidrige Inhalte waren zum Zeitpunkt der Verlinkung nicht erkennbar. Eine permanente inhaltliche Kontrolle der verlinkten Seiten ist jedoch ohne konkrete Anhaltspunkte einer Rechtsverletzung nicht zumutbar. Bei bekannt werden von Rechtsverletzungen werden wir derartige Links umgehend entfernen.<\/p>\n<h5><b>Urheberrecht<\/b><\/h5>\n<p>Die durch die Seitenbetreiber erstellten Inhalte und Werke auf diesen Seiten unterliegen dem deutschen Urheberrecht. Beitr\u00e4ge Dritter sind als solche gekennzeichnet. Die Vervielf\u00e4ltigung, Bearbeitung, Verbreitung und jede Art der Verwertung au\u00dferhalb der Grenzen des Urheberrechtes bed\u00fcrfen der schriftlichen Zustimmung des jeweiligen Autors bzw. Erstellers. Downloads und Kopien dieser Seite sind nur f\u00fcr den privaten, nicht kommerziellen Gebrauch gestattet.<\/p>\n<h5><b>Untersagung der Nutzung zu KI-Trainingszwecken<\/b><\/h5>\n<p>Die auf dieser Website bereitgestellten Inhalte, einschlie\u00dflich Texte, Bilder, Videos und sonstiger Daten, d\u00fcrfen ohne ausdr\u00fcckliche schriftliche Genehmigung des Betreibers weder ganz noch teilweise zum Training von K\u00fcnstlichen Intelligenzen (einschlie\u00dflich, aber nicht beschr\u00e4nkt auf Sprachmodelle wie GPT, LLaMA, Claude, Gemini o.\u202f\u00e4.) verwendet werden. Eine automatisierte Auswertung, Speicherung oder anderweitige Verwendung zu Zwecken des maschinellen Lernens ist untersagt.<\/p>\n<p>&nbsp;<\/p>\n<p>Die Betreiber der Seiten sind bem\u00fcht, stets die Urheberrechte anderer zu beachten bzw. auf selbst erstellte sowie lizenzfreie Werke zur\u00fcckzugreifen.<\/p>\n<p>&nbsp;<\/p>\n<\/div>\n<\/div>\n<p>Bildquellen: Eigene Bilder, Informationsservice des AWO Bundesverbands, Fotolia, Pixabay<\/p>\n<\/div>\n<\/div>\n<\/div>\n<\/div>\n<\/div>\n<\/div>\n<\/div>\n","protected":false},"excerpt":{"rendered":"<p>Impressum AWO Kreisverband Fulda e.V. Frankfurter Str. 28 36043 Fulda Tel: 06 61 \/ 48 00 45 &#8211; 0 Fax: 06 61 \/ 48 00 45 &#8211; 21 E-Mail: info(at)awo-fulda.de&hellip;<\/p>\n","protected":false},"author":1,"featured_media":0,"parent":0,"menu_order":0,"comment_status":"closed","ping_status":"closed","template":"","meta":{"_editorskit_title_hidden":false,"_editorskit_reading_time":0,"_editorskit_is_block_options_detached":false,"_editorskit_block_options_position":"{}","footnotes":""},"class_list":["post-40","page","type-page","status-publish","hentry","description-off"],"translation":{"provider":"WPGlobus","version":"3.0.2","language":"ru","enabled_languages":["de","en","fr","ru","ar","tr","fa"],"languages":{"de":{"title":true,"content":true,"excerpt":false},"en":{"title":false,"content":false,"excerpt":false},"fr":{"title":false,"content":false,"excerpt":false},"ru":{"title":false,"content":false,"excerpt":false},"ar":{"title":false,"content":false,"excerpt":false},"tr":{"title":false,"content":false,"excerpt":false},"fa":{"title":false,"content":false,"excerpt":false}}},"_links":{"self":[{"href":"https:\/\/awo-fulda.de\/ru\/wp-json\/wp\/v2\/pages\/40","targetHints":{"allow":["GET"]}}],"collection":[{"href":"https:\/\/awo-fulda.de\/ru\/wp-json\/wp\/v2\/pages"}],"about":[{"href":"https:\/\/awo-fulda.de\/ru\/wp-json\/wp\/v2\/types\/page"}],"author":[{"embeddable":true,"href":"https:\/\/awo-fulda.de\/ru\/wp-json\/wp\/v2\/users\/1"}],"replies":[{"embeddable":true,"href":"https:\/\/awo-fulda.de\/ru\/wp-json\/wp\/v2\/comments?post=40"}],"version-history":[{"count":9,"href":"https:\/\/awo-fulda.de\/ru\/wp-json\/wp\/v2\/pages\/40\/revisions"}],"predecessor-version":[{"id":140613,"href":"https:\/\/awo-fulda.de\/ru\/wp-json\/wp\/v2\/pages\/40\/revisions\/140613"}],"wp:attachment":[{"href":"https:\/\/awo-fulda.de\/ru\/wp-json\/wp\/v2\/media?parent=40"}],"curies":[{"name":"wp","href":"https:\/\/api.w.org\/{rel}","templated":true}]}}