{"id":27625,"date":"2021-03-16T20:54:06","date_gmt":"2021-03-16T19:54:06","guid":{"rendered":"https:\/\/awo-fulda.de\/?page_id=27625"},"modified":"2022-09-29T22:29:38","modified_gmt":"2022-09-29T20:29:38","slug":"lasst-euch-erzaehlen-was-in-75-jahren-passiert-ist","status":"publish","type":"page","link":"https:\/\/awo-fulda.de\/ru\/lasst-euch-erzaehlen-was-in-75-jahren-passiert-ist\/","title":{"rendered":"Lasst Euch erz\u00e4hlen, was in 75 Jahren passiert ist."},"content":{"rendered":"\r\n<table style=\"border-collapse: collapse; width: 100%; height: 940px;\">\r\n<tbody>\r\n<tr style=\"height: 201px;\">\r\n<td style=\"width: 12.8906%; height: 201px;\">\r\n<h5><a class=\"dt-pswp-item\" href=\"https:\/\/awo-fulda.de\/wp-content\/uploads\/2021\/03\/Clipart-Comment-Boy.png\" data-dt-img-description=\"\" data-large_image_width=\"749\" data-large_image_height=\"748\"><img loading=\"lazy\" decoding=\"async\" class=\"alignnone  wp-image-27631\" src=\"https:\/\/awo-fulda.de\/wp-content\/uploads\/2021\/03\/Clipart-Comment-Boy.png\" alt=\"\" width=\"141\" height=\"141\" srcset=\"https:\/\/awo-fulda.de\/wp-content\/uploads\/2021\/03\/Clipart-Comment-Boy.png 749w, https:\/\/awo-fulda.de\/wp-content\/uploads\/2021\/03\/Clipart-Comment-Boy-480x480.png 480w, https:\/\/awo-fulda.de\/wp-content\/uploads\/2021\/03\/Clipart-Comment-Boy-640x640.png 640w, https:\/\/awo-fulda.de\/wp-content\/uploads\/2021\/03\/Clipart-Comment-Boy-300x300.png 300w\" sizes=\"auto, (max-width: 141px) 100vw, 141px\" \/><\/a><\/h5>\r\n<\/td>\r\n<td style=\"width: 87.1094%; height: 201px;\">\r\n<h5><strong>Gr\u00fcndungsjahr der AWO in Fulda war 1946:<\/strong> Das war unmittelbar nach dem Zweiten Weltkrieg. Die amerikanische Miltit\u00e4rregierung bestimmte das Leben. Nahrungsmittelwurden auf 1275 Kalorien rationiert und die Ami-Zigarette war die begehrteste W\u00e4hrung.<\/h5>\r\n<\/td>\r\n<\/tr>\r\n<tr style=\"height: 15px;\">\r\n<td style=\"width: 12.8906%; height: 15px;\">\r\n<h5><a class=\"dt-pswp-item\" href=\"https:\/\/awo-fulda.de\/wp-content\/uploads\/2021\/03\/Clipart-Comment-Zopf.png\" data-dt-img-description=\"\" data-large_image_width=\"962\" data-large_image_height=\"963\"><img loading=\"lazy\" decoding=\"async\" class=\"alignnone  wp-image-27628\" src=\"https:\/\/awo-fulda.de\/wp-content\/uploads\/2021\/03\/Clipart-Comment-Zopf.png\" alt=\"\" width=\"165\" height=\"165\" srcset=\"https:\/\/awo-fulda.de\/wp-content\/uploads\/2021\/03\/Clipart-Comment-Zopf.png 962w, https:\/\/awo-fulda.de\/wp-content\/uploads\/2021\/03\/Clipart-Comment-Zopf-480x480.png 480w, https:\/\/awo-fulda.de\/wp-content\/uploads\/2021\/03\/Clipart-Comment-Zopf-640x640.png 640w, https:\/\/awo-fulda.de\/wp-content\/uploads\/2021\/03\/Clipart-Comment-Zopf-300x300.png 300w, https:\/\/awo-fulda.de\/wp-content\/uploads\/2021\/03\/Clipart-Comment-Zopf-768x769.png 768w\" sizes=\"auto, (max-width: 165px) 100vw, 165px\" \/><\/a><\/h5>\r\n<\/td>\r\n<td style=\"width: 87.1094%; height: 15px;\">\r\n<h5>An Bitcoin war damals noch nicht zu denken<\/h5>\r\n<\/td>\r\n<\/tr>\r\n<tr style=\"height: 10px;\">\r\n<td style=\"width: 12.8906%; height: 10px;\">\r\n<h5><a class=\"dt-pswp-item\" href=\"https:\/\/awo-fulda.de\/wp-content\/uploads\/2021\/03\/Clipart-Comment-Boy.png\" data-dt-img-description=\"\" data-large_image_width=\"749\" data-large_image_height=\"748\"><img loading=\"lazy\" decoding=\"async\" class=\"alignnone  wp-image-27631\" src=\"https:\/\/awo-fulda.de\/wp-content\/uploads\/2021\/03\/Clipart-Comment-Boy.png\" alt=\"\" width=\"141\" height=\"141\" srcset=\"https:\/\/awo-fulda.de\/wp-content\/uploads\/2021\/03\/Clipart-Comment-Boy.png 749w, https:\/\/awo-fulda.de\/wp-content\/uploads\/2021\/03\/Clipart-Comment-Boy-480x480.png 480w, https:\/\/awo-fulda.de\/wp-content\/uploads\/2021\/03\/Clipart-Comment-Boy-640x640.png 640w, https:\/\/awo-fulda.de\/wp-content\/uploads\/2021\/03\/Clipart-Comment-Boy-300x300.png 300w\" sizes=\"auto, (max-width: 141px) 100vw, 141px\" \/><\/a><\/h5>\r\n<\/td>\r\n<td style=\"width: 87.1094%; height: 10px;\">\r\n<h5>Fulda war eine zerst\u00f6rte Stadt. Auf den Stra\u00dfen traf man st\u00e4ndig auf Fl\u00fcchtlinge und zur\u00fcckkehrende Kriegsteilnehmer sowie Scharen von herumirrenden Kindern und Jugendlichen, die ihre Familien verloren hatten.<\/h5>\r\n<h5>So kam es, dass sich einige M\u00e4nner und Frauen zusammentaten \u2013 allen voran Erna Hosemann \u2013 um im Juni 1946 die Arbeiterwohlfahrt in Fulda zu gr\u00fcnden. Sie k\u00fcmmerten sich um Bed\u00fcrftige, besorgten Nahrungsmittel und Schuhe. Und man traf sich, um Kleidung zu sortieren und neue aus gespendeten Teilen zusammenzun\u00e4hen.<\/h5>\r\n<\/td>\r\n<\/tr>\r\n<tr style=\"height: 10px;\">\r\n<td style=\"width: 12.8906%; height: 10px;\">\r\n<h5><a class=\"dt-pswp-item\" href=\"https:\/\/awo-fulda.de\/wp-content\/uploads\/2021\/03\/Clipart-Comment-Zopf.png\" data-dt-img-description=\"\" data-large_image_width=\"962\" data-large_image_height=\"963\"><img loading=\"lazy\" decoding=\"async\" class=\"alignnone  wp-image-27628\" src=\"https:\/\/awo-fulda.de\/wp-content\/uploads\/2021\/03\/Clipart-Comment-Zopf.png\" alt=\"\" width=\"165\" height=\"165\" srcset=\"https:\/\/awo-fulda.de\/wp-content\/uploads\/2021\/03\/Clipart-Comment-Zopf.png 962w, https:\/\/awo-fulda.de\/wp-content\/uploads\/2021\/03\/Clipart-Comment-Zopf-480x480.png 480w, https:\/\/awo-fulda.de\/wp-content\/uploads\/2021\/03\/Clipart-Comment-Zopf-640x640.png 640w, https:\/\/awo-fulda.de\/wp-content\/uploads\/2021\/03\/Clipart-Comment-Zopf-300x300.png 300w, https:\/\/awo-fulda.de\/wp-content\/uploads\/2021\/03\/Clipart-Comment-Zopf-768x769.png 768w\" sizes=\"auto, (max-width: 165px) 100vw, 165px\" \/><\/a><\/h5>\r\n<\/td>\r\n<td style=\"width: 87.1094%; height: 10px;\">\r\n<h5>Heute w\u00fcrde man das Upcycling nennen<\/h5>\r\n<\/td>\r\n<\/tr>\r\n<tr style=\"height: 10px;\">\r\n<td style=\"width: 12.8906%; height: 10px;\">\r\n<h5><a class=\"dt-pswp-item\" href=\"https:\/\/awo-fulda.de\/wp-content\/uploads\/2021\/03\/Clipart-Comment-Boy.png\" data-dt-img-description=\"\" data-large_image_width=\"749\" data-large_image_height=\"748\"><img loading=\"lazy\" decoding=\"async\" class=\"alignnone  wp-image-27631\" src=\"https:\/\/awo-fulda.de\/wp-content\/uploads\/2021\/03\/Clipart-Comment-Boy.png\" alt=\"\" width=\"141\" height=\"141\" srcset=\"https:\/\/awo-fulda.de\/wp-content\/uploads\/2021\/03\/Clipart-Comment-Boy.png 749w, https:\/\/awo-fulda.de\/wp-content\/uploads\/2021\/03\/Clipart-Comment-Boy-480x480.png 480w, https:\/\/awo-fulda.de\/wp-content\/uploads\/2021\/03\/Clipart-Comment-Boy-640x640.png 640w, https:\/\/awo-fulda.de\/wp-content\/uploads\/2021\/03\/Clipart-Comment-Boy-300x300.png 300w\" sizes=\"auto, (max-width: 141px) 100vw, 141px\" \/><\/a><\/h5>\r\n<\/td>\r\n<td style=\"width: 87.1094%; height: 10px;\">\r\n<h5>In den Familien herrschte der Hunger, deshalb wurde eine Schulspeisung eingef\u00fchrt. Die AWO \u00fcbernahm die Heinrich-von-Bibra-Schule. Meistens gab es eine d\u00fcnne Suppe<\/h5>\r\n<\/td>\r\n<\/tr>\r\n<tr style=\"height: 10px;\">\r\n<td style=\"width: 12.8906%; height: 10px;\">\r\n<h5><a class=\"dt-pswp-item\" href=\"https:\/\/awo-fulda.de\/wp-content\/uploads\/2021\/03\/Clipart-Comment-Zopf.png\" data-dt-img-description=\"\" data-large_image_width=\"962\" data-large_image_height=\"963\"><img loading=\"lazy\" decoding=\"async\" class=\"alignnone  wp-image-27628\" src=\"https:\/\/awo-fulda.de\/wp-content\/uploads\/2021\/03\/Clipart-Comment-Zopf.png\" alt=\"\" width=\"165\" height=\"165\" srcset=\"https:\/\/awo-fulda.de\/wp-content\/uploads\/2021\/03\/Clipart-Comment-Zopf.png 962w, https:\/\/awo-fulda.de\/wp-content\/uploads\/2021\/03\/Clipart-Comment-Zopf-480x480.png 480w, https:\/\/awo-fulda.de\/wp-content\/uploads\/2021\/03\/Clipart-Comment-Zopf-640x640.png 640w, https:\/\/awo-fulda.de\/wp-content\/uploads\/2021\/03\/Clipart-Comment-Zopf-300x300.png 300w, https:\/\/awo-fulda.de\/wp-content\/uploads\/2021\/03\/Clipart-Comment-Zopf-768x769.png 768w\" sizes=\"auto, (max-width: 165px) 100vw, 165px\" \/><\/a><\/h5>\r\n<\/td>\r\n<td style=\"width: 87.1094%; height: 10px;\">\r\n<h5>Also damals noch keinen eleganten Coffee-to-go.<\/h5>\r\n<\/td>\r\n<\/tr>\r\n<tr style=\"height: 10px;\">\r\n<td style=\"width: 12.8906%; height: 10px;\">\r\n<h5><a class=\"dt-pswp-item\" href=\"https:\/\/awo-fulda.de\/wp-content\/uploads\/2021\/03\/Clipart-Comment-Boy.png\" data-dt-img-description=\"\" data-large_image_width=\"749\" data-large_image_height=\"748\"><img loading=\"lazy\" decoding=\"async\" class=\"alignnone  wp-image-27631\" src=\"https:\/\/awo-fulda.de\/wp-content\/uploads\/2021\/03\/Clipart-Comment-Boy.png\" alt=\"\" width=\"141\" height=\"141\" srcset=\"https:\/\/awo-fulda.de\/wp-content\/uploads\/2021\/03\/Clipart-Comment-Boy.png 749w, https:\/\/awo-fulda.de\/wp-content\/uploads\/2021\/03\/Clipart-Comment-Boy-480x480.png 480w, https:\/\/awo-fulda.de\/wp-content\/uploads\/2021\/03\/Clipart-Comment-Boy-640x640.png 640w, https:\/\/awo-fulda.de\/wp-content\/uploads\/2021\/03\/Clipart-Comment-Boy-300x300.png 300w\" sizes=\"auto, (max-width: 141px) 100vw, 141px\" \/><\/a><\/h5>\r\n<\/td>\r\n<td style=\"width: 87.1094%; height: 10px;\">\r\n<h5>Die Spendensammlungen pr\u00e4gten die Anfangsjahre. Lichtpunkte waren gesellige Feiern und Ausfl\u00fcge. Auch Zeltlager f\u00fcr Jugendliche wurden schon organisiert<\/h5>\r\n<\/td>\r\n<\/tr>\r\n<tr style=\"height: 12px;\">\r\n<td style=\"width: 12.8906%; height: 12px;\">\r\n<h5><a class=\"dt-pswp-item\" href=\"https:\/\/awo-fulda.de\/wp-content\/uploads\/2021\/03\/Clipart-Comment-Zopf.png\" data-dt-img-description=\"\" data-large_image_width=\"962\" data-large_image_height=\"963\"><img loading=\"lazy\" decoding=\"async\" class=\"alignnone  wp-image-27628\" src=\"https:\/\/awo-fulda.de\/wp-content\/uploads\/2021\/03\/Clipart-Comment-Zopf.png\" alt=\"\" width=\"165\" height=\"165\" srcset=\"https:\/\/awo-fulda.de\/wp-content\/uploads\/2021\/03\/Clipart-Comment-Zopf.png 962w, https:\/\/awo-fulda.de\/wp-content\/uploads\/2021\/03\/Clipart-Comment-Zopf-480x480.png 480w, https:\/\/awo-fulda.de\/wp-content\/uploads\/2021\/03\/Clipart-Comment-Zopf-640x640.png 640w, https:\/\/awo-fulda.de\/wp-content\/uploads\/2021\/03\/Clipart-Comment-Zopf-300x300.png 300w, https:\/\/awo-fulda.de\/wp-content\/uploads\/2021\/03\/Clipart-Comment-Zopf-768x769.png 768w\" sizes=\"auto, (max-width: 165px) 100vw, 165px\" \/><\/a><\/h5>\r\n<\/td>\r\n<td style=\"width: 87.1094%; height: 12px;\">\r\n<h5>Luftmatratzen waren was Neuartiges, genau wie Nylonstr\u00fcmpfe \u2013 und \u201eAnimateur\u201c war ein Akkordeonspieler.<\/h5>\r\n<\/td>\r\n<\/tr>\r\n<tr style=\"height: 16px;\">\r\n<td style=\"width: 12.8906%; height: 16px;\">\r\n<h5><a class=\"dt-pswp-item\" href=\"https:\/\/awo-fulda.de\/wp-content\/uploads\/2021\/03\/Clipart-Comment-Boy.png\" data-dt-img-description=\"\" data-large_image_width=\"749\" data-large_image_height=\"748\"><img loading=\"lazy\" decoding=\"async\" class=\"alignnone  wp-image-27631\" src=\"https:\/\/awo-fulda.de\/wp-content\/uploads\/2021\/03\/Clipart-Comment-Boy.png\" alt=\"\" width=\"141\" height=\"141\" srcset=\"https:\/\/awo-fulda.de\/wp-content\/uploads\/2021\/03\/Clipart-Comment-Boy.png 749w, https:\/\/awo-fulda.de\/wp-content\/uploads\/2021\/03\/Clipart-Comment-Boy-480x480.png 480w, https:\/\/awo-fulda.de\/wp-content\/uploads\/2021\/03\/Clipart-Comment-Boy-640x640.png 640w, https:\/\/awo-fulda.de\/wp-content\/uploads\/2021\/03\/Clipart-Comment-Boy-300x300.png 300w\" sizes=\"auto, (max-width: 141px) 100vw, 141px\" \/><\/a><\/h5>\r\n<\/td>\r\n<td style=\"width: 87.1094%; height: 16px;\">\r\n<h5><strong>In den weiteren Jahren gab es eine rasante Entwicklung. <\/strong>Lebens- und Sozialberatung wurden schon bald angeboten ebenso wie Hausaufgabenhilfe. Vielen Frauen und Kindern wurden Erholungsaufenthalte vermittelt.<\/h5>\r\n<h5>1965 er\u00f6ffnete das AWO Altenheim in Ziehers-Nord, das nach Erna Hosemann benannt wurde. Ein Mittagstisch f\u00fcr Senioren und Essen auf R\u00e4dern waren neuartig.<\/h5>\r\n<h5>1975 \u00fcbernahm die AWO die Betreuung der t\u00fcrkischen Gastarbeiterfamilien. Sie besorgte auch R\u00e4umlichkeiten f\u00fcr deren Treffen. <br \/>Und sie vermittelte z.B. auch, wenn die Polizei wegen unerlaubten Schlachtens gerufen wurde.<\/h5>\r\n<h5>Sehr bekannt ist das Projekt Lohn und Brot f\u00fcr die Eingliederung von Jugendlichen in die Gesellschaft. Das Pilotprojekt startete 1980. Der Betreuungsverein wurde 1992 anerkannt, die Schuldner- und Insolvenzberatung 1998.<\/h5>\r\n<\/td>\r\n<\/tr>\r\n<tr style=\"height: 172px;\">\r\n<td style=\"width: 12.8906%; height: 172px;\">\r\n<h5><a class=\"dt-pswp-item\" href=\"https:\/\/awo-fulda.de\/wp-content\/uploads\/2021\/03\/Clipart-Comment-Zopf.png\" data-dt-img-description=\"\" data-large_image_width=\"962\" data-large_image_height=\"963\"><img loading=\"lazy\" decoding=\"async\" class=\"alignnone  wp-image-27628\" src=\"https:\/\/awo-fulda.de\/wp-content\/uploads\/2021\/03\/Clipart-Comment-Zopf.png\" alt=\"\" width=\"165\" height=\"165\" srcset=\"https:\/\/awo-fulda.de\/wp-content\/uploads\/2021\/03\/Clipart-Comment-Zopf.png 962w, https:\/\/awo-fulda.de\/wp-content\/uploads\/2021\/03\/Clipart-Comment-Zopf-480x480.png 480w, https:\/\/awo-fulda.de\/wp-content\/uploads\/2021\/03\/Clipart-Comment-Zopf-640x640.png 640w, https:\/\/awo-fulda.de\/wp-content\/uploads\/2021\/03\/Clipart-Comment-Zopf-300x300.png 300w, https:\/\/awo-fulda.de\/wp-content\/uploads\/2021\/03\/Clipart-Comment-Zopf-768x769.png 768w\" sizes=\"auto, (max-width: 165px) 100vw, 165px\" \/><\/a><\/h5>\r\n<\/td>\r\n<td style=\"width: 87.1094%; height: 172px;\">\r\n<h5>\u00a0<\/h5>\r\n<h5>Die Fahrradwerkstatt ist cool. Und seit 1999 gibt es jedes Jahr den Fahrradbasar an der Hochschule.<\/h5>\r\n<h5><strong>\u00a0<\/strong><\/h5>\r\n<\/td>\r\n<\/tr>\r\n<tr style=\"height: 166px;\">\r\n<td style=\"width: 12.8906%; height: 166px;\">\r\n<h5><a class=\"dt-pswp-item\" href=\"https:\/\/awo-fulda.de\/wp-content\/uploads\/2021\/03\/Clipart-Comment-Boy.png\" data-dt-img-description=\"\" data-large_image_width=\"749\" data-large_image_height=\"748\"><img loading=\"lazy\" decoding=\"async\" class=\"alignnone  wp-image-27631\" src=\"https:\/\/awo-fulda.de\/wp-content\/uploads\/2021\/03\/Clipart-Comment-Boy.png\" alt=\"\" width=\"141\" height=\"141\" srcset=\"https:\/\/awo-fulda.de\/wp-content\/uploads\/2021\/03\/Clipart-Comment-Boy.png 749w, https:\/\/awo-fulda.de\/wp-content\/uploads\/2021\/03\/Clipart-Comment-Boy-480x480.png 480w, https:\/\/awo-fulda.de\/wp-content\/uploads\/2021\/03\/Clipart-Comment-Boy-640x640.png 640w, https:\/\/awo-fulda.de\/wp-content\/uploads\/2021\/03\/Clipart-Comment-Boy-300x300.png 300w\" sizes=\"auto, (max-width: 141px) 100vw, 141px\" \/><\/a><\/h5>\r\n<\/td>\r\n<td style=\"width: 87.1094%; height: 166px;\">\r\n<h5>In den letzten 20 Jahren kamen weitere T\u00e4tigkeitsfelder hinzu. Die ambulante Kinder- und Jugendhilfe, Eltern- und Familienbildung, Soziale Betreuung Gefl\u00fcchteter und Integration von Menschen mit Migrationshintergrund spielen eine gro\u00dfe Rolle.<\/h5>\r\n<h5>Die AWO ist Tr\u00e4ger einer Kita und betreibt mehrere Begegnungszentren. \u00dcber 500 Ehrenamtliche und \u00dcbungsleiter sowie 120 hauptamtliche Mitarbeitende tragen zu einem Gelingen der Angebote bei. Wir sind froh, dass uns so viele Menschen aktiv unterst\u00fctzen.<\/h5>\r\n<\/td>\r\n<\/tr>\r\n<tr style=\"height: 77px;\">\r\n<td style=\"width: 12.8906%; height: 77px;\">\r\n<h5><a class=\"dt-pswp-item\" href=\"https:\/\/awo-fulda.de\/wp-content\/uploads\/2021\/03\/Clipart-Comment-Zopf.png\" data-dt-img-description=\"\" data-large_image_width=\"962\" data-large_image_height=\"963\"><img loading=\"lazy\" decoding=\"async\" class=\"alignnone  wp-image-27628\" src=\"https:\/\/awo-fulda.de\/wp-content\/uploads\/2021\/03\/Clipart-Comment-Zopf.png\" alt=\"\" width=\"165\" height=\"165\" srcset=\"https:\/\/awo-fulda.de\/wp-content\/uploads\/2021\/03\/Clipart-Comment-Zopf.png 962w, https:\/\/awo-fulda.de\/wp-content\/uploads\/2021\/03\/Clipart-Comment-Zopf-480x480.png 480w, https:\/\/awo-fulda.de\/wp-content\/uploads\/2021\/03\/Clipart-Comment-Zopf-640x640.png 640w, https:\/\/awo-fulda.de\/wp-content\/uploads\/2021\/03\/Clipart-Comment-Zopf-300x300.png 300w, https:\/\/awo-fulda.de\/wp-content\/uploads\/2021\/03\/Clipart-Comment-Zopf-768x769.png 768w\" sizes=\"auto, (max-width: 165px) 100vw, 165px\" \/><\/a><\/h5>\r\n<\/td>\r\n<td style=\"width: 87.1094%; height: 77px;\">\r\n<h5><strong>AWO in Fulda: seit 75 Jahren sozial \u2013 kompetent \u2013 dynamisch.<\/strong><\/h5>\r\n<\/td>\r\n<\/tr>\r\n<tr>\r\n<td style=\"width: 12.8906%;\">\r\n<h5>\u00a0<\/h5>\r\n<\/td>\r\n<td style=\"width: 87.1094%; text-align: right;\">\r\n<pre><strong>Cliparts: pexels.com<br \/><\/strong><\/pre>\r\n<\/td>\r\n<\/tr>\r\n<\/tbody>\r\n<\/table>\r\n<h5>\u00a0<\/h5>\r\n<h5><strong>\u00a0<\/strong><\/h5>\r\n","protected":false},"excerpt":{"rendered":"<p>Gr\u00fcndungsjahr der AWO in Fulda war 1946: Das war unmittelbar nach dem Zweiten Weltkrieg. Die amerikanische Miltit\u00e4rregierung bestimmte das Leben. Nahrungsmittelwurden auf 1275 Kalorien rationiert und die Ami-Zigarette war die&hellip;<\/p>\n","protected":false},"author":6,"featured_media":0,"parent":0,"menu_order":0,"comment_status":"closed","ping_status":"closed","template":"","meta":{"_editorskit_title_hidden":false,"_editorskit_reading_time":0,"_editorskit_is_block_options_detached":false,"_editorskit_block_options_position":"{}","footnotes":""},"class_list":["post-27625","page","type-page","status-publish","hentry","description-off"],"translation":{"provider":"WPGlobus","version":"3.0.2","language":"ru","enabled_languages":["de","en","fr","ru","ar","tr","fa"],"languages":{"de":{"title":true,"content":true,"excerpt":false},"en":{"title":true,"content":true,"excerpt":false},"fr":{"title":false,"content":false,"excerpt":false},"ru":{"title":false,"content":false,"excerpt":false},"ar":{"title":false,"content":false,"excerpt":false},"tr":{"title":false,"content":false,"excerpt":false},"fa":{"title":false,"content":false,"excerpt":false}}},"_links":{"self":[{"href":"https:\/\/awo-fulda.de\/ru\/wp-json\/wp\/v2\/pages\/27625","targetHints":{"allow":["GET"]}}],"collection":[{"href":"https:\/\/awo-fulda.de\/ru\/wp-json\/wp\/v2\/pages"}],"about":[{"href":"https:\/\/awo-fulda.de\/ru\/wp-json\/wp\/v2\/types\/page"}],"author":[{"embeddable":true,"href":"https:\/\/awo-fulda.de\/ru\/wp-json\/wp\/v2\/users\/6"}],"replies":[{"embeddable":true,"href":"https:\/\/awo-fulda.de\/ru\/wp-json\/wp\/v2\/comments?post=27625"}],"version-history":[{"count":5,"href":"https:\/\/awo-fulda.de\/ru\/wp-json\/wp\/v2\/pages\/27625\/revisions"}],"predecessor-version":[{"id":115840,"href":"https:\/\/awo-fulda.de\/ru\/wp-json\/wp\/v2\/pages\/27625\/revisions\/115840"}],"wp:attachment":[{"href":"https:\/\/awo-fulda.de\/ru\/wp-json\/wp\/v2\/media?parent=27625"}],"curies":[{"name":"wp","href":"https:\/\/api.w.org\/{rel}","templated":true}]}}