{"id":15509,"date":"2018-05-21T20:10:16","date_gmt":"2018-05-21T18:10:16","guid":{"rendered":"https:\/\/awo-fulda.de\/?page_id=15509"},"modified":"2023-06-10T15:18:36","modified_gmt":"2023-06-10T13:18:36","slug":"vielfalt","status":"publish","type":"page","link":"https:\/\/awo-fulda.de\/ru\/vielfalt\/","title":{"rendered":"Wir leben Vielfalt"},"content":{"rendered":"<p>&nbsp;<\/p>\n<table style=\"height: 41px;\" width=\"1039\">\n<tbody>\n<tr>\n<td style=\"width: 339px;\"><img loading=\"lazy\" decoding=\"async\" class=\"alignnone size-medium wp-image-15244\" src=\"https:\/\/awo-fulda.de\/wp-content\/uploads\/2018\/05\/mgh3-480x270.jpg\" alt=\"\" width=\"480\" height=\"270\" srcset=\"https:\/\/awo-fulda.de\/wp-content\/uploads\/2018\/05\/mgh3-480x270.jpg 480w, https:\/\/awo-fulda.de\/wp-content\/uploads\/2018\/05\/mgh3-768x432.jpg 768w, https:\/\/awo-fulda.de\/wp-content\/uploads\/2018\/05\/mgh3-640x360.jpg 640w, https:\/\/awo-fulda.de\/wp-content\/uploads\/2018\/05\/mgh3.jpg 1600w\" sizes=\"auto, (max-width: 480px) 100vw, 480px\" \/><\/td>\n<td style=\"width: 339px;\"><img loading=\"lazy\" decoding=\"async\" class=\"alignnone size-medium wp-image-15453\" src=\"https:\/\/awo-fulda.de\/wp-content\/uploads\/2018\/05\/Rassismusbutton-480x270.jpg\" alt=\"\" width=\"480\" height=\"270\" srcset=\"https:\/\/awo-fulda.de\/wp-content\/uploads\/2018\/05\/Rassismusbutton-480x270.jpg 480w, https:\/\/awo-fulda.de\/wp-content\/uploads\/2018\/05\/Rassismusbutton-768x432.jpg 768w, https:\/\/awo-fulda.de\/wp-content\/uploads\/2018\/05\/Rassismusbutton-640x360.jpg 640w, https:\/\/awo-fulda.de\/wp-content\/uploads\/2018\/05\/Rassismusbutton.jpg 1600w\" sizes=\"auto, (max-width: 480px) 100vw, 480px\" \/><\/td>\n<td style=\"width: 339px;\"><img loading=\"lazy\" decoding=\"async\" class=\"alignnone wp-image-205 size-medium\" src=\"https:\/\/awo-fulda.de\/wp-content\/uploads\/2017\/11\/04-e1527102934632-480x269.jpg\" alt=\"\" width=\"480\" height=\"269\" srcset=\"https:\/\/awo-fulda.de\/wp-content\/uploads\/2017\/11\/04-e1527102934632-480x269.jpg 480w, https:\/\/awo-fulda.de\/wp-content\/uploads\/2017\/11\/04-e1527102934632-768x431.jpg 768w, https:\/\/awo-fulda.de\/wp-content\/uploads\/2017\/11\/04-e1527102934632-640x359.jpg 640w, https:\/\/awo-fulda.de\/wp-content\/uploads\/2017\/11\/04-e1527102934632.jpg 1598w\" sizes=\"auto, (max-width: 480px) 100vw, 480px\" \/><\/td>\n<\/tr>\n<\/tbody>\n<\/table>\n<p><strong>Das Geben und Nehmen von Zuwendung, Wissen und Zeit ist eine Bereicherung<\/strong><\/p>\n<p>Der AWO Kreisverband Fulda hat sich schon 1979 f\u00fcr die Belange der als Gastarbeiter zu uns gekommenen Menschen eingesetzt und z.B. die Gr\u00fcndung des Vereins der t\u00fcrkischen Arbeitnehmer in Fulda unterst\u00fctzt. Ebenso lange gibt es schon die Beratung f\u00fcr Frauen aus dem islamischen Kulturkreis und auch die aufsuchende Jugendarbeit, aus der das Projekt Lohn und Brot entstanden ist, arbeitet von Beginn an mit jungen M\u00e4nnern mit Migrationshintergrund. Unsere Gemeinwesenarbeit und Begegnungsst\u00e4tten f\u00fchren wir bevorzugt in Gebieten mit einem hohen Migrantenanteil durch.<\/p>\n<p><strong>Wir wollen Mittler zwischen verschiedenen Kulturen und Lebensvorstellungen sein.<\/strong><\/p>\n<p>Daf\u00fcr ist es wichtig, den Zugang der Menschen zur AWO so unkompliziert wie m\u00f6glich zu gestalten. Der AWO Kreisverband Fulda hat sich zur interkulturellen \u00d6ffnung in allen Arbeitsbereichen verpflichtet. Dadurch sind viele Menschen mit &#8220;Migrationshintergrund&#8221; zu uns gekommen:<\/p>\n<ul>\n<li>AWO MitarbeiterInnen: 45 %<\/li>\n<li>Ehrenamtliche: 33 %<\/li>\n<\/ul>\n<p><strong>Diese gelebte Vielfalt bezieht sich aber nicht nur auf die Herkunft. <\/strong><\/p>\n<p>Unsere Begegnungsst\u00e4tten sind f\u00fcr alle offen, egal welche Religion, welche sexuelle Orientierung oder welchen sozialen Status jemand hat.<\/p>\n<p>Wir versuchen auch, den Zugang f\u00fcr Menschen mit k\u00f6rperlich-geistigen Einschr\u00e4nkungen zu erm\u00f6glichen. Dazu gibt es z.B. Informationen in leichter Sprache und mobile Rampen zum \u00dcberwinden von Hindernissen.<\/p>\n<p>Die AWO ist zwar ein Verband mit langer Tradition, aber unsere Werte \u201eOffenheit \u2013 Gleichheit \u2013 Toleranz\u201c wappnen uns f\u00fcr die Zukunft.<\/p>\n<p>&nbsp;<\/p>\n<p>&nbsp;<\/p>\n<table style=\"border-collapse: collapse; width: 100%;\">\n<tbody>\n<tr>\n<td style=\"width: 50%;\"><a class=\"dt-pswp-item\" href=\"https:\/\/awo-fulda.de\/wp-content\/uploads\/2023\/06\/Flyer-Vielfalt-2.jpg\" data-dt-img-description=\"\" data-large_image_width=\"1254\" data-large_image_height=\"888\"><img loading=\"lazy\" decoding=\"async\" class=\"aligncenter size-full wp-image-124011\" src=\"https:\/\/awo-fulda.de\/wp-content\/uploads\/2023\/06\/Flyer-Vielfalt-2.jpg\" alt=\"\" width=\"1254\" height=\"888\" srcset=\"https:\/\/awo-fulda.de\/wp-content\/uploads\/2023\/06\/Flyer-Vielfalt-2.jpg 1254w, https:\/\/awo-fulda.de\/wp-content\/uploads\/2023\/06\/Flyer-Vielfalt-2-480x340.jpg 480w, https:\/\/awo-fulda.de\/wp-content\/uploads\/2023\/06\/Flyer-Vielfalt-2-640x453.jpg 640w, https:\/\/awo-fulda.de\/wp-content\/uploads\/2023\/06\/Flyer-Vielfalt-2-768x544.jpg 768w\" sizes=\"auto, (max-width: 1254px) 100vw, 1254px\" \/><\/a><\/td>\n<td style=\"width: 50%;\"><a class=\"dt-pswp-item\" href=\"https:\/\/awo-fulda.de\/wp-content\/uploads\/2023\/06\/Flyer-Vielfalt-1.jpg\" data-dt-img-description=\"\" data-large_image_width=\"1252\" data-large_image_height=\"882\"><img loading=\"lazy\" decoding=\"async\" class=\"aligncenter size-full wp-image-124010\" src=\"https:\/\/awo-fulda.de\/wp-content\/uploads\/2023\/06\/Flyer-Vielfalt-1.jpg\" alt=\"\" width=\"1252\" height=\"882\" srcset=\"https:\/\/awo-fulda.de\/wp-content\/uploads\/2023\/06\/Flyer-Vielfalt-1.jpg 1252w, https:\/\/awo-fulda.de\/wp-content\/uploads\/2023\/06\/Flyer-Vielfalt-1-480x338.jpg 480w, https:\/\/awo-fulda.de\/wp-content\/uploads\/2023\/06\/Flyer-Vielfalt-1-640x451.jpg 640w, https:\/\/awo-fulda.de\/wp-content\/uploads\/2023\/06\/Flyer-Vielfalt-1-768x541.jpg 768w\" sizes=\"auto, (max-width: 1252px) 100vw, 1252px\" \/><\/a><\/td>\n<\/tr>\n<\/tbody>\n<\/table>\n<p>&nbsp;<\/p>\n<h3>Video zum Thema &#8220;Interkulturelle \u00d6ffnung&#8221;:<\/h3>\n<p><iframe loading=\"lazy\" title=\"Leitsatz - Interkulturelle \u00d6ffnung\" width=\"1200\" height=\"675\" src=\"https:\/\/www.youtube.com\/embed\/8A8s9KYx55o?feature=oembed\" frameborder=\"0\" allow=\"accelerometer; autoplay; clipboard-write; encrypted-media; gyroscope; picture-in-picture; web-share\" allowfullscreen><\/iframe><\/p>\n","protected":false},"excerpt":{"rendered":"<p>&nbsp; Das Geben und Nehmen von Zuwendung, Wissen und Zeit ist eine Bereicherung Der AWO Kreisverband Fulda hat sich schon 1979 f\u00fcr die Belange der als Gastarbeiter zu uns gekommenen&hellip;<\/p>\n","protected":false},"author":6,"featured_media":0,"parent":0,"menu_order":0,"comment_status":"closed","ping_status":"closed","template":"","meta":{"_editorskit_title_hidden":false,"_editorskit_reading_time":0,"_editorskit_is_block_options_detached":false,"_editorskit_block_options_position":"{}","footnotes":""},"class_list":["post-15509","page","type-page","status-publish","hentry","description-off"],"translation":{"provider":"WPGlobus","version":"3.0.2","language":"ru","enabled_languages":["de","en","fr","ru","ar","tr","fa"],"languages":{"de":{"title":true,"content":true,"excerpt":false},"en":{"title":true,"content":true,"excerpt":false},"fr":{"title":false,"content":false,"excerpt":false},"ru":{"title":false,"content":false,"excerpt":false},"ar":{"title":false,"content":false,"excerpt":false},"tr":{"title":false,"content":false,"excerpt":false},"fa":{"title":false,"content":false,"excerpt":false}}},"_links":{"self":[{"href":"https:\/\/awo-fulda.de\/ru\/wp-json\/wp\/v2\/pages\/15509","targetHints":{"allow":["GET"]}}],"collection":[{"href":"https:\/\/awo-fulda.de\/ru\/wp-json\/wp\/v2\/pages"}],"about":[{"href":"https:\/\/awo-fulda.de\/ru\/wp-json\/wp\/v2\/types\/page"}],"author":[{"embeddable":true,"href":"https:\/\/awo-fulda.de\/ru\/wp-json\/wp\/v2\/users\/6"}],"replies":[{"embeddable":true,"href":"https:\/\/awo-fulda.de\/ru\/wp-json\/wp\/v2\/comments?post=15509"}],"version-history":[{"count":28,"href":"https:\/\/awo-fulda.de\/ru\/wp-json\/wp\/v2\/pages\/15509\/revisions"}],"predecessor-version":[{"id":124056,"href":"https:\/\/awo-fulda.de\/ru\/wp-json\/wp\/v2\/pages\/15509\/revisions\/124056"}],"wp:attachment":[{"href":"https:\/\/awo-fulda.de\/ru\/wp-json\/wp\/v2\/media?parent=15509"}],"curies":[{"name":"wp","href":"https:\/\/api.w.org\/{rel}","templated":true}]}}