{"id":139619,"date":"2025-04-01T11:09:35","date_gmt":"2025-04-01T09:09:35","guid":{"rendered":"https:\/\/awo-fulda.de\/?page_id=139619"},"modified":"2025-05-06T09:33:51","modified_gmt":"2025-05-06T07:33:51","slug":"schuldnerberatungsstelle-lk-hersfeld-rotenburg","status":"publish","type":"page","link":"https:\/\/awo-fulda.de\/ru\/schuldnerberatungsstelle-lk-hersfeld-rotenburg\/","title":{"rendered":"Schuldner- und Insolvenzberatung (LK Hersfeld-Rotenburg)"},"content":{"rendered":"\n<table style=\"height: 76px;\" width=\"1367\">\n<tbody>\n<tr>\n<td style=\"width: 448.333px;\"><img loading=\"lazy\" decoding=\"async\" class=\"alignnone size-large wp-image-15271\" src=\"https:\/\/awo-fulda.de\/wp-content\/uploads\/2018\/05\/Un-Job-2-640x360.jpg\" alt=\"\" width=\"640\" height=\"360\" srcset=\"https:\/\/awo-fulda.de\/wp-content\/uploads\/2018\/05\/Un-Job-2-640x360.jpg 640w, https:\/\/awo-fulda.de\/wp-content\/uploads\/2018\/05\/Un-Job-2-480x270.jpg 480w, https:\/\/awo-fulda.de\/wp-content\/uploads\/2018\/05\/Un-Job-2-768x432.jpg 768w, https:\/\/awo-fulda.de\/wp-content\/uploads\/2018\/05\/Un-Job-2.jpg 1600w\" sizes=\"auto, (max-width: 640px) 100vw, 640px\" \/><\/td>\n<td style=\"width: 448.333px;\"><img loading=\"lazy\" decoding=\"async\" class=\"alignnone size-medium wp-image-15347\" src=\"https:\/\/awo-fulda.de\/wp-content\/uploads\/2018\/05\/Leere-Taschen-480x270.jpg\" alt=\"\" width=\"480\" height=\"270\" srcset=\"https:\/\/awo-fulda.de\/wp-content\/uploads\/2018\/05\/Leere-Taschen-480x270.jpg 480w, https:\/\/awo-fulda.de\/wp-content\/uploads\/2018\/05\/Leere-Taschen-768x432.jpg 768w, https:\/\/awo-fulda.de\/wp-content\/uploads\/2018\/05\/Leere-Taschen-640x360.jpg 640w, https:\/\/awo-fulda.de\/wp-content\/uploads\/2018\/05\/Leere-Taschen.jpg 1600w\" sizes=\"auto, (max-width: 480px) 100vw, 480px\" \/><\/td>\n<td style=\"width: 448.333px;\"><img loading=\"lazy\" decoding=\"async\" class=\"size-medium wp-image-15342 alignnone\" src=\"https:\/\/awo-fulda.de\/wp-content\/uploads\/2018\/05\/Taschenrechner-480x270.jpg\" alt=\"\" width=\"480\" height=\"270\" srcset=\"https:\/\/awo-fulda.de\/wp-content\/uploads\/2018\/05\/Taschenrechner-480x270.jpg 480w, https:\/\/awo-fulda.de\/wp-content\/uploads\/2018\/05\/Taschenrechner-768x432.jpg 768w, https:\/\/awo-fulda.de\/wp-content\/uploads\/2018\/05\/Taschenrechner-640x360.jpg 640w, https:\/\/awo-fulda.de\/wp-content\/uploads\/2018\/05\/Taschenrechner.jpg 1600w\" sizes=\"auto, (max-width: 480px) 100vw, 480px\" \/><\/td>\n<\/tr>\n<\/tbody>\n<\/table>\n<p>Die Schuldnerberatung hat in den letzten Jahren an Brisanz zugenommen. Immer mehr Menschen kommen \u00fcber Arbeitslosigkeit und soziale Notlagen zur Verschuldung. Ihnen mit Rat und Tat zur Seite zu stehen, ist eine wichtige gesellschaftspolitische Aufgabe. Durch Verschuldung kommen gr\u00f6\u00dftenteils andere soziale Probleme hinzu, die im Interesse der Gesellschaft und des einzelnen vermieden werden m\u00fcssen.<\/p>\n<p>Die Schuldnerberatung wird vom Land Hessen und dem Landkreis Hersfeld-Rotenburg finanziert und unter der Tr\u00e4gerschaft der Arbeiterwohlfahrt Kreisverbands Fulda e.V. betrieben. Beratungen sind an den Standorten in <strong>Bad Hersfeld<\/strong> und <strong>Bebra<\/strong> m\u00f6glich.<\/p>\n<p>Beratungstermine sind nach <strong>vorheriger<\/strong> Terminvereinbarungen m\u00f6glich.<\/p>\n","protected":false},"excerpt":{"rendered":"<p>Die Schuldnerberatung hat in den letzten Jahren an Brisanz zugenommen. Immer mehr Menschen kommen \u00fcber Arbeitslosigkeit und soziale Notlagen zur Verschuldung. Ihnen mit Rat und Tat zur Seite zu stehen,&hellip;<\/p>\n","protected":false},"author":55,"featured_media":0,"parent":0,"menu_order":0,"comment_status":"closed","ping_status":"closed","template":"","meta":{"_editorskit_title_hidden":false,"_editorskit_reading_time":0,"_editorskit_is_block_options_detached":false,"_editorskit_block_options_position":"{}","footnotes":""},"class_list":["post-139619","page","type-page","status-publish","hentry","description-off"],"translation":{"provider":"WPGlobus","version":"3.0.2","language":"ru","enabled_languages":["de","en","fr","ru","ar","tr","fa"],"languages":{"de":{"title":true,"content":true,"excerpt":false},"en":{"title":false,"content":false,"excerpt":false},"fr":{"title":false,"content":false,"excerpt":false},"ru":{"title":false,"content":false,"excerpt":false},"ar":{"title":false,"content":false,"excerpt":false},"tr":{"title":false,"content":false,"excerpt":false},"fa":{"title":false,"content":false,"excerpt":false}}},"_links":{"self":[{"href":"https:\/\/awo-fulda.de\/ru\/wp-json\/wp\/v2\/pages\/139619","targetHints":{"allow":["GET"]}}],"collection":[{"href":"https:\/\/awo-fulda.de\/ru\/wp-json\/wp\/v2\/pages"}],"about":[{"href":"https:\/\/awo-fulda.de\/ru\/wp-json\/wp\/v2\/types\/page"}],"author":[{"embeddable":true,"href":"https:\/\/awo-fulda.de\/ru\/wp-json\/wp\/v2\/users\/55"}],"replies":[{"embeddable":true,"href":"https:\/\/awo-fulda.de\/ru\/wp-json\/wp\/v2\/comments?post=139619"}],"version-history":[{"count":6,"href":"https:\/\/awo-fulda.de\/ru\/wp-json\/wp\/v2\/pages\/139619\/revisions"}],"predecessor-version":[{"id":139765,"href":"https:\/\/awo-fulda.de\/ru\/wp-json\/wp\/v2\/pages\/139619\/revisions\/139765"}],"wp:attachment":[{"href":"https:\/\/awo-fulda.de\/ru\/wp-json\/wp\/v2\/media?parent=139619"}],"curies":[{"name":"wp","href":"https:\/\/api.w.org\/{rel}","templated":true}]}}