{"id":114427,"date":"2022-09-03T15:25:08","date_gmt":"2022-09-03T13:25:08","guid":{"rendered":"https:\/\/awo-fulda.de\/?page_id=114427"},"modified":"2022-10-03T14:14:28","modified_gmt":"2022-10-03T12:14:28","slug":"jubilaeumsausstellung-rahmenprogramm","status":"publish","type":"page","link":"https:\/\/awo-fulda.de\/ru\/jubilaeumsausstellung-rahmenprogramm\/","title":{"rendered":"Jubil\u00e4umsausstellung &#8211; Rahmenprogramm"},"content":{"rendered":"\r\n<p><a class=\"dt-pswp-item\" href=\"https:\/\/awo-fulda.de\/wp-content\/uploads\/2022\/09\/Plakat-als-jpg-1.jpg\" data-dt-img-description=\"\" data-large_image_width=\"627\" data-large_image_height=\"889\"><img loading=\"lazy\" decoding=\"async\" class=\"wp-image-114430 alignright\" src=\"https:\/\/awo-fulda.de\/wp-content\/uploads\/2022\/09\/Plakat-als-jpg-1.jpg\" alt=\"\" width=\"814\" height=\"1154\" srcset=\"https:\/\/awo-fulda.de\/wp-content\/uploads\/2022\/09\/Plakat-als-jpg-1.jpg 627w, https:\/\/awo-fulda.de\/wp-content\/uploads\/2022\/09\/Plakat-als-jpg-1-339x480.jpg 339w, https:\/\/awo-fulda.de\/wp-content\/uploads\/2022\/09\/Plakat-als-jpg-1-451x640.jpg 451w\" sizes=\"auto, (max-width: 814px) 100vw, 814px\" \/><\/a><\/p>\r\n\r\n\r\n\r\n<h4><span style=\"color: #ff0000;\">Die Teilnahme an den Veranstaltungen ist kostenfrei.<\/span><\/h4>\r\n<h4><span style=\"color: #ff0000;\">F\u00fcr eine bessere Planung w\u00e4re es sch\u00f6n, wenn Sie uns vorab informieren:<\/span><\/h4>\r\n<h4><span style=\"color: #000000;\">telefonisch (0661 4800450) oder <br \/>per Mail (buero-aktiv@awo-fulda.de).<\/span><\/h4>\r\n<h4>Wir laden Sie zu <span style=\"color: #ff0000;\">STADTF\u00dcHRUNGEN<\/span> ein und zum Mitmachen bei unserem <span style=\"color: #ff0000;\"><a href=\"https:\/\/awo-fulda.de\/en\/malwettbewerb-die-awo-und-ich\/\"<span style=\"color: #ff0000;\">MALWETTBEWERB<\/a><\/span>.<\/h4>\r\n<h4>Vor dem <span style=\"color: #ff0000;\">KARAOKE<\/span>-Singen laden wir Sie ab 15:00 Uhr ein, das B\u00fcrgerzentrum Ziehers-S\u00fcd kennenzulernen und den Sonntag bei Kaffee und Kuchen zu genie\u00dfen (oder auch Tee etc.). Danach kann man um so fr\u00f6hlicher mitsingen &#8211; und dabei ist es egal wie gut oder schlecht, denn es ist ein Gemeinschaftserlebnis mit viel Spa\u00df. Auch die Texte sollten kein Hinderungsgrund sein: Sie k\u00f6nnen abgelesen werden!<\/h4>\r\n<h4>F\u00fcr den <span style=\"color: #ff0000;\">THEATERABEND <\/span>gibt es nur begrenzte Sitzpl\u00e4tze, daher m\u00f6glichst fr\u00fch anmelden. Die in Fulda sehr bekannten Schauspielerinnen Jessica Stukenberg und Barbara Gottwald stellen die Situation Gefl\u00fcchteter nach und beziehen die Zuschauer:innen mit ein. Das ist mal nachdenklich und mal zum Schmunzeln. Lassen Sie sich \u00fcberraschen.<\/h4>\r\n\r\n\r\n\r\n\r\n\r\n<figure class=\"wp-block-image size-large\"><img loading=\"lazy\" decoding=\"async\" width=\"604\" height=\"640\" class=\"wp-image-114433\" src=\"https:\/\/awo-fulda.de\/wp-content\/uploads\/2022\/09\/FLUCHTflyer-innen-Kopie-604x640.jpg\" alt=\"\" srcset=\"https:\/\/awo-fulda.de\/wp-content\/uploads\/2022\/09\/FLUCHTflyer-innen-Kopie-604x640.jpg 604w, https:\/\/awo-fulda.de\/wp-content\/uploads\/2022\/09\/FLUCHTflyer-innen-Kopie-453x480.jpg 453w, https:\/\/awo-fulda.de\/wp-content\/uploads\/2022\/09\/FLUCHTflyer-innen-Kopie-768x814.jpg 768w, https:\/\/awo-fulda.de\/wp-content\/uploads\/2022\/09\/FLUCHTflyer-innen-Kopie-1449x1536.jpg 1449w, https:\/\/awo-fulda.de\/wp-content\/uploads\/2022\/09\/FLUCHTflyer-innen-Kopie-1932x2048.jpg 1932w\" sizes=\"auto, (max-width: 604px) 100vw, 604px\" \/><\/figure>\r\n","protected":false},"excerpt":{"rendered":"<p>Die Teilnahme an den Veranstaltungen ist kostenfrei. F\u00fcr eine bessere Planung w\u00e4re es sch\u00f6n, wenn Sie uns vorab informieren: telefonisch (0661 4800450) oder per Mail (buero-aktiv@awo-fulda.de). Wir laden Sie zu&hellip;<\/p>\n","protected":false},"author":6,"featured_media":114428,"parent":0,"menu_order":0,"comment_status":"closed","ping_status":"closed","template":"","meta":{"_editorskit_title_hidden":false,"_editorskit_reading_time":1,"_editorskit_is_block_options_detached":false,"_editorskit_block_options_position":"{}","footnotes":""},"class_list":["post-114427","page","type-page","status-publish","has-post-thumbnail","hentry","description-off"],"translation":{"provider":"WPGlobus","version":"3.0.2","language":"ru","enabled_languages":["de","en","fr","ru","ar","tr","fa"],"languages":{"de":{"title":true,"content":true,"excerpt":false},"en":{"title":true,"content":true,"excerpt":false},"fr":{"title":false,"content":false,"excerpt":false},"ru":{"title":false,"content":false,"excerpt":false},"ar":{"title":false,"content":false,"excerpt":false},"tr":{"title":false,"content":false,"excerpt":false},"fa":{"title":false,"content":false,"excerpt":false}}},"_links":{"self":[{"href":"https:\/\/awo-fulda.de\/ru\/wp-json\/wp\/v2\/pages\/114427","targetHints":{"allow":["GET"]}}],"collection":[{"href":"https:\/\/awo-fulda.de\/ru\/wp-json\/wp\/v2\/pages"}],"about":[{"href":"https:\/\/awo-fulda.de\/ru\/wp-json\/wp\/v2\/types\/page"}],"author":[{"embeddable":true,"href":"https:\/\/awo-fulda.de\/ru\/wp-json\/wp\/v2\/users\/6"}],"replies":[{"embeddable":true,"href":"https:\/\/awo-fulda.de\/ru\/wp-json\/wp\/v2\/comments?post=114427"}],"version-history":[{"count":17,"href":"https:\/\/awo-fulda.de\/ru\/wp-json\/wp\/v2\/pages\/114427\/revisions"}],"predecessor-version":[{"id":116252,"href":"https:\/\/awo-fulda.de\/ru\/wp-json\/wp\/v2\/pages\/114427\/revisions\/116252"}],"wp:featuredmedia":[{"embeddable":true,"href":"https:\/\/awo-fulda.de\/ru\/wp-json\/wp\/v2\/media\/114428"}],"wp:attachment":[{"href":"https:\/\/awo-fulda.de\/ru\/wp-json\/wp\/v2\/media?parent=114427"}],"curies":[{"name":"wp","href":"https:\/\/api.w.org\/{rel}","templated":true}]}}