{"id":112,"date":"2017-10-23T18:26:32","date_gmt":"2017-10-23T16:26:32","guid":{"rendered":"https:\/\/awo-fulda.de\/?page_id=112"},"modified":"2026-03-04T15:06:03","modified_gmt":"2026-03-04T14:06:03","slug":"stellenangebote","status":"publish","type":"page","link":"https:\/\/awo-fulda.de\/ru\/stellenangebote\/","title":{"rendered":"Stellenangebote"},"content":{"rendered":"<table style=\"height: 11px;\" width=\"1024\">\n<tbody>\n<tr>\n<td style=\"width: 334px;\"><img loading=\"lazy\" decoding=\"async\" class=\"alignnone size-medium wp-image-15193\" src=\"https:\/\/awo-fulda.de\/wp-content\/uploads\/2018\/05\/AWO_6-480x270.jpg\" alt=\"\" width=\"480\" height=\"270\" srcset=\"https:\/\/awo-fulda.de\/wp-content\/uploads\/2018\/05\/AWO_6-480x270.jpg 480w, https:\/\/awo-fulda.de\/wp-content\/uploads\/2018\/05\/AWO_6-768x432.jpg 768w, https:\/\/awo-fulda.de\/wp-content\/uploads\/2018\/05\/AWO_6-640x360.jpg 640w, https:\/\/awo-fulda.de\/wp-content\/uploads\/2018\/05\/AWO_6.jpg 1600w\" sizes=\"auto, (max-width: 480px) 100vw, 480px\" \/><\/td>\n<td style=\"width: 334px;\"><img loading=\"lazy\" decoding=\"async\" class=\"alignnone size-medium wp-image-15194\" src=\"https:\/\/awo-fulda.de\/wp-content\/uploads\/2018\/05\/AWO_7-480x270.jpg\" alt=\"\" width=\"480\" height=\"270\" srcset=\"https:\/\/awo-fulda.de\/wp-content\/uploads\/2018\/05\/AWO_7-480x270.jpg 480w, https:\/\/awo-fulda.de\/wp-content\/uploads\/2018\/05\/AWO_7-768x432.jpg 768w, https:\/\/awo-fulda.de\/wp-content\/uploads\/2018\/05\/AWO_7-640x360.jpg 640w, https:\/\/awo-fulda.de\/wp-content\/uploads\/2018\/05\/AWO_7.jpg 1600w\" sizes=\"auto, (max-width: 480px) 100vw, 480px\" \/><\/td>\n<td style=\"width: 334px;\"><img loading=\"lazy\" decoding=\"async\" class=\"alignnone size-medium wp-image-15173\" src=\"https:\/\/awo-fulda.de\/wp-content\/uploads\/2018\/05\/Bingob-480x270.png\" alt=\"\" width=\"480\" height=\"270\" srcset=\"https:\/\/awo-fulda.de\/wp-content\/uploads\/2018\/05\/Bingob-480x270.png 480w, https:\/\/awo-fulda.de\/wp-content\/uploads\/2018\/05\/Bingob-768x432.png 768w, https:\/\/awo-fulda.de\/wp-content\/uploads\/2018\/05\/Bingob-640x360.png 640w, https:\/\/awo-fulda.de\/wp-content\/uploads\/2018\/05\/Bingob.png 1600w\" sizes=\"auto, (max-width: 480px) 100vw, 480px\" \/><\/td>\n<\/tr>\n<\/tbody>\n<\/table>\n<p><a href=\"https:\/\/awo-fulda.de\/wp-content\/uploads\/2025\/12\/Stellenanzeige_Kita-Wirbelwind.pdf\">P\u00e4dagogische Fachkraft (Kita Wirbelwind)<\/a><\/p>\n<p><a href=\"https:\/\/awo-fulda.de\/wp-content\/uploads\/2022\/01\/Stellenausschreibung-HA-Betreuung-Domschule.pdf\" target=\"_blank\" rel=\"noopener\">Betreuungskr\u00e4fte f\u00fcr die Hausaufgabenbetreuung (Domschule)<\/a><\/p>\n<p><a href=\"https:\/\/awo-fulda.de\/wp-content\/uploads\/2022\/01\/Stellenausschreibung-HA-Betreuung-CRS.pdf\" target=\"_blank\" rel=\"noopener\">Betreuungskr\u00e4fte f\u00fcr die Hausaufgabenbetreuung (Cuno-Raabe-Schule)<\/a><\/p>\n","protected":false},"excerpt":{"rendered":"<p>P\u00e4dagogische Fachkraft (Kita Wirbelwind) Betreuungskr\u00e4fte f\u00fcr die Hausaufgabenbetreuung (Domschule) Betreuungskr\u00e4fte f\u00fcr die Hausaufgabenbetreuung (Cuno-Raabe-Schule)<\/p>\n","protected":false},"author":1,"featured_media":0,"parent":0,"menu_order":0,"comment_status":"closed","ping_status":"closed","template":"","meta":{"_editorskit_title_hidden":false,"_editorskit_reading_time":0,"_editorskit_is_block_options_detached":false,"_editorskit_block_options_position":"{}","footnotes":""},"class_list":["post-112","page","type-page","status-publish","hentry","description-off"],"translation":{"provider":"WPGlobus","version":"3.0.2","language":"ru","enabled_languages":["de","en","fr","ru","ar","tr","fa"],"languages":{"de":{"title":true,"content":true,"excerpt":false},"en":{"title":false,"content":false,"excerpt":false},"fr":{"title":false,"content":false,"excerpt":false},"ru":{"title":false,"content":false,"excerpt":false},"ar":{"title":false,"content":false,"excerpt":false},"tr":{"title":false,"content":false,"excerpt":false},"fa":{"title":false,"content":false,"excerpt":false}}},"_links":{"self":[{"href":"https:\/\/awo-fulda.de\/ru\/wp-json\/wp\/v2\/pages\/112","targetHints":{"allow":["GET"]}}],"collection":[{"href":"https:\/\/awo-fulda.de\/ru\/wp-json\/wp\/v2\/pages"}],"about":[{"href":"https:\/\/awo-fulda.de\/ru\/wp-json\/wp\/v2\/types\/page"}],"author":[{"embeddable":true,"href":"https:\/\/awo-fulda.de\/ru\/wp-json\/wp\/v2\/users\/1"}],"replies":[{"embeddable":true,"href":"https:\/\/awo-fulda.de\/ru\/wp-json\/wp\/v2\/comments?post=112"}],"version-history":[{"count":50,"href":"https:\/\/awo-fulda.de\/ru\/wp-json\/wp\/v2\/pages\/112\/revisions"}],"predecessor-version":[{"id":144688,"href":"https:\/\/awo-fulda.de\/ru\/wp-json\/wp\/v2\/pages\/112\/revisions\/144688"}],"wp:attachment":[{"href":"https:\/\/awo-fulda.de\/ru\/wp-json\/wp\/v2\/media?parent=112"}],"curies":[{"name":"wp","href":"https:\/\/api.w.org\/{rel}","templated":true}]}}