{"id":88,"date":"2017-10-23T18:20:36","date_gmt":"2017-10-23T16:20:36","guid":{"rendered":"https:\/\/awo-fulda.de\/?page_id=88"},"modified":"2025-05-21T12:51:19","modified_gmt":"2025-05-21T10:51:19","slug":"fahrradwerkstatt","status":"publish","type":"page","link":"https:\/\/awo-fulda.de\/fr\/arbeit-bildung\/fahrradwerkstatt\/","title":{"rendered":"Fahrradwerkstatt"},"content":{"rendered":"<div class=\"wpb-content-wrapper\">[vc_row][vc_column][vc_column_text]\n<table style=\"height: 41px;\" width=\"1025\">\n<tbody>\n<tr>\n<td style=\"width: 334.333px;\"><a class=\"dt-pswp-item\" href=\"https:\/\/awo-fulda.de\/wp-content\/uploads\/2017\/11\/Radmontage-e1529843585969.jpg\" data-dt-img-description=\"\" data-large_image_width=\"1600\" data-large_image_height=\"900\"><img loading=\"lazy\" decoding=\"async\" class=\"alignnone size-full wp-image-252\" src=\"https:\/\/awo-fulda.de\/wp-content\/uploads\/2017\/11\/Radmontage-e1529843585969.jpg\" alt=\"\" width=\"1600\" height=\"900\" srcset=\"https:\/\/awo-fulda.de\/wp-content\/uploads\/2017\/11\/Radmontage-e1529843585969.jpg 1600w, https:\/\/awo-fulda.de\/wp-content\/uploads\/2017\/11\/Radmontage-e1529843585969-480x270.jpg 480w, https:\/\/awo-fulda.de\/wp-content\/uploads\/2017\/11\/Radmontage-e1529843585969-768x432.jpg 768w, https:\/\/awo-fulda.de\/wp-content\/uploads\/2017\/11\/Radmontage-e1529843585969-640x360.jpg 640w\" sizes=\"auto, (max-width: 1600px) 100vw, 1600px\" \/><\/a><\/td>\n<td style=\"width: 334.333px;\"><img loading=\"lazy\" decoding=\"async\" class=\"alignnone size-medium wp-image-15355\" src=\"https:\/\/awo-fulda.de\/wp-content\/uploads\/2018\/05\/FW-Zahnkranz-Rad-480x270.jpg\" alt=\"\" width=\"480\" height=\"270\" srcset=\"https:\/\/awo-fulda.de\/wp-content\/uploads\/2018\/05\/FW-Zahnkranz-Rad-480x270.jpg 480w, https:\/\/awo-fulda.de\/wp-content\/uploads\/2018\/05\/FW-Zahnkranz-Rad-768x432.jpg 768w, https:\/\/awo-fulda.de\/wp-content\/uploads\/2018\/05\/FW-Zahnkranz-Rad-640x360.jpg 640w, https:\/\/awo-fulda.de\/wp-content\/uploads\/2018\/05\/FW-Zahnkranz-Rad.jpg 1600w\" sizes=\"auto, (max-width: 480px) 100vw, 480px\" \/><\/td>\n<td style=\"width: 334.333px;\"><img loading=\"lazy\" decoding=\"async\" class=\"alignnone size-medium wp-image-15212\" src=\"https:\/\/awo-fulda.de\/wp-content\/uploads\/2018\/05\/FW2-480x270.jpg\" alt=\"\" width=\"480\" height=\"270\" srcset=\"https:\/\/awo-fulda.de\/wp-content\/uploads\/2018\/05\/FW2-480x270.jpg 480w, https:\/\/awo-fulda.de\/wp-content\/uploads\/2018\/05\/FW2-768x432.jpg 768w, https:\/\/awo-fulda.de\/wp-content\/uploads\/2018\/05\/FW2-640x360.jpg 640w, https:\/\/awo-fulda.de\/wp-content\/uploads\/2018\/05\/FW2.jpg 1600w\" sizes=\"auto, (max-width: 480px) 100vw, 480px\" \/><\/td>\n<\/tr>\n<\/tbody>\n<\/table>\n<p>Die Fahrradwerkstatt der AWO ist in Fulda gut bekannt \u2013 nicht zuletzt, weil sie den j\u00e4hrlichen Fahrradbasar an der Hochschule organisiert.<\/p>\n<p>Die Jugendlichen von Lohn und Brot f\u00fchren unter der Anleitung alle \u00fcblichen Reparaturen durch. G\u00e4ngige, gebrauchte Ersatzteile sind vorhanden. Ansonsten k\u00f6nnen sie z\u00fcgig beschafft werden.<\/p>\n<p>Unsere Fahrradwerkstatt h\u00e4lt st\u00e4ndig eine gro\u00dfe Auswahl von g\u00fcnstigen Gebrauchtr\u00e4dern bereit. Insbesondere sind dies: Damen\u2013 und Herrenr\u00e4der,\u00a0Mountainbikes und Kinderr\u00e4der. Bei den R\u00e4dern handelt es sich um Spenden aus der Bev\u00f6lkerung. Sie wurden \u00fcberholt und sind fahrbereit. Die Preise richten sich nach dem Zustand des Fahrrads und bewegen sich zwischen 20 \u20ac und 150 \u20ac.<\/p>\n<p>Die Fahrradwerkstatt ist Teil des Projektes Lohn und Brot.<\/p>\n<p style=\"text-align: center;\"><span style=\"font-size: 20px; color: #ff0000;\"><strong><span style=\"font-size: 24px;\">! \u00d6ffnungs- und Servicezeiten !<\/span><\/strong><\/span><mark><\/mark><\/p>\n<p><strong>Die AWO Fahrradwerkstatt steht Ihnen f\u00fcr Reparaturen von R\u00e4dern wie folgt zur Verf\u00fcgung:<\/strong><\/p>\n<table style=\"border-collapse: collapse; width: 43.491%; height: 44px;\">\n<tbody>\n<tr style=\"height: 22px;\">\n<td style=\"width: 23.8183%; height: 22px;\"><strong>Mittwoch<\/strong><\/td>\n<td style=\"width: 47.6521%; height: 22px;\"><strong>8:30 &#8211; 13:30 Uhr<\/strong><\/td>\n<\/tr>\n<\/tbody>\n<\/table>\n<p><strong>Der Verkauf von R\u00e4dern und die Abholung von reparierten R\u00e4dern sind in der oben genannten Zeit\u00a0 oder nach <span style=\"text-decoration: underline;\">vorheriger telefonischer Vereinbarung<\/span> m\u00f6glich.<\/strong><\/p>\n<\/div>","protected":false},"excerpt":{"rendered":"<p>[vc_row][vc_column][vc_column_text] Die Fahrradwerkstatt der AWO ist in Fulda gut bekannt \u2013 nicht zuletzt, weil sie den j\u00e4hrlichen Fahrradbasar an der Hochschule organisiert. Die Jugendlichen von Lohn und Brot f\u00fchren unter&hellip;<\/p>\n","protected":false},"author":1,"featured_media":0,"parent":28,"menu_order":0,"comment_status":"closed","ping_status":"closed","template":"","meta":{"_editorskit_title_hidden":false,"_editorskit_reading_time":1,"_editorskit_is_block_options_detached":false,"_editorskit_block_options_position":"{}","footnotes":""},"class_list":["post-88","page","type-page","status-publish","hentry","description-off"],"translation":{"provider":"WPGlobus","version":"3.0.2","language":"fr","enabled_languages":["de","en","fr","ru","ar","tr","fa"],"languages":{"de":{"title":true,"content":true,"excerpt":false},"en":{"title":true,"content":true,"excerpt":false},"fr":{"title":false,"content":false,"excerpt":false},"ru":{"title":false,"content":false,"excerpt":false},"ar":{"title":false,"content":false,"excerpt":false},"tr":{"title":false,"content":false,"excerpt":false},"fa":{"title":false,"content":false,"excerpt":false}}},"_links":{"self":[{"href":"https:\/\/awo-fulda.de\/fr\/wp-json\/wp\/v2\/pages\/88","targetHints":{"allow":["GET"]}}],"collection":[{"href":"https:\/\/awo-fulda.de\/fr\/wp-json\/wp\/v2\/pages"}],"about":[{"href":"https:\/\/awo-fulda.de\/fr\/wp-json\/wp\/v2\/types\/page"}],"author":[{"embeddable":true,"href":"https:\/\/awo-fulda.de\/fr\/wp-json\/wp\/v2\/users\/1"}],"replies":[{"embeddable":true,"href":"https:\/\/awo-fulda.de\/fr\/wp-json\/wp\/v2\/comments?post=88"}],"version-history":[{"count":84,"href":"https:\/\/awo-fulda.de\/fr\/wp-json\/wp\/v2\/pages\/88\/revisions"}],"predecessor-version":[{"id":139959,"href":"https:\/\/awo-fulda.de\/fr\/wp-json\/wp\/v2\/pages\/88\/revisions\/139959"}],"up":[{"embeddable":true,"href":"https:\/\/awo-fulda.de\/fr\/wp-json\/wp\/v2\/pages\/28"}],"wp:attachment":[{"href":"https:\/\/awo-fulda.de\/fr\/wp-json\/wp\/v2\/media?parent=88"}],"curies":[{"name":"wp","href":"https:\/\/api.w.org\/{rel}","templated":true}]}}