{"id":80,"date":"2017-10-23T18:19:02","date_gmt":"2017-10-23T16:19:02","guid":{"rendered":"https:\/\/awo-fulda.de\/?page_id=80"},"modified":"2019-04-03T12:07:41","modified_gmt":"2019-04-03T10:07:41","slug":"sozialbetreuung-gefluechteter","status":"publish","type":"page","link":"https:\/\/awo-fulda.de\/fr\/migration-integration\/sozialbetreuung-gefluechteter\/","title":{"rendered":"Assistance sociale aux r\u00e9fugi\u00e9s"},"content":{"rendered":"<table style=\"height: 93px;\" width=\"1035\">\n<tbody>\n<tr>\n<td style=\"width: 337.667px;\"><img loading=\"lazy\" decoding=\"async\" class=\"alignnone size-medium wp-image-15236\" src=\"https:\/\/awo-fulda.de\/wp-content\/uploads\/2018\/05\/marbach1-480x270.jpg\" alt=\"\" width=\"480\" height=\"270\" srcset=\"https:\/\/awo-fulda.de\/wp-content\/uploads\/2018\/05\/marbach1-480x270.jpg 480w, https:\/\/awo-fulda.de\/wp-content\/uploads\/2018\/05\/marbach1-768x432.jpg 768w, https:\/\/awo-fulda.de\/wp-content\/uploads\/2018\/05\/marbach1-640x360.jpg 640w, https:\/\/awo-fulda.de\/wp-content\/uploads\/2018\/05\/marbach1.jpg 1600w\" sizes=\"auto, (max-width: 480px) 100vw, 480px\" \/><\/td>\n<td style=\"width: 337.667px;\"><img loading=\"lazy\" decoding=\"async\" class=\"wp-image-204 size-full alignnone\" src=\"https:\/\/awo-fulda.de\/wp-content\/uploads\/2017\/11\/03-e1529843209268.jpg\" alt=\"\" width=\"1600\" height=\"900\" \/><\/td>\n<td style=\"width: 337.667px;\"><img loading=\"lazy\" decoding=\"async\" class=\"alignnone size-medium wp-image-15614\" src=\"https:\/\/awo-fulda.de\/wp-content\/uploads\/2018\/05\/fu\u00dfball-480x270.jpg\" alt=\"\" width=\"480\" height=\"270\" srcset=\"https:\/\/awo-fulda.de\/wp-content\/uploads\/2018\/05\/fu\u00dfball-480x270.jpg 480w, https:\/\/awo-fulda.de\/wp-content\/uploads\/2018\/05\/fu\u00dfball-768x432.jpg 768w, https:\/\/awo-fulda.de\/wp-content\/uploads\/2018\/05\/fu\u00dfball-640x360.jpg 640w, https:\/\/awo-fulda.de\/wp-content\/uploads\/2018\/05\/fu\u00dfball.jpg 1600w\" sizes=\"auto, (max-width: 480px) 100vw, 480px\" \/><\/td>\n<\/tr>\n<\/tbody>\n<\/table>\n<div>\n<p>Nos assistants p\u00e9dagogiques et assistants sociaux soutiennent les r\u00e9fugi\u00e9s:<\/p>\n<ul>\n<li>dans les m\u00e9diations avec les services d\u2019aide et conseil<\/li>\n<li>dans les questions de sant\u00e9<\/li>\n<li>dans le contact avec les administrations<\/li>\n<li>dans les questions sur le droit d\u2019asile<\/li>\n<li>dans les questions sur l\u2019\u00e9cole maternelle et l\u2019\u00e9cole primaire<\/li>\n<li>dans les cours d\u2019allemand et d\u2019int\u00e9gration<\/li>\n<li>dans les probl\u00e8mes personnels<\/li>\n<\/ul>\n<\/div>\n","protected":false},"excerpt":{"rendered":"<p>Nos assistants p\u00e9dagogiques et assistants sociaux soutiennent les r\u00e9fugi\u00e9s: dans les m\u00e9diations avec les services d\u2019aide et conseil dans les questions de sant\u00e9 dans le contact avec les administrations dans&hellip;<\/p>\n","protected":false},"author":1,"featured_media":0,"parent":26,"menu_order":0,"comment_status":"closed","ping_status":"closed","template":"","meta":{"_editorskit_title_hidden":false,"_editorskit_reading_time":0,"_editorskit_is_block_options_detached":false,"_editorskit_block_options_position":"{}","footnotes":""},"class_list":["post-80","page","type-page","status-publish","hentry","description-off"],"translation":{"provider":"WPGlobus","version":"3.0.2","language":"fr","enabled_languages":["de","en","fr","ru","ar","tr","fa"],"languages":{"de":{"title":true,"content":true,"excerpt":false},"en":{"title":true,"content":true,"excerpt":false},"fr":{"title":true,"content":true,"excerpt":false},"ru":{"title":true,"content":true,"excerpt":false},"ar":{"title":true,"content":true,"excerpt":false},"tr":{"title":true,"content":true,"excerpt":false},"fa":{"title":false,"content":false,"excerpt":false}}},"_links":{"self":[{"href":"https:\/\/awo-fulda.de\/fr\/wp-json\/wp\/v2\/pages\/80","targetHints":{"allow":["GET"]}}],"collection":[{"href":"https:\/\/awo-fulda.de\/fr\/wp-json\/wp\/v2\/pages"}],"about":[{"href":"https:\/\/awo-fulda.de\/fr\/wp-json\/wp\/v2\/types\/page"}],"author":[{"embeddable":true,"href":"https:\/\/awo-fulda.de\/fr\/wp-json\/wp\/v2\/users\/1"}],"replies":[{"embeddable":true,"href":"https:\/\/awo-fulda.de\/fr\/wp-json\/wp\/v2\/comments?post=80"}],"version-history":[{"count":23,"href":"https:\/\/awo-fulda.de\/fr\/wp-json\/wp\/v2\/pages\/80\/revisions"}],"predecessor-version":[{"id":19772,"href":"https:\/\/awo-fulda.de\/fr\/wp-json\/wp\/v2\/pages\/80\/revisions\/19772"}],"up":[{"embeddable":true,"href":"https:\/\/awo-fulda.de\/fr\/wp-json\/wp\/v2\/pages\/26"}],"wp:attachment":[{"href":"https:\/\/awo-fulda.de\/fr\/wp-json\/wp\/v2\/media?parent=80"}],"curies":[{"name":"wp","href":"https:\/\/api.w.org\/{rel}","templated":true}]}}