{"id":64,"date":"2017-10-23T18:16:32","date_gmt":"2017-10-23T16:16:32","guid":{"rendered":"https:\/\/awo-fulda.de\/?page_id=64"},"modified":"2022-02-21T09:20:53","modified_gmt":"2022-02-21T08:20:53","slug":"familienlotsen","status":"publish","type":"page","link":"https:\/\/awo-fulda.de\/fr\/beratung-begleitung\/familienlotsen\/","title":{"rendered":"Familienlotsen"},"content":{"rendered":"<div class=\"field field-name-body field-type-text-with-summary field-label-hidden\">\n<div class=\"field-items\">\n<div class=\"field-item even\">\n<table style=\"height: 107px;\" width=\"1360\">\n<tbody>\n<tr>\n<td style=\"width: 446px;\"><img loading=\"lazy\" decoding=\"async\" class=\"alignnone size-medium wp-image-15258\" src=\"https:\/\/awo-fulda.de\/wp-content\/uploads\/2018\/05\/Schule2-480x270.jpg\" alt=\"\" width=\"480\" height=\"270\" srcset=\"https:\/\/awo-fulda.de\/wp-content\/uploads\/2018\/05\/Schule2-480x270.jpg 480w, https:\/\/awo-fulda.de\/wp-content\/uploads\/2018\/05\/Schule2-768x432.jpg 768w, https:\/\/awo-fulda.de\/wp-content\/uploads\/2018\/05\/Schule2-640x360.jpg 640w, https:\/\/awo-fulda.de\/wp-content\/uploads\/2018\/05\/Schule2.jpg 1600w\" sizes=\"auto, (max-width: 480px) 100vw, 480px\" \/><\/td>\n<td style=\"width: 446px;\"><img loading=\"lazy\" decoding=\"async\" class=\"alignnone size-medium wp-image-15256\" src=\"https:\/\/awo-fulda.de\/wp-content\/uploads\/2018\/05\/Schule-1-480x270.jpg\" alt=\"\" width=\"480\" height=\"270\" srcset=\"https:\/\/awo-fulda.de\/wp-content\/uploads\/2018\/05\/Schule-1-480x270.jpg 480w, https:\/\/awo-fulda.de\/wp-content\/uploads\/2018\/05\/Schule-1-768x432.jpg 768w, https:\/\/awo-fulda.de\/wp-content\/uploads\/2018\/05\/Schule-1-640x360.jpg 640w, https:\/\/awo-fulda.de\/wp-content\/uploads\/2018\/05\/Schule-1.jpg 1600w\" sizes=\"auto, (max-width: 480px) 100vw, 480px\" \/><\/td>\n<td style=\"width: 446px;\"><img loading=\"lazy\" decoding=\"async\" class=\"alignnone size-medium wp-image-15336\" src=\"https:\/\/awo-fulda.de\/wp-content\/uploads\/2018\/05\/Lotse1-2-480x270.jpg\" alt=\"\" width=\"480\" height=\"270\" srcset=\"https:\/\/awo-fulda.de\/wp-content\/uploads\/2018\/05\/Lotse1-2-480x270.jpg 480w, https:\/\/awo-fulda.de\/wp-content\/uploads\/2018\/05\/Lotse1-2-768x432.jpg 768w, https:\/\/awo-fulda.de\/wp-content\/uploads\/2018\/05\/Lotse1-2-640x360.jpg 640w, https:\/\/awo-fulda.de\/wp-content\/uploads\/2018\/05\/Lotse1-2.jpg 1600w\" sizes=\"auto, (max-width: 480px) 100vw, 480px\" \/><\/td>\n<\/tr>\n<\/tbody>\n<\/table>\n<p>Familienlots:innen sind feste Ansprechpartner:innen f\u00fcr die Akteure der Region, d. h. alle Personen und Institutionen, die beruflich im Kontakt zu jungen Menschen und ihren Familien stehen wie z. B. Kinderg\u00e4rten, Familienbildungsst\u00e4tten, Schulen und Vereine. Sie begleiten diese bei der Unterst\u00fctzung von Familien und\/oder unterst\u00fctzen gemeinsam mit den Akteuren die Familien durch Vermittlung in ein passendes Hilfsangebot in der Region.<\/p>\n<p>Familienlots:innen kennen und f\u00f6rdern die soziale Infrastruktur in der jeweiligen Region, in der sie t\u00e4tig sind, und wirken aktiv in Stadteilarbeitskreisen an der Weiterentwicklung des Stadtteils mit.<\/p>\n<p>Die Familienlots:innen der AWO Fulda sind f\u00fcr die Stadtteile Aschenberg\/Horas und Ziehers-Nord zust\u00e4ndig. Wir freuen uns auf den Austausch mit Ihnen.<\/p>\n<p><img loading=\"lazy\" decoding=\"async\" class=\"aligncenter\" src=\"https:\/\/awo-fulda.de\/wp-content\/uploads\/2022\/01\/0.jpg\" alt=\"\" width=\"1080\" height=\"1560\" \/><\/p>\n<\/div>\n<\/div>\n<\/div>\n","protected":false},"excerpt":{"rendered":"<p>Familienlots:innen sind feste Ansprechpartner:innen f\u00fcr die Akteure der Region, d. h. alle Personen und Institutionen, die beruflich im Kontakt zu jungen Menschen und ihren Familien stehen wie z. B. Kinderg\u00e4rten,&hellip;<\/p>\n","protected":false},"author":1,"featured_media":0,"parent":24,"menu_order":0,"comment_status":"closed","ping_status":"closed","template":"","meta":{"_editorskit_title_hidden":false,"_editorskit_reading_time":0,"_editorskit_is_block_options_detached":false,"_editorskit_block_options_position":"{}","footnotes":""},"class_list":["post-64","page","type-page","status-publish","hentry","description-off"],"translation":{"provider":"WPGlobus","version":"3.0.2","language":"fr","enabled_languages":["de","en","fr","ru","ar","tr","fa"],"languages":{"de":{"title":true,"content":true,"excerpt":false},"en":{"title":false,"content":false,"excerpt":false},"fr":{"title":false,"content":false,"excerpt":false},"ru":{"title":false,"content":false,"excerpt":false},"ar":{"title":false,"content":false,"excerpt":false},"tr":{"title":false,"content":false,"excerpt":false},"fa":{"title":false,"content":false,"excerpt":false}}},"_links":{"self":[{"href":"https:\/\/awo-fulda.de\/fr\/wp-json\/wp\/v2\/pages\/64","targetHints":{"allow":["GET"]}}],"collection":[{"href":"https:\/\/awo-fulda.de\/fr\/wp-json\/wp\/v2\/pages"}],"about":[{"href":"https:\/\/awo-fulda.de\/fr\/wp-json\/wp\/v2\/types\/page"}],"author":[{"embeddable":true,"href":"https:\/\/awo-fulda.de\/fr\/wp-json\/wp\/v2\/users\/1"}],"replies":[{"embeddable":true,"href":"https:\/\/awo-fulda.de\/fr\/wp-json\/wp\/v2\/comments?post=64"}],"version-history":[{"count":12,"href":"https:\/\/awo-fulda.de\/fr\/wp-json\/wp\/v2\/pages\/64\/revisions"}],"predecessor-version":[{"id":104609,"href":"https:\/\/awo-fulda.de\/fr\/wp-json\/wp\/v2\/pages\/64\/revisions\/104609"}],"up":[{"embeddable":true,"href":"https:\/\/awo-fulda.de\/fr\/wp-json\/wp\/v2\/pages\/24"}],"wp:attachment":[{"href":"https:\/\/awo-fulda.de\/fr\/wp-json\/wp\/v2\/media?parent=64"}],"curies":[{"name":"wp","href":"https:\/\/api.w.org\/{rel}","templated":true}]}}