{"id":27779,"date":"2021-03-18T21:12:01","date_gmt":"2021-03-18T20:12:01","guid":{"rendered":"https:\/\/awo-fulda.de\/?page_id=27779"},"modified":"2022-10-04T13:06:58","modified_gmt":"2022-10-04T11:06:58","slug":"kinder-jugendliche","status":"publish","type":"page","link":"https:\/\/awo-fulda.de\/fr\/kinder-jugendliche\/","title":{"rendered":"Enfants et Jeunes"},"content":{"rendered":"\n<h3 class=\"wp-block-heading\"><strong>Mit der AWO ins Leben starten.<\/strong><\/h3>\n\n\n\n<p>Kinder sind unsere Zukunft. Wir arbeiten daran, dass alle die gleichen Chancen bekommen. Dieses Ziel liegt zwar in weiter Ferne, aber wir unterst\u00fctzen dieses Anliegen nicht nur politisch sondern auch praktisch.<\/p>\n\n\n\n<p>Deshalb gibt es verschiedene Projekte zur Unterst\u00fctzung der Eltern und Vorbereitung auf den Kindergarten sowie die AWO-Kita. Wir organisieren Hausaufgabenhilfe und Nachmittagsbetreuung an den Schulen. Viele Ehrenamtliche helfen insbesondere beim Deutsch lernen.<\/p>\n\n\n\n<p>Und auch au\u00dferhalb der Schule gibt es einen gro\u00dfen Bereich mit p\u00e4dagogischen Angeboten in der Freizeit. Kinder- und Jugendtreffs sowie Ferienangebote st\u00e4rken die individuellen F\u00e4higkeiten.<\/p>\n\n\n\n<div class=\"wp-block-columns is-layout-flex wp-container-core-columns-is-layout-9d6595d7 wp-block-columns-is-layout-flex\">\n<div class=\"wp-block-column is-layout-flow wp-block-column-is-layout-flow\">\n<div class=\"wp-block-cover has-background-dim ek-linked-block\" style=\"min-height:253px;aspect-ratio:unset;\"><img loading=\"lazy\" decoding=\"async\" width=\"1600\" height=\"900\" class=\"wp-block-cover__image-background wp-image-15223\" alt=\"\" src=\"https:\/\/awo-fulda.de\/wp-content\/uploads\/2018\/05\/JT1.jpg\" data-object-fit=\"cover\" srcset=\"https:\/\/awo-fulda.de\/wp-content\/uploads\/2018\/05\/JT1.jpg 1600w, https:\/\/awo-fulda.de\/wp-content\/uploads\/2018\/05\/JT1-480x270.jpg 480w, https:\/\/awo-fulda.de\/wp-content\/uploads\/2018\/05\/JT1-768x432.jpg 768w, https:\/\/awo-fulda.de\/wp-content\/uploads\/2018\/05\/JT1-640x360.jpg 640w\" sizes=\"auto, (max-width: 1600px) 100vw, 1600px\" \/><div class=\"wp-block-cover__inner-container is-layout-flow wp-block-cover-is-layout-flow\">\n<p class=\"has-text-align-center\" style=\"font-size:24px\"><strong>Kinder- und Jugendtreff S\u00fcdend<\/strong><\/p>\n<\/div><a href=\"https:\/\/awo-fulda.de\/begegnungsstaetten\/jugendtreff-suedend\/\" class=\"editorskit-block-link\" rel=\"\"><\/a><\/div>\n<\/div>\n\n\n\n<div class=\"wp-block-column is-layout-flow wp-block-column-is-layout-flow\">\n<div class=\"wp-block-cover has-background-dim ek-linked-block\" style=\"min-height:253px;aspect-ratio:unset;\"><img loading=\"lazy\" decoding=\"async\" width=\"2016\" height=\"1254\" class=\"wp-block-cover__image-background wp-image-101165\" alt=\"\" src=\"https:\/\/awo-fulda.de\/wp-content\/uploads\/2021\/12\/Familientreff_Foto-3-HP-e1643123180996.jpg\" data-object-fit=\"cover\" srcset=\"https:\/\/awo-fulda.de\/wp-content\/uploads\/2021\/12\/Familientreff_Foto-3-HP-e1643123180996.jpg 2016w, https:\/\/awo-fulda.de\/wp-content\/uploads\/2021\/12\/Familientreff_Foto-3-HP-e1643123180996-480x299.jpg 480w, https:\/\/awo-fulda.de\/wp-content\/uploads\/2021\/12\/Familientreff_Foto-3-HP-e1643123180996-640x398.jpg 640w, https:\/\/awo-fulda.de\/wp-content\/uploads\/2021\/12\/Familientreff_Foto-3-HP-e1643123180996-768x478.jpg 768w, https:\/\/awo-fulda.de\/wp-content\/uploads\/2021\/12\/Familientreff_Foto-3-HP-e1643123180996-1536x955.jpg 1536w\" sizes=\"auto, (max-width: 2016px) 100vw, 2016px\" \/><div class=\"wp-block-cover__inner-container is-layout-flow wp-block-cover-is-layout-flow\">\n<p class=\"has-text-align-center\" style=\"font-size:24px\"><strong>Familientreff S\u00fcdend<\/strong><\/p>\n<\/div><a href=\"https:\/\/awo-fulda.de\/begegnungsstaetten\/familientreff-suedend\/\" class=\"editorskit-block-link\" rel=\"\"><\/a><\/div>\n<\/div>\n\n\n\n<div class=\"wp-block-column is-layout-flow wp-block-column-is-layout-flow\">\n<div class=\"wp-block-cover has-background-dim ek-linked-block\" style=\"min-height:253px;aspect-ratio:unset;\"><img loading=\"lazy\" decoding=\"async\" width=\"1600\" height=\"900\" class=\"wp-block-cover__image-background wp-image-16480\" alt=\"\" src=\"https:\/\/awo-fulda.de\/wp-content\/uploads\/2018\/06\/M\u00e4dchen-Korb.jpg\" data-object-fit=\"cover\" srcset=\"https:\/\/awo-fulda.de\/wp-content\/uploads\/2018\/06\/M\u00e4dchen-Korb.jpg 1600w, https:\/\/awo-fulda.de\/wp-content\/uploads\/2018\/06\/M\u00e4dchen-Korb-480x270.jpg 480w, https:\/\/awo-fulda.de\/wp-content\/uploads\/2018\/06\/M\u00e4dchen-Korb-768x432.jpg 768w, https:\/\/awo-fulda.de\/wp-content\/uploads\/2018\/06\/M\u00e4dchen-Korb-640x360.jpg 640w\" sizes=\"auto, (max-width: 1600px) 100vw, 1600px\" \/><div class=\"wp-block-cover__inner-container is-layout-flow wp-block-cover-is-layout-flow\">\n<p class=\"has-text-align-center\" style=\"font-size:24px\"><strong>KiTa Einstieg<\/strong><\/p>\n<\/div><a href=\"https:\/\/awo-fulda.de\/beratung-begleitung\/kita-einstieg\/\" class=\"editorskit-block-link\" rel=\"\"><\/a><\/div>\n<\/div>\n<\/div>\n\n\n\n<div class=\"wp-block-columns is-layout-flex wp-container-core-columns-is-layout-9d6595d7 wp-block-columns-is-layout-flex\">\n<div class=\"wp-block-column is-layout-flow wp-block-column-is-layout-flow\">\n<div class=\"wp-block-cover has-background-dim ek-linked-block\" style=\"min-height:253px;aspect-ratio:unset;\"><img loading=\"lazy\" decoding=\"async\" width=\"1600\" height=\"900\" class=\"wp-block-cover__image-background wp-image-16414\" alt=\"\" src=\"https:\/\/awo-fulda.de\/wp-content\/uploads\/2018\/06\/Kita-H\u00fcte.jpg\" data-object-fit=\"cover\" srcset=\"https:\/\/awo-fulda.de\/wp-content\/uploads\/2018\/06\/Kita-H\u00fcte.jpg 1600w, https:\/\/awo-fulda.de\/wp-content\/uploads\/2018\/06\/Kita-H\u00fcte-480x270.jpg 480w, https:\/\/awo-fulda.de\/wp-content\/uploads\/2018\/06\/Kita-H\u00fcte-768x432.jpg 768w, https:\/\/awo-fulda.de\/wp-content\/uploads\/2018\/06\/Kita-H\u00fcte-640x360.jpg 640w\" sizes=\"auto, (max-width: 1600px) 100vw, 1600px\" \/><div class=\"wp-block-cover__inner-container is-layout-flow wp-block-cover-is-layout-flow\">\n<p class=\"has-text-align-center\" style=\"font-size:24px\"><strong>KiTa Wirbelwind<\/strong><\/p>\n<\/div><a href=\"https:\/\/awo-fulda.de\/begegnungsstaetten\/kita\/\" class=\"editorskit-block-link\" rel=\"\"><\/a><\/div>\n<\/div>\n\n\n\n<div class=\"wp-block-column is-layout-flow wp-block-column-is-layout-flow\">\n<div class=\"wp-block-cover has-background-dim ek-linked-block\" style=\"min-height:253px;aspect-ratio:unset;\"><img loading=\"lazy\" decoding=\"async\" width=\"1600\" height=\"900\" class=\"wp-block-cover__image-background wp-image-15257\" alt=\"\" src=\"https:\/\/awo-fulda.de\/wp-content\/uploads\/2018\/05\/Schule-2.jpg\" data-object-fit=\"cover\" srcset=\"https:\/\/awo-fulda.de\/wp-content\/uploads\/2018\/05\/Schule-2.jpg 1600w, https:\/\/awo-fulda.de\/wp-content\/uploads\/2018\/05\/Schule-2-480x270.jpg 480w, https:\/\/awo-fulda.de\/wp-content\/uploads\/2018\/05\/Schule-2-768x432.jpg 768w, https:\/\/awo-fulda.de\/wp-content\/uploads\/2018\/05\/Schule-2-640x360.jpg 640w\" sizes=\"auto, (max-width: 1600px) 100vw, 1600px\" \/><div class=\"wp-block-cover__inner-container is-layout-flow wp-block-cover-is-layout-flow\">\n<p class=\"has-text-align-center\" style=\"font-size:24px\"><strong>Betreuungsangebot an Schulen<\/strong><\/p>\n<\/div><a href=\"https:\/\/awo-fulda.de\/arbeit-bildung\/nachmittagsbetreuung\/\" class=\"editorskit-block-link\" rel=\"\"><\/a><\/div>\n<\/div>\n\n\n\n<div class=\"wp-block-column is-layout-flow wp-block-column-is-layout-flow\">\n<div class=\"wp-block-cover has-background-dim ek-linked-block\" style=\"min-height:253px;aspect-ratio:unset;\"><img loading=\"lazy\" decoding=\"async\" width=\"1600\" height=\"900\" class=\"wp-block-cover__image-background wp-image-15336\" alt=\"\" src=\"https:\/\/awo-fulda.de\/wp-content\/uploads\/2018\/05\/Lotse1-2.jpg\" data-object-fit=\"cover\" srcset=\"https:\/\/awo-fulda.de\/wp-content\/uploads\/2018\/05\/Lotse1-2.jpg 1600w, https:\/\/awo-fulda.de\/wp-content\/uploads\/2018\/05\/Lotse1-2-480x270.jpg 480w, https:\/\/awo-fulda.de\/wp-content\/uploads\/2018\/05\/Lotse1-2-768x432.jpg 768w, https:\/\/awo-fulda.de\/wp-content\/uploads\/2018\/05\/Lotse1-2-640x360.jpg 640w\" sizes=\"auto, (max-width: 1600px) 100vw, 1600px\" \/><div class=\"wp-block-cover__inner-container is-layout-flow wp-block-cover-is-layout-flow\">\n<p class=\"has-text-align-center\" style=\"font-size:24px\"><strong>Familienlotsen<\/strong><\/p>\n<\/div><a href=\"https:\/\/awo-fulda.de\/beratung-begleitung\/familienlotsen\/\" class=\"editorskit-block-link\" rel=\"\"><\/a><\/div>\n<\/div>\n<\/div>\n\n\n\n<div class=\"wp-block-columns is-layout-flex wp-container-core-columns-is-layout-9d6595d7 wp-block-columns-is-layout-flex\">\n<div class=\"wp-block-column is-layout-flow wp-block-column-is-layout-flow\">\n<div class=\"wp-block-cover has-background-dim ek-linked-block\" style=\"min-height:253px;aspect-ratio:unset;\"><img loading=\"lazy\" decoding=\"async\" width=\"1600\" height=\"900\" class=\"wp-block-cover__image-background wp-image-16801\" alt=\"\" src=\"https:\/\/awo-fulda.de\/wp-content\/uploads\/2018\/06\/ISE-Jugendlicher.jpg\" data-object-fit=\"cover\" srcset=\"https:\/\/awo-fulda.de\/wp-content\/uploads\/2018\/06\/ISE-Jugendlicher.jpg 1600w, https:\/\/awo-fulda.de\/wp-content\/uploads\/2018\/06\/ISE-Jugendlicher-480x270.jpg 480w, https:\/\/awo-fulda.de\/wp-content\/uploads\/2018\/06\/ISE-Jugendlicher-768x432.jpg 768w, https:\/\/awo-fulda.de\/wp-content\/uploads\/2018\/06\/ISE-Jugendlicher-640x360.jpg 640w\" sizes=\"auto, (max-width: 1600px) 100vw, 1600px\" \/><div class=\"wp-block-cover__inner-container is-layout-flow wp-block-cover-is-layout-flow\">\n<p class=\"has-text-align-center\" style=\"font-size:24px\"><strong>Hilfe zur Erziehung<\/strong><\/p>\n<\/div><a href=\"https:\/\/awo-fulda.de\/beratung-begleitung\/hze\/\" class=\"editorskit-block-link\" rel=\"\"><\/a><\/div>\n<\/div>\n\n\n\n<div class=\"wp-block-column is-layout-flow wp-block-column-is-layout-flow\">\n<div class=\"wp-block-cover has-background-dim ek-linked-block\" style=\"min-height:253px;aspect-ratio:unset;\"><img loading=\"lazy\" decoding=\"async\" width=\"480\" height=\"270\" class=\"wp-block-cover__image-background wp-image-31011\" alt=\"\" src=\"https:\/\/awo-fulda.de\/wp-content\/uploads\/2021\/06\/soziale-gruppenarbeit-2.jpg\" data-object-fit=\"cover\"\/><div class=\"wp-block-cover__inner-container is-layout-flow wp-block-cover-is-layout-flow\">\n<p class=\"has-text-align-center\" style=\"font-size:24px\"><strong>Soziale Gruppenarbeit<\/strong><\/p>\n<\/div><a href=\"https:\/\/awo-fulda.de\/soziale-gruppenarbeit\/\" class=\"editorskit-block-link\" rel=\"\"><\/a><\/div>\n<\/div>\n\n\n\n<div class=\"wp-block-column is-layout-flow wp-block-column-is-layout-flow\">\n<div class=\"wp-block-cover has-background-dim ek-linked-block\" style=\"min-height:253px;aspect-ratio:unset;\"><img loading=\"lazy\" decoding=\"async\" width=\"1600\" height=\"900\" class=\"wp-block-cover__image-background wp-image-16491\" alt=\"\" src=\"https:\/\/awo-fulda.de\/wp-content\/uploads\/2018\/06\/stadtteilm\u00fctter-rot.jpg\" data-object-fit=\"cover\" srcset=\"https:\/\/awo-fulda.de\/wp-content\/uploads\/2018\/06\/stadtteilm\u00fctter-rot.jpg 1600w, https:\/\/awo-fulda.de\/wp-content\/uploads\/2018\/06\/stadtteilm\u00fctter-rot-480x270.jpg 480w, https:\/\/awo-fulda.de\/wp-content\/uploads\/2018\/06\/stadtteilm\u00fctter-rot-768x432.jpg 768w, https:\/\/awo-fulda.de\/wp-content\/uploads\/2018\/06\/stadtteilm\u00fctter-rot-640x360.jpg 640w\" sizes=\"auto, (max-width: 1600px) 100vw, 1600px\" \/><div class=\"wp-block-cover__inner-container is-layout-flow wp-block-cover-is-layout-flow\">\n<p class=\"has-text-align-center\" style=\"font-size:24px\"><strong>Stadtteilm\u00fctter<\/strong><\/p>\n<\/div><a href=\"https:\/\/awo-fulda.de\/beratung-begleitung\/stadtteilmuetter\/\" class=\"editorskit-block-link\" rel=\"\"><\/a><\/div>\n<\/div>\n<\/div>\n\n\n\n<div class=\"wp-block-columns is-layout-flex wp-container-core-columns-is-layout-9d6595d7 wp-block-columns-is-layout-flex\">\n<div class=\"wp-block-column ek-linked-block is-layout-flow wp-block-column-is-layout-flow\">\n<div class=\"wp-block-cover has-background-dim ek-linked-block\" style=\"min-height:253px;aspect-ratio:unset;\"><img loading=\"lazy\" decoding=\"async\" width=\"1600\" height=\"900\" class=\"wp-block-cover__image-background wp-image-15251\" alt=\"\" src=\"https:\/\/awo-fulda.de\/wp-content\/uploads\/2018\/05\/Obs2.jpg\" data-object-fit=\"cover\" srcset=\"https:\/\/awo-fulda.de\/wp-content\/uploads\/2018\/05\/Obs2.jpg 1600w, https:\/\/awo-fulda.de\/wp-content\/uploads\/2018\/05\/Obs2-480x270.jpg 480w, https:\/\/awo-fulda.de\/wp-content\/uploads\/2018\/05\/Obs2-768x432.jpg 768w, https:\/\/awo-fulda.de\/wp-content\/uploads\/2018\/05\/Obs2-640x360.jpg 640w\" sizes=\"auto, (max-width: 1600px) 100vw, 1600px\" \/><div class=\"wp-block-cover__inner-container is-layout-flow wp-block-cover-is-layout-flow\">\n<p class=\"has-text-align-center\" style=\"font-size:24px\"><strong>Elternbildung<\/strong><\/p>\n<\/div><a href=\"https:\/\/awo-fulda.de\/beratung-begleitung\/elternbildung\/\" class=\"editorskit-block-link\" rel=\"\"><\/a><\/div>\n<a href=\"https:\/\/awo-fulda.de\/beratung-begleitung\/elternbildung\/\" class=\"editorskit-block-link\" rel=\"\"><\/a><\/div>\n\n\n\n<div class=\"wp-block-column is-layout-flow wp-block-column-is-layout-flow\">\n<div class=\"wp-block-cover has-background-dim ek-linked-block\" style=\"min-height:253px;aspect-ratio:unset;\"><img loading=\"lazy\" decoding=\"async\" width=\"1919\" height=\"1080\" class=\"wp-block-cover__image-background wp-image-26276\" alt=\"\" src=\"https:\/\/awo-fulda.de\/wp-content\/uploads\/2021\/01\/Bild_Vaeter1.jpg\" data-object-fit=\"cover\" srcset=\"https:\/\/awo-fulda.de\/wp-content\/uploads\/2021\/01\/Bild_Vaeter1.jpg 1919w, https:\/\/awo-fulda.de\/wp-content\/uploads\/2021\/01\/Bild_Vaeter1-480x270.jpg 480w, https:\/\/awo-fulda.de\/wp-content\/uploads\/2021\/01\/Bild_Vaeter1-640x360.jpg 640w, https:\/\/awo-fulda.de\/wp-content\/uploads\/2021\/01\/Bild_Vaeter1-768x432.jpg 768w, https:\/\/awo-fulda.de\/wp-content\/uploads\/2021\/01\/Bild_Vaeter1-1536x864.jpg 1536w\" sizes=\"auto, (max-width: 1919px) 100vw, 1919px\" \/><div class=\"wp-block-cover__inner-container is-layout-flow wp-block-cover-is-layout-flow\">\n<p class=\"has-text-align-center\" style=\"font-size:24px\"><strong>V\u00e4ter f\u00fcr Fulda<\/strong><\/p>\n<\/div><a href=\"https:\/\/awo-fulda.de\/vaeter-fuer-fulda\/\" class=\"editorskit-block-link\" rel=\"\"><\/a><\/div>\n<\/div>\n\n\n\n<div class=\"wp-block-column is-layout-flow wp-block-column-is-layout-flow\"><\/div>\n<\/div>\n\n\n\n<div class=\"wp-block-columns is-layout-flex wp-container-core-columns-is-layout-9d6595d7 wp-block-columns-is-layout-flex\">\n<div class=\"wp-block-column is-layout-flow wp-block-column-is-layout-flow\">\n<div class=\"wp-block-cover has-background-dim ek-linked-block\" style=\"min-height:253px;aspect-ratio:unset;\"><img loading=\"lazy\" decoding=\"async\" width=\"2560\" height=\"1438\" class=\"wp-block-cover__image-background wp-image-23613\" alt=\"\" src=\"https:\/\/awo-fulda.de\/wp-content\/uploads\/2020\/08\/mariame-foto-scaled.jpg\" data-object-fit=\"cover\" srcset=\"https:\/\/awo-fulda.de\/wp-content\/uploads\/2020\/08\/mariame-foto-scaled.jpg 2560w, https:\/\/awo-fulda.de\/wp-content\/uploads\/2020\/08\/mariame-foto-480x270.jpg 480w, https:\/\/awo-fulda.de\/wp-content\/uploads\/2020\/08\/mariame-foto-640x360.jpg 640w, https:\/\/awo-fulda.de\/wp-content\/uploads\/2020\/08\/mariame-foto-768x431.jpg 768w, https:\/\/awo-fulda.de\/wp-content\/uploads\/2020\/08\/mariame-foto-1536x863.jpg 1536w, https:\/\/awo-fulda.de\/wp-content\/uploads\/2020\/08\/mariame-foto-2048x1150.jpg 2048w\" sizes=\"auto, (max-width: 2560px) 100vw, 2560px\" \/><div class=\"wp-block-cover__inner-container is-layout-flow wp-block-cover-is-layout-flow\">\n<p class=\"has-text-align-center\" style=\"font-size:24px\"><strong>Internationales M\u00e4rchenfestival<\/strong><\/p>\n<\/div><a href=\"https:\/\/awo-fulda.de\/category\/internationales-maerchenfestival\/\" class=\"editorskit-block-link\" rel=\"\"><\/a><\/div>\n<\/div>\n\n\n\n<div class=\"wp-block-column is-layout-flow wp-block-column-is-layout-flow\">\n<div class=\"wp-block-cover has-background-dim ek-linked-block\" style=\"min-height:253px;aspect-ratio:unset;\"><img loading=\"lazy\" decoding=\"async\" width=\"2560\" height=\"2216\" class=\"wp-block-cover__image-background wp-image-22419\" alt=\"\" src=\"https:\/\/awo-fulda.de\/wp-content\/uploads\/2020\/04\/Upcycling-_Kr\u00e4uter-scaled.jpg\" data-object-fit=\"cover\" srcset=\"https:\/\/awo-fulda.de\/wp-content\/uploads\/2020\/04\/Upcycling-_Kr\u00e4uter-scaled.jpg 2560w, https:\/\/awo-fulda.de\/wp-content\/uploads\/2020\/04\/Upcycling-_Kr\u00e4uter-480x416.jpg 480w, https:\/\/awo-fulda.de\/wp-content\/uploads\/2020\/04\/Upcycling-_Kr\u00e4uter-640x554.jpg 640w, https:\/\/awo-fulda.de\/wp-content\/uploads\/2020\/04\/Upcycling-_Kr\u00e4uter-768x665.jpg 768w, https:\/\/awo-fulda.de\/wp-content\/uploads\/2020\/04\/Upcycling-_Kr\u00e4uter-1536x1330.jpg 1536w, https:\/\/awo-fulda.de\/wp-content\/uploads\/2020\/04\/Upcycling-_Kr\u00e4uter-2048x1773.jpg 2048w\" sizes=\"auto, (max-width: 2560px) 100vw, 2560px\" \/><div class=\"wp-block-cover__inner-container is-layout-flow wp-block-cover-is-layout-flow\">\n<p class=\"has-text-align-center\" style=\"font-size:24px\"><strong>Kreativ und unterhaltsam<\/strong><\/p>\n<\/div><a href=\"https:\/\/awo-fulda.de\/category\/kreativ-unterhaltsam\/\" class=\"editorskit-block-link\" rel=\"\"><\/a><\/div>\n<\/div>\n\n\n\n<div class=\"wp-block-column is-layout-flow wp-block-column-is-layout-flow\"><\/div>\n<\/div>\n","protected":false},"excerpt":{"rendered":"<p>Mit der AWO ins Leben starten. Kinder sind unsere Zukunft. Wir arbeiten daran, dass alle die gleichen Chancen bekommen. Dieses Ziel liegt zwar in weiter Ferne, aber wir unterst\u00fctzen dieses&hellip;<\/p>\n","protected":false},"author":10,"featured_media":0,"parent":0,"menu_order":0,"comment_status":"closed","ping_status":"closed","template":"","meta":{"_editorskit_title_hidden":false,"_editorskit_reading_time":0,"_editorskit_is_block_options_detached":false,"_editorskit_block_options_position":"{}","footnotes":""},"class_list":["post-27779","page","type-page","status-publish","hentry","description-off"],"translation":{"provider":"WPGlobus","version":"3.0.2","language":"fr","enabled_languages":["de","en","fr","ru","ar","tr","fa"],"languages":{"de":{"title":true,"content":true,"excerpt":false},"en":{"title":true,"content":true,"excerpt":false},"fr":{"title":true,"content":false,"excerpt":false},"ru":{"title":false,"content":false,"excerpt":false},"ar":{"title":false,"content":false,"excerpt":false},"tr":{"title":false,"content":false,"excerpt":false},"fa":{"title":true,"content":false,"excerpt":false}}},"_links":{"self":[{"href":"https:\/\/awo-fulda.de\/fr\/wp-json\/wp\/v2\/pages\/27779","targetHints":{"allow":["GET"]}}],"collection":[{"href":"https:\/\/awo-fulda.de\/fr\/wp-json\/wp\/v2\/pages"}],"about":[{"href":"https:\/\/awo-fulda.de\/fr\/wp-json\/wp\/v2\/types\/page"}],"author":[{"embeddable":true,"href":"https:\/\/awo-fulda.de\/fr\/wp-json\/wp\/v2\/users\/10"}],"replies":[{"embeddable":true,"href":"https:\/\/awo-fulda.de\/fr\/wp-json\/wp\/v2\/comments?post=27779"}],"version-history":[{"count":21,"href":"https:\/\/awo-fulda.de\/fr\/wp-json\/wp\/v2\/pages\/27779\/revisions"}],"predecessor-version":[{"id":116430,"href":"https:\/\/awo-fulda.de\/fr\/wp-json\/wp\/v2\/pages\/27779\/revisions\/116430"}],"wp:attachment":[{"href":"https:\/\/awo-fulda.de\/fr\/wp-json\/wp\/v2\/media?parent=27779"}],"curies":[{"name":"wp","href":"https:\/\/api.w.org\/{rel}","templated":true}]}}