{"id":27635,"date":"2021-03-16T16:18:21","date_gmt":"2021-03-16T15:18:21","guid":{"rendered":"https:\/\/awo-fulda.de\/?page_id=27635"},"modified":"2022-10-03T14:53:48","modified_gmt":"2022-10-03T12:53:48","slug":"75-jahre","status":"publish","type":"page","link":"https:\/\/awo-fulda.de\/fr\/75-jahre\/","title":{"rendered":"75 Jahre alt, aber voller Dynamik: Die AWO in Fulda"},"content":{"rendered":"\r\n<h3><strong>\u00a0<\/strong><\/h3>\r\n<p><strong><a class=\"dt-pswp-item\" href=\"https:\/\/awo-fulda.de\/wp-content\/uploads\/2021\/03\/Fotokarte-rot.png\" data-dt-img-description=\"\" data-large_image_width=\"1030\" data-large_image_height=\"465\"><img loading=\"lazy\" decoding=\"async\" class=\"alignnone size-full wp-image-27638\" src=\"https:\/\/awo-fulda.de\/wp-content\/uploads\/2021\/03\/Fotokarte-rot.png\" alt=\"\" width=\"1030\" height=\"465\" srcset=\"https:\/\/awo-fulda.de\/wp-content\/uploads\/2021\/03\/Fotokarte-rot.png 1030w, https:\/\/awo-fulda.de\/wp-content\/uploads\/2021\/03\/Fotokarte-rot-480x217.png 480w, https:\/\/awo-fulda.de\/wp-content\/uploads\/2021\/03\/Fotokarte-rot-640x289.png 640w, https:\/\/awo-fulda.de\/wp-content\/uploads\/2021\/03\/Fotokarte-rot-768x347.png 768w\" sizes=\"auto, (max-width: 1030px) 100vw, 1030px\" \/><\/a><\/strong><\/p>\r\n<p>&nbsp;<\/p>\r\n<p>Nun ist es mehr als 75 Jahre her, dass engagierte Frauen und M\u00e4nner sich zusammengetan haben, um auch in Fulda einen AWO Kreisverband zu gr\u00fcnden. Aufgrund der Corona-Pandemie konnten wir dieses Ereignis leider nicht so feiern wie wir es uns gew\u00fcnscht hatten. Trotzdem war einiges m\u00f6glich:<\/p>\r\n<h3>Schauen Sie sich unsere Jubil\u00e4umsseiten an. Wir haben im Archiv gest\u00f6bert und sch\u00f6ne Erinnerungen zu Tage gebracht.<\/h3>\r\n<p>Die Homepage wurde durch Interviews von Mitarbeitenden, Ehrenamtlichen und Zeitzeugen bereichert. Mehrere Videos sind entstanden, die unsere Arbeit pr\u00e4sentieren.<\/p>\r\n<p>Au\u00dferdem gibt es einen <strong><span style=\"color: #9e2121;\"><a style=\"color: #9e2121;\" href=\"https:\/\/awo-fulda.de\/rundgang\/\">STADTRUNDGANG<\/a> <\/span>&#8220;Auf den Spuren der AWO&#8221;,<\/strong> der an verschiedenen Stationen die Entwicklung der AWO und unser Wirken f\u00fcr eine erfolgreiche Integration von Zugewanderten erz\u00e4hlt &#8211; von den Fl\u00fcchtlingen und Heimatvertriebenen 1946 bis heute. Wer mag, kann diese Stationen auch per Geocaching finden. Und wenn Sie nicht die Strecke ablaufen wollen: Die hier auf der Homepage gezeigten Bilder und Beschreibungen sind auf jeden Fall interessant.<\/p>\r\n<p>Als im Jahr 2022 immer noch keine gro\u00dfe Feier m\u00f6glich war, wurde zur W\u00fcrdigung des Ereignisses eine <span style=\"color: #9e2121;\"><a style=\"color: #9e2121;\" href=\"https:\/\/awo-fulda.de\/jubilaeumsausstellung-im-stadtschloss-fulda\/\"><strong>AUSSTELLUNG\u00a0<\/strong><\/a><\/span>konzipiert. Dazu passend Veranstaltungen als <a href=\"https:\/\/awo-fulda.de\/jubilaeumsausstellung-rahmenprogramm\/\"><span style=\"color: #9e2121;\">Rahmenprogramm<\/span> <\/a>wie Karaoke, Theater und <span style=\"color: #9e2121;\"><a style=\"color: #9e2121;\" href=\"https:\/\/awo-fulda.de\/malwettbewerb-die-awo-und-ich\/\">Malwettbewerb<\/a>.<\/span><\/p>\r\n<p>&nbsp;<\/p>\r\n<p>Im Jubil\u00e4umsjahr 2021 wurden zumindest ein paar Highlights vorbereitet und unter Beachtung der Hygieneauflagen durchgef\u00fchrt. Das wollten wir uns nicht nehmen lassen, denn das Miteinander und der Zusammenhalt standen bei der AWO schon immer im Mittelpunkt. Aus diesem Gemeinschaftsgef\u00fchl heraus sind alle Aktivit\u00e4ten letztendlich entstanden.<\/p>\r\n<p>Am 3. Juli 2021 fand auf dem Universit\u00e4tsplatz ein sehr gut besuchter <strong><span style=\"color: #9e2121;\">AKTIONSTAG<\/span> <\/strong>statt: <a href=\"https:\/\/awo-fulda.de\/2021\/10\/12\/aktionstag\/\">Video<\/a> und <a href=\"https:\/\/awo-fulda.de\/2021\/07\/04\/aktionstag-auf-dem-uniplatz-75-jahre-awo-fulda\/\">Berichte dazu hier.<\/a><\/p>\r\n\r\n\r\n\r\n<p>Am 10. Juli 2021 wurde ERNA HOSEMANN f\u00fcr ihr politisches und soziales Wirken durch eine &#8220;Blaue Bank&#8221; geehrt. Im Bericht finden Sie interessante Hintergrundinformationen zu ihrer herausragenden Bedeutung f\u00fcr Fulda:<span style=\"color: #9e2121;\"> <a class=\"ek-link\" style=\"color: #9e2121;\" href=\"https:\/\/awo-fulda.de\/2021\/07\/11\/blaue-bank\/\">&#8220;Blaue Bank &#8211; W\u00fcrdigung von Erna Hosemann durch Soroptimist International Club Fulda<\/a><\/span><\/p>\r\n\r\n\r\n\r\n<p>Am 29. Juli war das <span style=\"color: #9e2121;\"><strong>DINNER-IN-WEISS<\/strong><\/span> in der Fulda-Aue, das unser Jubil\u00e4um im Fokus hatte und wieder ein sehr sch\u00f6ner Abend in netter Gesellschaft war: <a class=\"ek-link\" href=\"https:\/\/awo-fulda.de\/2021\/08\/02\/dinner-in-weiss-2021\/\">Hier finden Sie Fotos dazu.<\/a><\/p>\r\n\r\n\r\n\r\n<p>&nbsp;<\/p>\r\n<p><strong>Es w\u00e4re sch\u00f6n, wenn wir Sie durch unsere Pr\u00e4sentation auch f\u00fcr die Arbeit der AWO begeistern k\u00f6nnten &#8211; wir suchen immer neue Mitglieder und Engagierte. Kommen auch Sie in den Kreis unserer Freunde und Freundinnen!<\/strong><\/p>\r\n\r\n\r\n\r\n<p>Ihr AWO Team Fulda<\/p>\r\n\r\n\r\n","protected":false},"excerpt":{"rendered":"<p>\u00a0 &nbsp; Nun ist es mehr als 75 Jahre her, dass engagierte Frauen und M\u00e4nner sich zusammengetan haben, um auch in Fulda einen AWO Kreisverband zu gr\u00fcnden. Aufgrund der Corona-Pandemie&hellip;<\/p>\n","protected":false},"author":6,"featured_media":0,"parent":0,"menu_order":0,"comment_status":"closed","ping_status":"closed","template":"","meta":{"_editorskit_title_hidden":false,"_editorskit_reading_time":1,"_editorskit_is_block_options_detached":false,"_editorskit_block_options_position":"{}","footnotes":""},"class_list":["post-27635","page","type-page","status-publish","hentry","description-off"],"translation":{"provider":"WPGlobus","version":"3.0.2","language":"fr","enabled_languages":["de","en","fr","ru","ar","tr","fa"],"languages":{"de":{"title":true,"content":true,"excerpt":false},"en":{"title":false,"content":false,"excerpt":false},"fr":{"title":false,"content":false,"excerpt":false},"ru":{"title":false,"content":false,"excerpt":false},"ar":{"title":false,"content":false,"excerpt":false},"tr":{"title":false,"content":false,"excerpt":false},"fa":{"title":false,"content":false,"excerpt":false}}},"_links":{"self":[{"href":"https:\/\/awo-fulda.de\/fr\/wp-json\/wp\/v2\/pages\/27635","targetHints":{"allow":["GET"]}}],"collection":[{"href":"https:\/\/awo-fulda.de\/fr\/wp-json\/wp\/v2\/pages"}],"about":[{"href":"https:\/\/awo-fulda.de\/fr\/wp-json\/wp\/v2\/types\/page"}],"author":[{"embeddable":true,"href":"https:\/\/awo-fulda.de\/fr\/wp-json\/wp\/v2\/users\/6"}],"replies":[{"embeddable":true,"href":"https:\/\/awo-fulda.de\/fr\/wp-json\/wp\/v2\/comments?post=27635"}],"version-history":[{"count":26,"href":"https:\/\/awo-fulda.de\/fr\/wp-json\/wp\/v2\/pages\/27635\/revisions"}],"predecessor-version":[{"id":116264,"href":"https:\/\/awo-fulda.de\/fr\/wp-json\/wp\/v2\/pages\/27635\/revisions\/116264"}],"wp:attachment":[{"href":"https:\/\/awo-fulda.de\/fr\/wp-json\/wp\/v2\/media?parent=27635"}],"curies":[{"name":"wp","href":"https:\/\/api.w.org\/{rel}","templated":true}]}}