{"id":21924,"date":"2020-03-12T13:58:47","date_gmt":"2020-03-12T12:58:47","guid":{"rendered":"https:\/\/awo-fulda.de\/?page_id=21924"},"modified":"2026-01-15T12:42:12","modified_gmt":"2026-01-15T11:42:12","slug":"stadtteiltreff-suedend","status":"publish","type":"page","link":"https:\/\/awo-fulda.de\/fr\/stadtteiltreff-suedend\/","title":{"rendered":"AWO Stadtteiltreff S\u00fcdend"},"content":{"rendered":"\r\n<figure class=\"wp-block-table\">\r\n<table>\r\n<tbody>\r\n<tr>\r\n<td><a class=\"dt-pswp-item\" style=\"pointer-events: none;\" href=\"https:\/\/awo-fulda.de\/wp-content\/uploads\/2020\/03\/Frauenkurs-AWO-Stadtteiltreff-S\u00fcdend1.jpg\" data-dt-img-description=\"\" data-large_image_width=\"1600\" data-large_image_height=\"900\"><img loading=\"lazy\" decoding=\"async\" class=\"alignnone size-full wp-image-22060\" src=\"https:\/\/awo-fulda.de\/wp-content\/uploads\/2020\/03\/Frauenkurs-AWO-Stadtteiltreff-S\u00fcdend1.jpg\" alt=\"\" width=\"1600\" height=\"900\" srcset=\"https:\/\/awo-fulda.de\/wp-content\/uploads\/2020\/03\/Frauenkurs-AWO-Stadtteiltreff-S\u00fcdend1.jpg 1600w, https:\/\/awo-fulda.de\/wp-content\/uploads\/2020\/03\/Frauenkurs-AWO-Stadtteiltreff-S\u00fcdend1-480x270.jpg 480w, https:\/\/awo-fulda.de\/wp-content\/uploads\/2020\/03\/Frauenkurs-AWO-Stadtteiltreff-S\u00fcdend1-640x360.jpg 640w, https:\/\/awo-fulda.de\/wp-content\/uploads\/2020\/03\/Frauenkurs-AWO-Stadtteiltreff-S\u00fcdend1-768x432.jpg 768w, https:\/\/awo-fulda.de\/wp-content\/uploads\/2020\/03\/Frauenkurs-AWO-Stadtteiltreff-S\u00fcdend1-1536x864.jpg 1536w\" sizes=\"auto, (max-width: 1600px) 100vw, 1600px\" \/><\/a><\/td>\r\n<td><img loading=\"lazy\" decoding=\"async\" class=\"alignnone wp-image-28590 size-medium\" src=\"https:\/\/awo-fulda.de\/wp-content\/uploads\/2021\/04\/Logo-AWO-Stadtteiltreff-Suedend-480x480.jpg\" alt=\"\" width=\"480\" height=\"480\" srcset=\"https:\/\/awo-fulda.de\/wp-content\/uploads\/2021\/04\/Logo-AWO-Stadtteiltreff-Suedend-480x480.jpg 480w, https:\/\/awo-fulda.de\/wp-content\/uploads\/2021\/04\/Logo-AWO-Stadtteiltreff-Suedend-640x640.jpg 640w, https:\/\/awo-fulda.de\/wp-content\/uploads\/2021\/04\/Logo-AWO-Stadtteiltreff-Suedend-300x300.jpg 300w, https:\/\/awo-fulda.de\/wp-content\/uploads\/2021\/04\/Logo-AWO-Stadtteiltreff-Suedend-768x768.jpg 768w, https:\/\/awo-fulda.de\/wp-content\/uploads\/2021\/04\/Logo-AWO-Stadtteiltreff-Suedend-1536x1536.jpg 1536w, https:\/\/awo-fulda.de\/wp-content\/uploads\/2021\/04\/Logo-AWO-Stadtteiltreff-Suedend-2048x2048.jpg 2048w\" sizes=\"auto, (max-width: 480px) 100vw, 480px\" \/><\/td>\r\n<td><a class=\"dt-pswp-item\" style=\"pointer-events: none;\" href=\"https:\/\/awo-fulda.de\/wp-content\/uploads\/2020\/03\/garten1.jpg\" data-dt-img-description=\"\" data-large_image_width=\"1600\" data-large_image_height=\"900\"><img loading=\"lazy\" decoding=\"async\" class=\"alignnone size-full wp-image-22059\" src=\"https:\/\/awo-fulda.de\/wp-content\/uploads\/2020\/03\/garten1.jpg\" alt=\"\" width=\"1600\" height=\"900\" srcset=\"https:\/\/awo-fulda.de\/wp-content\/uploads\/2020\/03\/garten1.jpg 1600w, https:\/\/awo-fulda.de\/wp-content\/uploads\/2020\/03\/garten1-480x270.jpg 480w, https:\/\/awo-fulda.de\/wp-content\/uploads\/2020\/03\/garten1-640x360.jpg 640w, https:\/\/awo-fulda.de\/wp-content\/uploads\/2020\/03\/garten1-768x432.jpg 768w, https:\/\/awo-fulda.de\/wp-content\/uploads\/2020\/03\/garten1-1536x864.jpg 1536w\" sizes=\"auto, (max-width: 1600px) 100vw, 1600px\" \/><\/a><\/td>\r\n<\/tr>\r\n<\/tbody>\r\n<\/table>\r\n<\/figure>\r\n\r\n\r\n\r\n<p>Der AWO Stadtteiltreff S\u00fcdend ist ein gem\u00fctlicher Ort der Vielfalt, des Miteinanders und des Engagements.\u00a0<\/p>\r\n\r\n\r\n\r\n<p>Wir stehen f\u00fcr Offenheit, hier k\u00f6nnen Menschen zusammenkommen und sich im Rahmen verschiedener Angebote, Veranstaltungen und Anliegen einbringen, austauschen und Unterst\u00fctzung erhalten\u2026 oder sich einfach mit Bekannten zum Tee oder Kaffee treffen. Unser gro\u00dfer Gemeinschaftsgarten l\u00e4dt au\u00dferdem zum Entspannen oder zum Obst und Gem\u00fcse ernten ein. Bei uns sind alle \u2013 unabh\u00e4ngig von Alter, Nationalit\u00e4t, Geschlecht oder Religion \u2013 herzlich willkommen. Wir unterst\u00fctzen bei Fragen und Anliegen jeglicher Art und freuen uns \u00fcber einen Besuch!<\/p>\r\n\r\n\r\n\r\n<p><strong>Unser aktuelles Programm finden Sie nachfolgend:<\/strong><\/p>\r\n<div class=\"_3d-flip-book  fb3d-thumbnail-lightbox-mode\" data-id=\"0\" data-mode=\"thumbnail-lightbox\" data-title=\"false\" data-template=\"short-white-book-view\" data-lightbox=\"dark-shadow\" data-urlparam=\"fb3d-page\" data-page-n=\"0\" data-pdf=\"\" data-tax=\"null\" data-thumbnail=\"\" data-cols=\"3\" data-book-template=\"default\" data-trigger=\"\"><\/div><img decoding=\"async\" src=\"https:\/\/awo-fulda.de\/wp-content\/uploads\/2026\/01\/Wochenplan-2025-2.jpg\" width=\"100%\" \/>\r\n<p>Im AWO Stadtteiltreff finden unterschiedliche Gruppenangebote statt wie zum Beispiel:<\/p>\r\n\r\n\r\n\r\n<ul class=\"wp-block-list\">\r\n\r\n\r\n<li>Interkulturelle Kochgruppe<\/li>\r\n\r\n\r\n\r\n\r\n\r\n<li>Spiele-Nachmittage<\/li>\r\n<li>Bewerbungs- und Formularhilfe<\/li>\r\n<li>Gespr\u00e4chscaf\u00e9<\/li>\r\n<li>Drop In<\/li>\r\n<li>N\u00e4hgruppe<\/li>\r\n\r\n\r\n<\/ul>\r\n\r\n\r\n\r\n\r\n\r\n<p>Au\u00dferdem bieten wir einen offenen Raum f\u00fcr Treffen sowie die Verwirklichung von eigenen Ideen und freuen uns \u00fcber neue Gruppen oder Angebote. F\u00fcr ein gutes Gelingen ist Netzwerkarbeit wichtig. Deshalb sind wir z. B. Mitglied im Stadtteil-Arbeitskreis und im Redaktionsteam der Familienzeitschrift \u201eS\u00fcdpol\u201c.<\/p>\r\n\r\n\r\n\r\n<p>Der AWO Stadtteiltreff S\u00fcdend ist auch der Standort\u00a0 unseres Projekts <em>Chancen-Patenschaften<\/em>. Dieses baut Br\u00fccken zwischen Menschen aus unterschiedlichen Lebenslagen mit unterschiedlichen Hintergr\u00fcnden und begleitet die daraus entstandenen Patenschaften. N\u00e4here Informationen auf unserer Seite <a style=\"pointer-events: none;\" href=\"https:\/\/awo-fulda.de\/migration-integration\/patenschaftsprojekt\/\">Chancen-Patenschaften<\/a>.<\/p>\r\n\r\n\r\n\r\n\r\n\r\n\r\n\r\n<p><strong>\u00d6ffnungszeiten:<\/strong><\/p>\r\n\r\n\r\n\r\n<figure class=\"wp-block-table\">\r\n<table>\r\n<tbody>\r\n<tr>\r\n<td><strong>Montag<\/strong><\/td>\r\n<td>09:00 &#8211; 16:00 Uhr<\/td>\r\n<\/tr>\r\n<tr>\r\n<td><strong>Dienstag<\/strong><\/td>\r\n<td>09:00 &#8211; 16:00 Uhr<\/td>\r\n<\/tr>\r\n<tr>\r\n<td><strong>Mittwoch<\/strong><\/td>\r\n<td>09:00 &#8211; 18:00 Uhr<\/td>\r\n<\/tr>\r\n<tr>\r\n<td><strong>Donnerstag<\/strong><\/td>\r\n<td>09:00 &#8211; 16:00 Uhr<\/td>\r\n<\/tr>\r\n<tr>\r\n<td><strong>Freitag<\/strong><\/td>\r\n<td>09:00 &#8211; 15:00 Uhr<\/td>\r\n<\/tr>\r\n<\/tbody>\r\n<\/table>\r\n<\/figure>\r\n\r\n\r\n\r\n<p><span style=\"color: #ff0000;\"><em>Mittagspause von 12:00 &#8211; 14:00 Uhr<\/em><\/span><\/p>\r\n\r\n\r\n\r\n<p><strong>Sprechstunde Familienlotsin:<\/strong><\/p>\r\n\r\n\r\n\r\n<p><strong>Die Familienlotsin unterst\u00fctzt bei Problemen und Schwierigkeiten rund um das Thema Kinder und Familie. Sie hilft z.B. bei der Suche nach einem Kita Platz oder der Freizeitgestaltung von Kindern<\/strong><\/p>\r\n\r\n\r\n\r\n<figure class=\"wp-block-table\">\r\n<table>\r\n<tbody>\r\n<tr>\r\n<td><strong>Mittwoch<\/strong><\/td>\r\n<td>10:00 &#8211; 11:00 Uhr<\/td>\r\n<\/tr>\r\n<\/tbody>\r\n<\/table>\r\n<\/figure>\r\n\r\n\r\n\r\n<div class=\"wp-block-spacer\" style=\"height: 47px;\" aria-hidden=\"true\">\u00a0<\/div>\r\n\r\n\r\n\r\n<p><b>F\u00fcr einen Eindruck wie es bei uns im AWO S\u00fcdendtreff aussieht und welche Angebote es bei uns gibt, schauen Sie sich gerne die unten folgenden Videos und Presseberichte an.<\/b><\/p>\r\n\r\n\r\n\r\n<figure class=\"wp-block-table\">\r\n<table>\r\n<tbody>\r\n<tr>\r\n<td>\u00a0<\/td>\r\n<td>\u00a0<\/td>\r\n<\/tr>\r\n<tr>\r\n<td><iframe loading=\"lazy\" src=\"\/\/www.youtube.com\/embed\/UxTc0busYD4\" width=\"560\" height=\"314\" allowfullscreen=\"allowfullscreen\"><\/iframe><\/td>\r\n<td><iframe loading=\"lazy\" src=\"\/\/www.youtube.com\/embed\/_1mUsBIIXVg\" width=\"560\" height=\"314\" allowfullscreen=\"allowfullscreen\"><\/iframe><\/td>\r\n<\/tr>\r\n<\/tbody>\r\n<\/table>\r\n<\/figure>\r\n\r\n\r\n\r\n<figure class=\"wp-block-table\">\r\n<table>\r\n<tbody>\r\n<tr>\r\n<td>\u00a0<\/td>\r\n<td>\u00a0<\/td>\r\n<\/tr>\r\n<tr>\r\n<td><iframe loading=\"lazy\" src=\"\/\/www.youtube.com\/embed\/y-2ATEdwDDs\" width=\"560\" height=\"314\" allowfullscreen=\"allowfullscreen\"><\/iframe><\/td>\r\n<td><iframe loading=\"lazy\" title=\"YouTube video player\" src=\"\/\/www.youtube.com\/embed\/SEA_E0DtgDA\" width=\"560\" height=\"315\" frameborder=\"0\" allowfullscreen=\"allowfullscreen\"><\/iframe><\/td>\r\n<\/tr>\r\n<\/tbody>\r\n<\/table>\r\n<\/figure>\r\n\r\n\r\n\r\n<h3 class=\"has-small-font-size\"><strong>Presseberichte: <\/strong><span style=\"font-size: 20px;\"><strong><br \/><\/strong><\/span><\/h3>\r\n\r\n\r\n\r\n<div><a style=\"pointer-events: none;\" href=\"https:\/\/awo-fulda.de\/osthessen-news-im-suedend-anwohner-fordern-nachbesserungen-am-badegarten\/\" target=\"_blank\" rel=\"noopener\">Im S\u00fcdend: Anwohner fordern Nachbesserungen am Badegarten<\/a><\/div>\r\n\r\n\r\n\r\n<p>(Osthessen News, 2021)<\/p>\r\n\r\n\r\n\r\n<div><a style=\"pointer-events: none;\" href=\"https:\/\/awo-fulda.de\/fz-fulda-suedend-anwohner-formulieren-anliegen-fuer-badegarten\/\" target=\"_blank\" rel=\"noopener\">Fulda: S\u00fcdend-Anwohner formulieren Anliegen f\u00fcr Badegarten<\/a><\/div>\r\n\r\n\r\n\r\n<p>(Fuldaer Zeitung, 2021)<\/p>\r\n\r\n\r\n\r\n<div><a style=\"pointer-events: none;\" href=\"https:\/\/awo-fulda.de\/oz-unterschriftenaktion-im-suedend-nachbesserungen-am-badegarten\/\" target=\"_blank\" rel=\"noopener\">Unterschriftenaktion im S\u00fcdend \u2013 Nachbesserungen am Badegarten<\/a><\/div>\r\n\r\n\r\n\r\n<p>(Osthessen Zeitung, 2021)<\/p>\r\n\r\n\r\n\r\n<div><a style=\"pointer-events: none;\" href=\"https:\/\/awo-fulda.de\/osthessen-news_osterputz-im-fuldaer-stadtteil-suedend-kohlhaus-trotz-wiedriger-bedingungen-15-04-2021\/\" target=\"_blank\" rel=\"noopener\">Osterputz im Fuldaer Stadtteil S\u00fcdend\/Kohlhaus trotz widriger Bedingungen<\/a><\/div>\r\n\r\n\r\n\r\n<p>(Osthessen News, 2021)<\/p>\r\n\r\n\r\n\r\n<div><a style=\"pointer-events: none;\" href=\"https:\/\/awo-fulda.de\/osthessen-zeitung_gemeinsam-fuer-das-suedend-osterputz-ein-voller-erfolg-19-04-2021\/\" target=\"_blank\" rel=\"noopener\">Gemeinsam f\u00fcr das S\u00fcdend &#8211; Osterputz ein voller Erfolg<\/a><\/div>\r\n\r\n\r\n\r\n<p>(Osthessen Zeitung, 2021)<\/p>\r\n\r\n\r\n\r\n<div><a style=\"pointer-events: none;\" href=\"https:\/\/awo-fulda.de\/wp-content\/uploads\/2020\/08\/AWO-Stadtteiltreff-Suedend_Presseartikel_ON_Anwohner-verschoenern-ihren-Spielplatz-in-der-Ronsbachstrasse.pdf\" target=\"_blank\" rel=\"noopener noreferrer\">Anwohner versch\u00f6nern ihren Spielplatz in der Ronsbachstra\u00dfe<\/a><\/div>\r\n\r\n\r\n\r\n<p>(Osthessen News, 2020)<\/p>\r\n\r\n\r\n\r\n<div>\u00a0<\/div>\r\n","protected":false},"excerpt":{"rendered":"<p>Der AWO Stadtteiltreff S\u00fcdend ist ein gem\u00fctlicher Ort der Vielfalt, des Miteinanders und des Engagements.\u00a0 Wir stehen f\u00fcr Offenheit, hier k\u00f6nnen Menschen zusammenkommen und sich im Rahmen verschiedener Angebote, Veranstaltungen&hellip;<\/p>\n","protected":false},"author":6,"featured_media":0,"parent":0,"menu_order":0,"comment_status":"closed","ping_status":"closed","template":"","meta":{"_editorskit_title_hidden":false,"_editorskit_reading_time":1,"_editorskit_is_block_options_detached":false,"_editorskit_block_options_position":"{}","footnotes":""},"class_list":["post-21924","page","type-page","status-publish","hentry","description-off"],"translation":{"provider":"WPGlobus","version":"3.0.2","language":"fr","enabled_languages":["de","en","fr","ru","ar","tr","fa"],"languages":{"de":{"title":true,"content":true,"excerpt":false},"en":{"title":false,"content":false,"excerpt":false},"fr":{"title":false,"content":false,"excerpt":false},"ru":{"title":false,"content":false,"excerpt":false},"ar":{"title":false,"content":false,"excerpt":false},"tr":{"title":false,"content":false,"excerpt":false},"fa":{"title":false,"content":false,"excerpt":false}}},"_links":{"self":[{"href":"https:\/\/awo-fulda.de\/fr\/wp-json\/wp\/v2\/pages\/21924","targetHints":{"allow":["GET"]}}],"collection":[{"href":"https:\/\/awo-fulda.de\/fr\/wp-json\/wp\/v2\/pages"}],"about":[{"href":"https:\/\/awo-fulda.de\/fr\/wp-json\/wp\/v2\/types\/page"}],"author":[{"embeddable":true,"href":"https:\/\/awo-fulda.de\/fr\/wp-json\/wp\/v2\/users\/6"}],"replies":[{"embeddable":true,"href":"https:\/\/awo-fulda.de\/fr\/wp-json\/wp\/v2\/comments?post=21924"}],"version-history":[{"count":72,"href":"https:\/\/awo-fulda.de\/fr\/wp-json\/wp\/v2\/pages\/21924\/revisions"}],"predecessor-version":[{"id":144290,"href":"https:\/\/awo-fulda.de\/fr\/wp-json\/wp\/v2\/pages\/21924\/revisions\/144290"}],"wp:attachment":[{"href":"https:\/\/awo-fulda.de\/fr\/wp-json\/wp\/v2\/media?parent=21924"}],"curies":[{"name":"wp","href":"https:\/\/api.w.org\/{rel}","templated":true}]}}