{"id":18860,"date":"2018-12-06T15:05:56","date_gmt":"2018-12-06T14:05:56","guid":{"rendered":"https:\/\/awo-fulda.de\/?page_id=18860"},"modified":"2022-10-02T18:25:08","modified_gmt":"2022-10-02T16:25:08","slug":"100-jahre-awo","status":"publish","type":"page","link":"https:\/\/awo-fulda.de\/fr\/100-jahre-awo\/","title":{"rendered":"100 Jahre AWO in Deutschland"},"content":{"rendered":"<h2><\/h2>\n<table style=\"border-collapse: collapse; width: 100%;\">\n<tbody>\n<tr>\n<td style=\"width: 32.9587%;\">\n<h2><a class=\"dt-pswp-item\" href=\"https:\/\/awo-fulda.de\/wp-content\/uploads\/2018\/12\/Marie-Juchacz-_f\u00fcr-Vielfalt.jpg\" data-dt-img-description=\"\" data-large_image_width=\"363\" data-large_image_height=\"314\"><img loading=\"lazy\" decoding=\"async\" class=\"size-full wp-image-18912 alignleft\" src=\"https:\/\/awo-fulda.de\/wp-content\/uploads\/2018\/12\/Marie-Juchacz-_f\u00fcr-Vielfalt.jpg\" alt=\"\" width=\"363\" height=\"314\" \/><\/a><\/h2>\n<\/td>\n<td style=\"width: 67.0413%;\">\n<h2><a href=\"http:\/\/www.100jahreawo.org\/\"><img loading=\"lazy\" decoding=\"async\" class=\"wp-image-18861 alignnone\" src=\"https:\/\/awo-fulda.de\/wp-content\/uploads\/2018\/12\/AWO_100J_Standard_Zeichen_RGB_office.jpg\" alt=\"100 Jahre AWO\" width=\"417\" height=\"200\" srcset=\"https:\/\/awo-fulda.de\/wp-content\/uploads\/2018\/12\/AWO_100J_Standard_Zeichen_RGB_office.jpg 1123w, https:\/\/awo-fulda.de\/wp-content\/uploads\/2018\/12\/AWO_100J_Standard_Zeichen_RGB_office-480x230.jpg 480w, https:\/\/awo-fulda.de\/wp-content\/uploads\/2018\/12\/AWO_100J_Standard_Zeichen_RGB_office-768x369.jpg 768w, https:\/\/awo-fulda.de\/wp-content\/uploads\/2018\/12\/AWO_100J_Standard_Zeichen_RGB_office-640x307.jpg 640w\" sizes=\"auto, (max-width: 417px) 100vw, 417px\" \/><\/a><\/h2>\n<\/td>\n<\/tr>\n<\/tbody>\n<\/table>\n<h2><\/h2>\n<p><strong><span style=\"font-size: 20px;\">Die AWO feiert bundesweit<\/span><\/strong><\/p>\n<p>&nbsp;<\/p>\n<p>Seit 100 Jahren k\u00e4mpfen wir f\u00fcr Solidarit\u00e4t und Gerechtigkeit. Die bundesweite Jubil\u00e4umskampagne zeigt das Gesicht unserer Gr\u00fcnderin Marie Juchacz.<\/p>\n<p>Kernthemen sind die Anliegen, mit denen Marie Juchacz das Selbstverst\u00e4ndnis und den Anspruch der AWO gepr\u00e4gt hat:<\/p>\n<p><span style=\"color: #b89999;\"><strong><span style=\"color: #a80000;\">Frauenrechte, Vielfalt, Gegen Almosen \u2013 F\u00fcr Teilhabe, Menschenw\u00fcrdiges Leben, Gerechtigkeit und Solidarit\u00e4t.<\/span> <\/strong><\/span><\/p>\n<p><em>&#8220;So freudig und gern wir alle in der Gegenwart stehen sollen, um darin das unsere zu tun, so wichtig ist es auch, immer wieder zur\u00fcckzuschauen, die Gegenwart an der Vergangenheit zu pr\u00fcfen und sich an dem, was gut daran war, neu zu orientieren. Nicht, um in der Vergangenheit zu beharren, sondern immer wieder, um erneut f\u00fcr die Zukunft bereit zu sein.&#8221;\u00a0 Marie Juchacz<\/em><\/p>\n<p>Weitere Informationen finden Sie unter: <a class=\"external\" href=\"http:\/\/www.100jahreawo.org\">www.100jahreawo.org<\/a><\/p>\n<p>&nbsp;<\/p>\n<p>&nbsp;<\/p>\n<p><strong><span style=\"font-size: 20px;\">Veranstaltungen in Fulda<\/span><\/strong><\/p>\n<p>&nbsp;<\/p>\n<p>Auch im Kreis Fulda gab es verschiedene Veranstaltungen zum AWO-Jubil\u00e4um:\u00a0 <a href=\"https:\/\/awo-fulda.de\/wp-content\/uploads\/2018\/12\/AWO-Fulda-Veranstaltungen-AWO-Jubil\u00e4um-2019-Web.pdf\">Flyer zum Jubil\u00e4umsjahr downloaden<\/a><\/p>\n<p>Beachtenswert war unser Fotowettbewerb: <a href=\"https:\/\/awo-fulda.de\/fotowettbewerb\">Hier klicken.<\/a><\/p>\n<p>Und unsere &#8220;historische N\u00e4hstube&#8221; hatte eine Jubil\u00e4umsidee, die unsere soziale Arbeit unterst\u00fctzt: <a href=\"https:\/\/awo-fulda.de\/100-jahre-awo\/historische-naehstube\/\">Hier klicken<\/a>.<\/p>\n","protected":false},"excerpt":{"rendered":"<p>Die AWO feiert bundesweit &nbsp; Seit 100 Jahren k\u00e4mpfen wir f\u00fcr Solidarit\u00e4t und Gerechtigkeit. Die bundesweite Jubil\u00e4umskampagne zeigt das Gesicht unserer Gr\u00fcnderin Marie Juchacz. Kernthemen sind die Anliegen, mit denen&hellip;<\/p>\n","protected":false},"author":10,"featured_media":0,"parent":0,"menu_order":0,"comment_status":"closed","ping_status":"closed","template":"","meta":{"_editorskit_title_hidden":false,"_editorskit_reading_time":0,"_editorskit_is_block_options_detached":false,"_editorskit_block_options_position":"{}","footnotes":""},"class_list":["post-18860","page","type-page","status-publish","hentry","description-off"],"translation":{"provider":"WPGlobus","version":"3.0.2","language":"fr","enabled_languages":["de","en","fr","ru","ar","tr","fa"],"languages":{"de":{"title":true,"content":true,"excerpt":false},"en":{"title":true,"content":true,"excerpt":false},"fr":{"title":false,"content":false,"excerpt":false},"ru":{"title":false,"content":false,"excerpt":false},"ar":{"title":false,"content":false,"excerpt":false},"tr":{"title":false,"content":false,"excerpt":false},"fa":{"title":false,"content":false,"excerpt":false}}},"_links":{"self":[{"href":"https:\/\/awo-fulda.de\/fr\/wp-json\/wp\/v2\/pages\/18860","targetHints":{"allow":["GET"]}}],"collection":[{"href":"https:\/\/awo-fulda.de\/fr\/wp-json\/wp\/v2\/pages"}],"about":[{"href":"https:\/\/awo-fulda.de\/fr\/wp-json\/wp\/v2\/types\/page"}],"author":[{"embeddable":true,"href":"https:\/\/awo-fulda.de\/fr\/wp-json\/wp\/v2\/users\/10"}],"replies":[{"embeddable":true,"href":"https:\/\/awo-fulda.de\/fr\/wp-json\/wp\/v2\/comments?post=18860"}],"version-history":[{"count":30,"href":"https:\/\/awo-fulda.de\/fr\/wp-json\/wp\/v2\/pages\/18860\/revisions"}],"predecessor-version":[{"id":116144,"href":"https:\/\/awo-fulda.de\/fr\/wp-json\/wp\/v2\/pages\/18860\/revisions\/116144"}],"wp:attachment":[{"href":"https:\/\/awo-fulda.de\/fr\/wp-json\/wp\/v2\/media?parent=18860"}],"curies":[{"name":"wp","href":"https:\/\/api.w.org\/{rel}","templated":true}]}}