{"id":18426,"date":"2018-12-06T14:32:05","date_gmt":"2018-12-06T13:32:05","guid":{"rendered":"https:\/\/awo-fulda.de\/?page_id=18426"},"modified":"2022-01-29T18:27:19","modified_gmt":"2022-01-29T17:27:19","slug":"fotowettbewerb","status":"publish","type":"page","link":"https:\/\/awo-fulda.de\/fr\/fotowettbewerb\/","title":{"rendered":"concours photo"},"content":{"rendered":"<table style=\"width: 100%; border-collapse: collapse;\">\n<tbody>\n<tr>\n<td style=\"width: 33.3333%; border-style: none;\"><a class=\"dt-pswp-item\" href=\"https:\/\/awo-fulda.de\/wp-content\/uploads\/2018\/12\/Luftballon-1600_900.jpg\" data-dt-img-description=\"\" data-large_image_width=\"1600\" data-large_image_height=\"900\"><img loading=\"lazy\" decoding=\"async\" class=\"alignnone size-full wp-image-18905\" src=\"https:\/\/awo-fulda.de\/wp-content\/uploads\/2018\/12\/Luftballon-1600_900.jpg\" alt=\"\" width=\"1600\" height=\"900\" srcset=\"https:\/\/awo-fulda.de\/wp-content\/uploads\/2018\/12\/Luftballon-1600_900.jpg 1600w, https:\/\/awo-fulda.de\/wp-content\/uploads\/2018\/12\/Luftballon-1600_900-480x270.jpg 480w, https:\/\/awo-fulda.de\/wp-content\/uploads\/2018\/12\/Luftballon-1600_900-768x432.jpg 768w, https:\/\/awo-fulda.de\/wp-content\/uploads\/2018\/12\/Luftballon-1600_900-640x360.jpg 640w\" sizes=\"auto, (max-width: 1600px) 100vw, 1600px\" \/><\/a><\/td>\n<td style=\"width: 33.3333%;\"><a class=\"dt-pswp-item\" href=\"https:\/\/awo-fulda.de\/wp-content\/uploads\/2018\/12\/Clown-1600_900-1.jpg\" data-dt-img-description=\"\" data-large_image_width=\"1600\" data-large_image_height=\"900\"><img loading=\"lazy\" decoding=\"async\" class=\"alignnone size-full wp-image-18904\" src=\"https:\/\/awo-fulda.de\/wp-content\/uploads\/2018\/12\/Clown-1600_900-1.jpg\" alt=\"\" width=\"1600\" height=\"900\" \/><\/a><\/td>\n<td style=\"width: 33.3333%;\"><a class=\"dt-pswp-item\" href=\"https:\/\/awo-fulda.de\/wp-content\/uploads\/2018\/12\/Valentine-1600_900-1.jpg\" data-dt-img-description=\"\" data-large_image_width=\"1600\" data-large_image_height=\"900\"><img loading=\"lazy\" decoding=\"async\" class=\"alignnone size-full wp-image-18906\" src=\"https:\/\/awo-fulda.de\/wp-content\/uploads\/2018\/12\/Valentine-1600_900-1.jpg\" alt=\"\" width=\"1600\" height=\"900\" srcset=\"https:\/\/awo-fulda.de\/wp-content\/uploads\/2018\/12\/Valentine-1600_900-1.jpg 1600w, https:\/\/awo-fulda.de\/wp-content\/uploads\/2018\/12\/Valentine-1600_900-1-480x270.jpg 480w, https:\/\/awo-fulda.de\/wp-content\/uploads\/2018\/12\/Valentine-1600_900-1-768x432.jpg 768w, https:\/\/awo-fulda.de\/wp-content\/uploads\/2018\/12\/Valentine-1600_900-1-640x360.jpg 640w\" sizes=\"auto, (max-width: 1600px) 100vw, 1600px\" \/><\/a><\/td>\n<\/tr>\n<\/tbody>\n<\/table>\n<p>&nbsp;<\/p>\n<p>Seid kreativ und stellt ein Herz dar \u2013 und fotografiert es<strong> mit einem oder mehreren Menschen<\/strong>. Bitte schreibt auch eine kurze Erkl\u00e4rung dazu,<strong><em> wie<\/em> <\/strong>ihr Herz zeigt bzw. <strong><em>was<\/em> <\/strong>ihr macht.<\/p>\n<p>Im Laufe des Jubil\u00e4umsjahres werden die eingesandten Fotos gesichtet und die Gewinner von einer Jury bestimmt. Diese setzt sich zusammen aus:<\/p>\n<p style=\"padding-left: 60px;\">Nicole Dietzel<br \/>\n\u2013 selbst\u00e4ndige Fotografin, die unsere Ehrenamtskarte unterst\u00fctzt (<a href=\"http:\/\/www.dinias.de\">www.dinias.de<\/a>)<\/p>\n<p style=\"padding-left: 60px;\">Markus Weber<br \/>\n\u2013 Profi in Medien- und \u00d6ffentlichkeitsarbeit (<a href=\"http:\/\/www.markus-weber.info\">www.markus-weber.info<\/a>)<\/p>\n<p style=\"padding-left: 60px;\">Uta Hillenbrand<br \/>\n\u2013 AWO Ehrenamtliche, Innenarchitektin mit Blick f\u00fcrs Sch\u00f6ne<\/p>\n<p style=\"padding-left: 60px;\">Lisa Mistretta<br \/>\n\u2013 AWO Vorstandsmitglied, auf Herz und Seele spezialisiert<\/p>\n<p>&nbsp;<\/p>\n<p>Ausgew\u00e4hlte Bilder werden im Rahmen <strong>einer Ausstellung im B\u00fcrgerzentrum Aschenberg<\/strong> pr\u00e4sentiert.<br \/>\nAnl\u00e4sslich der Vernissage \u00fcberreichen wir auch die Gewinne, z. B. eine Wochenendreise, Fahrradgutscheine, Wellnessangebote usw.<\/p>\n<p>Die Aktion wird von den Unterst\u00fctzern der AWO-Ehrenamtskarte gesponsert (<a href=\"https:\/\/www.awo-fulda.de\/mitmachen\/awo-ehrenamtskarte\">www.awo-fulda.de\/mitmachen\/awo-ehrenamtskarte<\/a>), so dass zahlreiche Preise winken.<\/p>\n<p><strong>Sendet das Foto bis 13.11.2019 an:<\/strong> <a href=\"mailto:foto@awo-fulda.de\">foto@awo-fulda.de<\/a><\/p>\n<p>&nbsp;<\/p>\n<p><em><strong><br \/>\n<\/strong><\/em><strong>Mit der Einsendung akzeptiert ihr folgende Teilnahmebedingungen:<\/strong><\/p>\n<ul>\n<li>Der\/die Teilnehmende versichert, dass das Foto selbst angefertigt wurde und nach bestem Wissen keine Rechte Dritter verletzt.<\/li>\n<li>Er\/sie ist damit einverstanden, dass die eingesendeten Fotos zusammen mit dem Namen im Rahmen der \u00d6ffentlichkeitsarbeit des AWO Kreisverbandes Fulda in Printmedien und Internet honorarfrei ver\u00f6ffentlicht werden (d. h. der Datenschutz wird in diesem Zusammenhang aufgehoben).<\/li>\n<li>Der Veranstalter erhebt und speichert die von den Teilnehmenden angegebenen Daten wie Emailadresse, Vor- und Zuname, Anschrift und sonstige Kontaktadresse. Die Daten werden zur Durchf\u00fchrung und Abwicklung des Wettbewerbs verwendet, insbesondere, um den\/die GewinnerInnen zu ermitteln, zu benachrichtigen und bekannt zu geben. Eine Weitergabe der Daten an Dritte erfolgt ausschlie\u00dflich in dem zur Abwicklung des Wettbewerbs erforderlichen Ma\u00dfe.<\/li>\n<li>F\u00fcr versp\u00e4tete und\/oder unvollst\u00e4ndige Eing\u00e4nge kann der Veranstalter nicht verantwortlich gemacht werden. Der Veranstalter \u00fcbernimmt insbesondere keine Verantwortung f\u00fcr Datenverluste, technische Defekte oder besch\u00e4digte Fotos, die auf Softwareprobleme zur\u00fcckzuf\u00fchren sind.<\/li>\n<li>Der Veranstalter beh\u00e4lt sich das Recht vor, Teilnehmer vom Wettbewerb auszuschlie\u00dfen, die pornografische und\/oder Gewalt darstellende bzw. verherrlichende oder sonstige gegen das geltende Recht versto\u00dfende Fotos und\/oder Kommentare einsenden.<\/li>\n<li>Der Rechtsweg ist ausgeschlossen. Es gilt das Recht der Bundesrepublik Deutschland unter Ausschluss des Internationalen Privatrechts und des ins Deutsche Recht \u00fcbernommenen UN-Kaufrechts (CISG). Gerichtsstand des Veranstalters ist Fulda.<\/li>\n<\/ul>\n<p><strong>Veranstalter:<\/strong><\/p>\n<p>Anbieter des Wettbewerbs \u201eWir zeigen Herz\u201c ist der AWO Kreisverband Fulda e.V. (Frankfurter Stra\u00dfe 28, 36043 Fulda).<\/p>\n","protected":false},"excerpt":{"rendered":"<p>&nbsp; Seid kreativ und stellt ein Herz dar \u2013 und fotografiert es mit einem oder mehreren Menschen. Bitte schreibt auch eine kurze Erkl\u00e4rung dazu, wie ihr Herz zeigt bzw. was&hellip;<\/p>\n","protected":false},"author":10,"featured_media":18489,"parent":0,"menu_order":0,"comment_status":"closed","ping_status":"closed","template":"","meta":{"_editorskit_title_hidden":false,"_editorskit_reading_time":0,"_editorskit_is_block_options_detached":false,"_editorskit_block_options_position":"{}","footnotes":""},"class_list":["post-18426","page","type-page","status-publish","has-post-thumbnail","hentry","description-off"],"translation":{"provider":"WPGlobus","version":"3.0.2","language":"fr","enabled_languages":["de","en","fr","ru","ar","tr","fa"],"languages":{"de":{"title":true,"content":true,"excerpt":false},"en":{"title":true,"content":true,"excerpt":false},"fr":{"title":true,"content":true,"excerpt":false},"ru":{"title":true,"content":true,"excerpt":false},"ar":{"title":true,"content":true,"excerpt":false},"tr":{"title":true,"content":true,"excerpt":false},"fa":{"title":true,"content":true,"excerpt":false}}},"_links":{"self":[{"href":"https:\/\/awo-fulda.de\/fr\/wp-json\/wp\/v2\/pages\/18426","targetHints":{"allow":["GET"]}}],"collection":[{"href":"https:\/\/awo-fulda.de\/fr\/wp-json\/wp\/v2\/pages"}],"about":[{"href":"https:\/\/awo-fulda.de\/fr\/wp-json\/wp\/v2\/types\/page"}],"author":[{"embeddable":true,"href":"https:\/\/awo-fulda.de\/fr\/wp-json\/wp\/v2\/users\/10"}],"replies":[{"embeddable":true,"href":"https:\/\/awo-fulda.de\/fr\/wp-json\/wp\/v2\/comments?post=18426"}],"version-history":[{"count":32,"href":"https:\/\/awo-fulda.de\/fr\/wp-json\/wp\/v2\/pages\/18426\/revisions"}],"predecessor-version":[{"id":21263,"href":"https:\/\/awo-fulda.de\/fr\/wp-json\/wp\/v2\/pages\/18426\/revisions\/21263"}],"wp:featuredmedia":[{"embeddable":true,"href":"https:\/\/awo-fulda.de\/fr\/wp-json\/wp\/v2\/media\/18489"}],"wp:attachment":[{"href":"https:\/\/awo-fulda.de\/fr\/wp-json\/wp\/v2\/media?parent=18426"}],"curies":[{"name":"wp","href":"https:\/\/api.w.org\/{rel}","templated":true}]}}