{"id":16817,"date":"2018-06-28T12:16:45","date_gmt":"2018-06-28T10:16:45","guid":{"rendered":"https:\/\/awo-fulda.de\/?page_id=16817"},"modified":"2025-04-10T10:55:56","modified_gmt":"2025-04-10T08:55:56","slug":"vorstand","status":"publish","type":"page","link":"https:\/\/awo-fulda.de\/fr\/vorstand\/","title":{"rendered":"Vorstand"},"content":{"rendered":"<p>&nbsp;<\/p>\r\n<p><img loading=\"lazy\" decoding=\"async\" src=\"https:\/\/awo-fulda.de\/wp-content\/uploads\/2025\/04\/AWO-Vorstand-nach-Kreiskonferenzwahl-2025.png\" alt=\"\" width=\"600\" height=\"586\" \/><\/p>\r\n<p>Der Vorstand des AWO Kreisverbands Fulda e.V. pr\u00e4sentiert sich nach den Wahlen bei der Kreiskonferenz 2025 (von links nach rechts):<\/p>\r\n<p>Collette D\u00f6ppner (stellv. Kreisvorsitzende), Ilka B\u00f6rger (Beisitzerin), Elisabeth Mistretta (Beisitzerin); Viktorau Braun (Beisitzerin); Bernhard Lindner (Kreisvorsitzender), Daniel Deuter (Beisitzer), Dr. Szymon Mazur (stellv. Kreisvorsitzender)<\/p>\r\n<p>Der Kreisvorstand tr\u00e4gt die Verantwortung f\u00fcr die Wahrnehmung aller Aufgaben der AWO in Stadt und Landkreis Fulda. Er wird jeweils f\u00fcr die Dauer von zwei Jahren gew\u00e4hlt. Wir freuen uns, dass wir immer wieder Menschen finden, die diese wichtige Funktion \u00fcbernehmen. Voller Stolz k\u00f6nnen wir sagen, dass die Zusammensetzung unseres Vorstandes auch ohne Quoten einen Querschnitt der Gesellschaft abbildet. Unser Vorstand hat eine gute Mischung aus Jung und Alt, Frauen und M\u00e4nnern sowie Menschen ohne und mit Migrationshintergrund.<\/p>\r\n<p><strong>Unser aktueller Vorsitzende ist Bernhard Lindner:<\/strong><\/p>\r\n<p><a class=\"dt-pswp-item\" href=\"https:\/\/awo-fulda.de\/wp-content\/uploads\/2022\/01\/Lindner-1.jpg\" data-dt-img-description=\"OLYMPUS DIGITAL CAMERA\" data-large_image_width=\"475\" data-large_image_height=\"302\"><img loading=\"lazy\" decoding=\"async\" class=\"alignnone wp-image-103216 size-full\" src=\"https:\/\/awo-fulda.de\/wp-content\/uploads\/2022\/01\/Lindner-1-e1643739168502.jpg\" alt=\"\" width=\"475\" height=\"302\" \/><\/a><\/p>\r\n<p><strong>Er hat f\u00fcr Ihre Anliegen ein offenes Ohr. Sie k\u00f6nnen gerne \u00fcber die Gesch\u00e4ftsstelle Kontakt zu ihm aufnehmen.<br \/><\/strong>Anl\u00e4sslich des Jubil\u00e4ums im Jahr 2021 hat er ein Gru\u00dfwort f\u00fcr die AWO in Fulda verfasst: <a href=\"https:\/\/awo-fulda.de\/2021\/03\/23\/grusswort-des-kreisvorsitzenden\/\">Gru\u00dfwort<\/a><strong><br \/><\/strong><\/p>\r\n<p><strong>Auf den nachfolgenden Seiten finden Sie ein paar Interviews mit Vorstandsmitgliedern, in denen sie darlegen, warum sie sich zu dieser T\u00e4tigkeit entschlossen haben.<\/strong><\/p>\r\n<p>&nbsp;<\/p>\r\n<p>&nbsp;<\/p>\r\n","protected":false},"excerpt":{"rendered":"<p>&nbsp; Der Vorstand des AWO Kreisverbands Fulda e.V. pr\u00e4sentiert sich nach den Wahlen bei der Kreiskonferenz 2025 (von links nach rechts): Collette D\u00f6ppner (stellv. Kreisvorsitzende), Ilka B\u00f6rger (Beisitzerin), Elisabeth Mistretta&hellip;<\/p>\n","protected":false},"author":6,"featured_media":0,"parent":0,"menu_order":0,"comment_status":"closed","ping_status":"closed","template":"","meta":{"_editorskit_title_hidden":false,"_editorskit_reading_time":1,"_editorskit_is_block_options_detached":false,"_editorskit_block_options_position":"{}","footnotes":""},"class_list":["post-16817","page","type-page","status-publish","hentry","description-off"],"translation":{"provider":"WPGlobus","version":"3.0.2","language":"fr","enabled_languages":["de","en","fr","ru","ar","tr","fa"],"languages":{"de":{"title":true,"content":true,"excerpt":false},"en":{"title":true,"content":true,"excerpt":false},"fr":{"title":false,"content":false,"excerpt":false},"ru":{"title":false,"content":false,"excerpt":false},"ar":{"title":false,"content":false,"excerpt":false},"tr":{"title":false,"content":false,"excerpt":false},"fa":{"title":false,"content":false,"excerpt":false}}},"_links":{"self":[{"href":"https:\/\/awo-fulda.de\/fr\/wp-json\/wp\/v2\/pages\/16817","targetHints":{"allow":["GET"]}}],"collection":[{"href":"https:\/\/awo-fulda.de\/fr\/wp-json\/wp\/v2\/pages"}],"about":[{"href":"https:\/\/awo-fulda.de\/fr\/wp-json\/wp\/v2\/types\/page"}],"author":[{"embeddable":true,"href":"https:\/\/awo-fulda.de\/fr\/wp-json\/wp\/v2\/users\/6"}],"replies":[{"embeddable":true,"href":"https:\/\/awo-fulda.de\/fr\/wp-json\/wp\/v2\/comments?post=16817"}],"version-history":[{"count":15,"href":"https:\/\/awo-fulda.de\/fr\/wp-json\/wp\/v2\/pages\/16817\/revisions"}],"predecessor-version":[{"id":139657,"href":"https:\/\/awo-fulda.de\/fr\/wp-json\/wp\/v2\/pages\/16817\/revisions\/139657"}],"wp:attachment":[{"href":"https:\/\/awo-fulda.de\/fr\/wp-json\/wp\/v2\/media?parent=16817"}],"curies":[{"name":"wp","href":"https:\/\/api.w.org\/{rel}","templated":true}]}}