{"id":15976,"date":"2018-06-08T00:38:36","date_gmt":"2018-06-07T22:38:36","guid":{"rendered":"https:\/\/awo-fulda.de\/?page_id=15976"},"modified":"2024-05-23T14:33:10","modified_gmt":"2024-05-23T12:33:10","slug":"schuldenpraevention","status":"publish","type":"page","link":"https:\/\/awo-fulda.de\/fr\/beratung-begleitung\/schuldenpraevention\/","title":{"rendered":"Schuldenpr\u00e4vention"},"content":{"rendered":"<table style=\"width: 100%; border-collapse: collapse;\" border=\"0\">\n<tbody>\n<tr>\n<td style=\"width: 33.3333%;\"><img loading=\"lazy\" decoding=\"async\" class=\"alignnone size-large wp-image-15379\" src=\"https:\/\/awo-fulda.de\/wp-content\/uploads\/2018\/05\/Stress-Hocke-640x360.jpg\" alt=\"\" width=\"640\" height=\"360\" srcset=\"https:\/\/awo-fulda.de\/wp-content\/uploads\/2018\/05\/Stress-Hocke-640x360.jpg 640w, https:\/\/awo-fulda.de\/wp-content\/uploads\/2018\/05\/Stress-Hocke-480x270.jpg 480w, https:\/\/awo-fulda.de\/wp-content\/uploads\/2018\/05\/Stress-Hocke-768x432.jpg 768w, https:\/\/awo-fulda.de\/wp-content\/uploads\/2018\/05\/Stress-Hocke.jpg 1600w\" sizes=\"auto, (max-width: 640px) 100vw, 640px\" \/><\/td>\n<td style=\"width: 33.3333%;\"><img loading=\"lazy\" decoding=\"async\" class=\"alignnone size-large wp-image-15344\" src=\"https:\/\/awo-fulda.de\/wp-content\/uploads\/2024\/05\/savings-2789112_1280-e1716467452889.jpg\" alt=\"\" width=\"640\" height=\"360\" \/><\/td>\n<td style=\"width: 33.3333%;\"><img loading=\"lazy\" decoding=\"async\" class=\"alignnone size-large wp-image-15272\" src=\"https:\/\/awo-fulda.de\/wp-content\/uploads\/2018\/05\/Wey-1-640x360.jpg\" alt=\"\" width=\"640\" height=\"360\" \/><\/td>\n<\/tr>\n<\/tbody>\n<\/table>\n<p>In den letzten Jahren hat der AWO Kreisverband Fulda seine Bem\u00fchungen in der Schuldenpr\u00e4vention verst\u00e4rkt. Bereits seit 2013 wird ein breites Spektrum an Pr\u00e4ventionsveranstaltungen angeboten, \u00fcberwiegend an Schulen und Bildungsinstitutionen (z.B. Gr\u00fcmel, AfaS, Bildungswerk der Hessischen Wirtschaft), aber auch im Bereich von Weiterbildungsprojekten (AWO M\u00e4dchenprojekt Artemis, Netzwerk Schulen).<\/p>\n<p>Das bew\u00e4hrte Schulungskonzept orientiert sich inhaltlich und methodisch an den Bed\u00fcrfnissen der Jugendlichen und jungen Erwachsenen und wird individuell mit dem Lehrpersonal auf die jeweilige Zielgruppe abgestimmt.<\/p>\n<p>2017 wurde zudem ein Pilotprojekt gestartet, in dem aufsuchend in Gemeinschaftsunterk\u00fcnften und bei sozialen Tr\u00e4gern mehrsprachige Informations- und Pr\u00e4ventionsangebote f\u00fcr gefl\u00fcchtete Menschen durchgef\u00fchrt werden. Ziel ist es, fr\u00fchzeitig auf Schuldenfallen sowie auf Unterst\u00fctzungs- und Beratungsm\u00f6glichkeiten hinzuweisen. Themen sind Kaufvertr\u00e4ge, Mietvertr\u00e4ge, Handyvertr\u00e4ge usw.<\/p>\n","protected":false},"excerpt":{"rendered":"<p>In den letzten Jahren hat der AWO Kreisverband Fulda seine Bem\u00fchungen in der Schuldenpr\u00e4vention verst\u00e4rkt. Bereits seit 2013 wird ein breites Spektrum an Pr\u00e4ventionsveranstaltungen angeboten, \u00fcberwiegend an Schulen und Bildungsinstitutionen&hellip;<\/p>\n","protected":false},"author":6,"featured_media":0,"parent":24,"menu_order":0,"comment_status":"closed","ping_status":"closed","template":"","meta":{"_editorskit_title_hidden":false,"_editorskit_reading_time":0,"_editorskit_is_block_options_detached":false,"_editorskit_block_options_position":"{}","footnotes":""},"class_list":["post-15976","page","type-page","status-publish","hentry","description-off"],"translation":{"provider":"WPGlobus","version":"3.0.2","language":"fr","enabled_languages":["de","en","fr","ru","ar","tr","fa"],"languages":{"de":{"title":true,"content":true,"excerpt":false},"en":{"title":false,"content":false,"excerpt":false},"fr":{"title":false,"content":false,"excerpt":false},"ru":{"title":false,"content":false,"excerpt":false},"ar":{"title":false,"content":false,"excerpt":false},"tr":{"title":false,"content":false,"excerpt":false},"fa":{"title":false,"content":false,"excerpt":false}}},"_links":{"self":[{"href":"https:\/\/awo-fulda.de\/fr\/wp-json\/wp\/v2\/pages\/15976","targetHints":{"allow":["GET"]}}],"collection":[{"href":"https:\/\/awo-fulda.de\/fr\/wp-json\/wp\/v2\/pages"}],"about":[{"href":"https:\/\/awo-fulda.de\/fr\/wp-json\/wp\/v2\/types\/page"}],"author":[{"embeddable":true,"href":"https:\/\/awo-fulda.de\/fr\/wp-json\/wp\/v2\/users\/6"}],"replies":[{"embeddable":true,"href":"https:\/\/awo-fulda.de\/fr\/wp-json\/wp\/v2\/comments?post=15976"}],"version-history":[{"count":6,"href":"https:\/\/awo-fulda.de\/fr\/wp-json\/wp\/v2\/pages\/15976\/revisions"}],"predecessor-version":[{"id":131916,"href":"https:\/\/awo-fulda.de\/fr\/wp-json\/wp\/v2\/pages\/15976\/revisions\/131916"}],"up":[{"embeddable":true,"href":"https:\/\/awo-fulda.de\/fr\/wp-json\/wp\/v2\/pages\/24"}],"wp:attachment":[{"href":"https:\/\/awo-fulda.de\/fr\/wp-json\/wp\/v2\/media?parent=15976"}],"curies":[{"name":"wp","href":"https:\/\/api.w.org\/{rel}","templated":true}]}}