{"id":116,"date":"2017-10-23T18:27:31","date_gmt":"2017-10-23T16:27:31","guid":{"rendered":"https:\/\/awo-fulda.de\/?page_id=116"},"modified":"2023-06-10T15:13:54","modified_gmt":"2023-06-10T13:13:54","slug":"mitmachen","status":"publish","type":"page","link":"https:\/\/awo-fulda.de\/fr\/mitmachen\/","title":{"rendered":"Affiliation &#038; Travail volontaire"},"content":{"rendered":"\n<table style=\"height: 31px;\" width=\"1031\">\n<tbody>\n<tr>\n<td style=\"width: 336.333px;\"><img loading=\"lazy\" decoding=\"async\" class=\"alignnone size-medium wp-image-15239\" src=\"https:\/\/awo-fulda.de\/wp-content\/uploads\/2018\/05\/MG-2-480x270.jpg\" alt=\"\" width=\"480\" height=\"270\" srcset=\"https:\/\/awo-fulda.de\/wp-content\/uploads\/2018\/05\/MG-2-480x270.jpg 480w, https:\/\/awo-fulda.de\/wp-content\/uploads\/2018\/05\/MG-2-768x432.jpg 768w, https:\/\/awo-fulda.de\/wp-content\/uploads\/2018\/05\/MG-2-640x360.jpg 640w, https:\/\/awo-fulda.de\/wp-content\/uploads\/2018\/05\/MG-2.jpg 1600w\" sizes=\"auto, (max-width: 480px) 100vw, 480px\" \/><\/td>\n<td style=\"width: 336.333px;\"><img loading=\"lazy\" decoding=\"async\" class=\"alignnone size-medium wp-image-15218\" src=\"https:\/\/awo-fulda.de\/wp-content\/uploads\/2018\/05\/Gl\u00fcck2-480x270.jpg\" alt=\"\" width=\"480\" height=\"270\" srcset=\"https:\/\/awo-fulda.de\/wp-content\/uploads\/2018\/05\/Gl\u00fcck2-480x270.jpg 480w, https:\/\/awo-fulda.de\/wp-content\/uploads\/2018\/05\/Gl\u00fcck2-768x432.jpg 768w, https:\/\/awo-fulda.de\/wp-content\/uploads\/2018\/05\/Gl\u00fcck2-640x360.jpg 640w, https:\/\/awo-fulda.de\/wp-content\/uploads\/2018\/05\/Gl\u00fcck2.jpg 1600w\" sizes=\"auto, (max-width: 480px) 100vw, 480px\" \/><\/td>\n<td style=\"width: 336.333px;\"><img loading=\"lazy\" decoding=\"async\" class=\"alignnone size-medium wp-image-15224\" src=\"https:\/\/awo-fulda.de\/wp-content\/uploads\/2018\/05\/JT2-480x270.jpg\" alt=\"\" width=\"480\" height=\"270\" srcset=\"https:\/\/awo-fulda.de\/wp-content\/uploads\/2018\/05\/JT2-480x270.jpg 480w, https:\/\/awo-fulda.de\/wp-content\/uploads\/2018\/05\/JT2-768x432.jpg 768w, https:\/\/awo-fulda.de\/wp-content\/uploads\/2018\/05\/JT2-640x360.jpg 640w, https:\/\/awo-fulda.de\/wp-content\/uploads\/2018\/05\/JT2.jpg 1600w\" sizes=\"auto, (max-width: 480px) 100vw, 480px\" \/><\/td>\n<\/tr>\n<\/tbody>\n<\/table>\n\n\n\n\n<h3 class=\"wp-block-heading\"><strong>S\u2019impliquer dans une grande et noble cause rend heureux<\/strong><strong><\/strong><\/h3>\n\n\n\n<p>AWO est une organisation ouverte sur le monde et ind\u00e9pendante de toute confession religieuse. La personne en tant que telle est au centre de notre travail, chacune \u00e9tant la bienvenue. Notre passion&nbsp;: la diversit\u00e9 !<\/p>\n\n\n\n<p>Si vous adh\u00e9rez \u00e0 nos objectifs et souhaitez soutenir nos projets par vos id\u00e9es, vos connaissances et votre temps, alors n\u2019h\u00e9sitez pas \u00e0 nous contacter, nous en serons ravis&nbsp;!<\/p>\n\n\n\n<p><strong>Vous pouvez nous soutenir&nbsp;:<\/strong><\/p>\n\n\n\n<ul class=\"wp-block-list\"><li>en tant que membre actif&nbsp;&nbsp;<\/li><li>en tant que membre donateur<\/li><li>par des dons pour nos projets<\/li><li>ou encore par un engagement personnel, des id\u00e9es, de votre temps<\/li><\/ul>\n\n\n\n<p><strong><em>Sans l\u2019engagement dynamique de tous les gens qui se joignent \u00e0 nous, AWO ne pourrait pas effectuer le travail qu&#8217;elle fait.<\/em><\/strong><\/p>\n\n\n\n<p>Rejoignez-nous&nbsp;! Votre soutien financier par adh\u00e9sion cr\u00e9\u00e9 la base de notre travail. Et cela est d\u00e9j\u00e0 possible avec 2,50 \u20ac par mois. En tant que membre, vous avez en plus l\u2019opportunit\u00e9 d\u2019exercer une influence individuelle au sein de nos comit\u00e9s car AWO est une organisation d\u00e9mocratique.<\/p>\n\n\n\n<p>Cliquez sur le lien suivant pour imprimer le formulaire d\u2019adh\u00e9sion, \u00e9galement disponible en ligne sur notre site internet&nbsp;:  <a href=\"https:\/\/awo-fulda.de\/mitmachen\/mitglied-werden\/\" class=\"ek-link\">awo-fulda.de\/mitmachen\/mitglied-werden<\/a><\/p>\n\n\n","protected":false},"excerpt":{"rendered":"<p>S\u2019impliquer dans une grande et noble cause rend heureux AWO est une organisation ouverte sur le monde et ind\u00e9pendante de toute confession religieuse. La personne en tant que telle est&hellip;<\/p>\n","protected":false},"author":1,"featured_media":0,"parent":0,"menu_order":0,"comment_status":"closed","ping_status":"closed","template":"","meta":{"_editorskit_title_hidden":false,"_editorskit_reading_time":1,"_editorskit_is_block_options_detached":false,"_editorskit_block_options_position":"{}","footnotes":""},"class_list":["post-116","page","type-page","status-publish","hentry","description-off"],"translation":{"provider":"WPGlobus","version":"3.0.2","language":"fr","enabled_languages":["de","en","fr","ru","ar","tr","fa"],"languages":{"de":{"title":true,"content":true,"excerpt":false},"en":{"title":true,"content":true,"excerpt":false},"fr":{"title":true,"content":true,"excerpt":false},"ru":{"title":false,"content":false,"excerpt":false},"ar":{"title":false,"content":false,"excerpt":false},"tr":{"title":false,"content":false,"excerpt":false},"fa":{"title":false,"content":false,"excerpt":false}}},"_links":{"self":[{"href":"https:\/\/awo-fulda.de\/fr\/wp-json\/wp\/v2\/pages\/116","targetHints":{"allow":["GET"]}}],"collection":[{"href":"https:\/\/awo-fulda.de\/fr\/wp-json\/wp\/v2\/pages"}],"about":[{"href":"https:\/\/awo-fulda.de\/fr\/wp-json\/wp\/v2\/types\/page"}],"author":[{"embeddable":true,"href":"https:\/\/awo-fulda.de\/fr\/wp-json\/wp\/v2\/users\/1"}],"replies":[{"embeddable":true,"href":"https:\/\/awo-fulda.de\/fr\/wp-json\/wp\/v2\/comments?post=116"}],"version-history":[{"count":46,"href":"https:\/\/awo-fulda.de\/fr\/wp-json\/wp\/v2\/pages\/116\/revisions"}],"predecessor-version":[{"id":124055,"href":"https:\/\/awo-fulda.de\/fr\/wp-json\/wp\/v2\/pages\/116\/revisions\/124055"}],"wp:attachment":[{"href":"https:\/\/awo-fulda.de\/fr\/wp-json\/wp\/v2\/media?parent=116"}],"curies":[{"name":"wp","href":"https:\/\/api.w.org\/{rel}","templated":true}]}}