{"id":103901,"date":"2022-02-07T17:29:19","date_gmt":"2022-02-07T16:29:19","guid":{"rendered":"https:\/\/awo-fulda.de\/?page_id=103901"},"modified":"2022-10-02T16:53:33","modified_gmt":"2022-10-02T14:53:33","slug":"gewinnspiel-geocaching","status":"publish","type":"page","link":"https:\/\/awo-fulda.de\/fr\/gewinnspiel-geocaching\/","title":{"rendered":"Geocaching"},"content":{"rendered":"\n<h3><a class=\"dt-pswp-item\" href=\"https:\/\/awo-fulda.de\/wp-content\/uploads\/2021\/03\/Cachingtour-Raetsel.png\" data-dt-img-description=\"\" data-large_image_width=\"2288\" data-large_image_height=\"2097\"><img loading=\"lazy\" decoding=\"async\" class=\"alignnone size-full wp-image-27774\" src=\"https:\/\/awo-fulda.de\/wp-content\/uploads\/2021\/03\/Cachingtour-Raetsel.png\" alt=\"\" width=\"2288\" height=\"2097\" srcset=\"https:\/\/awo-fulda.de\/wp-content\/uploads\/2021\/03\/Cachingtour-Raetsel.png 2288w, https:\/\/awo-fulda.de\/wp-content\/uploads\/2021\/03\/Cachingtour-Raetsel-480x440.png 480w, https:\/\/awo-fulda.de\/wp-content\/uploads\/2021\/03\/Cachingtour-Raetsel-640x587.png 640w, https:\/\/awo-fulda.de\/wp-content\/uploads\/2021\/03\/Cachingtour-Raetsel-768x704.png 768w, https:\/\/awo-fulda.de\/wp-content\/uploads\/2021\/03\/Cachingtour-Raetsel-1536x1408.png 1536w, https:\/\/awo-fulda.de\/wp-content\/uploads\/2021\/03\/Cachingtour-Raetsel-2048x1877.png 2048w\" sizes=\"auto, (max-width: 2288px) 100vw, 2288px\" \/><\/a><\/h3>\n<h3>Un parcours-d\u00e9couverte par-del\u00e0 le centre de la ville de Fulda pour en apprendre plus sur les domaines d\u2019activit\u00e9s d\u2019AWO au cours du temps<\/h3>\n<p>Notre 75<sup>\u00e8me<\/sup> anniversaire a \u00e9t\u00e9 l\u2019occasion d\u2019imaginer un parcours de G\u00e9ocaching avec loterie. Les festivit\u00e9s et la loterie sont malheureusement maintenant termin\u00e9es mais le parcours existe toujours&nbsp;!<\/p>\n<p>Le circuit \u00ab&nbsp;75 ans d\u2019AWO \u00e0 Fulda&nbsp;\u00bb est une promenade agr\u00e9able \u00e0 faire seul ou en famille. Il faut compter environ 90 minutes \u00e0 pied ou 60 minutes \u00e0 v\u00e9lo. Il est \u00e9galement possible de parcourir les stations en voiture, mais l\u2019exp\u00e9rience perd ainsi beaucoup de son charme. Il est conseill\u00e9 de respecter l\u2019ordre des stations et de rester \u00e0 l\u2019aff\u00fbt des fragments d\u2019images. Pour calculer les coordonn\u00e9es finales de la cache il vous suffit de reporter les coordonn\u00e9es des photos dans le tableau de valeurs.<\/p>\n<h4>Si vous \u00eates un adepte du g\u00e9ocaching, ne consultez surtout pas la rubrique \u00ab Circuit dans Fulda \u00bb (Rundgang durch Fulda) car nous y avons d\u00e9j\u00e0 d\u00e9voil\u00e9 les adresses correctes !<\/h4>\n<p>Pour ceux qui veulent utiliser les coordonn\u00e9es pendant le parcours : se servir de l\u2019application <a href=\"http:\/\/www.geocaching.com\" target=\"_blank\" rel=\"noopener\">www.geocaching.com<\/a> ou bien entrer les chiffres dans Google Maps exactement comme nous les indiquons ci-dessous.<\/p>\n<p>Afin que chacun puisse effectuer le parcours, y compris ceux qui n\u2019utiliseraient pas l\u2019application, les indications ont \u00e9t\u00e9 adapt\u00e9es de fa\u00e7on \u00e0 pouvoir arriver au but avec les coordonn\u00e9es de Google Maps, selon cette forme : 50.54754, 9.67902 (pour la 1\u00e8re station par exemple \u2013 voir tableau ci-dessus). Dans la boite se trouve comme toujours le logbook, mais vous pouvez aussi volontiers nous envoyer un petit mot \u00e0 l\u2019adresse qui y est indiqu\u00e9e.<\/p>\n<h3><strong>Pour imprimer la fiche des \u00e9nigmes, cliquer le lien suivant :<\/strong> <a href=\"https:\/\/awo-fulda.de\/wp-content\/uploads\/2021\/03\/Cachingtour-Raetsel.pdf\">Cachingtour R\u00e4tsel<\/a><\/h3>\n<h3><strong>Une DESCRIPTION DES STATIONS en plusieurs langues est \u00e0 disposition en format PDF :<\/strong><\/h3>\n<p><a href=\"https:\/\/awo-fulda.de\/wp-content\/uploads\/2021\/03\/Stationen-zum-Mitnehmen.pdf\">Deutsch<\/a><\/p>\n<p><a href=\"https:\/\/awo-fulda.de\/wp-content\/uploads\/2021\/03\/Stationen-zum-Mitnehmen-englisch.pdf\" target=\"_blank\" rel=\"noopener\">Englisch<\/a><\/p>\n<p><a href=\"https:\/\/awo-fulda.de\/wp-content\/uploads\/2021\/03\/Stationen-zum-Mitnehmen-franzoesisch.pdf\" target=\"_blank\" rel=\"noopener\">Franz\u00f6sisch<\/a><\/p>\n<p><a href=\"https:\/\/awo-fulda.de\/wp-content\/uploads\/2021\/03\/Stationen-zum-Mitnehmen-russisch.pdf\">Russisch<\/a><\/p>\n<p><a href=\"https:\/\/awo-fulda.de\/wp-content\/uploads\/2021\/03\/Stationen-zum-Mitnehmen-tuerkisch.pdf\" target=\"_blank\" rel=\"noopener\">T\u00fcrkisch<\/a><\/p>\n<p><a href=\"https:\/\/awo-fulda.de\/wp-content\/uploads\/2021\/03\/Stationen-zum-Mitnehmen-arabisch.pdf\" target=\"_blank\" rel=\"noopener\">Arabisch<\/a><\/p>\n","protected":false},"excerpt":{"rendered":"<p>Un parcours-d\u00e9couverte par-del\u00e0 le centre de la ville de Fulda pour en apprendre plus sur les domaines d\u2019activit\u00e9s d\u2019AWO au cours du temps Notre 75\u00e8me anniversaire a \u00e9t\u00e9 l\u2019occasion d\u2019imaginer&hellip;<\/p>\n","protected":false},"author":6,"featured_media":0,"parent":0,"menu_order":0,"comment_status":"closed","ping_status":"closed","template":"","meta":{"_editorskit_title_hidden":false,"_editorskit_reading_time":1,"_editorskit_is_block_options_detached":false,"_editorskit_block_options_position":"{}","footnotes":""},"class_list":["post-103901","page","type-page","status-publish","hentry","description-off"],"translation":{"provider":"WPGlobus","version":"3.0.2","language":"fr","enabled_languages":["de","en","fr","ru","ar","tr","fa"],"languages":{"de":{"title":true,"content":true,"excerpt":false},"en":{"title":true,"content":true,"excerpt":false},"fr":{"title":true,"content":true,"excerpt":false},"ru":{"title":false,"content":false,"excerpt":false},"ar":{"title":false,"content":false,"excerpt":false},"tr":{"title":false,"content":false,"excerpt":false},"fa":{"title":false,"content":false,"excerpt":false}}},"_links":{"self":[{"href":"https:\/\/awo-fulda.de\/fr\/wp-json\/wp\/v2\/pages\/103901","targetHints":{"allow":["GET"]}}],"collection":[{"href":"https:\/\/awo-fulda.de\/fr\/wp-json\/wp\/v2\/pages"}],"about":[{"href":"https:\/\/awo-fulda.de\/fr\/wp-json\/wp\/v2\/types\/page"}],"author":[{"embeddable":true,"href":"https:\/\/awo-fulda.de\/fr\/wp-json\/wp\/v2\/users\/6"}],"replies":[{"embeddable":true,"href":"https:\/\/awo-fulda.de\/fr\/wp-json\/wp\/v2\/comments?post=103901"}],"version-history":[{"count":9,"href":"https:\/\/awo-fulda.de\/fr\/wp-json\/wp\/v2\/pages\/103901\/revisions"}],"predecessor-version":[{"id":116027,"href":"https:\/\/awo-fulda.de\/fr\/wp-json\/wp\/v2\/pages\/103901\/revisions\/116027"}],"wp:attachment":[{"href":"https:\/\/awo-fulda.de\/fr\/wp-json\/wp\/v2\/media?parent=103901"}],"curies":[{"name":"wp","href":"https:\/\/api.w.org\/{rel}","templated":true}]}}