{"id":92,"date":"2017-10-23T18:21:08","date_gmt":"2017-10-23T16:21:08","guid":{"rendered":"https:\/\/awo-fulda.de\/?page_id=92"},"modified":"2023-11-21T17:42:59","modified_gmt":"2023-11-21T16:42:59","slug":"begegnungsstaetten","status":"publish","type":"page","link":"https:\/\/awo-fulda.de\/fa\/begegnungsstaetten\/","title":{"rendered":"Begegnung &#038; Integration"},"content":{"rendered":"<\/p>\n\n\n<h3 class=\"wp-block-heading\">Kontakte kn\u00fcpfen und Gemeinsamkeiten im Blick haben.<\/h3>\n\n\n\n<p>Es macht Freude und gibt Kraft, zusammen mit anderen Menschen seine Freizeit zu gestalten. In Stadt und Landkreis Fulda bietet die AWO zahlreiche M\u00f6glichkeiten zur Begegnung.<\/p>\n\n\n\n<p>An den unterschiedlichen Standorten k\u00f6nnen Beratungs-, Bildungs- und Freizeitangebote in Anspruch genommen werden. Das Spektrum ist breit gef\u00e4chert und offen f\u00fcr alle \u2013 unabh\u00e4ngig von Alter, Herkunft, Geschlecht, Religion oder sexueller Veranlagung.<\/p>\n\n\n\n<p>Wir haben langj\u00e4hrige Erfahrung in der Migrationsarbeit \u2013 zun\u00e4chst mit Angeboten f\u00fcr die t\u00fcrkischen Gastarbeiter:innen in Fulda, sp\u00e4ter bei der Entwicklung von Angeboten im Gemeinwesen. So haben wir viele Kulturen, Lebensweisen und Einstellungen kennen und lieben gelernt.<\/p>\n\n\n\n<p>Sie sind herzlich eingeladen! Gerne vorbeikommen und mitmachen!<\/p>\n\n\n\n<p>&nbsp;<\/p>\n\n\n\n<div class=\"wp-block-columns is-layout-flex wp-container-core-columns-is-layout-9d6595d7 wp-block-columns-is-layout-flex\">\n<div class=\"wp-block-column is-layout-flow wp-block-column-is-layout-flow\">\n<div class=\"wp-block-cover is-light is-style-default ek-linked-block\" style=\"min-height:285px;aspect-ratio:unset;\"><span aria-hidden=\"true\" class=\"wp-block-cover__background has-dark-gray-background-color has-background-dim-30 has-background-dim\"><\/span><img loading=\"lazy\" decoding=\"async\" width=\"1649\" height=\"900\" class=\"wp-block-cover__image-background wp-image-28441\" alt=\"\" src=\"https:\/\/awo-fulda.de\/wp-content\/uploads\/2021\/04\/Teamfoto-mgh-Homepage.jpg\" data-object-fit=\"cover\" srcset=\"https:\/\/awo-fulda.de\/wp-content\/uploads\/2021\/04\/Teamfoto-mgh-Homepage.jpg 1649w, https:\/\/awo-fulda.de\/wp-content\/uploads\/2021\/04\/Teamfoto-mgh-Homepage-480x262.jpg 480w, https:\/\/awo-fulda.de\/wp-content\/uploads\/2021\/04\/Teamfoto-mgh-Homepage-640x349.jpg 640w, https:\/\/awo-fulda.de\/wp-content\/uploads\/2021\/04\/Teamfoto-mgh-Homepage-768x419.jpg 768w, https:\/\/awo-fulda.de\/wp-content\/uploads\/2021\/04\/Teamfoto-mgh-Homepage-1536x838.jpg 1536w\" sizes=\"auto, (max-width: 1649px) 100vw, 1649px\" \/><div class=\"wp-block-cover__inner-container is-layout-flow wp-block-cover-is-layout-flow\">\n<p class=\"has-text-align-center\" style=\"font-size:24px\"><strong><span class=\"tadv-color\" style=\"color: #fff;\">Mehrgenerationenhaus<\/span><\/strong><\/p>\n\n\n\n<p class=\"has-text-align-center\" style=\"font-size:24px\"><strong><span class=\"tadv-color\" style=\"color: #fff;\">im B\u00fcrgerzentrum Aschenberg<\/span><\/strong><\/p>\n<\/div><a href=\"https:\/\/awo-fulda.de\/begegnungsstaetten\/mgh-aschenberg\/\" class=\"editorskit-block-link\" rel=\"\"><\/a><\/div>\n<\/div>\n\n\n\n<div class=\"wp-block-column is-layout-flow wp-block-column-is-layout-flow\">\n<div class=\"wp-block-cover ek-linked-block\" style=\"min-height:285px;aspect-ratio:unset;\"><span aria-hidden=\"true\" class=\"wp-block-cover__background has-background-dim-30 has-background-dim\"><\/span><img loading=\"lazy\" decoding=\"async\" width=\"640\" height=\"360\" class=\"wp-block-cover__image-background wp-image-21768\" alt=\"\" src=\"https:\/\/awo-fulda.de\/wp-content\/uploads\/2020\/02\/Ziehers-S\u00fcd-MA-1600-900-640x360.jpg\" data-object-fit=\"cover\" srcset=\"https:\/\/awo-fulda.de\/wp-content\/uploads\/2020\/02\/Ziehers-S\u00fcd-MA-1600-900-640x360.jpg 640w, https:\/\/awo-fulda.de\/wp-content\/uploads\/2020\/02\/Ziehers-S\u00fcd-MA-1600-900-480x270.jpg 480w, https:\/\/awo-fulda.de\/wp-content\/uploads\/2020\/02\/Ziehers-S\u00fcd-MA-1600-900-768x432.jpg 768w, https:\/\/awo-fulda.de\/wp-content\/uploads\/2020\/02\/Ziehers-S\u00fcd-MA-1600-900-1536x864.jpg 1536w, https:\/\/awo-fulda.de\/wp-content\/uploads\/2020\/02\/Ziehers-S\u00fcd-MA-1600-900.jpg 1600w\" sizes=\"auto, (max-width: 640px) 100vw, 640px\" \/><div class=\"wp-block-cover__inner-container is-layout-flow wp-block-cover-is-layout-flow\">\n<p class=\"has-text-align-center\" style=\"font-size:24px\"><strong>B\u00fcrgerzentrum Ziehers-S\u00fcd<\/strong><\/p>\n<\/div><a href=\"https:\/\/awo-fulda.de\/buergerzentrum-ziehers-sued\/\" class=\"editorskit-block-link\" rel=\"\"><\/a><\/div>\n<\/div>\n<\/div>\n\n\n\n<div class=\"wp-block-columns is-layout-flex wp-container-core-columns-is-layout-9d6595d7 wp-block-columns-is-layout-flex\">\n<div class=\"wp-block-column is-layout-flow wp-block-column-is-layout-flow\">\n<div class=\"wp-block-cover is-light ek-linked-block\" style=\"min-height:253px;aspect-ratio:unset;\"><span aria-hidden=\"true\" class=\"wp-block-cover__background has-background-dim-30 has-background-dim\"><\/span><img loading=\"lazy\" decoding=\"async\" width=\"1600\" height=\"900\" class=\"wp-block-cover__image-background wp-image-22059\" alt=\"\" src=\"https:\/\/awo-fulda.de\/wp-content\/uploads\/2020\/03\/garten1.jpg\" data-object-fit=\"cover\" srcset=\"https:\/\/awo-fulda.de\/wp-content\/uploads\/2020\/03\/garten1.jpg 1600w, https:\/\/awo-fulda.de\/wp-content\/uploads\/2020\/03\/garten1-480x270.jpg 480w, https:\/\/awo-fulda.de\/wp-content\/uploads\/2020\/03\/garten1-640x360.jpg 640w, https:\/\/awo-fulda.de\/wp-content\/uploads\/2020\/03\/garten1-768x432.jpg 768w, https:\/\/awo-fulda.de\/wp-content\/uploads\/2020\/03\/garten1-1536x864.jpg 1536w\" sizes=\"auto, (max-width: 1600px) 100vw, 1600px\" \/><div class=\"wp-block-cover__inner-container is-layout-flow wp-block-cover-is-layout-flow\">\n<p class=\"has-text-align-center has-white-color has-text-color\" style=\"font-size:24px\"><strong>AWO Stadtteiltreff S\u00fcdend<\/strong><\/p>\n<\/div><a href=\"https:\/\/awo-fulda.de\/stadtteiltreff-suedend\/\" class=\"editorskit-block-link\" rel=\"\"><\/a><\/div>\n<\/div>\n\n\n\n<div class=\"wp-block-column is-layout-flow wp-block-column-is-layout-flow\">\n<div class=\"wp-block-cover is-light ek-linked-block\" style=\"min-height:253px;aspect-ratio:unset;\"><span aria-hidden=\"true\" class=\"wp-block-cover__background has-background-dim\"><\/span><img loading=\"lazy\" decoding=\"async\" width=\"1600\" height=\"900\" class=\"wp-block-cover__image-background wp-image-15280\" alt=\"\" src=\"https:\/\/awo-fulda.de\/wp-content\/uploads\/2018\/05\/ZN1.jpg\" data-object-fit=\"cover\" srcset=\"https:\/\/awo-fulda.de\/wp-content\/uploads\/2018\/05\/ZN1.jpg 1600w, https:\/\/awo-fulda.de\/wp-content\/uploads\/2018\/05\/ZN1-480x270.jpg 480w, https:\/\/awo-fulda.de\/wp-content\/uploads\/2018\/05\/ZN1-768x432.jpg 768w, https:\/\/awo-fulda.de\/wp-content\/uploads\/2018\/05\/ZN1-640x360.jpg 640w\" sizes=\"auto, (max-width: 1600px) 100vw, 1600px\" \/><div class=\"wp-block-cover__inner-container is-layout-flow wp-block-cover-is-layout-flow\">\n<p class=\"has-text-align-center has-white-color has-text-color\" style=\"font-size:25px\"><strong>Stadtteilb\u00fcro Ziehers-Nord<\/strong><\/p>\n<\/div><a href=\"https:\/\/awo-fulda.de\/begegnungsstaetten\/stadtteilbuero-ziehers-nord\/\" class=\"editorskit-block-link\" rel=\"\"><\/a><\/div>\n<\/div>\n<\/div>\n\n\n\n<div class=\"wp-block-columns is-layout-flex wp-container-core-columns-is-layout-9d6595d7 wp-block-columns-is-layout-flex\">\n<div class=\"wp-block-column is-layout-flow wp-block-column-is-layout-flow\">\n<div class=\"wp-block-cover is-light ek-linked-block\" style=\"min-height:253px;aspect-ratio:unset;\"><span aria-hidden=\"true\" class=\"wp-block-cover__background has-background-dim\"><\/span><img loading=\"lazy\" decoding=\"async\" width=\"2048\" height=\"1536\" class=\"wp-block-cover__image-background wp-image-24410\" alt=\"\" src=\"https:\/\/awo-fulda.de\/wp-content\/uploads\/2020\/09\/002_Das-Team_ein-Teil-davon.jpeg\" data-object-fit=\"cover\" srcset=\"https:\/\/awo-fulda.de\/wp-content\/uploads\/2020\/09\/002_Das-Team_ein-Teil-davon.jpeg 2048w, https:\/\/awo-fulda.de\/wp-content\/uploads\/2020\/09\/002_Das-Team_ein-Teil-davon-480x360.jpeg 480w, https:\/\/awo-fulda.de\/wp-content\/uploads\/2020\/09\/002_Das-Team_ein-Teil-davon-640x480.jpeg 640w, https:\/\/awo-fulda.de\/wp-content\/uploads\/2020\/09\/002_Das-Team_ein-Teil-davon-768x576.jpeg 768w, https:\/\/awo-fulda.de\/wp-content\/uploads\/2020\/09\/002_Das-Team_ein-Teil-davon-1536x1152.jpeg 1536w\" sizes=\"auto, (max-width: 2048px) 100vw, 2048px\" \/><div class=\"wp-block-cover__inner-container is-layout-flow wp-block-cover-is-layout-flow\">\n<p class=\"has-text-align-center has-white-color has-text-color\" style=\"font-size:25px\"><strong>Leihladen<\/strong><\/p>\n<\/div><a href=\"https:\/\/awo-fulda.de\/leihladen\/\" class=\"editorskit-block-link\" rel=\"\"><\/a><\/div>\n<\/div>\n\n\n\n<div class=\"wp-block-column is-layout-flow wp-block-column-is-layout-flow\">\n<div class=\"wp-block-cover is-light ek-linked-block\" style=\"min-height:253px;aspect-ratio:unset;\"><span aria-hidden=\"true\" class=\"wp-block-cover__background has-background-dim\"><\/span><img loading=\"lazy\" decoding=\"async\" width=\"1600\" height=\"900\" class=\"wp-block-cover__image-background wp-image-16253\" alt=\"\" src=\"https:\/\/awo-fulda.de\/wp-content\/uploads\/2018\/06\/L14Haus-2.jpg\" data-object-fit=\"cover\" srcset=\"https:\/\/awo-fulda.de\/wp-content\/uploads\/2018\/06\/L14Haus-2.jpg 1600w, https:\/\/awo-fulda.de\/wp-content\/uploads\/2018\/06\/L14Haus-2-480x270.jpg 480w, https:\/\/awo-fulda.de\/wp-content\/uploads\/2018\/06\/L14Haus-2-768x432.jpg 768w, https:\/\/awo-fulda.de\/wp-content\/uploads\/2018\/06\/L14Haus-2-640x360.jpg 640w\" sizes=\"auto, (max-width: 1600px) 100vw, 1600px\" \/><div class=\"wp-block-cover__inner-container is-layout-flow wp-block-cover-is-layout-flow\">\n<p class=\"has-text-align-center has-white-color has-text-color\" style=\"font-size:25px\"><strong>L14zwo<\/strong><\/p>\n<\/div><a href=\"https:\/\/awo-fulda.de\/begegnungsstaetten\/l14zwo\/\" class=\"editorskit-block-link\" rel=\"\"><\/a><\/div>\n<\/div>\n\n\n\n<div class=\"wp-block-column is-layout-flow wp-block-column-is-layout-flow\">\n<div class=\"wp-block-cover ek-linked-block\" style=\"min-height:253px;aspect-ratio:unset;\"><span aria-hidden=\"true\" class=\"wp-block-cover__background has-background-dim\"><\/span><img loading=\"lazy\" decoding=\"async\" width=\"1817\" height=\"972\" class=\"wp-block-cover__image-background wp-image-23205\" alt=\"\" src=\"https:\/\/awo-fulda.de\/wp-content\/uploads\/2020\/07\/kaufhaus-mit-herz-e1594721255802.jpg\" data-object-fit=\"cover\" srcset=\"https:\/\/awo-fulda.de\/wp-content\/uploads\/2020\/07\/kaufhaus-mit-herz-e1594721255802.jpg 1817w, https:\/\/awo-fulda.de\/wp-content\/uploads\/2020\/07\/kaufhaus-mit-herz-e1594721255802-480x257.jpg 480w, https:\/\/awo-fulda.de\/wp-content\/uploads\/2020\/07\/kaufhaus-mit-herz-e1594721255802-640x342.jpg 640w, https:\/\/awo-fulda.de\/wp-content\/uploads\/2020\/07\/kaufhaus-mit-herz-e1594721255802-768x411.jpg 768w, https:\/\/awo-fulda.de\/wp-content\/uploads\/2020\/07\/kaufhaus-mit-herz-e1594721255802-1536x822.jpg 1536w\" sizes=\"auto, (max-width: 1817px) 100vw, 1817px\" \/><div class=\"wp-block-cover__inner-container is-layout-flow wp-block-cover-is-layout-flow\">\n<p class=\"has-text-align-center\" style=\"font-size:25px\"><strong>Mitmach-Kaufhaus<\/strong><\/p>\n<\/div><a href=\"https:\/\/awo-fulda.de\/mit-mach-kaufhaus\/\" class=\"editorskit-block-link\" rel=\"\"><\/a><\/div>\n\n\n\n<p>a<\/p>\n<\/div>\n<\/div>\n\n\n\n<div class=\"wp-block-columns is-layout-flex wp-container-core-columns-is-layout-9d6595d7 wp-block-columns-is-layout-flex\">\n<div class=\"wp-block-column is-layout-flow wp-block-column-is-layout-flow\">\n<div class=\"wp-block-cover ek-linked-block\" style=\"min-height:253px;aspect-ratio:unset;\"><span aria-hidden=\"true\" class=\"wp-block-cover__background has-background-dim\"><\/span><img loading=\"lazy\" decoding=\"async\" width=\"2394\" height=\"1347\" class=\"wp-block-cover__image-background wp-image-26501\" alt=\"\" src=\"https:\/\/awo-fulda.de\/wp-content\/uploads\/2021\/01\/Sprachcafe-mit-Herz.jpg\" data-object-fit=\"cover\" srcset=\"https:\/\/awo-fulda.de\/wp-content\/uploads\/2021\/01\/Sprachcafe-mit-Herz.jpg 2394w, https:\/\/awo-fulda.de\/wp-content\/uploads\/2021\/01\/Sprachcafe-mit-Herz-480x270.jpg 480w, https:\/\/awo-fulda.de\/wp-content\/uploads\/2021\/01\/Sprachcafe-mit-Herz-640x360.jpg 640w, https:\/\/awo-fulda.de\/wp-content\/uploads\/2021\/01\/Sprachcafe-mit-Herz-768x432.jpg 768w, https:\/\/awo-fulda.de\/wp-content\/uploads\/2021\/01\/Sprachcafe-mit-Herz-1536x864.jpg 1536w, https:\/\/awo-fulda.de\/wp-content\/uploads\/2021\/01\/Sprachcafe-mit-Herz-2048x1152.jpg 2048w\" sizes=\"auto, (max-width: 2394px) 100vw, 2394px\" \/><div class=\"wp-block-cover__inner-container is-layout-flow wp-block-cover-is-layout-flow\">\n<p class=\"has-text-align-center\" style=\"font-size:25px\"><strong>Gemeinwesenarbeit in Tann (Rh\u00f6n)<\/strong><\/p>\n<\/div><a href=\"https:\/\/awo-fulda.de\/begegnungsstaetten\/buero-tann\/\" class=\"editorskit-block-link\" rel=\"\"><\/a><\/div>\n<\/div>\n\n\n\n<div class=\"wp-block-column is-layout-flow wp-block-column-is-layout-flow\">\n<div class=\"wp-block-cover ek-linked-block\" style=\"min-height:253px;aspect-ratio:unset;\"><span aria-hidden=\"true\" class=\"wp-block-cover__background has-background-dim\"><\/span><img loading=\"lazy\" decoding=\"async\" width=\"1024\" height=\"576\" class=\"wp-block-cover__image-background wp-image-15319\" alt=\"\" src=\"https:\/\/awo-fulda.de\/wp-content\/uploads\/2018\/05\/fussball1.jpg\" data-object-fit=\"cover\" srcset=\"https:\/\/awo-fulda.de\/wp-content\/uploads\/2018\/05\/fussball1.jpg 1024w, https:\/\/awo-fulda.de\/wp-content\/uploads\/2018\/05\/fussball1-480x270.jpg 480w, https:\/\/awo-fulda.de\/wp-content\/uploads\/2018\/05\/fussball1-768x432.jpg 768w, https:\/\/awo-fulda.de\/wp-content\/uploads\/2018\/05\/fussball1-640x360.jpg 640w\" sizes=\"auto, (max-width: 1024px) 100vw, 1024px\" \/><div class=\"wp-block-cover__inner-container is-layout-flow wp-block-cover-is-layout-flow\">\n<p class=\"has-text-align-center\" style=\"font-size:25px\"><strong>Gemeinwesenarbeit in Gersfeld<\/strong><\/p>\n\n\n<\/div><a href=\"https:\/\/awo-fulda.de\/begegnungsstaetten\/gwa-gersfeld\/\" class=\"editorskit-block-link\" rel=\"\"><\/a><\/div>\n<\/div>\n\n\n\n<div class=\"wp-block-column is-layout-flow wp-block-column-is-layout-flow\">\n<div class=\"wp-block-cover ek-linked-block\" style=\"min-height:253px;aspect-ratio:unset;\"><span aria-hidden=\"true\" class=\"wp-block-cover__background has-background-dim\"><\/span><img loading=\"lazy\" decoding=\"async\" width=\"1863\" height=\"1260\" class=\"wp-block-cover__image-background wp-image-25338\" alt=\"\" src=\"https:\/\/awo-fulda.de\/wp-content\/uploads\/2020\/11\/GWA-Huenfeld-x.jpg\" data-object-fit=\"cover\" srcset=\"https:\/\/awo-fulda.de\/wp-content\/uploads\/2020\/11\/GWA-Huenfeld-x.jpg 1863w, https:\/\/awo-fulda.de\/wp-content\/uploads\/2020\/11\/GWA-Huenfeld-x-480x325.jpg 480w, https:\/\/awo-fulda.de\/wp-content\/uploads\/2020\/11\/GWA-Huenfeld-x-640x433.jpg 640w, https:\/\/awo-fulda.de\/wp-content\/uploads\/2020\/11\/GWA-Huenfeld-x-768x519.jpg 768w, https:\/\/awo-fulda.de\/wp-content\/uploads\/2020\/11\/GWA-Huenfeld-x-1536x1039.jpg 1536w\" sizes=\"auto, (max-width: 1863px) 100vw, 1863px\" \/><div class=\"wp-block-cover__inner-container is-layout-flow wp-block-cover-is-layout-flow\">\n<p class=\"has-text-align-center\" style=\"font-size:25px\"><strong>Gemeinwesenarbeit in H\u00fcnfeld<\/strong><\/p>\n<\/div><a href=\"https:\/\/awo-fulda.de\/gemeinwesenarbeit-in-huenfeld\/\" class=\"editorskit-block-link\" rel=\"\"><\/a><\/div>\n<\/div>\n<\/div>\n\n\n\n<div class=\"wp-block-columns is-layout-flex wp-container-core-columns-is-layout-9d6595d7 wp-block-columns-is-layout-flex\">\n<div class=\"wp-block-column is-layout-flow wp-block-column-is-layout-flow\">\n<div class=\"wp-block-cover is-light ek-linked-block\" style=\"min-height:253px;aspect-ratio:unset;\"><span aria-hidden=\"true\" class=\"wp-block-cover__background has-background-dim\"><\/span><img loading=\"lazy\" decoding=\"async\" width=\"1600\" height=\"900\" class=\"wp-block-cover__image-background wp-image-15254\" alt=\"\" src=\"https:\/\/awo-fulda.de\/wp-content\/uploads\/2018\/05\/Paten2.jpg\" data-object-fit=\"cover\" srcset=\"https:\/\/awo-fulda.de\/wp-content\/uploads\/2018\/05\/Paten2.jpg 1600w, https:\/\/awo-fulda.de\/wp-content\/uploads\/2018\/05\/Paten2-480x270.jpg 480w, https:\/\/awo-fulda.de\/wp-content\/uploads\/2018\/05\/Paten2-768x432.jpg 768w, https:\/\/awo-fulda.de\/wp-content\/uploads\/2018\/05\/Paten2-640x360.jpg 640w\" sizes=\"auto, (max-width: 1600px) 100vw, 1600px\" \/><div class=\"wp-block-cover__inner-container is-layout-flow wp-block-cover-is-layout-flow\">\n<p class=\"has-text-align-center has-white-color has-text-color\" style=\"font-size:26px\"><strong>Chancen-Patenschaften<\/strong><\/p>\n<\/div><a href=\"https:\/\/awo-fulda.de\/migration-integration\/patenschaftsprojekt\/\" class=\"editorskit-block-link\" rel=\"\"><\/a><\/div>\n<\/div>\n\n\n\n<div class=\"wp-block-column is-layout-flow wp-block-column-is-layout-flow\">\n<div class=\"wp-block-cover is-light ek-linked-block\" style=\"min-height:253px;aspect-ratio:unset;\"><span aria-hidden=\"true\" class=\"wp-block-cover__background has-background-dim\"><\/span><img loading=\"lazy\" decoding=\"async\" width=\"1598\" height=\"902\" class=\"wp-block-cover__image-background wp-image-16191\" alt=\"\" src=\"https:\/\/awo-fulda.de\/wp-content\/uploads\/2018\/06\/aktion-e1530099256819.jpg\" data-object-fit=\"cover\" srcset=\"https:\/\/awo-fulda.de\/wp-content\/uploads\/2018\/06\/aktion-e1530099256819.jpg 1598w, https:\/\/awo-fulda.de\/wp-content\/uploads\/2018\/06\/aktion-e1530099256819-480x271.jpg 480w, https:\/\/awo-fulda.de\/wp-content\/uploads\/2018\/06\/aktion-e1530099256819-768x434.jpg 768w, https:\/\/awo-fulda.de\/wp-content\/uploads\/2018\/06\/aktion-e1530099256819-640x361.jpg 640w\" sizes=\"auto, (max-width: 1598px) 100vw, 1598px\" \/><div class=\"wp-block-cover__inner-container is-layout-flow wp-block-cover-is-layout-flow\">\n<p class=\"has-text-align-center has-white-color has-text-color\" style=\"font-size:25px\"><strong>Gefl\u00fcchtete engagieren sic<\/strong>h<\/p>\n<\/div><a href=\"https:\/\/awo-fulda.de\/refugees-go-volunteer-revo\/\" class=\"editorskit-block-link\" rel=\"\"><\/a><\/div>\n<\/div>\n\n\n\n<div class=\"wp-block-column is-layout-flow wp-block-column-is-layout-flow\">\n<div class=\"wp-block-cover is-light ek-linked-block\" style=\"min-height:253px;aspect-ratio:unset;\"><span aria-hidden=\"true\" class=\"wp-block-cover__background has-background-dim\"><\/span><img loading=\"lazy\" decoding=\"async\" width=\"1600\" height=\"900\" class=\"wp-block-cover__image-background wp-image-23302\" alt=\"\" src=\"https:\/\/awo-fulda.de\/wp-content\/uploads\/2020\/07\/mig-2.jpg\" data-object-fit=\"cover\" srcset=\"https:\/\/awo-fulda.de\/wp-content\/uploads\/2020\/07\/mig-2.jpg 1600w, https:\/\/awo-fulda.de\/wp-content\/uploads\/2020\/07\/mig-2-480x270.jpg 480w, https:\/\/awo-fulda.de\/wp-content\/uploads\/2020\/07\/mig-2-640x360.jpg 640w, https:\/\/awo-fulda.de\/wp-content\/uploads\/2020\/07\/mig-2-768x432.jpg 768w, https:\/\/awo-fulda.de\/wp-content\/uploads\/2020\/07\/mig-2-1536x864.jpg 1536w\" sizes=\"auto, (max-width: 1600px) 100vw, 1600px\" \/><div class=\"wp-block-cover__inner-container is-layout-flow wp-block-cover-is-layout-flow\">\n<p class=\"has-text-align-center has-white-color has-text-color\" style=\"font-size:25px\"><strong>Migrantinnen und Migranten gestalten mit<\/strong><\/p>\n<\/div><a href=\"https:\/\/awo-fulda.de\/migrantinnen-und-migranten-gestalten-unsere-gesellschaft-mit\/\" class=\"editorskit-block-link\" rel=\"\"><\/a><\/div>\n<\/div>\n<\/div>\n\n\n\n<div class=\"wp-block-columns is-layout-flex wp-container-core-columns-is-layout-9d6595d7 wp-block-columns-is-layout-flex\">\n<div class=\"wp-block-column is-layout-flow wp-block-column-is-layout-flow\">\n<div class=\"wp-block-cover is-light ek-linked-block\" style=\"min-height:253px;aspect-ratio:unset;\"><span aria-hidden=\"true\" class=\"wp-block-cover__background has-background-dim\"><\/span><img loading=\"lazy\" decoding=\"async\" width=\"2560\" height=\"1438\" class=\"wp-block-cover__image-background wp-image-23613\" alt=\"\" src=\"https:\/\/awo-fulda.de\/wp-content\/uploads\/2020\/08\/mariame-foto-scaled.jpg\" data-object-fit=\"cover\" srcset=\"https:\/\/awo-fulda.de\/wp-content\/uploads\/2020\/08\/mariame-foto-scaled.jpg 2560w, https:\/\/awo-fulda.de\/wp-content\/uploads\/2020\/08\/mariame-foto-480x270.jpg 480w, https:\/\/awo-fulda.de\/wp-content\/uploads\/2020\/08\/mariame-foto-640x360.jpg 640w, https:\/\/awo-fulda.de\/wp-content\/uploads\/2020\/08\/mariame-foto-768x431.jpg 768w, https:\/\/awo-fulda.de\/wp-content\/uploads\/2020\/08\/mariame-foto-1536x863.jpg 1536w, https:\/\/awo-fulda.de\/wp-content\/uploads\/2020\/08\/mariame-foto-2048x1150.jpg 2048w\" sizes=\"auto, (max-width: 2560px) 100vw, 2560px\" \/><div class=\"wp-block-cover__inner-container is-layout-flow wp-block-cover-is-layout-flow\">\n<p class=\"has-text-align-center has-white-color has-text-color\" style=\"font-size:25px\"><strong>Internationales M\u00e4rchenfestival<\/strong><\/p>\n\n\n<\/div><a href=\"https:\/\/awo-fulda.de\/category\/internationales-maerchenfestival\/\" class=\"editorskit-block-link\" rel=\"\"><\/a><\/div>\n<\/div>\n\n\n\n<div class=\"wp-block-column is-layout-flow wp-block-column-is-layout-flow\">\n<div class=\"wp-block-cover ek-linked-block\" style=\"min-height:253px;aspect-ratio:unset;\"><span aria-hidden=\"true\" class=\"wp-block-cover__background has-background-dim\"><\/span><img loading=\"lazy\" decoding=\"async\" width=\"2560\" height=\"2216\" class=\"wp-block-cover__image-background wp-image-22419\" alt=\"\" src=\"https:\/\/awo-fulda.de\/wp-content\/uploads\/2020\/04\/Upcycling-_Kr\u00e4uter-scaled.jpg\" data-object-fit=\"cover\" srcset=\"https:\/\/awo-fulda.de\/wp-content\/uploads\/2020\/04\/Upcycling-_Kr\u00e4uter-scaled.jpg 2560w, https:\/\/awo-fulda.de\/wp-content\/uploads\/2020\/04\/Upcycling-_Kr\u00e4uter-480x416.jpg 480w, https:\/\/awo-fulda.de\/wp-content\/uploads\/2020\/04\/Upcycling-_Kr\u00e4uter-640x554.jpg 640w, https:\/\/awo-fulda.de\/wp-content\/uploads\/2020\/04\/Upcycling-_Kr\u00e4uter-768x665.jpg 768w, https:\/\/awo-fulda.de\/wp-content\/uploads\/2020\/04\/Upcycling-_Kr\u00e4uter-1536x1330.jpg 1536w, https:\/\/awo-fulda.de\/wp-content\/uploads\/2020\/04\/Upcycling-_Kr\u00e4uter-2048x1773.jpg 2048w\" sizes=\"auto, (max-width: 2560px) 100vw, 2560px\" \/><div class=\"wp-block-cover__inner-container is-layout-flow wp-block-cover-is-layout-flow\">\n<p class=\"has-text-align-center\" style=\"font-size:25px\"><strong>Kreativ und unterhaltsam<\/strong><\/p>\n<\/div><a href=\"https:\/\/awo-fulda.de\/category\/kreativ-unterhaltsam\/\" class=\"editorskit-block-link\" rel=\"\"><\/a><\/div>\n<\/div>\n\n\n\n<div class=\"wp-block-column is-layout-flow wp-block-column-is-layout-flow\">\n<div class=\"wp-block-cover ek-linked-block\" style=\"min-height:253px;aspect-ratio:unset;\"><span aria-hidden=\"true\" class=\"wp-block-cover__background has-background-dim\"><\/span><img loading=\"lazy\" decoding=\"async\" width=\"143\" height=\"100\" class=\"wp-block-cover__image-background wp-image-28983\" alt=\"\" src=\"https:\/\/awo-fulda.de\/wp-content\/uploads\/2021\/05\/YouTube_Logo_100.png\" data-object-fit=\"cover\"\/><div class=\"wp-block-cover__inner-container is-layout-flow wp-block-cover-is-layout-flow\">\n<p class=\"has-text-align-center\" style=\"font-size:25px\"><strong>Filme<\/strong><\/p>\n\n\n\n<p><strong><a class=\"ek-link\" href=\"https:\/\/awo-fulda.de\/impressionen-und-filme\/\"><span class=\"tadv-color\" style=\"color: #fff;\">Mit einem Klick kommen Sie hier zu weiteren Impressionen und Filmen aus den Begegnungsst\u00e4tten sowie den Veranstaltungen und Aktivit\u00e4ten des AWO Kreisverbandes Fulda<\/span>.<\/a><\/strong><\/p>\n<\/div><a href=\"https:\/\/awo-fulda.de\/impressionen-und-filme\/\" class=\"editorskit-block-link\" rel=\"\"><\/a><\/div>\n<\/div>\n<\/div>\n\n\n\n<div class=\"wp-block-columns is-layout-flex wp-container-core-columns-is-layout-9d6595d7 wp-block-columns-is-layout-flex\">\n<div class=\"wp-block-column is-layout-flow wp-block-column-is-layout-flow\" style=\"flex-basis: 66.66%;\">\u00a0<\/div>\n\n\n\n<div class=\"wp-block-column is-layout-flow wp-block-column-is-layout-flow\" style=\"flex-basis: 33.33%;\">\u00a0<\/div>\n<\/div>\n\n\n<p>","protected":false},"excerpt":{"rendered":"<p>Kontakte kn\u00fcpfen und Gemeinsamkeiten im Blick haben. Es macht Freude und gibt Kraft, zusammen mit anderen Menschen seine Freizeit zu gestalten. In Stadt und Landkreis Fulda bietet die AWO zahlreiche&hellip;<\/p>\n","protected":false},"author":1,"featured_media":0,"parent":0,"menu_order":0,"comment_status":"closed","ping_status":"closed","template":"","meta":{"_editorskit_title_hidden":false,"_editorskit_reading_time":1,"_editorskit_is_block_options_detached":false,"_editorskit_block_options_position":"{}","footnotes":""},"class_list":["post-92","page","type-page","status-publish","hentry","description-off"],"translation":{"provider":"WPGlobus","version":"3.0.2","language":"fa","enabled_languages":["de","en","fr","ru","ar","tr","fa"],"languages":{"de":{"title":true,"content":true,"excerpt":false},"en":{"title":true,"content":true,"excerpt":false},"fr":{"title":false,"content":false,"excerpt":false},"ru":{"title":false,"content":false,"excerpt":false},"ar":{"title":false,"content":false,"excerpt":false},"tr":{"title":false,"content":false,"excerpt":false},"fa":{"title":false,"content":false,"excerpt":false}}},"_links":{"self":[{"href":"https:\/\/awo-fulda.de\/fa\/wp-json\/wp\/v2\/pages\/92","targetHints":{"allow":["GET"]}}],"collection":[{"href":"https:\/\/awo-fulda.de\/fa\/wp-json\/wp\/v2\/pages"}],"about":[{"href":"https:\/\/awo-fulda.de\/fa\/wp-json\/wp\/v2\/types\/page"}],"author":[{"embeddable":true,"href":"https:\/\/awo-fulda.de\/fa\/wp-json\/wp\/v2\/users\/1"}],"replies":[{"embeddable":true,"href":"https:\/\/awo-fulda.de\/fa\/wp-json\/wp\/v2\/comments?post=92"}],"version-history":[{"count":71,"href":"https:\/\/awo-fulda.de\/fa\/wp-json\/wp\/v2\/pages\/92\/revisions"}],"predecessor-version":[{"id":128735,"href":"https:\/\/awo-fulda.de\/fa\/wp-json\/wp\/v2\/pages\/92\/revisions\/128735"}],"wp:attachment":[{"href":"https:\/\/awo-fulda.de\/fa\/wp-json\/wp\/v2\/media?parent=92"}],"curies":[{"name":"wp","href":"https:\/\/api.w.org\/{rel}","templated":true}]}}