{"id":84,"date":"2017-10-23T18:19:41","date_gmt":"2017-10-23T16:19:41","guid":{"rendered":"https:\/\/awo-fulda.de\/?page_id=84"},"modified":"2024-05-07T15:29:45","modified_gmt":"2024-05-07T13:29:45","slug":"qualifizierungsmassnahme-lohn-und-brot-artemis","status":"publish","type":"page","link":"https:\/\/awo-fulda.de\/fa\/arbeit-bildung\/qualifizierungsmassnahme-lohn-und-brot-artemis\/","title":{"rendered":"Qualifizierungsma\u00dfnahme Lohn und Brot"},"content":{"rendered":"<div class=\"field field-name-body field-type-text-with-summary field-label-hidden\">\n<div class=\"field-items\">\n<div class=\"field-item even\">\n<p>&nbsp;<\/p>\n<table style=\"height: 70px;\" width=\"1039\">\n<tbody>\n<tr>\n<td style=\"width: 339px;\"><img loading=\"lazy\" decoding=\"async\" class=\"alignnone size-medium wp-image-15185\" src=\"https:\/\/awo-fulda.de\/wp-content\/uploads\/2018\/05\/Artemis2-480x270.jpg\" alt=\"\" width=\"480\" height=\"270\" srcset=\"https:\/\/awo-fulda.de\/wp-content\/uploads\/2018\/05\/Artemis2-480x270.jpg 480w, https:\/\/awo-fulda.de\/wp-content\/uploads\/2018\/05\/Artemis2-768x432.jpg 768w, https:\/\/awo-fulda.de\/wp-content\/uploads\/2018\/05\/Artemis2-640x360.jpg 640w, https:\/\/awo-fulda.de\/wp-content\/uploads\/2018\/05\/Artemis2.jpg 1600w\" sizes=\"auto, (max-width: 480px) 100vw, 480px\" \/><\/td>\n<td style=\"width: 339px;\"><img loading=\"lazy\" decoding=\"async\" class=\"alignnone size-medium wp-image-15234\" src=\"https:\/\/awo-fulda.de\/wp-content\/uploads\/2018\/05\/LB3-480x270.jpg\" alt=\"\" width=\"480\" height=\"270\" srcset=\"https:\/\/awo-fulda.de\/wp-content\/uploads\/2018\/05\/LB3-480x270.jpg 480w, https:\/\/awo-fulda.de\/wp-content\/uploads\/2018\/05\/LB3-768x432.jpg 768w, https:\/\/awo-fulda.de\/wp-content\/uploads\/2018\/05\/LB3-640x360.jpg 640w, https:\/\/awo-fulda.de\/wp-content\/uploads\/2018\/05\/LB3.jpg 1600w\" sizes=\"auto, (max-width: 480px) 100vw, 480px\" \/><\/td>\n<td style=\"width: 339px;\"><img loading=\"lazy\" decoding=\"async\" class=\"alignnone size-medium wp-image-15270\" src=\"https:\/\/awo-fulda.de\/wp-content\/uploads\/2018\/05\/Un-Job-1-480x270.jpg\" alt=\"\" width=\"480\" height=\"270\" srcset=\"https:\/\/awo-fulda.de\/wp-content\/uploads\/2018\/05\/Un-Job-1-480x270.jpg 480w, https:\/\/awo-fulda.de\/wp-content\/uploads\/2018\/05\/Un-Job-1-768x432.jpg 768w, https:\/\/awo-fulda.de\/wp-content\/uploads\/2018\/05\/Un-Job-1-640x360.jpg 640w, https:\/\/awo-fulda.de\/wp-content\/uploads\/2018\/05\/Un-Job-1.jpg 1600w\" sizes=\"auto, (max-width: 480px) 100vw, 480px\" \/><\/td>\n<\/tr>\n<\/tbody>\n<\/table>\n<p><em>Lohn und Brot <\/em>ist ein niedrigschwelliges Besch\u00e4ftigungsprojekt f\u00fcr junge Erwachsene bis zu 27 Jahren im Rahmen einer Arbeitsgelegenheit nach \u00a7 16d SGB II.<\/p>\n<p>Das Projekt <em>Lohn &amp; Brot<\/em> entstand 1999 urspr\u00fcnglich aus der Streetwork-Arbeit heraus. Vorrangig ging es um die Anbindung von jungen M\u00e4nner, die selbst keine berufliche Perspektive f\u00fcr sich finden konnten und sie in ihren F\u00e4higkeiten und Kompetenzen zu st\u00e4rken. 2008 wurde als Pendant das Projekt <em>Artemis<\/em> f\u00fcr junge Frauen gegr\u00fcndet. Die AWO war damals der erste Tr\u00e4ger der Jugendberufshilfe in Fulda. Die zun\u00e4chst getrennten Projekte wurden mittlerweile zum Projekt <em>Lohn und Brot<\/em>\u00a0zusammengelegt. Noch heute z\u00e4hlt das Projekt <em>Lohn und Brot<\/em>\u00a0zu den niedrigschwelligsten Jugendberufshilfe-Angeboten f\u00fcr junge Heranwachsende in Fulda.<\/p>\n<p>Ziel der Ma\u00dfnahme ist es, die berufliche sowie gesellschaftliche Integration der Teilnehmenden vorzubereiten. Es handelt sich dabei um einen Personenkreis, der den Anforderungen des Berufslebens derzeit nicht gewachsen ist und f\u00fcr den aktuell keine Besch\u00e4ftigungsm\u00f6glichkeiten auf dem Arbeitsmarkt erschlossen werden k\u00f6nnen. Im Laufe der Ma\u00dfnahme k\u00f6nnen vorhandene Kompetenzen aktualisiert und\/oder zus\u00e4tzliche Qualifikationen erworben werden, die eine Integration, bzw. Reintegration, in den allgemeinen Arbeitsmarkt unterst\u00fctzen.<\/p>\n<p>Die sozialp\u00e4dagogische Betreuung beginnt bereits mit der Kontaktaufnahme, welche meist in Form aufsuchender Sozialarbeit \/Aktivierung der Teilnehmenden erfolgt. Gemeinsam mit den jeweiligen Jugendlichen werden praktische Hilfen zur Alltagsstrukturierung sowie -bew\u00e4ltigung erarbeitet und vorhandene Potenziale\/Ressourcen bewusst gemacht. Intensive Einzelbetreuung f\u00f6rdert ein vertrauensvolles Miteinander und ein erfolgreiches Anbinden an die Ma\u00dfnahme. Die aus dem gemeinsamen Arbeiten hervorgehende Teamkompetenzen, sowie zwischenmenschlichen Prozesse, haben dabei einen positiven Einfluss auf die individuelle Pers\u00f6nlichkeitsentwicklung.<\/p>\n<p><strong><span style=\"font-size: 16px;\">Handlungsorientierte Methoden der Anleitung f\u00f6rdern die Eigeninitiative und Selbstst\u00e4ndigkeit der Teilnehmenden.<\/span> <\/strong><\/p>\n<p>Durch individuelle Begleitung, sozialp\u00e4dagogische Hilfe und praktischer beruflicher Orientierung werden die Jugendlichen\/jungen Erwachsenen stabilisiert und zur Entwicklung von realistischen Lebens-, sowie Arbeitsperspektiven bef\u00e4higt. Entsprechend ihrer jeweiligen Bed\u00fcrfnisse und F\u00e4higkeiten werden sie im Sinne der Hilfe zur Selbsthilfe bei der Bew\u00e4ltigung ihrer allt\u00e4glichen Herausforderungen unterst\u00fctzt und beim \u00dcbergang in Schule, Ausbildung und Arbeit begleitet.<\/p>\n<p><span style=\"font-size: 16px;\"><strong>Das Projekt bietet in der praktischen Begleitung verschiedene Arbeitsbereiche an.<\/strong><\/span><\/p>\n<p>Unter Anleitung sind die jungen Menschen in folgenden Arbeitsbereichen t\u00e4tig:<\/p>\n<ul>\n<li>der projekteigenen Fahrrad- und Holzwerkstatt<\/li>\n<li>dem Wildpark Gersfeld (Kooperation mit dem Wildpark Gersfeld)<\/li>\n<li>dem Wald (Kooperation mit dem Forstamt Hofbieber)<\/li>\n<li>dem AWO Schaugarten<\/li>\n<\/ul>\n<p>Im gesch\u00fctzten p\u00e4dagogischen Rahmen gew\u00f6hnen sie sich an einen geregelten Tagesablauf und werden an praktische Arbeiten herangef\u00fchrt. Gleichzeitig k\u00f6nnen die individuelle Lebenssituation sowie bisherige Lebens- und Lernerfahrungen im Arbeitsprozess ber\u00fccksichtigt. So r\u00fccken vorhandene St\u00e4rken und F\u00e4higkeiten in den Fokus, das Selbstvertrauen und Selbstwertgef\u00fchl werden gest\u00e4rkt, Probleml\u00f6sungsstrategien entwickelt und pers\u00f6nliche Ziele formuliert.<\/p>\n<p><strong><em>Lohn &amp; Brot<\/em>\u00a0wird gef\u00f6rdert und unterst\u00fctzt durch den Landkreis Fulda, die Stadt Fulda und den <a href=\"https:\/\/www.esf-hessen.de\/esf-hessen\/foerderprogramme\/jugendliche\/qualifizierung-und-beschaeftigung-junger-menschen\">Europ\u00e4ischen Sozialfonds<\/a>.<\/strong><\/p>\n<p><strong>\u00a0<\/strong><\/p>\n<p>&nbsp;<\/p>\n<\/div>\n<p>&nbsp;<\/p>\n<\/div>\n<\/div>\n","protected":false},"excerpt":{"rendered":"<p>&nbsp; Lohn und Brot ist ein niedrigschwelliges Besch\u00e4ftigungsprojekt f\u00fcr junge Erwachsene bis zu 27 Jahren im Rahmen einer Arbeitsgelegenheit nach \u00a7 16d SGB II. Das Projekt Lohn &amp; Brot entstand&hellip;<\/p>\n","protected":false},"author":1,"featured_media":0,"parent":28,"menu_order":0,"comment_status":"closed","ping_status":"closed","template":"","meta":{"_editorskit_title_hidden":false,"_editorskit_reading_time":0,"_editorskit_is_block_options_detached":false,"_editorskit_block_options_position":"{}","footnotes":""},"class_list":["post-84","page","type-page","status-publish","hentry","description-off"],"translation":{"provider":"WPGlobus","version":"3.0.2","language":"fa","enabled_languages":["de","en","fr","ru","ar","tr","fa"],"languages":{"de":{"title":true,"content":true,"excerpt":false},"en":{"title":true,"content":true,"excerpt":false},"fr":{"title":false,"content":false,"excerpt":false},"ru":{"title":false,"content":false,"excerpt":false},"ar":{"title":false,"content":false,"excerpt":false},"tr":{"title":false,"content":false,"excerpt":false},"fa":{"title":false,"content":false,"excerpt":false}}},"_links":{"self":[{"href":"https:\/\/awo-fulda.de\/fa\/wp-json\/wp\/v2\/pages\/84","targetHints":{"allow":["GET"]}}],"collection":[{"href":"https:\/\/awo-fulda.de\/fa\/wp-json\/wp\/v2\/pages"}],"about":[{"href":"https:\/\/awo-fulda.de\/fa\/wp-json\/wp\/v2\/types\/page"}],"author":[{"embeddable":true,"href":"https:\/\/awo-fulda.de\/fa\/wp-json\/wp\/v2\/users\/1"}],"replies":[{"embeddable":true,"href":"https:\/\/awo-fulda.de\/fa\/wp-json\/wp\/v2\/comments?post=84"}],"version-history":[{"count":22,"href":"https:\/\/awo-fulda.de\/fa\/wp-json\/wp\/v2\/pages\/84\/revisions"}],"predecessor-version":[{"id":131836,"href":"https:\/\/awo-fulda.de\/fa\/wp-json\/wp\/v2\/pages\/84\/revisions\/131836"}],"up":[{"embeddable":true,"href":"https:\/\/awo-fulda.de\/fa\/wp-json\/wp\/v2\/pages\/28"}],"wp:attachment":[{"href":"https:\/\/awo-fulda.de\/fa\/wp-json\/wp\/v2\/media?parent=84"}],"curies":[{"name":"wp","href":"https:\/\/api.w.org\/{rel}","templated":true}]}}