{"id":30019,"date":"2021-06-11T18:36:32","date_gmt":"2021-06-11T16:36:32","guid":{"rendered":"https:\/\/awo-fulda.de\/?page_id=30019"},"modified":"2025-12-30T13:28:45","modified_gmt":"2025-12-30T12:28:45","slug":"soziale-gruppenarbeit","status":"publish","type":"page","link":"https:\/\/awo-fulda.de\/fa\/soziale-gruppenarbeit\/","title":{"rendered":"Soziale Gruppenarbeit"},"content":{"rendered":"\r\n<hr class=\"wp-block-separator has-text-color has-background has-light-gray-background-color has-light-gray-color is-style-wide\"\/>\r\n\r\n\r\n\r\n<div style=\"height:15px\" aria-hidden=\"true\" class=\"wp-block-spacer\"><\/div>\r\n\r\n\r\n\r\n<figure class=\"wp-block-gallery columns-3 is-cropped wp-block-gallery-1 is-layout-flex wp-block-gallery-is-layout-flex\"><ul class=\"blocks-gallery-grid\"><li class=\"blocks-gallery-item\"><figure><img loading=\"lazy\" decoding=\"async\" width=\"480\" height=\"270\" src=\"https:\/\/awo-fulda.de\/wp-content\/uploads\/2021\/06\/soziale-gruppenarbeit-2.jpg\" alt=\"\" data-id=\"31011\" data-full-url=\"https:\/\/awo-fulda.de\/wp-content\/uploads\/2021\/06\/soziale-gruppenarbeit-2.jpg\" data-link=\"https:\/\/awo-fulda.de\/soziale-gruppenarbeit\/soziale-gruppenarbeit-2\/\" class=\"wp-image-31011\"\/><\/figure><\/li><li class=\"blocks-gallery-item\"><figure><img loading=\"lazy\" decoding=\"async\" width=\"480\" height=\"270\" src=\"https:\/\/awo-fulda.de\/wp-content\/uploads\/2021\/06\/soziale-gruppenarbeit-4.jpg\" alt=\"\" data-id=\"31012\" data-full-url=\"https:\/\/awo-fulda.de\/wp-content\/uploads\/2021\/06\/soziale-gruppenarbeit-4.jpg\" data-link=\"https:\/\/awo-fulda.de\/soziale-gruppenarbeit\/soziale-gruppenarbeit-4\/\" class=\"wp-image-31012\"\/><\/figure><\/li><li class=\"blocks-gallery-item\"><figure><img loading=\"lazy\" decoding=\"async\" width=\"480\" height=\"270\" src=\"https:\/\/awo-fulda.de\/wp-content\/uploads\/2021\/06\/soziale-gruppenarbeit-1-1.jpg\" alt=\"\" data-id=\"31013\" data-full-url=\"https:\/\/awo-fulda.de\/wp-content\/uploads\/2021\/06\/soziale-gruppenarbeit-1-1.jpg\" data-link=\"https:\/\/awo-fulda.de\/soziale-gruppenarbeit\/soziale-gruppenarbeit-1-1\/\" class=\"wp-image-31013\"\/><\/figure><\/li><\/ul><\/figure>\r\n\r\n\r\n\r\n<hr class=\"wp-block-separator has-text-color has-background has-light-gray-background-color has-light-gray-color is-style-wide\"\/>\r\n\r\n\r\n\r\n<div style=\"height:10px\" aria-hidden=\"true\" class=\"wp-block-spacer\"><\/div>\r\n\r\n\r\n\r\n<p>Die soziale Gruppenarbeit ist ein Angebot, bei dem sich Kinder in einem sicheren Umfeld mit geregeltem Ablauf weiterentwickeln und lernen k\u00f6nnen. Es findet montags bis freitags von 12:30 Uhr bis 17:00 Uhr statt.<\/p>\r\n<p>Der normale Tagesablauf beginnt um 12:30 Uhr im B\u00fcrgerzentrum Aschenberg, ab diesem Zeitpunkt kommen die Kinder nach der Schule zu uns und die ersten Gespr\u00e4che und Spielangebote k\u00f6nnen stattfinden. Von ca. 13:30 Uhr bis 14:15 Uhr wird gemeinsam das im B\u00fcrgerzentrum Aschenberg gekochte Mittagessen eingenommen. Nach dem Mittagessen zieht die Gruppe in die R\u00e4umlichkeiten des AWO-Treffs in der Adenauer Stra\u00dfe 12 um, wo anschlie\u00dfend ca. eine Stunde f\u00fcr die Erledigung der Hausaufgaben zur Verf\u00fcgung steht. In dieser Zeit haben die Kinder die M\u00f6glichkeit an ihren eigenen Schreibtischen ihre Hausaufgaben und eventuelle \u00dcbungsaufgaben zu machen. Den letzten Teil des Tages bis 17:00 Uhr werden je nach Wetter Ausfl\u00fcge auf die \u00f6rtlichen Spielpl\u00e4tze oder in den Wald unternommen oder es sind Spiel- und Bastelangebote in unseren R\u00e4umen m\u00f6glich.<\/p>\r\n<p>Zus\u00e4tzlich werden w\u00e4hrend der H\u00e4lfte der Schulferien Ferienaktionen angeboten, an denen alle Gruppenteilnehmer*innen partizipieren k\u00f6nnen. So gibt es bastlerische oder handwerkliche Aktivit\u00e4ten und Ausfl\u00fcge zu Sehensw\u00fcrdigkeiten in der Region.<\/p>\r\n<p>Hierdurch wird den Kindern auch nach der Schule ein geplanter Tagesablauf geboten, in dem sie die Zeit finden ihre Aufgaben zu erledigen, aber auch die M\u00f6glichkeit haben, Neues zu erlernen und auszuprobieren. Das gesamte Angebot findet in einem betreuten Rahmen mit mindestens zwei sozialp\u00e4dagogischen Fachkr\u00e4ften statt.<\/p>\r\n<p>Eine Aufnahme in die Gruppe erfolgt bei Kindern, die aufgrund von Schwierigkeiten in der sozial-emotionalen Entwicklung ein sozial auff\u00e4lliges oder st\u00f6rendes Verhalten zeigen bzw. auch bei Kindern mit geringerem F\u00f6rderbedarf, wenn diese aus Familien mit berufst\u00e4tigen Eltern kommen.<\/p>\r\n","protected":false},"excerpt":{"rendered":"<p>Die soziale Gruppenarbeit ist ein Angebot, bei dem sich Kinder in einem sicheren Umfeld mit geregeltem Ablauf weiterentwickeln und lernen k\u00f6nnen. Es findet montags bis freitags von 12:30 Uhr bis&hellip;<\/p>\n","protected":false},"author":55,"featured_media":0,"parent":0,"menu_order":0,"comment_status":"closed","ping_status":"closed","template":"","meta":{"_editorskit_title_hidden":false,"_editorskit_reading_time":0,"_editorskit_is_block_options_detached":false,"_editorskit_block_options_position":"{}","footnotes":""},"class_list":["post-30019","page","type-page","status-publish","hentry","description-off"],"translation":{"provider":"WPGlobus","version":"3.0.2","language":"fa","enabled_languages":["de","en","fr","ru","ar","tr","fa"],"languages":{"de":{"title":true,"content":true,"excerpt":false},"en":{"title":false,"content":false,"excerpt":false},"fr":{"title":false,"content":false,"excerpt":false},"ru":{"title":false,"content":false,"excerpt":false},"ar":{"title":false,"content":false,"excerpt":false},"tr":{"title":false,"content":false,"excerpt":false},"fa":{"title":false,"content":false,"excerpt":false}}},"_links":{"self":[{"href":"https:\/\/awo-fulda.de\/fa\/wp-json\/wp\/v2\/pages\/30019","targetHints":{"allow":["GET"]}}],"collection":[{"href":"https:\/\/awo-fulda.de\/fa\/wp-json\/wp\/v2\/pages"}],"about":[{"href":"https:\/\/awo-fulda.de\/fa\/wp-json\/wp\/v2\/types\/page"}],"author":[{"embeddable":true,"href":"https:\/\/awo-fulda.de\/fa\/wp-json\/wp\/v2\/users\/55"}],"replies":[{"embeddable":true,"href":"https:\/\/awo-fulda.de\/fa\/wp-json\/wp\/v2\/comments?post=30019"}],"version-history":[{"count":25,"href":"https:\/\/awo-fulda.de\/fa\/wp-json\/wp\/v2\/pages\/30019\/revisions"}],"predecessor-version":[{"id":31020,"href":"https:\/\/awo-fulda.de\/fa\/wp-json\/wp\/v2\/pages\/30019\/revisions\/31020"}],"wp:attachment":[{"href":"https:\/\/awo-fulda.de\/fa\/wp-json\/wp\/v2\/media?parent=30019"}],"curies":[{"name":"wp","href":"https:\/\/api.w.org\/{rel}","templated":true}]}}