{"id":23488,"date":"2020-07-27T21:24:51","date_gmt":"2020-07-27T19:24:51","guid":{"rendered":"https:\/\/awo-fulda.de\/?page_id=23488"},"modified":"2021-01-20T11:01:03","modified_gmt":"2021-01-20T10:01:03","slug":"gemeinwesenarbeit-in-huenfeld","status":"publish","type":"page","link":"https:\/\/awo-fulda.de\/fa\/gemeinwesenarbeit-in-huenfeld\/","title":{"rendered":"Gemeinwesenarbeit in H\u00fcnfeld"},"content":{"rendered":"\n<table style=\"border-collapse: collapse; width: 100%; height: 256px;\">\n<tbody>\n<tr style=\"height: 256px;\">\n<td style=\"width: 33.3333%; height: 256px;\"><img loading=\"lazy\" decoding=\"async\" class=\"alignnone wp-image-23489 size-medium\" src=\"https:\/\/awo-fulda.de\/wp-content\/uploads\/2020\/07\/GWA-H\u00fcnfeld-3-480x320.jpg\" alt=\"\" width=\"480\" height=\"320\" \/><\/td>\n<td style=\"width: 33.3333%; height: 256px;\"><img loading=\"lazy\" decoding=\"async\" class=\"aligncenter wp-image-25338 size-full\" src=\"https:\/\/awo-fulda.de\/wp-content\/uploads\/2020\/11\/GWA-Huenfeld-x.jpg\" alt=\"\" width=\"1863\" height=\"1260\" srcset=\"https:\/\/awo-fulda.de\/wp-content\/uploads\/2020\/11\/GWA-Huenfeld-x.jpg 1863w, https:\/\/awo-fulda.de\/wp-content\/uploads\/2020\/11\/GWA-Huenfeld-x-480x325.jpg 480w, https:\/\/awo-fulda.de\/wp-content\/uploads\/2020\/11\/GWA-Huenfeld-x-640x433.jpg 640w, https:\/\/awo-fulda.de\/wp-content\/uploads\/2020\/11\/GWA-Huenfeld-x-768x519.jpg 768w, https:\/\/awo-fulda.de\/wp-content\/uploads\/2020\/11\/GWA-Huenfeld-x-1536x1039.jpg 1536w\" sizes=\"auto, (max-width: 1863px) 100vw, 1863px\" \/><\/td>\n<td style=\"width: 33.3333%; height: 256px;\"><img loading=\"lazy\" decoding=\"async\" class=\"alignnone wp-image-23491 size-full\" src=\"https:\/\/awo-fulda.de\/wp-content\/uploads\/2020\/07\/GWA-H\u00fcnfeld-1-min-e1595877652872.jpg\" alt=\"\" width=\"840\" height=\"594\" \/><\/td>\n<\/tr>\n<\/tbody>\n<\/table>\n<p>Gemeinwesenarbeit (GWA) richtet sich auf die Lebenszusammenh\u00e4nge von Menschen und strebt die Verbesserung von materiellen (z.B. Wohnraum), infrastrukturellen (z.B. Mobilit\u00e4t, Bildung) und immateriellen (z.B. soziale Beziehungen, Teilhabe, Kultur) Bedingungen an. Die Herausforderungen in diesen Bereichen werden f\u00fcr die Menschen an ganz konkreten Orten- in ihren Kommunen oder Stadtteilen- erlebbar und m\u00fcssen auch vor Ort bearbeitet werden. Dazu bedarf es niedrigschwelliger Anlaufstellen, die mit bedarfsorientierten Ma\u00dfnahmen die gesellschaftliche Teilhabe st\u00e4rken, niedrigschwellige Beratung bieten, b\u00fcrgerschaftliches Engagement, Selbsthilfe und Vernetzung f\u00f6rdern.<\/p>\n<p>Dank des F\u00f6rderprogrammes \u201eGemeinwesenarbeit\u201c des Hessischen Ministeriums f\u00fcr Soziales und Integration kann am Standtort H\u00fcnfeld die in 2016 in Kooperation mit dem Verein PRO INTEGRATION Netzwerk B\u00fcrgerhilfe H\u00fcnfeld e.V. begonnene sozialraumorientierte Gemeinwesenarbeit fortgesetzt und weiterentwickelt werden.<\/p>\n<p>Mit folgenden Ma\u00dfnahmen f\u00f6rdern wir die Koordinierung, St\u00e4rkung und Unterst\u00fctzung der ehrenamtlichen Strukturen und Aktivit\u00e4ten: \u00a0<\/p>\n<p><strong>Aktivierung, Unterst\u00fctzung und Verbesserung der Selbstorganisation der Bewohner*innen und St\u00e4rkung der Handlungskompetenz<\/strong><\/p>\n<ul>\n<li>Aktivierende Ma\u00dfnahmen (Beratung, Bedarfsermittlung, Worldcaf\u00e9, etc.)<\/li>\n<li>Selbstorganisierte Veranstaltungen (z.B. Kreativangebote, Ausfl\u00fcge)<\/li>\n<li>Niedrigschwellige Bildungsangebote (Sprachcaf\u00e9, Leseclub, etc.)<\/li>\n<\/ul>\n<p><strong>Auf- und Ausbau von handlungsf\u00e4higen Netzwerk- und Kooperationsstrukturen, aus denen sich Synergien f\u00fcr die Verbesserung der Lebenslagen im Quartier ergeben<\/strong><\/p>\n<ul>\n<li>lokale Vernetzung (Runde Tische, Arbeitsgruppen, Gremien)<\/li>\n<li>\u00fcbergreifende Vernetzung (fachlicher Austausch, Wissenstransfer, best practise)<\/li>\n<li>Kooperationen (gemeinsame Projekte wie Kulturveranstaltungen))<\/li>\n<\/ul>\n<p><strong>Gutes Nachbarschaftliches Zusammenleben aller B\u00fcrger*innen der Stadt H\u00fcnfeld<\/strong><\/p>\n<ul>\n<li>Begegnung und Austausch (z.B. Frauentreff mit wechselndem Angebot)<\/li>\n<li>Kulturelle Vielfalt (geselliger und informativer Austausch \u00fcber verschiedene Kulturen)<\/li>\n<li>Nachbarschaftliches Miteinander (Begegnungscaf\u00e9s, Teilnahme an Stadtfesten)<\/li>\n<\/ul>\n<p><strong>Ehrenamtliches Engagement wird stabilisiert, aktiviert und koordiniert (in enger Kooperation mit dem Treffpunkt Aktiv)<\/strong><\/p>\n<ul>\n<li>Austausch und Koordination (regelm\u00e4\u00dfige Treffen mit Ehrenamtlichen)<\/li>\n<li>Gewinnung und Qualifizierung (Beratungen und Veranstaltungen f\u00fcr freiwillig Engagierte)<\/li>\n<li>Ehrenamt Migrant*innen (Vermittlung in Vereine\/Organisationen, Engagement von Migrant*innen f\u00f6rdern)<\/li>\n<\/ul>\n<p><strong>Es gibt eine lokale Anlaufstalle, an die sich die Bewohn*innen zur Verbesserung ihrer Lebenslagen wenden k\u00f6nnen.<\/strong><\/p>\n<ul>\n<li>Lokale Anlaufstelle (niedrigschwellige Beratung)<\/li>\n<li>Verweisung an Fach- und Beratungsstellen (z.B. an Sozial- oder Migrationsberatung)<\/li>\n<li>Fachvortr\u00e4ge (zu Themen wie Verbraucherschutz, Vorsorgevollmacht etc.)<\/li>\n<\/ul>\n","protected":false},"excerpt":{"rendered":"<p>Gemeinwesenarbeit (GWA) richtet sich auf die Lebenszusammenh\u00e4nge von Menschen und strebt die Verbesserung von materiellen (z.B. Wohnraum), infrastrukturellen (z.B. Mobilit\u00e4t, Bildung) und immateriellen (z.B. soziale Beziehungen, Teilhabe, Kultur) Bedingungen an.&hellip;<\/p>\n","protected":false},"author":55,"featured_media":0,"parent":0,"menu_order":0,"comment_status":"closed","ping_status":"closed","template":"","meta":{"_editorskit_title_hidden":false,"_editorskit_reading_time":0,"_editorskit_is_block_options_detached":false,"_editorskit_block_options_position":"{}","footnotes":""},"class_list":["post-23488","page","type-page","status-publish","hentry","description-off"],"translation":{"provider":"WPGlobus","version":"3.0.2","language":"fa","enabled_languages":["de","en","fr","ru","ar","tr","fa"],"languages":{"de":{"title":true,"content":true,"excerpt":false},"en":{"title":false,"content":false,"excerpt":false},"fr":{"title":false,"content":false,"excerpt":false},"ru":{"title":false,"content":false,"excerpt":false},"ar":{"title":false,"content":false,"excerpt":false},"tr":{"title":false,"content":false,"excerpt":false},"fa":{"title":false,"content":false,"excerpt":false}}},"_links":{"self":[{"href":"https:\/\/awo-fulda.de\/fa\/wp-json\/wp\/v2\/pages\/23488","targetHints":{"allow":["GET"]}}],"collection":[{"href":"https:\/\/awo-fulda.de\/fa\/wp-json\/wp\/v2\/pages"}],"about":[{"href":"https:\/\/awo-fulda.de\/fa\/wp-json\/wp\/v2\/types\/page"}],"author":[{"embeddable":true,"href":"https:\/\/awo-fulda.de\/fa\/wp-json\/wp\/v2\/users\/55"}],"replies":[{"embeddable":true,"href":"https:\/\/awo-fulda.de\/fa\/wp-json\/wp\/v2\/comments?post=23488"}],"version-history":[{"count":5,"href":"https:\/\/awo-fulda.de\/fa\/wp-json\/wp\/v2\/pages\/23488\/revisions"}],"predecessor-version":[{"id":28277,"href":"https:\/\/awo-fulda.de\/fa\/wp-json\/wp\/v2\/pages\/23488\/revisions\/28277"}],"wp:attachment":[{"href":"https:\/\/awo-fulda.de\/fa\/wp-json\/wp\/v2\/media?parent=23488"}],"curies":[{"name":"wp","href":"https:\/\/api.w.org\/{rel}","templated":true}]}}