{"id":23215,"date":"2020-07-04T18:15:15","date_gmt":"2020-07-04T16:15:15","guid":{"rendered":"https:\/\/awo-fulda.de\/?page_id=23215"},"modified":"2020-11-04T09:56:17","modified_gmt":"2020-11-04T08:56:17","slug":"migrantinnen-und-migranten-gestalten-unsere-gesellschaft-mit","status":"publish","type":"page","link":"https:\/\/awo-fulda.de\/fa\/migrantinnen-und-migranten-gestalten-unsere-gesellschaft-mit\/","title":{"rendered":"Migrantinnen und Migranten gestalten mit"},"content":{"rendered":"<p><\/p>\n<table style=\"height: 46px; width: 100%;\" width=\"1039\">\n<tbody>\n<tr>\n<td style=\"width: 33.0469%;\"><a class=\"dt-pswp-item\" href=\"https:\/\/awo-fulda.de\/wp-content\/uploads\/2020\/07\/mig-3.jpg\" data-dt-img-description=\"\" data-large_image_width=\"1600\" data-large_image_height=\"900\"><img loading=\"lazy\" decoding=\"async\" class=\"wp-image-23301 aligncenter\" src=\"https:\/\/awo-fulda.de\/wp-content\/uploads\/2020\/07\/mig-3.jpg\" alt=\"\" width=\"331\" height=\"186\" srcset=\"https:\/\/awo-fulda.de\/wp-content\/uploads\/2020\/07\/mig-3.jpg 1600w, https:\/\/awo-fulda.de\/wp-content\/uploads\/2020\/07\/mig-3-480x270.jpg 480w, https:\/\/awo-fulda.de\/wp-content\/uploads\/2020\/07\/mig-3-640x360.jpg 640w, https:\/\/awo-fulda.de\/wp-content\/uploads\/2020\/07\/mig-3-768x432.jpg 768w, https:\/\/awo-fulda.de\/wp-content\/uploads\/2020\/07\/mig-3-1536x864.jpg 1536w\" sizes=\"auto, (max-width: 331px) 100vw, 331px\" \/><\/a><\/td>\n<td style=\"width: 33.0469%;\"><a class=\"dt-pswp-item\" href=\"https:\/\/awo-fulda.de\/wp-content\/uploads\/2020\/07\/Welcome-1.jpg\" data-dt-img-description=\"\" data-large_image_width=\"1600\" data-large_image_height=\"900\"><img loading=\"lazy\" decoding=\"async\" class=\"size-full wp-image-23304 aligncenter\" src=\"https:\/\/awo-fulda.de\/wp-content\/uploads\/2020\/07\/Welcome-1.jpg\" alt=\"\" width=\"1600\" height=\"900\" srcset=\"https:\/\/awo-fulda.de\/wp-content\/uploads\/2020\/07\/Welcome-1.jpg 1600w, https:\/\/awo-fulda.de\/wp-content\/uploads\/2020\/07\/Welcome-1-480x270.jpg 480w, https:\/\/awo-fulda.de\/wp-content\/uploads\/2020\/07\/Welcome-1-640x360.jpg 640w, https:\/\/awo-fulda.de\/wp-content\/uploads\/2020\/07\/Welcome-1-768x432.jpg 768w, https:\/\/awo-fulda.de\/wp-content\/uploads\/2020\/07\/Welcome-1-1536x864.jpg 1536w\" sizes=\"auto, (max-width: 1600px) 100vw, 1600px\" \/><\/a><\/td>\n<td style=\"width: 33.0469%;\"><a class=\"dt-pswp-item\" href=\"https:\/\/awo-fulda.de\/wp-content\/uploads\/2020\/07\/mig-2.jpg\" data-dt-img-description=\"\" data-large_image_width=\"1600\" data-large_image_height=\"900\"><img loading=\"lazy\" decoding=\"async\" class=\"size-full wp-image-23302 aligncenter\" src=\"https:\/\/awo-fulda.de\/wp-content\/uploads\/2020\/07\/mig-2.jpg\" alt=\"\" width=\"1600\" height=\"900\" srcset=\"https:\/\/awo-fulda.de\/wp-content\/uploads\/2020\/07\/mig-2.jpg 1600w, https:\/\/awo-fulda.de\/wp-content\/uploads\/2020\/07\/mig-2-480x270.jpg 480w, https:\/\/awo-fulda.de\/wp-content\/uploads\/2020\/07\/mig-2-640x360.jpg 640w, https:\/\/awo-fulda.de\/wp-content\/uploads\/2020\/07\/mig-2-768x432.jpg 768w, https:\/\/awo-fulda.de\/wp-content\/uploads\/2020\/07\/mig-2-1536x864.jpg 1536w\" sizes=\"auto, (max-width: 1600px) 100vw, 1600px\" \/><\/a><\/td>\n<\/tr>\n<\/tbody>\n<\/table>\n\n\n<p>Zahlreiche Menschen sind an den Standorten der AWO mit Angeboten ehrenamtlich t\u00e4tig und engagieren sich aktiv f\u00fcr ihre Nachbarn und andere Menschen in unserer Gesellschaft &#8211; darunter sind viele Ehrenamtliche mit Migrationshintergrund.<\/p>\n<p>Immer wieder werden wir gerade von diesen Menschen angesprochen \u2013 sie haben tolle Ideen, was sie Gutes f\u00fcr unsere Gesellschaft, f\u00fcr Kinder und Senioren oder f\u00fcr Menschen aus dem eigenen kulturellen Umfeld tun k\u00f6nnen. Der Weg von einer Idee zu einem Angebot oder sogar zu einem eigenen Verein ist aber schwer.<\/p>\n<p>Die AWO unterst\u00fctzt Interessierte, die einen Verein oder eine Aktionsgruppe gr\u00fcnden m\u00f6chten bzw. eine gute Idee f\u00fcr ein ehrenamtliches Angebot haben, durch:<\/p>\n<ul>\n<li>\n<p>Beratungsm\u00f6glichkeit immer donnerstags von 10:00 bis 12:00 Uhr (Anmeldung erw\u00fcnscht). <br \/>M\u00f6gliche Themen: <br \/>Wie starte ich ein Angebot? <br \/>Wie geht eine Vereinsgr\u00fcndung? <br \/>Welche Unterst\u00fctzungen gibt es in Fulda?<\/p>\n<\/li>\n<li>\n<p>Bereitstellung von R\u00e4umlichkeiten f\u00fcr die Durchf\u00fchrung von Angeboten<\/p>\n<\/li>\n<li>\n<p>Unterst\u00fctzung bei der Planung und Durchf\u00fchrung von Veranstaltungen<\/p>\n<\/li>\n<li>\n<p>M\u00f6glichkeit der Teilnahme an gro\u00dfen AWO-Veranstaltungen<\/p>\n<\/li>\n<li>\n<p>Austauschtreffen mit anderen Aktionsgruppen<\/p>\n<\/li>\n<li>\n<p>Unterst\u00fctzung bei der \u00d6ffentlichkeitsarbeit<\/p>\n<\/li>\n<\/ul>\n<p>Wir freuen uns \u00fcber jede Kontaktaufnahme, denn wir m\u00f6chten in Fulda ein Leben in Vielfalt.<\/p>\n","protected":false},"excerpt":{"rendered":"<p>Zahlreiche Menschen sind an den Standorten der AWO mit Angeboten ehrenamtlich t\u00e4tig und engagieren sich aktiv f\u00fcr ihre Nachbarn und andere Menschen in unserer Gesellschaft &#8211; darunter sind viele Ehrenamtliche&hellip;<\/p>\n","protected":false},"author":10,"featured_media":0,"parent":0,"menu_order":0,"comment_status":"closed","ping_status":"closed","template":"","meta":{"_editorskit_title_hidden":false,"_editorskit_reading_time":0,"_editorskit_is_block_options_detached":false,"_editorskit_block_options_position":"{}","footnotes":""},"class_list":["post-23215","page","type-page","status-publish","hentry","description-off"],"translation":{"provider":"WPGlobus","version":"3.0.2","language":"fa","enabled_languages":["de","en","fr","ru","ar","tr","fa"],"languages":{"de":{"title":true,"content":true,"excerpt":false},"en":{"title":false,"content":false,"excerpt":false},"fr":{"title":false,"content":false,"excerpt":false},"ru":{"title":false,"content":false,"excerpt":false},"ar":{"title":false,"content":false,"excerpt":false},"tr":{"title":false,"content":false,"excerpt":false},"fa":{"title":false,"content":false,"excerpt":false}}},"_links":{"self":[{"href":"https:\/\/awo-fulda.de\/fa\/wp-json\/wp\/v2\/pages\/23215","targetHints":{"allow":["GET"]}}],"collection":[{"href":"https:\/\/awo-fulda.de\/fa\/wp-json\/wp\/v2\/pages"}],"about":[{"href":"https:\/\/awo-fulda.de\/fa\/wp-json\/wp\/v2\/types\/page"}],"author":[{"embeddable":true,"href":"https:\/\/awo-fulda.de\/fa\/wp-json\/wp\/v2\/users\/10"}],"replies":[{"embeddable":true,"href":"https:\/\/awo-fulda.de\/fa\/wp-json\/wp\/v2\/comments?post=23215"}],"version-history":[{"count":11,"href":"https:\/\/awo-fulda.de\/fa\/wp-json\/wp\/v2\/pages\/23215\/revisions"}],"predecessor-version":[{"id":25017,"href":"https:\/\/awo-fulda.de\/fa\/wp-json\/wp\/v2\/pages\/23215\/revisions\/25017"}],"wp:attachment":[{"href":"https:\/\/awo-fulda.de\/fa\/wp-json\/wp\/v2\/media?parent=23215"}],"curies":[{"name":"wp","href":"https:\/\/api.w.org\/{rel}","templated":true}]}}