{"id":21234,"date":"2019-12-04T17:58:17","date_gmt":"2019-12-04T16:58:17","guid":{"rendered":"https:\/\/awo-fulda.de\/?page_id=21234"},"modified":"2019-12-17T10:29:28","modified_gmt":"2019-12-17T09:29:28","slug":"gewinner-des-fotowettbewerbs","status":"publish","type":"page","link":"https:\/\/awo-fulda.de\/fa\/gewinner-des-fotowettbewerbs\/","title":{"rendered":"Gewinner des Fotowettbewerbs \u201eZeige Herz\u201c"},"content":{"rendered":"<h2><span style=\"font-size: 28px;\"><strong>Fotowettbewerb der AWO Fulda \/ <\/strong><strong>Preis\u00fcbergabe am 15.12. im B\u00fcrgerhaus Aschenberg<\/strong><\/span><\/h2>\n<p><span style=\"font-size: 20px;\"><strong>Viele Menschen zeigen Herz \u2013 indem sie Hilfsbed\u00fcrftige unterst\u00fctzen, Kinder betreuen, Nachhilfe geben, die kulturelle Vielfalt mitgestalten oder durch Angebote wie Frauengruppen, Sprachcaf\u00e9s oder Patenschaftsprojekte zur Integration und zum sozialen Zusammenhalt beitragen. Der AWO Kreisverband Fulda hat \u201eHerz zeigen\u201c einmal w\u00f6rtlich genommen und zu einem Fotowettbewerb ausgerufen.<\/strong><\/span><\/p>\n<p><span style=\"font-size: 20px;\"><strong>Die 14 besten Bilder werden im Rahmen einer Ausstellung im B\u00fcrgerzentrum Aschenberg pr\u00e4sentiert. Die Vernissage findet am Sonntag, 15. Dezember, um 14 Uhr statt. Zu diesem Anlass werden auch die Gewinne \u00fcberreicht.<\/strong><\/span><\/p>\n<p><span style=\"font-size: 20px;\">Einzige Bedingung beim Fotowettbewerb \u201eWir zeigen Herz\u201c des AWO-Kreisverbandes Fulda war, dass die Fotos ein Herz (gebastelt, gemalt, ausgeschnitten\u2026) zusammen mit Menschen zeigen und dazu ein Satz \u201eIch zeige Herz, weil&#8230;\u201c geschrieben wurde. Viele unterschiedlich gestaltete Bilder wurden eingesendet, \u00a0von ehrenamtlich Aktiven aus dem Umfeld der AWO, aber auch von Menschen, die in anderen ehrenamtlichen Gruppen oder als Privatperson Herz f\u00fcr andere Menschen zeigen.<\/span><\/p>\n<p><span style=\"font-size: 20px;\">Die Jury bestand aus Nicole Dietzel, selbst\u00e4ndige Fotografin und Unterst\u00fctzerin der AWO-Ehrenamtskarte <span style=\"color: #808080;\">(<a style=\"color: #808080;\" href=\"http:\/\/www.dinias.de\">www.dinias.de<\/a>)<\/span>, Markus Weber, der in der Medien- und \u00d6ffentlichkeitsarbeit unter anderem die AWO Fulda unterst\u00fctzt<span style=\"color: #000000;\"><span style=\"color: #808080;\"> (<a style=\"color: #808080;\" href=\"http:\/\/www.markus-weber.info\">www.markus-weber.info<\/a>)<\/span>,<\/span> und Uta Hillenbrand, AWO-Ehrenamtliche und Innenarchitektin mit Blick f\u00fcrs Sch\u00f6ne. Die Juroren hatten sich vorgenommen, bei der Auswahl mehrere Faktoren zu ber\u00fccksichtigen: neben der Qualit\u00e4t der Fotos spielten auch die Originalit\u00e4t der Idee, der Aufwand, um das Foto zu machen, und schlie\u00dflich die Begr\u00fcndung, wie \u201eHerz gezeigt\u201c wird, eine Rolle.<\/span><\/p>\n<p><span style=\"font-size: 20px;\">Den ersten Preis, einen Schlummer-Schlemmergutschein vom Landhaus Kehl, gewann Daniel Kister. Er zeigt Herz, weil er sich bei \u201eKunst aber gut\u201c engagiert und Br\u00fccken zu obdachlosen Menschen baut. Der zweite Platz, ein Aufenthalt f\u00fcr 2 Personen im Berghotel Oberhof, ging an Lukas und Jaqueline Scholz. \u00dcber den dritten Gewinn, einen Gutschein f\u00fcr zwei Personen f\u00fcr eine \u00dcbernachtung plus Fr\u00fchst\u00fcck im Waldhotel Rennsteighof, darf sich Ursula Wnuck freuen. Sie hilft einmal in der Woche Kindern verschiedener Kulturen bei den Schulaufgaben.<\/span><\/p>\n<p><span style=\"font-size: 20px;\">Weitere Preise waren ein Trekkingzelt der Firma doorour.com, eine Kosmetikbehandlung in der Biosthetique Coiffeur Odile Wind, eine Chakra-Massage sowie Farben-Licht-Punktur bei \u201eLicht im Schatten\u201c, Gutscheine f\u00fcr \u201eTaschenwelten\u201c sowie Gutscheine f\u00fcr die AWO-Angebote \u201eKaufhaus mit Herz\u201c, Fahrradwerkstatt und B\u00fccherbasar.<\/span><\/p>\n<p><span style=\"font-size: 20px;\">\u201eWir bedanken uns herzlich bei den Sponsoren f\u00fcr die gro\u00dfz\u00fcgigen Spenden\u201c, freut sich Ilona G\u00f6tz, die beim AWO-Kreisverband Fulda die ehrenamtlich Aktiven betreut und den Fotowettbewerb angesto\u00dfen hat.<\/span><\/p>\n<p>&nbsp;<\/p>\n<p>&nbsp;<\/p>\n<h2><strong>Die Gewinner<br \/>\n<\/strong><\/h2>\n<p><a href=\"https:\/\/awo-fulda.de\/wp-content\/uploads\/2019\/12\/Platz-1-Kister.jpg\"><img loading=\"lazy\" decoding=\"async\" class=\"alignnone wp-image-21194 size-full\" src=\"https:\/\/awo-fulda.de\/wp-content\/uploads\/2019\/12\/Platz-1-Kister.jpg\" alt=\"\" width=\"1040\" height=\"720\" srcset=\"https:\/\/awo-fulda.de\/wp-content\/uploads\/2019\/12\/Platz-1-Kister.jpg 1040w, https:\/\/awo-fulda.de\/wp-content\/uploads\/2019\/12\/Platz-1-Kister-480x332.jpg 480w, https:\/\/awo-fulda.de\/wp-content\/uploads\/2019\/12\/Platz-1-Kister-640x443.jpg 640w, https:\/\/awo-fulda.de\/wp-content\/uploads\/2019\/12\/Platz-1-Kister-768x532.jpg 768w\" sizes=\"auto, (max-width: 1040px) 100vw, 1040px\" \/><\/a><br \/>\n<a href=\"https:\/\/awo-fulda.de\/wp-content\/uploads\/2019\/12\/Platz-2-Scholz.jpg\"><img loading=\"lazy\" decoding=\"async\" class=\"alignnone wp-image-21195 size-full\" src=\"https:\/\/awo-fulda.de\/wp-content\/uploads\/2019\/12\/Platz-2-Scholz.jpg\" alt=\"\" width=\"1040\" height=\"720\" srcset=\"https:\/\/awo-fulda.de\/wp-content\/uploads\/2019\/12\/Platz-2-Scholz.jpg 1040w, https:\/\/awo-fulda.de\/wp-content\/uploads\/2019\/12\/Platz-2-Scholz-480x332.jpg 480w, https:\/\/awo-fulda.de\/wp-content\/uploads\/2019\/12\/Platz-2-Scholz-640x443.jpg 640w, https:\/\/awo-fulda.de\/wp-content\/uploads\/2019\/12\/Platz-2-Scholz-768x532.jpg 768w\" sizes=\"auto, (max-width: 1040px) 100vw, 1040px\" \/><\/a><\/p>\n<p><a href=\"https:\/\/awo-fulda.de\/wp-content\/uploads\/2019\/12\/Platz-3-Wnuck.jpg\"><img loading=\"lazy\" decoding=\"async\" class=\"alignnone wp-image-21196 size-full\" src=\"https:\/\/awo-fulda.de\/wp-content\/uploads\/2019\/12\/Platz-3-Wnuck.jpg\" alt=\"\" width=\"1040\" height=\"720\" \/><\/a><\/p>\n<p><a href=\"https:\/\/awo-fulda.de\/wp-content\/uploads\/2019\/12\/Platz-4-Sina.jpg\"><img loading=\"lazy\" decoding=\"async\" class=\"alignnone wp-image-21197 size-full\" src=\"https:\/\/awo-fulda.de\/wp-content\/uploads\/2019\/12\/Platz-4-Sina.jpg\" alt=\"\" width=\"1040\" height=\"720\" srcset=\"https:\/\/awo-fulda.de\/wp-content\/uploads\/2019\/12\/Platz-4-Sina.jpg 1040w, https:\/\/awo-fulda.de\/wp-content\/uploads\/2019\/12\/Platz-4-Sina-480x332.jpg 480w, https:\/\/awo-fulda.de\/wp-content\/uploads\/2019\/12\/Platz-4-Sina-640x443.jpg 640w, https:\/\/awo-fulda.de\/wp-content\/uploads\/2019\/12\/Platz-4-Sina-768x532.jpg 768w\" sizes=\"auto, (max-width: 1040px) 100vw, 1040px\" \/><\/a><\/p>\n<p><a href=\"https:\/\/awo-fulda.de\/wp-content\/uploads\/2019\/12\/Platz-5-Frauengruppe.jpg\"><img loading=\"lazy\" decoding=\"async\" class=\"alignnone wp-image-21198 size-full\" src=\"https:\/\/awo-fulda.de\/wp-content\/uploads\/2019\/12\/Platz-5-Frauengruppe.jpg\" alt=\"\" width=\"1040\" height=\"720\" srcset=\"https:\/\/awo-fulda.de\/wp-content\/uploads\/2019\/12\/Platz-5-Frauengruppe.jpg 1040w, https:\/\/awo-fulda.de\/wp-content\/uploads\/2019\/12\/Platz-5-Frauengruppe-480x332.jpg 480w, https:\/\/awo-fulda.de\/wp-content\/uploads\/2019\/12\/Platz-5-Frauengruppe-640x443.jpg 640w, https:\/\/awo-fulda.de\/wp-content\/uploads\/2019\/12\/Platz-5-Frauengruppe-768x532.jpg 768w\" sizes=\"auto, (max-width: 1040px) 100vw, 1040px\" \/><\/a><\/p>\n<p><a href=\"https:\/\/awo-fulda.de\/wp-content\/uploads\/2019\/12\/Platz-6-Kariem.jpg\"><img loading=\"lazy\" decoding=\"async\" class=\"alignnone wp-image-21199 size-full\" src=\"https:\/\/awo-fulda.de\/wp-content\/uploads\/2019\/12\/Platz-6-Kariem.jpg\" alt=\"\" width=\"1040\" height=\"720\" srcset=\"https:\/\/awo-fulda.de\/wp-content\/uploads\/2019\/12\/Platz-6-Kariem.jpg 1040w, https:\/\/awo-fulda.de\/wp-content\/uploads\/2019\/12\/Platz-6-Kariem-480x332.jpg 480w, https:\/\/awo-fulda.de\/wp-content\/uploads\/2019\/12\/Platz-6-Kariem-640x443.jpg 640w, https:\/\/awo-fulda.de\/wp-content\/uploads\/2019\/12\/Platz-6-Kariem-768x532.jpg 768w\" sizes=\"auto, (max-width: 1040px) 100vw, 1040px\" \/><\/a><\/p>\n<p><a href=\"https:\/\/awo-fulda.de\/wp-content\/uploads\/2019\/12\/Platz-7-Tann.jpg\"><img loading=\"lazy\" decoding=\"async\" class=\"alignnone wp-image-21200 size-full\" src=\"https:\/\/awo-fulda.de\/wp-content\/uploads\/2019\/12\/Platz-7-Tann.jpg\" alt=\"\" width=\"1040\" height=\"720\" srcset=\"https:\/\/awo-fulda.de\/wp-content\/uploads\/2019\/12\/Platz-7-Tann.jpg 1040w, https:\/\/awo-fulda.de\/wp-content\/uploads\/2019\/12\/Platz-7-Tann-480x332.jpg 480w, https:\/\/awo-fulda.de\/wp-content\/uploads\/2019\/12\/Platz-7-Tann-640x443.jpg 640w, https:\/\/awo-fulda.de\/wp-content\/uploads\/2019\/12\/Platz-7-Tann-768x532.jpg 768w\" sizes=\"auto, (max-width: 1040px) 100vw, 1040px\" \/><\/a>j<a href=\"https:\/\/awo-fulda.de\/wp-content\/uploads\/2019\/12\/Platz-8-Schulenberg.jpg\"><img loading=\"lazy\" decoding=\"async\" class=\"alignnone wp-image-21201 size-full\" src=\"https:\/\/awo-fulda.de\/wp-content\/uploads\/2019\/12\/Platz-8-Schulenberg.jpg\" alt=\"\" width=\"1040\" height=\"720\" srcset=\"https:\/\/awo-fulda.de\/wp-content\/uploads\/2019\/12\/Platz-8-Schulenberg.jpg 1040w, https:\/\/awo-fulda.de\/wp-content\/uploads\/2019\/12\/Platz-8-Schulenberg-480x332.jpg 480w, https:\/\/awo-fulda.de\/wp-content\/uploads\/2019\/12\/Platz-8-Schulenberg-640x443.jpg 640w, https:\/\/awo-fulda.de\/wp-content\/uploads\/2019\/12\/Platz-8-Schulenberg-768x532.jpg 768w\" sizes=\"auto, (max-width: 1040px) 100vw, 1040px\" \/><\/a><\/p>\n<p><a href=\"https:\/\/awo-fulda.de\/wp-content\/uploads\/2019\/12\/Platz-9-Umwelt.jpg\"><img loading=\"lazy\" decoding=\"async\" class=\"alignnone wp-image-21202 size-full\" src=\"https:\/\/awo-fulda.de\/wp-content\/uploads\/2019\/12\/Platz-9-Umwelt.jpg\" alt=\"\" width=\"1040\" height=\"720\" srcset=\"https:\/\/awo-fulda.de\/wp-content\/uploads\/2019\/12\/Platz-9-Umwelt.jpg 1040w, https:\/\/awo-fulda.de\/wp-content\/uploads\/2019\/12\/Platz-9-Umwelt-480x332.jpg 480w, https:\/\/awo-fulda.de\/wp-content\/uploads\/2019\/12\/Platz-9-Umwelt-640x443.jpg 640w, https:\/\/awo-fulda.de\/wp-content\/uploads\/2019\/12\/Platz-9-Umwelt-768x532.jpg 768w\" sizes=\"auto, (max-width: 1040px) 100vw, 1040px\" \/><\/a><\/p>\n<p><a href=\"https:\/\/awo-fulda.de\/wp-content\/uploads\/2019\/12\/Platz-10-Jehn.jpg\"><img loading=\"lazy\" decoding=\"async\" class=\"alignnone wp-image-21203 size-full\" src=\"https:\/\/awo-fulda.de\/wp-content\/uploads\/2019\/12\/Platz-10-Jehn.jpg\" alt=\"\" width=\"1040\" height=\"720\" srcset=\"https:\/\/awo-fulda.de\/wp-content\/uploads\/2019\/12\/Platz-10-Jehn.jpg 1040w, https:\/\/awo-fulda.de\/wp-content\/uploads\/2019\/12\/Platz-10-Jehn-480x332.jpg 480w, https:\/\/awo-fulda.de\/wp-content\/uploads\/2019\/12\/Platz-10-Jehn-640x443.jpg 640w, https:\/\/awo-fulda.de\/wp-content\/uploads\/2019\/12\/Platz-10-Jehn-768x532.jpg 768w\" sizes=\"auto, (max-width: 1040px) 100vw, 1040px\" \/><\/a><\/p>\n<p><a href=\"https:\/\/awo-fulda.de\/wp-content\/uploads\/2019\/12\/Platz-11-Hosemann.jpg\"><img loading=\"lazy\" decoding=\"async\" class=\"alignnone wp-image-21204 size-full\" src=\"https:\/\/awo-fulda.de\/wp-content\/uploads\/2019\/12\/Platz-11-Hosemann.jpg\" alt=\"\" width=\"1040\" height=\"720\" srcset=\"https:\/\/awo-fulda.de\/wp-content\/uploads\/2019\/12\/Platz-11-Hosemann.jpg 1040w, https:\/\/awo-fulda.de\/wp-content\/uploads\/2019\/12\/Platz-11-Hosemann-480x332.jpg 480w, https:\/\/awo-fulda.de\/wp-content\/uploads\/2019\/12\/Platz-11-Hosemann-640x443.jpg 640w, https:\/\/awo-fulda.de\/wp-content\/uploads\/2019\/12\/Platz-11-Hosemann-768x532.jpg 768w\" sizes=\"auto, (max-width: 1040px) 100vw, 1040px\" \/><\/a><\/p>\n<p><a href=\"https:\/\/awo-fulda.de\/wp-content\/uploads\/2019\/12\/Platz-12-Stadtteilm\u00fctter.jpg\"><img loading=\"lazy\" decoding=\"async\" class=\"alignnone wp-image-21205 size-full\" src=\"https:\/\/awo-fulda.de\/wp-content\/uploads\/2019\/12\/Platz-12-Stadtteilm\u00fctter.jpg\" alt=\"\" width=\"1040\" height=\"720\" srcset=\"https:\/\/awo-fulda.de\/wp-content\/uploads\/2019\/12\/Platz-12-Stadtteilm\u00fctter.jpg 1040w, https:\/\/awo-fulda.de\/wp-content\/uploads\/2019\/12\/Platz-12-Stadtteilm\u00fctter-480x332.jpg 480w, https:\/\/awo-fulda.de\/wp-content\/uploads\/2019\/12\/Platz-12-Stadtteilm\u00fctter-640x443.jpg 640w, https:\/\/awo-fulda.de\/wp-content\/uploads\/2019\/12\/Platz-12-Stadtteilm\u00fctter-768x532.jpg 768w\" sizes=\"auto, (max-width: 1040px) 100vw, 1040px\" \/><\/a><\/p>\n<p><a href=\"https:\/\/awo-fulda.de\/wp-content\/uploads\/2019\/12\/Platz-13-Patenschaft.jpg\"><img loading=\"lazy\" decoding=\"async\" class=\"alignnone wp-image-21206 size-full\" src=\"https:\/\/awo-fulda.de\/wp-content\/uploads\/2019\/12\/Platz-13-Patenschaft.jpg\" alt=\"\" width=\"1040\" height=\"720\" srcset=\"https:\/\/awo-fulda.de\/wp-content\/uploads\/2019\/12\/Platz-13-Patenschaft.jpg 1040w, https:\/\/awo-fulda.de\/wp-content\/uploads\/2019\/12\/Platz-13-Patenschaft-480x332.jpg 480w, https:\/\/awo-fulda.de\/wp-content\/uploads\/2019\/12\/Platz-13-Patenschaft-640x443.jpg 640w, https:\/\/awo-fulda.de\/wp-content\/uploads\/2019\/12\/Platz-13-Patenschaft-768x532.jpg 768w\" sizes=\"auto, (max-width: 1040px) 100vw, 1040px\" \/><\/a><\/p>\n<h3><a class=\"dt-pswp-item\" href=\"https:\/\/awo-fulda.de\/wp-content\/uploads\/2019\/12\/Platz-14-Marbach.jpg\" data-dt-img-description=\"\" data-large_image_width=\"1040\" data-large_image_height=\"720\"><img loading=\"lazy\" decoding=\"async\" class=\"alignnone wp-image-21250 size-full\" src=\"https:\/\/awo-fulda.de\/wp-content\/uploads\/2019\/12\/Platz-14-Marbach.jpg\" alt=\"\" width=\"1040\" height=\"720\" srcset=\"https:\/\/awo-fulda.de\/wp-content\/uploads\/2019\/12\/Platz-14-Marbach.jpg 1040w, https:\/\/awo-fulda.de\/wp-content\/uploads\/2019\/12\/Platz-14-Marbach-480x332.jpg 480w, https:\/\/awo-fulda.de\/wp-content\/uploads\/2019\/12\/Platz-14-Marbach-640x443.jpg 640w, https:\/\/awo-fulda.de\/wp-content\/uploads\/2019\/12\/Platz-14-Marbach-768x532.jpg 768w\" sizes=\"auto, (max-width: 1040px) 100vw, 1040px\" \/><\/a><\/h3>\n<h2><strong>Die Jury:<\/strong><\/h2>\n<div id=\"attachment_21207\" style=\"width: 2570px\" class=\"wp-caption alignnone\"><a href=\"https:\/\/awo-fulda.de\/wp-content\/uploads\/2019\/12\/awo-fotowettbewerb-jury-mit-Gewinnfotos-scaled.jpg\"><img loading=\"lazy\" decoding=\"async\" aria-describedby=\"caption-attachment-21207\" class=\"wp-image-21207 size-full\" src=\"https:\/\/awo-fulda.de\/wp-content\/uploads\/2019\/12\/awo-fotowettbewerb-jury-mit-Gewinnfotos-scaled.jpg\" alt=\"\" width=\"2560\" height=\"1463\" srcset=\"https:\/\/awo-fulda.de\/wp-content\/uploads\/2019\/12\/awo-fotowettbewerb-jury-mit-Gewinnfotos-scaled.jpg 2560w, https:\/\/awo-fulda.de\/wp-content\/uploads\/2019\/12\/awo-fotowettbewerb-jury-mit-Gewinnfotos-480x274.jpg 480w, https:\/\/awo-fulda.de\/wp-content\/uploads\/2019\/12\/awo-fotowettbewerb-jury-mit-Gewinnfotos-640x366.jpg 640w, https:\/\/awo-fulda.de\/wp-content\/uploads\/2019\/12\/awo-fotowettbewerb-jury-mit-Gewinnfotos-768x439.jpg 768w, https:\/\/awo-fulda.de\/wp-content\/uploads\/2019\/12\/awo-fotowettbewerb-jury-mit-Gewinnfotos-1536x878.jpg 1536w, https:\/\/awo-fulda.de\/wp-content\/uploads\/2019\/12\/awo-fotowettbewerb-jury-mit-Gewinnfotos-2048x1171.jpg 2048w\" sizes=\"auto, (max-width: 2560px) 100vw, 2560px\" \/><\/a><p id=\"caption-attachment-21207\" class=\"wp-caption-text\">Die Jury des Fotowettbewerbs &#8220;Ich zeige Herz&#8221; der AWO Fulda, v.l.n.r.: Uta Hillenbrand, Markus Weber, Nicole Dietzel<\/p><\/div>\n","protected":false},"excerpt":{"rendered":"<p>Fotowettbewerb der AWO Fulda \/ Preis\u00fcbergabe am 15.12. im B\u00fcrgerhaus Aschenberg Viele Menschen zeigen Herz \u2013 indem sie Hilfsbed\u00fcrftige unterst\u00fctzen, Kinder betreuen, Nachhilfe geben, die kulturelle Vielfalt mitgestalten oder durch&hellip;<\/p>\n","protected":false},"author":10,"featured_media":21251,"parent":0,"menu_order":0,"comment_status":"closed","ping_status":"closed","template":"","meta":{"_editorskit_title_hidden":false,"_editorskit_reading_time":0,"_editorskit_is_block_options_detached":false,"_editorskit_block_options_position":"{}","footnotes":""},"class_list":["post-21234","page","type-page","status-publish","has-post-thumbnail","hentry","description-off"],"translation":{"provider":"WPGlobus","version":"3.0.2","language":"fa","enabled_languages":["de","en","fr","ru","ar","tr","fa"],"languages":{"de":{"title":true,"content":true,"excerpt":false},"en":{"title":false,"content":false,"excerpt":false},"fr":{"title":false,"content":false,"excerpt":false},"ru":{"title":false,"content":false,"excerpt":false},"ar":{"title":false,"content":false,"excerpt":false},"tr":{"title":false,"content":false,"excerpt":false},"fa":{"title":false,"content":false,"excerpt":false}}},"_links":{"self":[{"href":"https:\/\/awo-fulda.de\/fa\/wp-json\/wp\/v2\/pages\/21234","targetHints":{"allow":["GET"]}}],"collection":[{"href":"https:\/\/awo-fulda.de\/fa\/wp-json\/wp\/v2\/pages"}],"about":[{"href":"https:\/\/awo-fulda.de\/fa\/wp-json\/wp\/v2\/types\/page"}],"author":[{"embeddable":true,"href":"https:\/\/awo-fulda.de\/fa\/wp-json\/wp\/v2\/users\/10"}],"replies":[{"embeddable":true,"href":"https:\/\/awo-fulda.de\/fa\/wp-json\/wp\/v2\/comments?post=21234"}],"version-history":[{"count":13,"href":"https:\/\/awo-fulda.de\/fa\/wp-json\/wp\/v2\/pages\/21234\/revisions"}],"predecessor-version":[{"id":21374,"href":"https:\/\/awo-fulda.de\/fa\/wp-json\/wp\/v2\/pages\/21234\/revisions\/21374"}],"wp:featuredmedia":[{"embeddable":true,"href":"https:\/\/awo-fulda.de\/fa\/wp-json\/wp\/v2\/media\/21251"}],"wp:attachment":[{"href":"https:\/\/awo-fulda.de\/fa\/wp-json\/wp\/v2\/media?parent=21234"}],"curies":[{"name":"wp","href":"https:\/\/api.w.org\/{rel}","templated":true}]}}