{"id":16438,"date":"2018-06-20T16:03:25","date_gmt":"2018-06-20T14:03:25","guid":{"rendered":"https:\/\/awo-fulda.de\/?page_id=16438"},"modified":"2022-09-03T17:06:40","modified_gmt":"2022-09-03T15:06:40","slug":"youropa-e-v","status":"publish","type":"page","link":"https:\/\/awo-fulda.de\/fa\/wir-ueber-uns\/youropa-e-v\/","title":{"rendered":"YouRoPa e.V."},"content":{"rendered":"<p><a class=\"dt-pswp-item\" href=\"https:\/\/awo-fulda.de\/wp-content\/uploads\/2018\/06\/youropa_logo3.png\" data-dt-img-description=\"\" data-large_image_width=\"240\" data-large_image_height=\"125\"><img loading=\"lazy\" decoding=\"async\" class=\"size-full wp-image-16439 alignright\" src=\"https:\/\/awo-fulda.de\/wp-content\/uploads\/2018\/06\/youropa_logo3.png\" alt=\"\" width=\"240\" height=\"125\" \/><\/a><strong>YouRoPa e.V. (die Abk\u00fcrzung steht f\u00fcr Youth Romanian Partnership) bietet engagierten Menschen in Fulda und dar\u00fcberhinaus eine Plattform. Es ist ein starkes Netzwerk, das offen ist f\u00fcr neue Ideen.<\/strong><\/p>\n<p>Der Verein hat zwei Schwerpunkte:<\/p>\n<ul>\n<li>internationale Projektarbeit in Rum\u00e4nien<br \/>\nMit der Organisation von interkulturellen Jugendbegegnungen und Workcamps unterst\u00fctzen wir unsere Projektpartner in Rum\u00e4nien durch Hilfstransporte oder Aktionen\u00a0vor Ort. Der Austausch mit internationalen Fachkr\u00e4ften, insbesondere aus dem sozialp\u00e4dagogischen Bereich, ist ein weiterer Bestandteil unserer Projektarbeit.<\/li>\n<li>Kulturarbeit sowie Kinder- und Jugendf\u00f6rderung in Fulda<br \/>\nHierzu geh\u00f6ren der Kinder- und Jugendflohmarkt sowie die kreativen Projekte \u201eN\u00e4hbar\u201c und \u201eKleidertauschladen\u201c.<\/li>\n<li>Au\u00dferdem finden regelm\u00e4\u00dfig kulturelle Veranstaltungen und Vereinsabende statt, und zwar in der L14\/zwo (Lindenstra\u00dfe 2, 26037 Fulda).<\/li>\n<\/ul>\n<p>&nbsp;<\/p>\n<h3 class=\"id-Article-content-item id-Article-content-item-headline \"><span class=\"id-Article-content-item-headline-text\">Herbst 2020: Der Verein wird mit dem 2. Platz beim Hessischen Familienpreis ausgezeichnet<br \/>\n<\/span><\/h3>\n<p>Der Kleidertauschladen und die N\u00e4hbar werden als generationen\u00fcbergreifendes Projekt unter dem Aspekt der Nachhaltigkeit gew\u00fcrdigt: alte Kleidungsst\u00fccke in neue Kreationen verwandeln hat \u00fcberzeugt!<\/p>\n<p>Hierzu schrieb die Fuldaer Zeitung <a href=\"https:\/\/www.fuldaerzeitung.de\/fulda\/fulda-hessischer-familienpreis-projekt-naehbar-kleidertauschladen-youropa-fulda-verein-kai-klose-90051724.html?fbclid=IwAR06LSrIWIwlp2cOVQccxtqNKhQHHGrcUl0YPXKhSTGN8dRU4q9lUGL57I4\">diesen Bericht (bitte anklicken).<\/a><\/p>\n<p><a class=\"dt-pswp-item\" href=\"https:\/\/awo-fulda.de\/wp-content\/uploads\/2020\/09\/24016808-der-verein-youropa-aus-fulda-wurde-mit-dem-hessischen-familienpreis-ausgezeichnet-3xTmGHtFXBee.jpg\" data-dt-img-description=\"\" data-large_image_width=\"1200\" data-large_image_height=\"801\"><img loading=\"lazy\" decoding=\"async\" class=\"alignnone size-full wp-image-24498\" src=\"https:\/\/awo-fulda.de\/wp-content\/uploads\/2020\/09\/24016808-der-verein-youropa-aus-fulda-wurde-mit-dem-hessischen-familienpreis-ausgezeichnet-3xTmGHtFXBee.jpg\" alt=\"\" width=\"1200\" height=\"801\" srcset=\"https:\/\/awo-fulda.de\/wp-content\/uploads\/2020\/09\/24016808-der-verein-youropa-aus-fulda-wurde-mit-dem-hessischen-familienpreis-ausgezeichnet-3xTmGHtFXBee.jpg 1200w, https:\/\/awo-fulda.de\/wp-content\/uploads\/2020\/09\/24016808-der-verein-youropa-aus-fulda-wurde-mit-dem-hessischen-familienpreis-ausgezeichnet-3xTmGHtFXBee-480x320.jpg 480w, https:\/\/awo-fulda.de\/wp-content\/uploads\/2020\/09\/24016808-der-verein-youropa-aus-fulda-wurde-mit-dem-hessischen-familienpreis-ausgezeichnet-3xTmGHtFXBee-640x427.jpg 640w, https:\/\/awo-fulda.de\/wp-content\/uploads\/2020\/09\/24016808-der-verein-youropa-aus-fulda-wurde-mit-dem-hessischen-familienpreis-ausgezeichnet-3xTmGHtFXBee-768x513.jpg 768w\" sizes=\"auto, (max-width: 1200px) 100vw, 1200px\" \/><\/a><\/p>\n","protected":false},"excerpt":{"rendered":"<p>YouRoPa e.V. (die Abk\u00fcrzung steht f\u00fcr Youth Romanian Partnership) bietet engagierten Menschen in Fulda und dar\u00fcberhinaus eine Plattform. Es ist ein starkes Netzwerk, das offen ist f\u00fcr neue Ideen. Der&hellip;<\/p>\n","protected":false},"author":6,"featured_media":0,"parent":110,"menu_order":0,"comment_status":"closed","ping_status":"closed","template":"","meta":{"_editorskit_title_hidden":false,"_editorskit_reading_time":0,"_editorskit_is_block_options_detached":false,"_editorskit_block_options_position":"{}","footnotes":""},"class_list":["post-16438","page","type-page","status-publish","hentry","description-off"],"translation":{"provider":"WPGlobus","version":"3.0.2","language":"fa","enabled_languages":["de","en","fr","ru","ar","tr","fa"],"languages":{"de":{"title":true,"content":true,"excerpt":false},"en":{"title":false,"content":false,"excerpt":false},"fr":{"title":false,"content":false,"excerpt":false},"ru":{"title":false,"content":false,"excerpt":false},"ar":{"title":false,"content":false,"excerpt":false},"tr":{"title":false,"content":false,"excerpt":false},"fa":{"title":false,"content":false,"excerpt":false}}},"_links":{"self":[{"href":"https:\/\/awo-fulda.de\/fa\/wp-json\/wp\/v2\/pages\/16438","targetHints":{"allow":["GET"]}}],"collection":[{"href":"https:\/\/awo-fulda.de\/fa\/wp-json\/wp\/v2\/pages"}],"about":[{"href":"https:\/\/awo-fulda.de\/fa\/wp-json\/wp\/v2\/types\/page"}],"author":[{"embeddable":true,"href":"https:\/\/awo-fulda.de\/fa\/wp-json\/wp\/v2\/users\/6"}],"replies":[{"embeddable":true,"href":"https:\/\/awo-fulda.de\/fa\/wp-json\/wp\/v2\/comments?post=16438"}],"version-history":[{"count":7,"href":"https:\/\/awo-fulda.de\/fa\/wp-json\/wp\/v2\/pages\/16438\/revisions"}],"predecessor-version":[{"id":114454,"href":"https:\/\/awo-fulda.de\/fa\/wp-json\/wp\/v2\/pages\/16438\/revisions\/114454"}],"up":[{"embeddable":true,"href":"https:\/\/awo-fulda.de\/fa\/wp-json\/wp\/v2\/pages\/110"}],"wp:attachment":[{"href":"https:\/\/awo-fulda.de\/fa\/wp-json\/wp\/v2\/media?parent=16438"}],"curies":[{"name":"wp","href":"https:\/\/api.w.org\/{rel}","templated":true}]}}