{"id":15583,"date":"2018-05-22T22:20:07","date_gmt":"2018-05-22T20:20:07","guid":{"rendered":"https:\/\/awo-fulda.de\/?page_id=15583"},"modified":"2022-10-03T14:40:21","modified_gmt":"2022-10-03T12:40:21","slug":"meilensteine","status":"publish","type":"page","link":"https:\/\/awo-fulda.de\/fa\/meilensteine\/","title":{"rendered":"Meilensteine"},"content":{"rendered":"<table style=\"height: 96px;\" width=\"1027\">\n<tbody>\n<tr>\n<td style=\"width: 335px;\"><img loading=\"lazy\" decoding=\"async\" class=\"alignnone size-medium wp-image-15182\" src=\"https:\/\/awo-fulda.de\/wp-content\/uploads\/2018\/05\/Stadtteilfest-480x270.jpg\" alt=\"\" width=\"480\" height=\"270\" srcset=\"https:\/\/awo-fulda.de\/wp-content\/uploads\/2018\/05\/Stadtteilfest-480x270.jpg 480w, https:\/\/awo-fulda.de\/wp-content\/uploads\/2018\/05\/Stadtteilfest-768x432.jpg 768w, https:\/\/awo-fulda.de\/wp-content\/uploads\/2018\/05\/Stadtteilfest-640x360.jpg 640w, https:\/\/awo-fulda.de\/wp-content\/uploads\/2018\/05\/Stadtteilfest.jpg 1600w\" sizes=\"auto, (max-width: 480px) 100vw, 480px\" \/><\/td>\n<td style=\"width: 335px;\"><img loading=\"lazy\" decoding=\"async\" class=\"alignnone size-medium wp-image-15218\" src=\"https:\/\/awo-fulda.de\/wp-content\/uploads\/2018\/05\/Gl\u00fcck2-480x270.jpg\" alt=\"\" width=\"480\" height=\"270\" srcset=\"https:\/\/awo-fulda.de\/wp-content\/uploads\/2018\/05\/Gl\u00fcck2-480x270.jpg 480w, https:\/\/awo-fulda.de\/wp-content\/uploads\/2018\/05\/Gl\u00fcck2-768x432.jpg 768w, https:\/\/awo-fulda.de\/wp-content\/uploads\/2018\/05\/Gl\u00fcck2-640x360.jpg 640w, https:\/\/awo-fulda.de\/wp-content\/uploads\/2018\/05\/Gl\u00fcck2.jpg 1600w\" sizes=\"auto, (max-width: 480px) 100vw, 480px\" \/><\/td>\n<td style=\"width: 335px;\"><img loading=\"lazy\" decoding=\"async\" class=\"alignnone size-medium wp-image-15213\" src=\"https:\/\/awo-fulda.de\/wp-content\/uploads\/2018\/05\/FW3-480x270.jpg\" alt=\"\" width=\"480\" height=\"270\" \/><\/td>\n<\/tr>\n<\/tbody>\n<\/table>\n<p><strong>Die AWO in Fulda &#8211; seit mehr als 75 Jahren in Bewegung.<br \/>\n<\/strong><\/p>\n<p>Der AWO Kreisverband Fulda ist ein angesehener Partner \u00f6ffentlicher Gremien. Unsere Kunden vertrauen auf kompetente Beratung und Dienstleistungen. Von der allgemeinen \u00d6ffentlichkeit werden wir vor allem durch unsere gro\u00dfen Jahresveranstaltungen wahrgenommen, wie z B. Stadtteilfeste, Dinner-in-Wei\u00df, M\u00e4rchenfestival, Fahrradbasar. Dabei wissen viele nicht, wie sich die AWO in Fulda entwickelt hat.<\/p>\n<p>Wir m\u00f6chten hier den Blick auf Ereignisse lenken, die im Lauf der Jahre Bedeutung hatten:<\/p>\n<table style=\"height: 374px; width: 73.5166%;\">\n<tbody>\n<tr style=\"height: 22px;\">\n<td style=\"width: 12.7865%; height: 37px;\">1946<\/td>\n<td style=\"width: 99.7588%; height: 37px;\">Gr\u00fcndung der AWO durch Erna Hosemann in Fulda<\/td>\n<\/tr>\n<tr style=\"height: 44px;\">\n<td style=\"width: 12.7865%; height: 34px;\">1946 &#8211; 1950<\/td>\n<td style=\"width: 99.7588%; height: 34px;\">Unterst\u00fctzungsangebote f\u00fcr Menschen in der Nachkriegszeit (Nahrung, Kleidung und Hausrat)<\/td>\n<\/tr>\n<tr style=\"height: 22px;\">\n<td style=\"width: 12.7865%; height: 41px; vertical-align: top;\">1950 &#8211; 1970<\/td>\n<td style=\"width: 99.7588%; height: 41px;\">Erste Veranstaltungen wie z.B. Seniorentreffen, Weihnachtsfeiern, Kinderzeltlager, Basare<br \/>\nErrichtung des AWO Altenheims in Ziehers-Nord sowie eines Mittagstisches f\u00fcr Senioren<br \/>\nUmzug der Gesch\u00e4ftsstelle in die Von-Schildeck-Stra\u00dfe 12<br \/>\nHausaufgabenhilfe, Mutter-Kind-Gruppen, Kurberatung<\/td>\n<\/tr>\n<tr style=\"height: 22px;\">\n<td style=\"width: 12.7865%; height: 22px; vertical-align: top;\">1970 &#8211; 1990<\/td>\n<td style=\"width: 99.7588%; height: 22px;\">Gr\u00fcndung der Ortsvereine Petersberg (1975) und Aschenberg (1979)<br \/>\nStart der Schuldner- und Insolvenzberatung<br \/>\nProjekte und Leistungen f\u00fcr Jugendliche zur Eingliederung in die Gesellschaft<br \/>\nGr\u00fcndung einer Beratungsstelle f\u00fcr t\u00fcrkische GastarbeiterInnen<br \/>\nGr\u00fcndung des Ortsvereins Gersfeld (1986)<\/td>\n<\/tr>\n<tr style=\"height: 22px;\">\n<td style=\"width: 12.7865%; height: 22px; vertical-align: top;\">1990 &#8211; 2000<\/td>\n<td style=\"width: 99.7588%; height: 22px;\">Gr\u00fcndung des AWO Betreuungsvereins<br \/>\nBeratungsangebot f\u00fcr schwangere Frauen und alleinerziehende M\u00fctter<br \/>\nGr\u00fcndung des Ortsvereins in Eiterfeld\/Gro\u00dfentaft (1995)<br \/>\nEr\u00f6ffnung des B\u00fcro Aktiv zur F\u00f6rderung des Ehrenamts (Auszeichnung mit Lotte-Lemke-Preis)<br \/>\nStreetwork-Projekt Lohn und Brot startet (f\u00fcr arbeitslose junge M\u00e4nner)<br \/>\nErster Fahrradbasar mit der Hochschule Fulda<br \/>\nAufbau des Jugendtreffs Caf\u00e9 Panama und des Jugendtreffs S\u00fcdend<\/td>\n<\/tr>\n<tr style=\"height: 88px;\">\n<td style=\"width: 12.7865%; height: 88px; vertical-align: top;\">2000 &#8211; 2010<\/td>\n<td style=\"width: 99.7588%; height: 88px;\">Umzug der Gesch\u00e4ftsstelle in die Langebr\u00fcckenstra\u00dfe 14<br \/>\nStart der Integrations-, Bildungs- und Stadtteilarbeit im B\u00fcrgerzentrum Aschenberg<br \/>\nStart der Qualifizierungs- und Besch\u00e4ftigungsprojekts Artemis (f\u00fcr junge Frauen)<\/td>\n<\/tr>\n<tr style=\"height: 120px;\">\n<td style=\"width: 12.7865%; height: 120px; vertical-align: top;\">2010 &#8211; 2020<\/td>\n<td style=\"width: 99.7588%; height: 120px;\">Das B\u00fcrgerzentrum Aschenberg wird als Mehrgenerationenhaus anerkannt<br \/>\nAusweitung der Integrations- und Bildungsarbeit in die Stadtteile S\u00fcdend, Ziehers-Nord und den Landkreis.<br \/>\nStart der Arbeit mit und f\u00fcr Gefl\u00fcchtete sowie Aufnahme der Migrationsberatung<br \/>\nUmzug der AWO Gesch\u00e4ftsstelle in die Frankfurter Stra\u00dfe 28<br \/>\nErste Kita f\u00fcr Kinder aus allen Stadtteilen Fuldas im M\u00fcnsterfeld<br \/>\nDie Stadt Fulda etabliert in 7 Stadtteilen Begegnungszentren, \u00fcbertr\u00e4gt der AWO vier davon (Aschenberg, Ziehers-S\u00fcd, Ziehers-Nord, S\u00fcdend).<\/td>\n<\/tr>\n<\/tbody>\n<\/table>\n","protected":false},"excerpt":{"rendered":"<p>Die AWO in Fulda &#8211; seit mehr als 75 Jahren in Bewegung. Der AWO Kreisverband Fulda ist ein angesehener Partner \u00f6ffentlicher Gremien. Unsere Kunden vertrauen auf kompetente Beratung und Dienstleistungen.&hellip;<\/p>\n","protected":false},"author":6,"featured_media":0,"parent":0,"menu_order":0,"comment_status":"closed","ping_status":"closed","template":"","meta":{"_editorskit_title_hidden":false,"_editorskit_reading_time":0,"_editorskit_is_block_options_detached":false,"_editorskit_block_options_position":"{}","footnotes":""},"class_list":["post-15583","page","type-page","status-publish","hentry","description-off"],"translation":{"provider":"WPGlobus","version":"3.0.2","language":"fa","enabled_languages":["de","en","fr","ru","ar","tr","fa"],"languages":{"de":{"title":true,"content":true,"excerpt":false},"en":{"title":true,"content":true,"excerpt":false},"fr":{"title":false,"content":false,"excerpt":false},"ru":{"title":false,"content":false,"excerpt":false},"ar":{"title":false,"content":false,"excerpt":false},"tr":{"title":false,"content":false,"excerpt":false},"fa":{"title":false,"content":false,"excerpt":false}}},"_links":{"self":[{"href":"https:\/\/awo-fulda.de\/fa\/wp-json\/wp\/v2\/pages\/15583","targetHints":{"allow":["GET"]}}],"collection":[{"href":"https:\/\/awo-fulda.de\/fa\/wp-json\/wp\/v2\/pages"}],"about":[{"href":"https:\/\/awo-fulda.de\/fa\/wp-json\/wp\/v2\/types\/page"}],"author":[{"embeddable":true,"href":"https:\/\/awo-fulda.de\/fa\/wp-json\/wp\/v2\/users\/6"}],"replies":[{"embeddable":true,"href":"https:\/\/awo-fulda.de\/fa\/wp-json\/wp\/v2\/comments?post=15583"}],"version-history":[{"count":13,"href":"https:\/\/awo-fulda.de\/fa\/wp-json\/wp\/v2\/pages\/15583\/revisions"}],"predecessor-version":[{"id":116188,"href":"https:\/\/awo-fulda.de\/fa\/wp-json\/wp\/v2\/pages\/15583\/revisions\/116188"}],"wp:attachment":[{"href":"https:\/\/awo-fulda.de\/fa\/wp-json\/wp\/v2\/media?parent=15583"}],"curies":[{"name":"wp","href":"https:\/\/api.w.org\/{rel}","templated":true}]}}