{"id":126082,"date":"2023-08-01T11:14:51","date_gmt":"2023-08-01T09:14:51","guid":{"rendered":"https:\/\/awo-fulda.de\/?page_id=126082"},"modified":"2025-09-29T08:49:20","modified_gmt":"2025-09-29T06:49:20","slug":"take-off-men-sprachfoerderung-fuer-maenner-mit-migrationshintergrund","status":"publish","type":"page","link":"https:\/\/awo-fulda.de\/fa\/arbeit-bildung\/take-off-men-sprachfoerderung-fuer-maenner-mit-migrationshintergrund\/","title":{"rendered":"\u201eTake off men\u201c \u2013 Sprachf\u00f6rderung+ f\u00fcr M\u00e4nner mit Migrationshintergrund"},"content":{"rendered":"<div class=\"wpb-content-wrapper\">[vc_row][vc_column][vc_column_text css=&#8221;&#8221;]\n<table style=\"border-collapse: collapse; width: 100%;\">\n<tbody>\n<tr>\n<td style=\"width: 33.3333%;\"><a class=\"dt-pswp-item\" href=\"https:\/\/awo-fulda.de\/wp-content\/uploads\/2023\/07\/Take-off-men-1.jpg\" data-dt-img-description=\"\" data-large_image_width=\"351\" data-large_image_height=\"270\"><img loading=\"lazy\" decoding=\"async\" class=\"alignright size-full wp-image-126083\" src=\"https:\/\/awo-fulda.de\/wp-content\/uploads\/2023\/07\/Take-off-men-1.jpg\" alt=\"\" width=\"351\" height=\"270\" \/><\/a><\/td>\n<td style=\"width: 33.3333%;\"><a class=\"dt-pswp-item\" href=\"https:\/\/awo-fulda.de\/wp-content\/uploads\/2023\/08\/Take-off-men_Header-2.jpg\" data-dt-img-description=\"\" data-large_image_width=\"1265\" data-large_image_height=\"948\"><img loading=\"lazy\" decoding=\"async\" class=\"alignright size-medium wp-image-126323\" src=\"https:\/\/awo-fulda.de\/wp-content\/uploads\/2023\/08\/Take-off-men_Header-2-480x360.jpg\" alt=\"\" width=\"480\" height=\"360\" srcset=\"https:\/\/awo-fulda.de\/wp-content\/uploads\/2023\/08\/Take-off-men_Header-2-480x360.jpg 480w, https:\/\/awo-fulda.de\/wp-content\/uploads\/2023\/08\/Take-off-men_Header-2-640x480.jpg 640w, https:\/\/awo-fulda.de\/wp-content\/uploads\/2023\/08\/Take-off-men_Header-2-768x576.jpg 768w, https:\/\/awo-fulda.de\/wp-content\/uploads\/2023\/08\/Take-off-men_Header-2.jpg 1265w\" sizes=\"auto, (max-width: 480px) 100vw, 480px\" \/><\/a><\/td>\n<td style=\"width: 33.3333%;\"><a class=\"dt-pswp-item\" href=\"https:\/\/awo-fulda.de\/wp-content\/uploads\/2023\/08\/Take-off-men_Header-3.jpg\" data-dt-img-description=\"\" data-large_image_width=\"1276\" data-large_image_height=\"957\"><img loading=\"lazy\" decoding=\"async\" class=\"alignright size-medium wp-image-126322\" src=\"https:\/\/awo-fulda.de\/wp-content\/uploads\/2023\/08\/Take-off-men_Header-3-480x360.jpg\" alt=\"\" width=\"480\" height=\"360\" srcset=\"https:\/\/awo-fulda.de\/wp-content\/uploads\/2023\/08\/Take-off-men_Header-3-480x360.jpg 480w, https:\/\/awo-fulda.de\/wp-content\/uploads\/2023\/08\/Take-off-men_Header-3-640x480.jpg 640w, https:\/\/awo-fulda.de\/wp-content\/uploads\/2023\/08\/Take-off-men_Header-3-768x576.jpg 768w, https:\/\/awo-fulda.de\/wp-content\/uploads\/2023\/08\/Take-off-men_Header-3.jpg 1276w\" sizes=\"auto, (max-width: 480px) 100vw, 480px\" \/><\/a><\/td>\n<\/tr>\n<\/tbody>\n<\/table>\nDas Projekt richtet sich an V\u00e4ter und M\u00e4nner mit Migrationshintergrund unterschiedlicher Nationalit\u00e4ten (darunter auch Asylbewerber mit <strong>guter <\/strong>Bleibeperspektive), die &#8230;<!-- \/wp:post-content --><!-- wp:list -->\n<ul>\n \t<li style=\"list-style-type: none;\">\n<ul><!-- wp:list-item -->\n \t<li>in der Stadt und im Landkreis Fulda leben,<\/li>\n<\/ul>\n<\/li>\n<\/ul>\n<ul>\n \t<li style=\"list-style-type: none;\">\n<ul>\n \t<li>Leistungen nach dem SGB II, SGB III, SGB VIII, SGB XII und AsylbLG beziehen bzw. im erg\u00e4nzenden Leistungsbezug sind (Wohngeld, Kinderzuschlag),<\/li>\n<\/ul>\n<\/li>\n<\/ul>\n<ul>\n \t<li style=\"list-style-type: none;\">\n<ul>\n \t<li>aufgrund geringer Sprachkenntnisse oder Qualifikation und fehlender Berufsabschl\u00fcsse nur wenig Chancen auf einen Einstieg in den Arbeitsmarkt haben <b>oder <\/b>zwar qualifiziert sind, aber deren Berufsabschl\u00fcsse in Deutschland nicht anerkannt oder verwertbar sind und<\/li>\n<\/ul>\n<\/li>\n<\/ul>\n<ul>\n \t<li style=\"list-style-type: none;\">\n<ul>\n \t<li>eine berufliche Perspektive in Deutschland entwickeln m\u00f6chten.<\/li>\n<\/ul>\n<\/li>\n<\/ul>\nEin besonderes Augenmerk liegt dabei auf der F\u00f6rderung gefl\u00fcchteter M\u00e4nner, insbesondere derer, die aus arabischen bzw. muslimisch gepr\u00e4gten L\u00e4ndern gefl\u00fcchtet sind.<!-- \/wp:list-item --><!-- wp:paragraph -->\n\nDas Projekt m\u00f6chte neben den sprachlichen und beruflichen Perspektiven die Werte unserer freiheitlich demokratischen Grundordnung vermitteln, welche patriarchale Rollenbilder hinterfragt, den Wert der Gleichberechtigung von M\u00e4nnern und Frauen erl\u00e4utert und die damit verbundene Erziehungskompetenz und -verantwortung von V\u00e4tern st\u00e4rkt.<!-- \/wp:paragraph --><!-- wp:paragraph -->\n\nDie Durchf\u00fchrung erfolgt an 3 Tagen pro Woche in den R\u00e4umlichkeiten des AWO Kreisverbandes Fulda e.V. (inkl. Au\u00dfenstellen wie Stadtteiltreffs). Jeder Teilnehmer wird individuell durch Einzelcoaching unterst\u00fctzt.\n\n<!-- \/wp:paragraph -->\n<!-- wp:paragraph -->\n\nUnsere Angebote:<!-- \/wp:paragraph --><!-- wp:list -->\n<ul>\n \t<li style=\"list-style-type: none;\">\n<ul><!-- wp:list-item -->\n \t<li>Sprachf\u00f6rderung (mit dem Schwerpunkt Alphabetisierung)<\/li>\n<\/ul>\n<\/li>\n<\/ul>\n<ul>\n \t<li style=\"list-style-type: none;\">\n<ul>\n \t<li>EDV-Kurs<\/li>\n<\/ul>\n<\/li>\n<\/ul>\n<ul>\n \t<li style=\"list-style-type: none;\">\n<ul>\n \t<li>Berufliche Orientierung, Hospitationen\/Praktika in Betrieben<\/li>\n<\/ul>\n<\/li>\n<\/ul>\n<ul>\n \t<li style=\"list-style-type: none;\">\n<ul>\n \t<li>niedrigschwellige Beratungs- und Informationsangebote zu allen arbeitsmarktrelevanten Fragen (insbesondere zu den Themen Arbeitswelt, Arbeitsmarkt, Bildungssystem und Aus- und Weiterbildung und etc.)<\/li>\n<\/ul>\n<\/li>\n<\/ul>\n<ul>\n \t<li style=\"list-style-type: none;\">\n<ul>\n \t<li>Betriebsbesichtigungen und Exkursionen<\/li>\n<\/ul>\n<\/li>\n<\/ul>\n<ul>\n \t<li style=\"list-style-type: none;\">\n<ul>\n \t<li>Bewerbungstraining, Rollenspiele, Kennenlernen von Positiv-Beispielen anderer Migranten<\/li>\n<\/ul>\n<\/li>\n<\/ul>\n<ul>\n \t<li style=\"list-style-type: none;\">\n<ul>\n \t<li>Wertevermittlung zum Thema \u201eDemokratisierung\u201c (z.B. Gleichberechtigung von M\u00e4nnern und Frauen, Rollenverst\u00e4ndnis, Erziehungskompetenz und -verantwortung von V\u00e4tern und etc.)<\/li>\n<\/ul>\n<\/li>\n<\/ul>\n<!-- \/wp:list-item -->\n\n<strong>Flyer &#8220;Take off men&#8221;, 2-seitig; zum Vergr\u00f6\u00dfern bitte anklicken:<\/strong>\n\n<div class=\"_3d-flip-book  fb3d-thumbnail-lightbox-mode\" data-id=\"0\" data-mode=\"thumbnail-lightbox\" data-title=\"false\" data-template=\"short-white-book-view\" data-lightbox=\"dark-shadow\" data-urlparam=\"fb3d-page\" data-page-n=\"0\" data-pdf=\"https:\/\/awo-fulda.de\/wp-content\/uploads\/2025\/08\/20252026-Take-off-men-Sprachfoerderung-fuer-Maenner-mit-Migrationshintergrund_Flyer-Stand-2025-01-01.pdf\" data-tax=\"null\" data-thumbnail=\"\" data-cols=\"3\" data-book-template=\"default\" data-trigger=\"\"><\/div>\n\n<a href=\"https:\/\/awo-fulda.de\/wp-content\/uploads\/2025\/08\/20252026-Take-off-men-Sprachfoerderung-fuer-Maenner-mit-Migrationshintergrund_Flyer-Stand-2025-01-01.pdf\" target=\"_blank\" rel=\"noopener\">Flyer &#8220;take off men&#8221; zum Download.<\/a>\n\n<strong>(\u00f6ffnet in neuem Fenster)<\/strong>\n\n<!-- \/wp:list -->\n\n[\/vc_column_text][\/vc_column][\/vc_row]<\/div>","protected":false},"excerpt":{"rendered":"<p>[vc_row][vc_column][vc_column_text css=&#8221;&#8221;] Das Projekt richtet sich an V\u00e4ter und M\u00e4nner mit Migrationshintergrund unterschiedlicher Nationalit\u00e4ten (darunter auch Asylbewerber mit guter Bleibeperspektive), die &#8230; in der Stadt und im Landkreis Fulda leben,&hellip;<\/p>\n","protected":false},"author":55,"featured_media":0,"parent":28,"menu_order":3,"comment_status":"closed","ping_status":"closed","template":"","meta":{"_editorskit_title_hidden":false,"_editorskit_reading_time":0,"_editorskit_is_block_options_detached":false,"_editorskit_block_options_position":"{}","footnotes":""},"class_list":["post-126082","page","type-page","status-publish","hentry","description-off"],"translation":{"provider":"WPGlobus","version":"3.0.2","language":"fa","enabled_languages":["de","en","fr","ru","ar","tr","fa"],"languages":{"de":{"title":true,"content":true,"excerpt":false},"en":{"title":false,"content":false,"excerpt":false},"fr":{"title":false,"content":false,"excerpt":false},"ru":{"title":false,"content":false,"excerpt":false},"ar":{"title":false,"content":false,"excerpt":false},"tr":{"title":false,"content":false,"excerpt":false},"fa":{"title":false,"content":false,"excerpt":false}}},"_links":{"self":[{"href":"https:\/\/awo-fulda.de\/fa\/wp-json\/wp\/v2\/pages\/126082","targetHints":{"allow":["GET"]}}],"collection":[{"href":"https:\/\/awo-fulda.de\/fa\/wp-json\/wp\/v2\/pages"}],"about":[{"href":"https:\/\/awo-fulda.de\/fa\/wp-json\/wp\/v2\/types\/page"}],"author":[{"embeddable":true,"href":"https:\/\/awo-fulda.de\/fa\/wp-json\/wp\/v2\/users\/55"}],"replies":[{"embeddable":true,"href":"https:\/\/awo-fulda.de\/fa\/wp-json\/wp\/v2\/comments?post=126082"}],"version-history":[{"count":34,"href":"https:\/\/awo-fulda.de\/fa\/wp-json\/wp\/v2\/pages\/126082\/revisions"}],"predecessor-version":[{"id":141117,"href":"https:\/\/awo-fulda.de\/fa\/wp-json\/wp\/v2\/pages\/126082\/revisions\/141117"}],"up":[{"embeddable":true,"href":"https:\/\/awo-fulda.de\/fa\/wp-json\/wp\/v2\/pages\/28"}],"wp:attachment":[{"href":"https:\/\/awo-fulda.de\/fa\/wp-json\/wp\/v2\/media?parent=126082"}],"curies":[{"name":"wp","href":"https:\/\/api.w.org\/{rel}","templated":true}]}}