{"id":125795,"date":"2023-07-24T14:05:11","date_gmt":"2023-07-24T12:05:11","guid":{"rendered":"https:\/\/awo-fulda.de\/?page_id=125795"},"modified":"2023-07-28T08:41:13","modified_gmt":"2023-07-28T06:41:13","slug":"asylverfahrensberatung-avb","status":"publish","type":"page","link":"https:\/\/awo-fulda.de\/fa\/asylverfahrensberatung-avb\/","title":{"rendered":"Asylverfahrensberatung (AVB)"},"content":{"rendered":"<div class=\"field field-name-body field-type-text-with-summary field-label-hidden\">\n<div class=\"field-items\">\n<div class=\"field-item even\">\n<table style=\"width: 100%; border-collapse: collapse;\">\n<tbody>\n<tr>\n<td style=\"width: 33.3333%;\"><a class=\"dt-pswp-item\" href=\"https:\/\/awo-fulda.de\/wp-content\/uploads\/2017\/11\/03.jpg\" data-dt-img-description=\"\" data-large_image_width=\"1920\" data-large_image_height=\"1080\"><img loading=\"lazy\" decoding=\"async\" class=\"alignnone wp-image-204\" src=\"https:\/\/awo-fulda.de\/wp-content\/uploads\/2017\/11\/03-300x169.jpg\" alt=\"\" width=\"1600\" height=\"900\" \/><\/a><\/td>\n<td style=\"width: 33.3333%;\"><a class=\"dt-pswp-item\" href=\"https:\/\/awo-fulda.de\/wp-content\/uploads\/2018\/05\/Mig-2.jpg\" data-dt-img-description=\"\" data-large_image_width=\"1600\" data-large_image_height=\"900\"><img loading=\"lazy\" decoding=\"async\" class=\"alignnone size-medium wp-image-15246\" src=\"https:\/\/awo-fulda.de\/wp-content\/uploads\/2018\/05\/Mig-2-480x270.jpg\" alt=\"\" width=\"480\" height=\"270\" srcset=\"https:\/\/awo-fulda.de\/wp-content\/uploads\/2018\/05\/Mig-2-480x270.jpg 480w, https:\/\/awo-fulda.de\/wp-content\/uploads\/2018\/05\/Mig-2-768x432.jpg 768w, https:\/\/awo-fulda.de\/wp-content\/uploads\/2018\/05\/Mig-2-640x360.jpg 640w, https:\/\/awo-fulda.de\/wp-content\/uploads\/2018\/05\/Mig-2.jpg 1600w\" sizes=\"auto, (max-width: 480px) 100vw, 480px\" \/><\/a><\/td>\n<td style=\"width: 33.3333%;\"><a class=\"dt-pswp-item\" href=\"https:\/\/awo-fulda.de\/wp-content\/uploads\/2018\/05\/Tann1.jpg\" data-dt-img-description=\"\" data-large_image_width=\"1600\" data-large_image_height=\"900\"><img loading=\"lazy\" decoding=\"async\" class=\"alignnone size-medium wp-image-15269\" src=\"https:\/\/awo-fulda.de\/wp-content\/uploads\/2018\/05\/Tann1-480x270.jpg\" alt=\"\" width=\"480\" height=\"270\" srcset=\"https:\/\/awo-fulda.de\/wp-content\/uploads\/2018\/05\/Tann1-480x270.jpg 480w, https:\/\/awo-fulda.de\/wp-content\/uploads\/2018\/05\/Tann1-768x432.jpg 768w, https:\/\/awo-fulda.de\/wp-content\/uploads\/2018\/05\/Tann1-640x360.jpg 640w, https:\/\/awo-fulda.de\/wp-content\/uploads\/2018\/05\/Tann1.jpg 1600w\" sizes=\"auto, (max-width: 480px) 100vw, 480px\" \/><\/a><\/td>\n<\/tr>\n<\/tbody>\n<\/table>\n<p>Der AWO-Kreisverband Fulda bietet allen Asylbewerbern und Asylbewerberinnen kostenfreie Beratung und Unterst\u00fctzung w\u00e4hrend des Asylverfahrens an. Die Beratung erfolgt in <strong>Deutsch<\/strong>, <strong>Englisch<\/strong>, <strong>Arabisch<\/strong> und <strong>Persisch<\/strong>.<\/p>\n<p>Die angebotenen Themen umfassen:<\/p>\n<ul>\n<li>Bereitstellung von Informationen zum Asylverfahren und Asylrecht<\/li>\n<li>Beratung zur Asylantragsstellung<\/li>\n<li>Beantwortung von Fragen zum Dublin-Verfahren und m\u00f6glichen Bleibeperspektiven<\/li>\n<li>Beratung zur Niederschrift der Anh\u00f6rung<\/li>\n<li>Beratung im Zusammenhang mit dem Asylbescheid<\/li>\n<li>Erl\u00e4uterung der Handlungsm\u00f6glichkeiten und Rechtsfolgen sowie Einsch\u00e4tzung der Chancen in Bezug auf das Aufenthaltsrecht<\/li>\n<li>Hilfe und Beratung bei einem m\u00f6glichen Widerruf des Schutzes<\/li>\n<li>Bei Bedarf Weiterleitung an andere Dienste, einschlie\u00dflich Verteilung (Transfer).<\/li>\n<\/ul>\n<p>Die Beratungstermine werden <b>ausschlie\u00dflich nach telefonischer Vereinbarung <\/b>vergeben. Bitte kontaktieren Sie uns unter hierzu der Telefonnummer: <b>0661\u00a0 480045 &#8211; 0<\/b>, um einen Termin zu vereinbaren. Die Beratungen finden in den R\u00e4umlichkeiten der AWO-Gesch\u00e4ftsstelle in der<strong> Frankfurter Stra\u00dfe 28, 36043 Fulda<\/strong> statt.<\/p>\n<\/div>\n<p style=\"text-align: left;\"><strong>Unseren Flyer mit Informationen auch in Englisch, Arabisch und Persisch k\u00f6nnen Sie nachfolgend einsehen:<\/strong><\/p>\n<div class=\"field-item even\">\n<p style=\"text-align: left;\"><div class=\"_3d-flip-book  fb3d-thumbnail-lightbox-mode\" data-id=\"0\" data-mode=\"thumbnail-lightbox\" data-title=\"false\" data-template=\"short-white-book-view\" data-lightbox=\"dark-shadow\" data-urlparam=\"fb3d-page\" data-page-n=\"0\" data-pdf=\"https:\/\/awo-fulda.de\/wp-content\/uploads\/2023\/07\/Asylverfahrensberatung_Flyer_AVB-2.0-1.pdf\" data-tax=\"null\" data-thumbnail=\"\" data-cols=\"3\" data-book-template=\"default\" data-trigger=\"\"><\/div>\n<\/div>\n<\/div>\n<\/div>\n","protected":false},"excerpt":{"rendered":"<p>Der AWO-Kreisverband Fulda bietet allen Asylbewerbern und Asylbewerberinnen kostenfreie Beratung und Unterst\u00fctzung w\u00e4hrend des Asylverfahrens an. Die Beratung erfolgt in Deutsch, Englisch, Arabisch und Persisch. Die angebotenen Themen umfassen: Bereitstellung&hellip;<\/p>\n","protected":false},"author":55,"featured_media":0,"parent":0,"menu_order":0,"comment_status":"closed","ping_status":"closed","template":"","meta":{"_editorskit_title_hidden":false,"_editorskit_reading_time":0,"_editorskit_is_block_options_detached":false,"_editorskit_block_options_position":"{}","footnotes":""},"class_list":["post-125795","page","type-page","status-publish","hentry","description-off"],"translation":{"provider":"WPGlobus","version":"3.0.2","language":"fa","enabled_languages":["de","en","fr","ru","ar","tr","fa"],"languages":{"de":{"title":true,"content":true,"excerpt":false},"en":{"title":false,"content":false,"excerpt":false},"fr":{"title":false,"content":false,"excerpt":false},"ru":{"title":false,"content":false,"excerpt":false},"ar":{"title":false,"content":false,"excerpt":false},"tr":{"title":false,"content":false,"excerpt":false},"fa":{"title":false,"content":false,"excerpt":false}}},"_links":{"self":[{"href":"https:\/\/awo-fulda.de\/fa\/wp-json\/wp\/v2\/pages\/125795","targetHints":{"allow":["GET"]}}],"collection":[{"href":"https:\/\/awo-fulda.de\/fa\/wp-json\/wp\/v2\/pages"}],"about":[{"href":"https:\/\/awo-fulda.de\/fa\/wp-json\/wp\/v2\/types\/page"}],"author":[{"embeddable":true,"href":"https:\/\/awo-fulda.de\/fa\/wp-json\/wp\/v2\/users\/55"}],"replies":[{"embeddable":true,"href":"https:\/\/awo-fulda.de\/fa\/wp-json\/wp\/v2\/comments?post=125795"}],"version-history":[{"count":12,"href":"https:\/\/awo-fulda.de\/fa\/wp-json\/wp\/v2\/pages\/125795\/revisions"}],"predecessor-version":[{"id":126067,"href":"https:\/\/awo-fulda.de\/fa\/wp-json\/wp\/v2\/pages\/125795\/revisions\/126067"}],"wp:attachment":[{"href":"https:\/\/awo-fulda.de\/fa\/wp-json\/wp\/v2\/media?parent=125795"}],"curies":[{"name":"wp","href":"https:\/\/api.w.org\/{rel}","templated":true}]}}