{"id":120,"date":"2017-10-23T18:28:03","date_gmt":"2017-10-23T16:28:03","guid":{"rendered":"https:\/\/awo-fulda.de\/?page_id=120"},"modified":"2023-06-09T14:11:37","modified_gmt":"2023-06-09T12:11:37","slug":"ehrenamt","status":"publish","type":"page","link":"https:\/\/awo-fulda.de\/fa\/mitmachen\/ehrenamt\/","title":{"rendered":"Ehrenamtlich aktiv sein"},"content":{"rendered":"<section id=\"section-content\" class=\"section section-content\">\n<div id=\"zone-content-wrapper\" class=\"zone-wrapper zone-content-wrapper clearfix\">\n<div id=\"zone-content\" class=\"zone zone-content clearfix container-12\">\n<div id=\"region-content\" class=\"grid-11 region region-content\">\n<div class=\"region-inner region-content-inner\">\n<div id=\"block-system-main\" class=\"block block-system block-main block-system-main odd block-without-title\">\n<div class=\"block-inner clearfix\">\n<div class=\"content clearfix\">\n<div id=\"node-page-44\" class=\"ds-1col node node-page view-mode-full class_name_1 node-not-sticky author-webminawofd even clearfix clearfix\">\n<div class=\"field field-name-title field-type-ds field-label-hidden\">\n<div class=\"field-items\">\n<div class=\"field-item even\">\n<table style=\"height: 197px; width: 98.2122%;\" width=\"1039\">\n<tbody>\n<tr style=\"height: 197px;\">\n<td style=\"width: 339px; height: 197px;\"><img loading=\"lazy\" decoding=\"async\" class=\"alignnone wp-image-529 size-medium\" src=\"https:\/\/awo-fulda.de\/wp-content\/uploads\/2018\/01\/f01-e1527024026180-480x270.jpg\" alt=\"\" width=\"480\" height=\"270\" srcset=\"https:\/\/awo-fulda.de\/wp-content\/uploads\/2018\/01\/f01-e1527024026180-480x270.jpg 480w, https:\/\/awo-fulda.de\/wp-content\/uploads\/2018\/01\/f01-e1527024026180-768x432.jpg 768w, https:\/\/awo-fulda.de\/wp-content\/uploads\/2018\/01\/f01-e1527024026180-640x360.jpg 640w, https:\/\/awo-fulda.de\/wp-content\/uploads\/2018\/01\/f01-e1527024026180.jpg 1600w\" sizes=\"auto, (max-width: 480px) 100vw, 480px\" \/><\/td>\n<td style=\"width: 339px; height: 197px;\"><img loading=\"lazy\" decoding=\"async\" class=\"alignnone size-medium wp-image-15236\" src=\"https:\/\/awo-fulda.de\/wp-content\/uploads\/2018\/05\/marbach1-480x270.jpg\" alt=\"\" width=\"480\" height=\"270\" srcset=\"https:\/\/awo-fulda.de\/wp-content\/uploads\/2018\/05\/marbach1-480x270.jpg 480w, https:\/\/awo-fulda.de\/wp-content\/uploads\/2018\/05\/marbach1-768x432.jpg 768w, https:\/\/awo-fulda.de\/wp-content\/uploads\/2018\/05\/marbach1-640x360.jpg 640w, https:\/\/awo-fulda.de\/wp-content\/uploads\/2018\/05\/marbach1.jpg 1600w\" sizes=\"auto, (max-width: 480px) 100vw, 480px\" \/><\/td>\n<td style=\"width: 339px; height: 197px;\"><img loading=\"lazy\" decoding=\"async\" class=\"alignnone size-medium wp-image-15204\" src=\"https:\/\/awo-fulda.de\/wp-content\/uploads\/2018\/05\/EA2-480x270.jpg\" alt=\"\" width=\"480\" height=\"270\" srcset=\"https:\/\/awo-fulda.de\/wp-content\/uploads\/2018\/05\/EA2-480x270.jpg 480w, https:\/\/awo-fulda.de\/wp-content\/uploads\/2018\/05\/EA2-768x432.jpg 768w, https:\/\/awo-fulda.de\/wp-content\/uploads\/2018\/05\/EA2-640x360.jpg 640w, https:\/\/awo-fulda.de\/wp-content\/uploads\/2018\/05\/EA2.jpg 1600w\" sizes=\"auto, (max-width: 480px) 100vw, 480px\" \/><\/td>\n<\/tr>\n<\/tbody>\n<\/table>\n<p style=\"text-align: right;\"><span style=\"color: #800080;\"><strong>Was ist Ehrenamt? Freiwilliges Engagement in leichter Sprache erkl\u00e4rt.<\/strong><\/span><br \/>\n<a href=\"https:\/\/awo-fulda.de\/wp-content\/uploads\/2020\/01\/bagfa-Engagement-einfache-Sprache.pdf\">Klicken Sie hier.<\/a><\/p>\n<p style=\"text-align: left;\"><strong>Ehrenamt als Jungbrunnen!\u00a0\u00a0\u00a0\u00a0\u00a0\u00a0<\/strong><\/p>\n<p>Studien belegen, dass Menschen, die sich engagieren, 7 Jahre l\u00e4nger leben, denn:<\/p>\n<ul>\n<li>Freude und Erf\u00fcllung im Engagement bringt Zufriedenheit.<\/li>\n<li>Das soziale Miteinander und die Anerkennung in der Gruppe wirkt der Vereinsamung entgegen.<\/li>\n<li>Der Gestaltungswille und die \u00dcbernahme von Verantwortung f\u00fchren zu gesteigerter Resilienz.<\/li>\n<\/ul>\n<p>Im AWO Kreisverband Fulda ist in vielen Projekten und Bereichen ehrenamtliche Mitarbeit m\u00f6glich und sehr willkommen. Dabei sind wir stolz darauf, dass ein Drittel unserer Freiwilligen Migrationshintergrund haben.<\/p>\n<p>Wir suchen Menschen, die in der Freizeit herausfordernde und interessante T\u00e4tigkeiten anstreben genauso wie HelferInnen beim Grillfest oder Kaffeenachmittag. Es macht Freude, zusammen mit anderen das gesellschaftliche Miteinander zu gestalten und sich ganz nach den eigenen M\u00f6glichkeiten einzubringen. Dar\u00fcber hinaus kann eine freiwillige T\u00e4tigkeit auch helfen, zus\u00e4tzliche Qualifikationen zu erwerben und sich beruflich zu orientieren oder profilieren.<\/p>\n<p>&nbsp;<\/p>\n<p>Einen Eindruck \u00fcber die Vielfalt des ehrenamtlichen Einsatzes bekommt man durch dieses Video:<\/p>\n<p><a href=\"https:\/\/www.youtube.com\/watch?v=Tewj8_OKD0U&amp;t=12s\">Pr\u00e4sentation Engagement bei der AWO<\/a><\/p>\n<p>Au\u00dferdem wurden ein paar Filme mit Menschen gedreht, die eine Patenschaft \u00fcbernommen haben:<\/p>\n<p><a href=\"https:\/\/awo-fulda.de\/impressionen-und-filme\/#patenschaften\">Filme Chancen-Patenschaften<\/a><\/p>\n<p>&nbsp;<\/p>\n<p>Schon 1997 hat der AWO Kreisverband Fulda eine Stelle eingerichtet, die f\u00fcr Fragen rund ums Ehrenamt zust\u00e4ndig ist: Das AWO B\u00fcro Aktiv. Au\u00dfer Beratung und Unterst\u00fctzung der Ehrenamtlichen hat es die Aufgabe, regelm\u00e4\u00dfige Treffen, Ausfl\u00fcge und Veranstaltungen zu organisieren, die das Miteinander f\u00f6rdern und Austausch erm\u00f6glichen. Wenn Sie beim Lesen unserer Internetseite eine Idee bekommen haben, wie Sie sich einbringen wollen und k\u00f6nnen, dann sind Sie mit Ihren Fragen dort genau richtig.<\/p>\n<\/div>\n<\/div>\n<\/div>\n<div class=\"field field-name-body field-type-text-with-summary field-label-hidden\">\n<div class=\"field-items\">\n<div class=\"field-item even\">\n<p>Weitere Informationen zur ehrenamtlichen Mitarbeit im AWO Kreisverband Fulda finden Sie hier:<\/p>\n<p><a href=\"https:\/\/awo-fulda.de\/wp-content\/uploads\/2018\/06\/Mitmachen_deutsch.pdf\">Mitmachen_deutsch<\/a><\/p>\n<p><a href=\"https:\/\/awo-fulda.de\/wp-content\/uploads\/2018\/06\/Mitmachen_russisch.pdf\">Mitmachen_russisch<\/a><\/p>\n<p><a href=\"https:\/\/awo-fulda.de\/wp-content\/uploads\/2018\/06\/Mitmachen_t\u00fcrkisch.pdf\">Mitmachen_t\u00fcrkisch<\/a><\/p>\n<\/div>\n<\/div>\n<\/div>\n<\/div>\n<\/div>\n<\/div>\n<\/div>\n<\/div>\n<\/div>\n<\/div>\n<\/div>\n<\/section>\n","protected":false},"excerpt":{"rendered":"<p>Was ist Ehrenamt? Freiwilliges Engagement in leichter Sprache erkl\u00e4rt. Klicken Sie hier. Ehrenamt als Jungbrunnen!\u00a0\u00a0\u00a0\u00a0\u00a0\u00a0 Studien belegen, dass Menschen, die sich engagieren, 7 Jahre l\u00e4nger leben, denn: Freude und Erf\u00fcllung&hellip;<\/p>\n","protected":false},"author":1,"featured_media":0,"parent":116,"menu_order":0,"comment_status":"closed","ping_status":"closed","template":"","meta":{"_editorskit_title_hidden":false,"_editorskit_reading_time":1,"_editorskit_is_block_options_detached":false,"_editorskit_block_options_position":"{}","footnotes":""},"class_list":["post-120","page","type-page","status-publish","hentry","description-off"],"translation":{"provider":"WPGlobus","version":"3.0.2","language":"fa","enabled_languages":["de","en","fr","ru","ar","tr","fa"],"languages":{"de":{"title":true,"content":true,"excerpt":false},"en":{"title":true,"content":true,"excerpt":false},"fr":{"title":false,"content":false,"excerpt":false},"ru":{"title":false,"content":false,"excerpt":false},"ar":{"title":false,"content":false,"excerpt":false},"tr":{"title":false,"content":false,"excerpt":false},"fa":{"title":false,"content":false,"excerpt":false}}},"_links":{"self":[{"href":"https:\/\/awo-fulda.de\/fa\/wp-json\/wp\/v2\/pages\/120","targetHints":{"allow":["GET"]}}],"collection":[{"href":"https:\/\/awo-fulda.de\/fa\/wp-json\/wp\/v2\/pages"}],"about":[{"href":"https:\/\/awo-fulda.de\/fa\/wp-json\/wp\/v2\/types\/page"}],"author":[{"embeddable":true,"href":"https:\/\/awo-fulda.de\/fa\/wp-json\/wp\/v2\/users\/1"}],"replies":[{"embeddable":true,"href":"https:\/\/awo-fulda.de\/fa\/wp-json\/wp\/v2\/comments?post=120"}],"version-history":[{"count":29,"href":"https:\/\/awo-fulda.de\/fa\/wp-json\/wp\/v2\/pages\/120\/revisions"}],"predecessor-version":[{"id":130498,"href":"https:\/\/awo-fulda.de\/fa\/wp-json\/wp\/v2\/pages\/120\/revisions\/130498"}],"up":[{"embeddable":true,"href":"https:\/\/awo-fulda.de\/fa\/wp-json\/wp\/v2\/pages\/116"}],"wp:attachment":[{"href":"https:\/\/awo-fulda.de\/fa\/wp-json\/wp\/v2\/media?parent=120"}],"curies":[{"name":"wp","href":"https:\/\/api.w.org\/{rel}","templated":true}]}}