{"id":118,"date":"2017-10-23T18:27:49","date_gmt":"2017-10-23T16:27:49","guid":{"rendered":"https:\/\/awo-fulda.de\/?page_id=118"},"modified":"2022-10-03T18:59:41","modified_gmt":"2022-10-03T16:59:41","slug":"mitglied-werden","status":"publish","type":"page","link":"https:\/\/awo-fulda.de\/fa\/mitmachen\/mitglied-werden\/","title":{"rendered":"Als Mitglied aktiv werden"},"content":{"rendered":"<div class=\"field field-name-body field-type-text-with-summary field-label-hidden\">\n<div class=\"field-items\">\n<table style=\"height: 44px;\" width=\"1020\">\n<tbody>\n<tr>\n<td style=\"width: 332.667px;\"><img loading=\"lazy\" decoding=\"async\" class=\"alignnone size-medium wp-image-15218\" src=\"https:\/\/awo-fulda.de\/wp-content\/uploads\/2018\/05\/Gl\u00fcck2-480x270.jpg\" alt=\"\" width=\"480\" height=\"270\" srcset=\"https:\/\/awo-fulda.de\/wp-content\/uploads\/2018\/05\/Gl\u00fcck2-480x270.jpg 480w, https:\/\/awo-fulda.de\/wp-content\/uploads\/2018\/05\/Gl\u00fcck2-768x432.jpg 768w, https:\/\/awo-fulda.de\/wp-content\/uploads\/2018\/05\/Gl\u00fcck2-640x360.jpg 640w, https:\/\/awo-fulda.de\/wp-content\/uploads\/2018\/05\/Gl\u00fcck2.jpg 1600w\" sizes=\"auto, (max-width: 480px) 100vw, 480px\" \/><\/td>\n<td style=\"width: 332.667px;\"><img loading=\"lazy\" decoding=\"async\" class=\"alignnone size-medium wp-image-15275\" src=\"https:\/\/awo-fulda.de\/wp-content\/uploads\/2018\/05\/x1-Fotolia_Menschen_Zuschnitt-480x270.jpg\" alt=\"\" width=\"480\" height=\"270\" srcset=\"https:\/\/awo-fulda.de\/wp-content\/uploads\/2018\/05\/x1-Fotolia_Menschen_Zuschnitt-480x270.jpg 480w, https:\/\/awo-fulda.de\/wp-content\/uploads\/2018\/05\/x1-Fotolia_Menschen_Zuschnitt-768x432.jpg 768w, https:\/\/awo-fulda.de\/wp-content\/uploads\/2018\/05\/x1-Fotolia_Menschen_Zuschnitt-640x360.jpg 640w, https:\/\/awo-fulda.de\/wp-content\/uploads\/2018\/05\/x1-Fotolia_Menschen_Zuschnitt.jpg 1600w\" sizes=\"auto, (max-width: 480px) 100vw, 480px\" \/><\/td>\n<td style=\"width: 332.667px;\"><img loading=\"lazy\" decoding=\"async\" class=\"alignnone size-medium wp-image-15217\" src=\"https:\/\/awo-fulda.de\/wp-content\/uploads\/2018\/05\/gl\u00fcck1-480x270.jpg\" alt=\"\" width=\"480\" height=\"270\" srcset=\"https:\/\/awo-fulda.de\/wp-content\/uploads\/2018\/05\/gl\u00fcck1-480x270.jpg 480w, https:\/\/awo-fulda.de\/wp-content\/uploads\/2018\/05\/gl\u00fcck1-768x432.jpg 768w, https:\/\/awo-fulda.de\/wp-content\/uploads\/2018\/05\/gl\u00fcck1-640x360.jpg 640w, https:\/\/awo-fulda.de\/wp-content\/uploads\/2018\/05\/gl\u00fcck1.jpg 1600w\" sizes=\"auto, (max-width: 480px) 100vw, 480px\" \/><\/td>\n<\/tr>\n<\/tbody>\n<\/table>\n<p><strong><span style=\"font-size: 11.0pt; font-family: 'Arial','sans-serif';\">Die AWO ist ein demokratisch aufgebauter Verband. <\/span><\/strong><span style=\"font-size: 11.0pt; font-family: 'Arial','sans-serif';\"><strong><span style=\"font-family: 'Arial','sans-serif';\">Alle Entscheidungen treffen gew\u00e4hlte Mitglieder.<\/span><\/strong><\/span><\/p>\n<p><span style=\"font-size: 11.0pt; font-family: 'Arial','sans-serif';\">Wir geh\u00f6ren zu den gro\u00dfen Wohlfahrtsverb\u00e4nden Deutschlands, aber ohne die langj\u00e4hrige Unterst\u00fctzung von Mitgliedern und F\u00f6rderern h\u00e4tte die AWO nicht zu dem werden k\u00f6nnen, was sie heute ist: ist eine starke Gemeinschaft!<\/span><\/p>\n<p><span style=\"font-size: 11.0pt; font-family: 'Arial','sans-serif';\">Lassen Sie sich von unserer Arbeit \u00fcberzeugen. Wir sind in Stadt und Landkreis Fulda an vielen Orten aktiv und versuchen, die Lebensverh\u00e4ltnisse zu verbessern. Alle sollen sich wertvoll und angenommen f\u00fchlen. Lernen Sie uns bei einer unserer Veranstaltungen kennen oder besuchen Sie uns in einer unserer Begegnungsst\u00e4tten. <\/span><\/p>\n<p><span style=\"font-size: 11.0pt; font-family: 'Arial','sans-serif';\">Werden Sie Teil unseres Verbandes. Mit Ihrer finanziellen Unterst\u00fctzung durch den Mitgliedsbeitrag schaffen Sie die Basis f\u00fcr unsere Projekte. Dar\u00fcber hinaus haben Sie die M\u00f6glichkeit, sich pers\u00f6nlich einzubringen und somit ganz individuell Einfluss auf unsere Arbeit zu nehmen. Entscheiden Sie sich f\u00fcr eine Mitgliedschaft jetzt:<br \/>\n<\/span><\/p>\n<p><a href=\"https:\/\/www.awo.org\/mitglied-werden\">AWO Mitgliedsantrag online<\/a><\/p>\n<\/div>\n<p><a href=\"https:\/\/awo-fulda.de\/wp-content\/uploads\/2019\/01\/AWO-Mitgliedsantrag-beschreibbar-final_NEU.pdf\">AWO Mitgliedsantrag zum Ausf\u00fcllen in Papierform<\/a><\/p>\n<p><a href=\"https:\/\/awo-fulda.de\/erklaerung-zum-datenschutz-gemaess-art-13-eu-dsgvo\/\">Erkl\u00e4rung zum Datenschutz gem\u00e4\u00df Art. 13 EU DSGVO<\/a><\/p>\n<p>&nbsp;<\/p>\n<p>Informationen zu unserer Arbeit kurz zusammengefasst gibt es in verschiedenen Sprachen:<\/p>\n<p><a href=\"https:\/\/awo-fulda.de\/wp-content\/uploads\/2018\/06\/Willkommen-im-KV_deutsch.pdf\">Willkommen im KV_deutsch<\/a><\/p>\n<p><a href=\"https:\/\/awo-fulda.de\/wp-content\/uploads\/2018\/06\/Willkommen-im-KV_englisch.pdf\">Willkommen im KV_englisch<\/a><\/p>\n<p><a href=\"https:\/\/awo-fulda.de\/wp-content\/uploads\/2018\/06\/Willkommen-im-KV_russisch.pdf\">Willkommen im KV_russisch<\/a><\/p>\n<p><a href=\"https:\/\/awo-fulda.de\/wp-content\/uploads\/2018\/06\/Willkommen-im-KV_t\u00fcrkisch.pdf\">Willkommen im KV_t\u00fcrkisch<\/a><\/p>\n<p><a href=\"https:\/\/awo-fulda.de\/wp-content\/uploads\/2018\/06\/Willkommen-im-KV_arabisch.pdf\">Willkommen im KV_arabisch<\/a><\/p>\n<p><a href=\"https:\/\/awo-fulda.de\/wp-content\/uploads\/2018\/06\/Willkommen-im-KV_persisch.pdf\">Willkommen im KV_persisch<\/a><\/p>\n<\/div>\n","protected":false},"excerpt":{"rendered":"<p>Die AWO ist ein demokratisch aufgebauter Verband. Alle Entscheidungen treffen gew\u00e4hlte Mitglieder. Wir geh\u00f6ren zu den gro\u00dfen Wohlfahrtsverb\u00e4nden Deutschlands, aber ohne die langj\u00e4hrige Unterst\u00fctzung von Mitgliedern und F\u00f6rderern h\u00e4tte die&hellip;<\/p>\n","protected":false},"author":1,"featured_media":0,"parent":116,"menu_order":0,"comment_status":"closed","ping_status":"closed","template":"","meta":{"_editorskit_title_hidden":false,"_editorskit_reading_time":0,"_editorskit_is_block_options_detached":false,"_editorskit_block_options_position":"{}","footnotes":""},"class_list":["post-118","page","type-page","status-publish","hentry","description-off"],"translation":{"provider":"WPGlobus","version":"3.0.2","language":"fa","enabled_languages":["de","en","fr","ru","ar","tr","fa"],"languages":{"de":{"title":true,"content":true,"excerpt":false},"en":{"title":true,"content":true,"excerpt":false},"fr":{"title":false,"content":false,"excerpt":false},"ru":{"title":false,"content":false,"excerpt":false},"ar":{"title":false,"content":false,"excerpt":false},"tr":{"title":false,"content":false,"excerpt":false},"fa":{"title":false,"content":false,"excerpt":false}}},"_links":{"self":[{"href":"https:\/\/awo-fulda.de\/fa\/wp-json\/wp\/v2\/pages\/118","targetHints":{"allow":["GET"]}}],"collection":[{"href":"https:\/\/awo-fulda.de\/fa\/wp-json\/wp\/v2\/pages"}],"about":[{"href":"https:\/\/awo-fulda.de\/fa\/wp-json\/wp\/v2\/types\/page"}],"author":[{"embeddable":true,"href":"https:\/\/awo-fulda.de\/fa\/wp-json\/wp\/v2\/users\/1"}],"replies":[{"embeddable":true,"href":"https:\/\/awo-fulda.de\/fa\/wp-json\/wp\/v2\/comments?post=118"}],"version-history":[{"count":14,"href":"https:\/\/awo-fulda.de\/fa\/wp-json\/wp\/v2\/pages\/118\/revisions"}],"predecessor-version":[{"id":116325,"href":"https:\/\/awo-fulda.de\/fa\/wp-json\/wp\/v2\/pages\/118\/revisions\/116325"}],"up":[{"embeddable":true,"href":"https:\/\/awo-fulda.de\/fa\/wp-json\/wp\/v2\/pages\/116"}],"wp:attachment":[{"href":"https:\/\/awo-fulda.de\/fa\/wp-json\/wp\/v2\/media?parent=118"}],"curies":[{"name":"wp","href":"https:\/\/api.w.org\/{rel}","templated":true}]}}