{"id":114401,"date":"2022-09-03T14:49:20","date_gmt":"2022-09-03T12:49:20","guid":{"rendered":"https:\/\/awo-fulda.de\/?page_id=114401"},"modified":"2022-12-21T19:53:53","modified_gmt":"2022-12-21T18:53:53","slug":"malwettbewerb-die-awo-und-ich","status":"publish","type":"page","link":"https:\/\/awo-fulda.de\/fa\/malwettbewerb-die-awo-und-ich\/","title":{"rendered":"Malwettbewerb &#8220;DIE AWO UND ICH&#8221;"},"content":{"rendered":"\n\n<table style=\"width: 100%; border-collapse: collapse;\">\n<tbody>\n<tr>\n<td style=\"width: 33.3333%; border-style: none;\"><a class=\"dt-pswp-item\" href=\"https:\/\/awo-fulda.de\/wp-content\/uploads\/2022\/09\/Geschenke.jpg\" data-dt-img-description=\"\" data-large_image_width=\"1183\" data-large_image_height=\"708\"><img loading=\"lazy\" decoding=\"async\" class=\"alignleft size-full wp-image-114404\" src=\"https:\/\/awo-fulda.de\/wp-content\/uploads\/2022\/09\/Geschenke.jpg\" alt=\"\" width=\"1183\" height=\"708\" srcset=\"https:\/\/awo-fulda.de\/wp-content\/uploads\/2022\/09\/Geschenke.jpg 1183w, https:\/\/awo-fulda.de\/wp-content\/uploads\/2022\/09\/Geschenke-480x287.jpg 480w, https:\/\/awo-fulda.de\/wp-content\/uploads\/2022\/09\/Geschenke-640x383.jpg 640w, https:\/\/awo-fulda.de\/wp-content\/uploads\/2022\/09\/Geschenke-768x460.jpg 768w\" sizes=\"auto, (max-width: 1183px) 100vw, 1183px\" \/><\/a><\/td>\n<td style=\"width: 33.3333%;\"><a class=\"dt-pswp-item\" href=\"https:\/\/awo-fulda.de\/wp-content\/uploads\/2022\/09\/Die-AWO-und-ich-HP-1-scaled-e1662207316293.jpg\" data-dt-img-description=\"\" data-large_image_width=\"2560\" data-large_image_height=\"1548\"><img loading=\"lazy\" decoding=\"async\" class=\"alignleft size-full wp-image-114409\" src=\"https:\/\/awo-fulda.de\/wp-content\/uploads\/2022\/09\/Die-AWO-und-ich-HP-1-scaled-e1662207316293.jpg\" alt=\"\" width=\"2560\" height=\"1548\" srcset=\"https:\/\/awo-fulda.de\/wp-content\/uploads\/2022\/09\/Die-AWO-und-ich-HP-1-scaled-e1662207316293.jpg 2560w, https:\/\/awo-fulda.de\/wp-content\/uploads\/2022\/09\/Die-AWO-und-ich-HP-1-scaled-e1662207316293-480x290.jpg 480w, https:\/\/awo-fulda.de\/wp-content\/uploads\/2022\/09\/Die-AWO-und-ich-HP-1-scaled-e1662207316293-640x387.jpg 640w, https:\/\/awo-fulda.de\/wp-content\/uploads\/2022\/09\/Die-AWO-und-ich-HP-1-scaled-e1662207316293-768x464.jpg 768w, https:\/\/awo-fulda.de\/wp-content\/uploads\/2022\/09\/Die-AWO-und-ich-HP-1-scaled-e1662207316293-1536x929.jpg 1536w, https:\/\/awo-fulda.de\/wp-content\/uploads\/2022\/09\/Die-AWO-und-ich-HP-1-scaled-e1662207316293-2048x1238.jpg 2048w\" sizes=\"auto, (max-width: 2560px) 100vw, 2560px\" \/><\/a><\/td>\n<td style=\"width: 33.3333%;\"><a class=\"dt-pswp-item\" href=\"https:\/\/awo-fulda.de\/wp-content\/uploads\/2022\/09\/Handpuppen.jpg\" data-dt-img-description=\"\" data-large_image_width=\"1534\" data-large_image_height=\"931\"><img loading=\"lazy\" decoding=\"async\" class=\"alignleft size-full wp-image-114405\" src=\"https:\/\/awo-fulda.de\/wp-content\/uploads\/2022\/09\/Handpuppen.jpg\" alt=\"\" width=\"1534\" height=\"931\" srcset=\"https:\/\/awo-fulda.de\/wp-content\/uploads\/2022\/09\/Handpuppen.jpg 1534w, https:\/\/awo-fulda.de\/wp-content\/uploads\/2022\/09\/Handpuppen-480x291.jpg 480w, https:\/\/awo-fulda.de\/wp-content\/uploads\/2022\/09\/Handpuppen-640x388.jpg 640w, https:\/\/awo-fulda.de\/wp-content\/uploads\/2022\/09\/Handpuppen-768x466.jpg 768w\" sizes=\"auto, (max-width: 1534px) 100vw, 1534px\" \/><\/a><\/td>\n<\/tr>\n<\/tbody>\n<\/table>\n<h4>Auf geht&#8217;s! Schickt uns Eure Bilder und macht beim Wettbewerb mit.<\/h4>\n<h4>Malt Euch und was Ihr an AWO gut findet, z.B. spielen, basteln, Ausfl\u00fcge oder Sport. Gibt es sch\u00f6ne Erlebnisse?<\/h4>\n<p>Das Bild dann bis zum 1. Dezember 2022 einsenden oder abgeben:<\/p>\n<p>AWO Kreisverband Fulda e.V.<br \/>B\u00fcro Aktiv<br \/>Frankfurter Stra\u00dfe 28<br \/>36043 Fulda<\/p>\n<p>Alternativ kann es bei unseren Kolleg:innen in den Begegnungszentren abgegeben werden.<\/p>\n<p>Wichtig: Schreibt Euer Alter drauf.<br \/>Und nat\u00fcrlich Name\/Vorname, Adresse, Telefonnummer bzw. E-Mail-Anschrift.<\/p>\n<p>Es gibt kleine und gro\u00dfe Preise zu gewinnen &#8211; und zwar in unterschiedlichen Altersgruppen:<\/p>\n<p>&lt; 6 Jahre<br \/>7 &#8211; 10 Jahre<br \/>11 &#8211; 14 Jahre<br \/>15 &#8211; 19 Jahre<br \/>Erwachsene<\/p>\n<p>Neugierig, was es zu gewinnen gibt?<br \/>Handpuppen, hochwertige Buntstifte, B\u00fccher, Spiele, Gutscheine, Eintrittskarten, Kino35 f\u00fcr dich und deine Clique&#8230;<br \/>und vielleicht kommt auch noch ein richtig gro\u00dfer Hauptgewinn dazu!<\/p>\n<h4>Zum Malwettbewerb anl\u00e4sslich des 75j\u00e4hrigen Jubil\u00e4ums wurden zahlreiche Bilder eingereicht. Abgabeschluss war Anfang Dezember. Wundersch\u00f6ne Bilder mit zum Teil auch sehr ausgefallenen Ideen haben wir erhalten.<\/h4>\n<h4>Mitte Dezember traf sich eine Jury von 12 Ehrenamtlichen, die sich redlich bem\u00fcht hat, allen gerecht zu werden. Es gab zum Beispiel immer wieder mal Diskussionen, ob denn nicht das sch\u00f6ne Strandbild unter den ersten Drei landen sollte. Es hatte aber nicht direkt etwas mit dem Thema \u201eDie AWO und ich\u201c zu tun. Und ein Motiv, das in der Altersgruppe 2-6 Anklang findet, hat bei den 7-10j\u00e4hrigen h\u00e4rtere Konkurrenz. Gar nicht so einfach!<\/h4>\n<h4>Inzwischen wurden die Hauptpreise verteilt, wir bedanken uns herzlich bei den Spendern. Es gab jeweils drei Platzierungen pro Altersgruppe &#8211; leider erreichten uns keine Einsendungen in der Gruppe 15-19 Jahre. Au\u00dferdem haben alle Teilnehmenden einen sch\u00f6nen Trostpreis bekommen. Die Bilder der jeweils drei Ersten sind im Foyer der AWO Gesch\u00e4ftsstelle ausgestellt.<\/h4>\n<h4>Wir pr\u00e4sentieren sie nat\u00fcrlich auch gerne hier auf unserer Homepage, denn insbesondere die dazu eingesandten Texte haben uns stolz gemacht. Sehen und lesen Sie selbst!<\/h4>\n<table>\n<tbody>\n<tr>\n<td><span style=\"color: #b31515;\"><strong>Platz 1 \/ Gruppe \u00dc20: Irina Schmidt<\/strong><\/span><\/td>\n<td><span style=\"color: #b31515;\"><strong>Platz 2 \/ Gruppe \u00dc20: Annabell und Lenja Farnung<\/strong><\/span><\/td>\n<td><span style=\"color: #b31515;\"><strong>Platz 3 \/ Gruppe \u00dc20: Kimberley Lumsden<\/strong><\/span><\/td>\n<\/tr>\n<tr>\n<td><a class=\"dt-pswp-item\" href=\"https:\/\/awo-fulda.de\/wp-content\/uploads\/2022\/12\/1-1-scaled.jpg\" data-dt-img-description=\"\" data-large_image_width=\"1832\" data-large_image_height=\"2560\"><img loading=\"lazy\" decoding=\"async\" class=\"alignleft size-full wp-image-119062\" src=\"https:\/\/awo-fulda.de\/wp-content\/uploads\/2022\/12\/1-1-scaled.jpg\" alt=\"\" width=\"1832\" height=\"2560\" srcset=\"https:\/\/awo-fulda.de\/wp-content\/uploads\/2022\/12\/1-1-scaled.jpg 1832w, https:\/\/awo-fulda.de\/wp-content\/uploads\/2022\/12\/1-1-344x480.jpg 344w, https:\/\/awo-fulda.de\/wp-content\/uploads\/2022\/12\/1-1-458x640.jpg 458w, https:\/\/awo-fulda.de\/wp-content\/uploads\/2022\/12\/1-1-768x1073.jpg 768w, https:\/\/awo-fulda.de\/wp-content\/uploads\/2022\/12\/1-1-1099x1536.jpg 1099w, https:\/\/awo-fulda.de\/wp-content\/uploads\/2022\/12\/1-1-1466x2048.jpg 1466w\" sizes=\"auto, (max-width: 1832px) 100vw, 1832px\" \/><\/a><\/td>\n<td><a class=\"dt-pswp-item\" href=\"https:\/\/awo-fulda.de\/wp-content\/uploads\/2022\/12\/1-2-scaled.jpg\" data-dt-img-description=\"\" data-large_image_width=\"2560\" data-large_image_height=\"1920\"><img loading=\"lazy\" decoding=\"async\" class=\"alignleft size-full wp-image-119063\" src=\"https:\/\/awo-fulda.de\/wp-content\/uploads\/2022\/12\/1-2-scaled.jpg\" alt=\"\" width=\"2560\" height=\"1920\" srcset=\"https:\/\/awo-fulda.de\/wp-content\/uploads\/2022\/12\/1-2-scaled.jpg 2560w, https:\/\/awo-fulda.de\/wp-content\/uploads\/2022\/12\/1-2-480x360.jpg 480w, https:\/\/awo-fulda.de\/wp-content\/uploads\/2022\/12\/1-2-640x480.jpg 640w, https:\/\/awo-fulda.de\/wp-content\/uploads\/2022\/12\/1-2-768x576.jpg 768w, https:\/\/awo-fulda.de\/wp-content\/uploads\/2022\/12\/1-2-1536x1152.jpg 1536w, https:\/\/awo-fulda.de\/wp-content\/uploads\/2022\/12\/1-2-2048x1536.jpg 2048w\" sizes=\"auto, (max-width: 2560px) 100vw, 2560px\" \/><\/a><\/td>\n<td><a class=\"dt-pswp-item\" href=\"https:\/\/awo-fulda.de\/wp-content\/uploads\/2022\/12\/1-3-scaled.jpg\" data-dt-img-description=\"\" data-large_image_width=\"2560\" data-large_image_height=\"1909\"><img loading=\"lazy\" decoding=\"async\" class=\"alignleft size-full wp-image-119064\" src=\"https:\/\/awo-fulda.de\/wp-content\/uploads\/2022\/12\/1-3-scaled.jpg\" alt=\"\" width=\"2560\" height=\"1909\" srcset=\"https:\/\/awo-fulda.de\/wp-content\/uploads\/2022\/12\/1-3-scaled.jpg 2560w, https:\/\/awo-fulda.de\/wp-content\/uploads\/2022\/12\/1-3-480x358.jpg 480w, https:\/\/awo-fulda.de\/wp-content\/uploads\/2022\/12\/1-3-640x477.jpg 640w, https:\/\/awo-fulda.de\/wp-content\/uploads\/2022\/12\/1-3-768x573.jpg 768w, https:\/\/awo-fulda.de\/wp-content\/uploads\/2022\/12\/1-3-1536x1146.jpg 1536w, https:\/\/awo-fulda.de\/wp-content\/uploads\/2022\/12\/1-3-2048x1527.jpg 2048w\" sizes=\"auto, (max-width: 2560px) 100vw, 2560px\" \/><\/a><\/td>\n<\/tr>\n<tr>\n<td>Das AWO-Bild in dieser Zeichnung ist f\u00fcr mich ein gro\u00dfer magischer Baum.\n<p>\u00a0<\/p>\n<p>Die Frucht dieses Baumes &#8211; das Herz &#8211; kann von jedem gepfl\u00fcckt werden. Jeder kann hier finden, was er braucht: Freunde, Unterst\u00fctzung, Beratung, Informationen, Arbeit, Ausbildung&#8230;..<\/p>\n<p>Aber dieser Baum kann nur auf fruchtbarem Boden wachsen! Schlie\u00dflich kann nur durch gemeinsame Anstrengungen eine wirklich gute und n\u00fctzliche Arbeit geleistet werden.<\/p>\n<p>Also habe ich die Erde mit meinen Fingerabdr\u00fccken und den Fingerabdr\u00fccken meiner Kinder gezeichnet. Auch wenn sie noch Babys sind, geh\u00f6ren sie bereits zur AWO.<\/p>\n<\/td>\n<td>\u00a0<\/td>\n<td>Wenn die Seele wie ein Garten ist, sind die Samen f\u00fcr die Blumen bereits da. Ab und zu braucht dieser Garten ein bisschen Hilfe, ein bisschen Wasser, um aus eigener Kraft schlussendlich zu erbl\u00fchen.\n<p>\u00a0<\/p>\n<p>Diese Hilfe kann die AWO sein.<\/p>\n<p>Sie kann uns helfen, das \u201ebessere Ich\u201c zu werden und uns selbst zu finden und zu entdecken, welche Blumen aus den Samen sprie\u00dfen.<\/p>\n<\/td>\n<\/tr>\n<tr>\n<td><span style=\"color: #b31515;\"><strong>\u00a0<\/strong><\/span><\/td>\n<td><span style=\"color: #b31515;\"><strong>\u00a0<\/strong><\/span><\/td>\n<td><span style=\"color: #b31515;\"><strong>\u00a0<\/strong><\/span><\/td>\n<\/tr>\n<tr>\n<td><span style=\"color: #b31515;\"><strong>Platz 1 \/ Gruppe 11-15: Tedo Tokmakidis<\/strong><\/span><\/td>\n<td><span style=\"color: #b31515;\"><strong>Platz 2 \/ Gruppe 11-15: Jenaya Kiselmann<\/strong><\/span><\/td>\n<td><span style=\"color: #b31515;\"><strong>Platz 3 \/ Gruppe 11-15: Ahmed Khalaf<\/strong><\/span><\/td>\n<\/tr>\n<tr>\n<td><a class=\"dt-pswp-item\" href=\"https:\/\/awo-fulda.de\/wp-content\/uploads\/2022\/12\/2-1-scaled.jpg\" data-dt-img-description=\"\" data-large_image_width=\"2560\" data-large_image_height=\"1920\"><img loading=\"lazy\" decoding=\"async\" class=\"alignleft size-full wp-image-119065\" src=\"https:\/\/awo-fulda.de\/wp-content\/uploads\/2022\/12\/2-1-scaled.jpg\" alt=\"\" width=\"2560\" height=\"1920\" srcset=\"https:\/\/awo-fulda.de\/wp-content\/uploads\/2022\/12\/2-1-scaled.jpg 2560w, https:\/\/awo-fulda.de\/wp-content\/uploads\/2022\/12\/2-1-480x360.jpg 480w, https:\/\/awo-fulda.de\/wp-content\/uploads\/2022\/12\/2-1-640x480.jpg 640w, https:\/\/awo-fulda.de\/wp-content\/uploads\/2022\/12\/2-1-768x576.jpg 768w, https:\/\/awo-fulda.de\/wp-content\/uploads\/2022\/12\/2-1-1536x1152.jpg 1536w, https:\/\/awo-fulda.de\/wp-content\/uploads\/2022\/12\/2-1-2048x1536.jpg 2048w\" sizes=\"auto, (max-width: 2560px) 100vw, 2560px\" \/><\/a><\/td>\n<td><a class=\"dt-pswp-item\" href=\"https:\/\/awo-fulda.de\/wp-content\/uploads\/2022\/12\/2-2-scaled.jpg\" data-dt-img-description=\"\" data-large_image_width=\"1920\" data-large_image_height=\"2560\"><img loading=\"lazy\" decoding=\"async\" class=\"alignleft size-full wp-image-119066\" src=\"https:\/\/awo-fulda.de\/wp-content\/uploads\/2022\/12\/2-2-scaled.jpg\" alt=\"\" width=\"1920\" height=\"2560\" srcset=\"https:\/\/awo-fulda.de\/wp-content\/uploads\/2022\/12\/2-2-scaled.jpg 1920w, https:\/\/awo-fulda.de\/wp-content\/uploads\/2022\/12\/2-2-360x480.jpg 360w, https:\/\/awo-fulda.de\/wp-content\/uploads\/2022\/12\/2-2-480x640.jpg 480w, https:\/\/awo-fulda.de\/wp-content\/uploads\/2022\/12\/2-2-768x1024.jpg 768w, https:\/\/awo-fulda.de\/wp-content\/uploads\/2022\/12\/2-2-1152x1536.jpg 1152w, https:\/\/awo-fulda.de\/wp-content\/uploads\/2022\/12\/2-2-1536x2048.jpg 1536w\" sizes=\"auto, (max-width: 1920px) 100vw, 1920px\" \/><\/a><\/td>\n<td><a class=\"dt-pswp-item\" href=\"https:\/\/awo-fulda.de\/wp-content\/uploads\/2022\/12\/2-3-scaled.jpg\" data-dt-img-description=\"\" data-large_image_width=\"2560\" data-large_image_height=\"1920\"><img loading=\"lazy\" decoding=\"async\" class=\"alignleft size-full wp-image-119067\" src=\"https:\/\/awo-fulda.de\/wp-content\/uploads\/2022\/12\/2-3-scaled.jpg\" alt=\"\" width=\"2560\" height=\"1920\" srcset=\"https:\/\/awo-fulda.de\/wp-content\/uploads\/2022\/12\/2-3-scaled.jpg 2560w, https:\/\/awo-fulda.de\/wp-content\/uploads\/2022\/12\/2-3-480x360.jpg 480w, https:\/\/awo-fulda.de\/wp-content\/uploads\/2022\/12\/2-3-640x480.jpg 640w, https:\/\/awo-fulda.de\/wp-content\/uploads\/2022\/12\/2-3-768x576.jpg 768w, https:\/\/awo-fulda.de\/wp-content\/uploads\/2022\/12\/2-3-1536x1152.jpg 1536w, https:\/\/awo-fulda.de\/wp-content\/uploads\/2022\/12\/2-3-2048x1536.jpg 2048w\" sizes=\"auto, (max-width: 2560px) 100vw, 2560px\" \/><\/a><\/td>\n<\/tr>\n<tr>\n<td><span style=\"color: #b31515;\"><strong>\u00a0<\/strong><\/span><\/td>\n<td><span style=\"color: #b31515;\"><strong>\u00a0<\/strong><\/span><\/td>\n<td><span style=\"color: #b31515;\"><strong>\u00a0<\/strong><\/span><\/td>\n<\/tr>\n<tr>\n<td><span style=\"color: #b31515;\"><strong>Platz 1 \/ Gruppe 7-10: Stella-Marie Ballau<\/strong><\/span><\/td>\n<td><span style=\"color: #b31515;\"><strong>Platz 2 \/ Gruppe 7-10: Luna Maul<\/strong><\/span><\/td>\n<td><span style=\"color: #b31515;\"><strong>Platz 3 \/ Gruppe 7-10: Emily Voht<\/strong><\/span><\/td>\n<\/tr>\n<tr>\n<td><a class=\"dt-pswp-item\" href=\"https:\/\/awo-fulda.de\/wp-content\/uploads\/2022\/12\/4-1-scaled.jpg\" data-dt-img-description=\"\" data-large_image_width=\"2560\" data-large_image_height=\"1920\"><img loading=\"lazy\" decoding=\"async\" class=\"alignleft size-full wp-image-119068\" src=\"https:\/\/awo-fulda.de\/wp-content\/uploads\/2022\/12\/4-1-scaled.jpg\" alt=\"\" width=\"2560\" height=\"1920\" srcset=\"https:\/\/awo-fulda.de\/wp-content\/uploads\/2022\/12\/4-1-scaled.jpg 2560w, https:\/\/awo-fulda.de\/wp-content\/uploads\/2022\/12\/4-1-480x360.jpg 480w, https:\/\/awo-fulda.de\/wp-content\/uploads\/2022\/12\/4-1-640x480.jpg 640w, https:\/\/awo-fulda.de\/wp-content\/uploads\/2022\/12\/4-1-768x576.jpg 768w, https:\/\/awo-fulda.de\/wp-content\/uploads\/2022\/12\/4-1-1536x1152.jpg 1536w, https:\/\/awo-fulda.de\/wp-content\/uploads\/2022\/12\/4-1-2048x1536.jpg 2048w\" sizes=\"auto, (max-width: 2560px) 100vw, 2560px\" \/><\/a><\/td>\n<td><a class=\"dt-pswp-item\" href=\"https:\/\/awo-fulda.de\/wp-content\/uploads\/2022\/12\/4-2-scaled.jpg\" data-dt-img-description=\"\" data-large_image_width=\"2560\" data-large_image_height=\"1920\"><img loading=\"lazy\" decoding=\"async\" class=\"alignleft size-full wp-image-119069\" src=\"https:\/\/awo-fulda.de\/wp-content\/uploads\/2022\/12\/4-2-scaled.jpg\" alt=\"\" width=\"2560\" height=\"1920\" srcset=\"https:\/\/awo-fulda.de\/wp-content\/uploads\/2022\/12\/4-2-scaled.jpg 2560w, https:\/\/awo-fulda.de\/wp-content\/uploads\/2022\/12\/4-2-480x360.jpg 480w, https:\/\/awo-fulda.de\/wp-content\/uploads\/2022\/12\/4-2-640x480.jpg 640w, https:\/\/awo-fulda.de\/wp-content\/uploads\/2022\/12\/4-2-768x576.jpg 768w, https:\/\/awo-fulda.de\/wp-content\/uploads\/2022\/12\/4-2-1536x1152.jpg 1536w, https:\/\/awo-fulda.de\/wp-content\/uploads\/2022\/12\/4-2-2048x1536.jpg 2048w\" sizes=\"auto, (max-width: 2560px) 100vw, 2560px\" \/><\/a><\/td>\n<td><a class=\"dt-pswp-item\" href=\"https:\/\/awo-fulda.de\/wp-content\/uploads\/2022\/12\/4-3-scaled.jpg\" data-dt-img-description=\"\" data-large_image_width=\"1920\" data-large_image_height=\"2560\"><img loading=\"lazy\" decoding=\"async\" class=\"alignleft size-full wp-image-119070\" src=\"https:\/\/awo-fulda.de\/wp-content\/uploads\/2022\/12\/4-3-scaled.jpg\" alt=\"\" width=\"1920\" height=\"2560\" srcset=\"https:\/\/awo-fulda.de\/wp-content\/uploads\/2022\/12\/4-3-scaled.jpg 1920w, https:\/\/awo-fulda.de\/wp-content\/uploads\/2022\/12\/4-3-360x480.jpg 360w, https:\/\/awo-fulda.de\/wp-content\/uploads\/2022\/12\/4-3-480x640.jpg 480w, https:\/\/awo-fulda.de\/wp-content\/uploads\/2022\/12\/4-3-768x1024.jpg 768w, https:\/\/awo-fulda.de\/wp-content\/uploads\/2022\/12\/4-3-1152x1536.jpg 1152w, https:\/\/awo-fulda.de\/wp-content\/uploads\/2022\/12\/4-3-1536x2048.jpg 1536w\" sizes=\"auto, (max-width: 1920px) 100vw, 1920px\" \/><\/a><\/td>\n<\/tr>\n<tr>\n<td>\u00a0<\/td>\n<td>\u00a0<\/td>\n<td>\u00a0<\/td>\n<\/tr>\n<tr>\n<td><span style=\"color: #b31515;\"><strong>Platz 1 \/ Gruppe 2-6: Ilaf Hosen<\/strong><\/span><\/td>\n<td><span style=\"color: #b31515;\"><strong>Platz 2 \/ Gruppe 2-6: Kuzey Kucukler<\/strong><\/span><\/td>\n<td><span style=\"color: #b31515;\"><strong>Platz 3 \/ Gruppe 2-6: Maxim Klein<\/strong><\/span><\/td>\n<\/tr>\n<tr>\n<td><a class=\"dt-pswp-item\" href=\"https:\/\/awo-fulda.de\/wp-content\/uploads\/2022\/12\/5-1-scaled.jpg\" data-dt-img-description=\"\" data-large_image_width=\"1920\" data-large_image_height=\"2560\"><img loading=\"lazy\" decoding=\"async\" class=\"alignleft size-full wp-image-119071\" src=\"https:\/\/awo-fulda.de\/wp-content\/uploads\/2022\/12\/5-1-scaled.jpg\" alt=\"\" width=\"1920\" height=\"2560\" srcset=\"https:\/\/awo-fulda.de\/wp-content\/uploads\/2022\/12\/5-1-scaled.jpg 1920w, https:\/\/awo-fulda.de\/wp-content\/uploads\/2022\/12\/5-1-360x480.jpg 360w, https:\/\/awo-fulda.de\/wp-content\/uploads\/2022\/12\/5-1-480x640.jpg 480w, https:\/\/awo-fulda.de\/wp-content\/uploads\/2022\/12\/5-1-768x1024.jpg 768w, https:\/\/awo-fulda.de\/wp-content\/uploads\/2022\/12\/5-1-1152x1536.jpg 1152w, https:\/\/awo-fulda.de\/wp-content\/uploads\/2022\/12\/5-1-1536x2048.jpg 1536w\" sizes=\"auto, (max-width: 1920px) 100vw, 1920px\" \/><\/a><\/td>\n<td><a class=\"dt-pswp-item\" href=\"https:\/\/awo-fulda.de\/wp-content\/uploads\/2022\/12\/5-2-scaled.jpg\" data-dt-img-description=\"\" data-large_image_width=\"2560\" data-large_image_height=\"1920\"><img loading=\"lazy\" decoding=\"async\" class=\"alignleft size-full wp-image-119072\" src=\"https:\/\/awo-fulda.de\/wp-content\/uploads\/2022\/12\/5-2-scaled.jpg\" alt=\"\" width=\"2560\" height=\"1920\" srcset=\"https:\/\/awo-fulda.de\/wp-content\/uploads\/2022\/12\/5-2-scaled.jpg 2560w, https:\/\/awo-fulda.de\/wp-content\/uploads\/2022\/12\/5-2-480x360.jpg 480w, https:\/\/awo-fulda.de\/wp-content\/uploads\/2022\/12\/5-2-640x480.jpg 640w, https:\/\/awo-fulda.de\/wp-content\/uploads\/2022\/12\/5-2-768x576.jpg 768w, https:\/\/awo-fulda.de\/wp-content\/uploads\/2022\/12\/5-2-1536x1152.jpg 1536w, https:\/\/awo-fulda.de\/wp-content\/uploads\/2022\/12\/5-2-2048x1536.jpg 2048w\" sizes=\"auto, (max-width: 2560px) 100vw, 2560px\" \/><\/a><\/td>\n<td><a class=\"dt-pswp-item\" href=\"https:\/\/awo-fulda.de\/wp-content\/uploads\/2022\/12\/5-3-scaled.jpg\" data-dt-img-description=\"\" data-large_image_width=\"2560\" data-large_image_height=\"1920\"><img loading=\"lazy\" decoding=\"async\" class=\"alignleft size-full wp-image-119073\" src=\"https:\/\/awo-fulda.de\/wp-content\/uploads\/2022\/12\/5-3-scaled.jpg\" alt=\"\" width=\"2560\" height=\"1920\" srcset=\"https:\/\/awo-fulda.de\/wp-content\/uploads\/2022\/12\/5-3-scaled.jpg 2560w, https:\/\/awo-fulda.de\/wp-content\/uploads\/2022\/12\/5-3-480x360.jpg 480w, https:\/\/awo-fulda.de\/wp-content\/uploads\/2022\/12\/5-3-640x480.jpg 640w, https:\/\/awo-fulda.de\/wp-content\/uploads\/2022\/12\/5-3-768x576.jpg 768w, https:\/\/awo-fulda.de\/wp-content\/uploads\/2022\/12\/5-3-1536x1152.jpg 1536w, https:\/\/awo-fulda.de\/wp-content\/uploads\/2022\/12\/5-3-2048x1536.jpg 2048w\" sizes=\"auto, (max-width: 2560px) 100vw, 2560px\" \/><\/a><\/td>\n<\/tr>\n<\/tbody>\n<\/table>","protected":false},"excerpt":{"rendered":"<p>Auf geht&#8217;s! Schickt uns Eure Bilder und macht beim Wettbewerb mit. Malt Euch und was Ihr an AWO gut findet, z.B. spielen, basteln, Ausfl\u00fcge oder Sport. Gibt es sch\u00f6ne Erlebnisse?&hellip;<\/p>\n","protected":false},"author":6,"featured_media":18489,"parent":0,"menu_order":0,"comment_status":"closed","ping_status":"closed","template":"","meta":{"_editorskit_title_hidden":false,"_editorskit_reading_time":1,"_editorskit_is_block_options_detached":false,"_editorskit_block_options_position":"{}","footnotes":""},"class_list":["post-114401","page","type-page","status-publish","has-post-thumbnail","hentry","description-off"],"translation":{"provider":"WPGlobus","version":"3.0.2","language":"fa","enabled_languages":["de","en","fr","ru","ar","tr","fa"],"languages":{"de":{"title":true,"content":true,"excerpt":false},"en":{"title":true,"content":true,"excerpt":false},"fr":{"title":false,"content":false,"excerpt":false},"ru":{"title":false,"content":false,"excerpt":false},"ar":{"title":false,"content":false,"excerpt":false},"tr":{"title":false,"content":false,"excerpt":false},"fa":{"title":false,"content":false,"excerpt":false}}},"_links":{"self":[{"href":"https:\/\/awo-fulda.de\/fa\/wp-json\/wp\/v2\/pages\/114401","targetHints":{"allow":["GET"]}}],"collection":[{"href":"https:\/\/awo-fulda.de\/fa\/wp-json\/wp\/v2\/pages"}],"about":[{"href":"https:\/\/awo-fulda.de\/fa\/wp-json\/wp\/v2\/types\/page"}],"author":[{"embeddable":true,"href":"https:\/\/awo-fulda.de\/fa\/wp-json\/wp\/v2\/users\/6"}],"replies":[{"embeddable":true,"href":"https:\/\/awo-fulda.de\/fa\/wp-json\/wp\/v2\/comments?post=114401"}],"version-history":[{"count":21,"href":"https:\/\/awo-fulda.de\/fa\/wp-json\/wp\/v2\/pages\/114401\/revisions"}],"predecessor-version":[{"id":119081,"href":"https:\/\/awo-fulda.de\/fa\/wp-json\/wp\/v2\/pages\/114401\/revisions\/119081"}],"wp:featuredmedia":[{"embeddable":true,"href":"https:\/\/awo-fulda.de\/fa\/wp-json\/wp\/v2\/media\/18489"}],"wp:attachment":[{"href":"https:\/\/awo-fulda.de\/fa\/wp-json\/wp\/v2\/media?parent=114401"}],"curies":[{"name":"wp","href":"https:\/\/api.w.org\/{rel}","templated":true}]}}